{"id":14089,"date":"2026-03-02T14:45:38","date_gmt":"2026-03-02T22:45:38","guid":{"rendered":"https:\/\/fnfa.ca\/?page_id=14089"},"modified":"2026-04-01T14:40:25","modified_gmt":"2026-04-01T21:40:25","slug":"community-projects","status":"publish","type":"page","link":"https:\/\/fnfa.ca\/en\/community-projects\/","title":{"rendered":"Community Projects"},"content":{"rendered":"<div class=\"row cntBlock col3block\" id=\"col3block-block_274c9b1a0b66dbc291782b9b2736d9f3\">\n\t\t\t\t\t\t\t\t<div class=\"col-12 col-lg-4\">\n\t\t\t\t\t\t\t\t\t\t\t\t<h3>Batchewana<\/h3>\n\t\t\t\t\t\t\t\t<p><img decoding=\"async\" class=\"alignnone wp-image-14137 size-medium\" src=\"https:\/\/fnfa.ca\/wp-content\/uploads\/2026\/03\/Batchewana-First-Nation-300x200.webp\" alt=\"\" width=\"300\" height=\"200\" srcset=\"https:\/\/fnfa.ca\/wp-content\/uploads\/2026\/03\/Batchewana-First-Nation-300x200.webp 300w, https:\/\/fnfa.ca\/wp-content\/uploads\/2026\/03\/Batchewana-First-Nation-768x511.webp 768w, https:\/\/fnfa.ca\/wp-content\/uploads\/2026\/03\/Batchewana-First-Nation.webp 960w\" sizes=\"(max-width: 300px) 100vw, 300px\" \/><\/p>\n<p>Bow Lake Wind Facility<\/p>\n\t\t\t\t\t\t\t\t\t<a href=\"https:\/\/fnfa.ca\/en\/community-projects\/batchewana-first-nation\/\" class=\"btn\" style=\"background:#14A5A1;\">View Project<\/a>\n\t\t\t\t\t\t\t<\/div>\n\t\t\t\t\t\t\t\t\t\t\t<div class=\"col-12 col-lg-4\">\n\t\t\t\t\t\t\t\t\t\t\t\t<h3>Ch&#8217;\u00edy\u00e1qtel<\/h3>\n\t\t\t\t\t\t\t\t<p><img decoding=\"async\" class=\"alignnone size-medium wp-image-14142\" src=\"https:\/\/fnfa.ca\/wp-content\/uploads\/2026\/03\/Chiyaqtel-First-Nation-300x225.webp\" alt=\"\" width=\"300\" height=\"225\" srcset=\"https:\/\/fnfa.ca\/wp-content\/uploads\/2026\/03\/Chiyaqtel-First-Nation-300x225.webp 300w, https:\/\/fnfa.ca\/wp-content\/uploads\/2026\/03\/Chiyaqtel-First-Nation-1024x768.webp 1024w, https:\/\/fnfa.ca\/wp-content\/uploads\/2026\/03\/Chiyaqtel-First-Nation-768x576.webp 768w, https:\/\/fnfa.ca\/wp-content\/uploads\/2026\/03\/Chiyaqtel-First-Nation-1536x1152.webp 1536w, https:\/\/fnfa.ca\/wp-content\/uploads\/2026\/03\/Chiyaqtel-First-Nation-2048x1536.webp 2048w\" sizes=\"(max-width: 300px) 100vw, 300px\" \/><\/p>\n<p>Stq\u00f3ye Place &amp; L\u00e1:l\u00e9m Way<\/p>\n\t\t\t\t\t\t\t\t\t<a href=\"https:\/\/fnfa.ca\/en\/community-projects\/chiyaqtel-first-nation\/\" class=\"btn\" style=\"background:#14A5A1;\">View Project<\/a>\n\t\t\t\t\t\t\t<\/div>\n\t\t\t\t\t\t\t\t\t\t\t<div class=\"col-12 col-lg-4\">\n\t\t\t\t\t\t\t\t\t\t\t\t<h3>Enoch Cree Nation<\/h3>\n\t\t\t\t\t\t\t\t<p><img decoding=\"async\" class=\"alignnone wp-image-14153 size-medium\" src=\"https:\/\/fnfa.ca\/wp-content\/uploads\/2026\/03\/IMG_2705-300x225.webp\" alt=\"\" width=\"300\" height=\"225\" srcset=\"https:\/\/fnfa.ca\/wp-content\/uploads\/2026\/03\/IMG_2705-300x225.webp 300w, https:\/\/fnfa.ca\/wp-content\/uploads\/2026\/03\/IMG_2705-1024x768.webp 1024w, https:\/\/fnfa.ca\/wp-content\/uploads\/2026\/03\/IMG_2705-768x576.webp 768w, https:\/\/fnfa.ca\/wp-content\/uploads\/2026\/03\/IMG_2705-1536x1152.webp 1536w, https:\/\/fnfa.ca\/wp-content\/uploads\/2026\/03\/IMG_2705.webp 2048w\" sizes=\"(max-width: 300px) 100vw, 300px\" \/><\/p>\n<p>River Cree Resort Expansion<\/p>\n\t\t\t\t\t\t\t\t\t<a href=\"https:\/\/fnfa.ca\/en\/community-projects\/enoch-cree-nation-project\/\" class=\"btn\" style=\"background:#14A5A1;\">View Project<\/a>\n\t\t\t\t\t\t\t<\/div>\n\t\t\t<\/div>\n\n\n<div class=\"row cntBlock col3block\" id=\"col3block-block_991d178a58c80202fd6e92acca2a0df7\">\n\t\t\t\t\t\t\t\t<div class=\"col-12 col-lg-4\">\n\t\t\t\t\t\t\t\t\t\t\t\t<h3>Henvey Inlet<\/h3>\n\t\t\t\t\t\t\t\t<p><img decoding=\"async\" class=\"alignnone size-medium wp-image-14211\" src=\"https:\/\/fnfa.ca\/wp-content\/uploads\/2026\/03\/Henvey-Inlet-First-Nation-resize-300x169.webp\" alt=\"\" width=\"300\" height=\"169\" srcset=\"https:\/\/fnfa.ca\/wp-content\/uploads\/2026\/03\/Henvey-Inlet-First-Nation-resize-300x169.webp 300w, https:\/\/fnfa.ca\/wp-content\/uploads\/2026\/03\/Henvey-Inlet-First-Nation-resize-1024x576.webp 1024w, https:\/\/fnfa.ca\/wp-content\/uploads\/2026\/03\/Henvey-Inlet-First-Nation-resize-768x432.webp 768w, https:\/\/fnfa.ca\/wp-content\/uploads\/2026\/03\/Henvey-Inlet-First-Nation-resize-1536x864.webp 1536w, https:\/\/fnfa.ca\/wp-content\/uploads\/2026\/03\/Henvey-Inlet-First-Nation-resize.webp 1920w\" sizes=\"(max-width: 300px) 100vw, 300px\" \/><\/p>\n<p>Henvey Inlet Wind<\/p>\n\t\t\t\t\t\t\t\t\t<a href=\"https:\/\/fnfa.ca\/en\/community-projects\/henvey-inlet-first-nation\/\" class=\"btn\" style=\"background:#14A5A1;\">View Project<\/a>\n\t\t\t\t\t\t\t<\/div>\n\t\t\t\t\t\t\t\t\t\t\t<div class=\"col-12 col-lg-4\">\n\t\t\t\t\t\t\t\t\t\t\t\t<h3>Kahkewistah\u00e2w<\/h3>\n\t\t\t\t\t\t\t\t<p><img decoding=\"async\" class=\"alignnone size-medium wp-image-14213\" src=\"https:\/\/fnfa.ca\/wp-content\/uploads\/2026\/03\/Kahkewistahaw-First-Nation-300x142.webp\" alt=\"\" width=\"300\" height=\"142\" srcset=\"https:\/\/fnfa.ca\/wp-content\/uploads\/2026\/03\/Kahkewistahaw-First-Nation-300x142.webp 300w, https:\/\/fnfa.ca\/wp-content\/uploads\/2026\/03\/Kahkewistahaw-First-Nation-1024x486.webp 1024w, https:\/\/fnfa.ca\/wp-content\/uploads\/2026\/03\/Kahkewistahaw-First-Nation-768x365.webp 768w, https:\/\/fnfa.ca\/wp-content\/uploads\/2026\/03\/Kahkewistahaw-First-Nation-1536x729.webp 1536w, https:\/\/fnfa.ca\/wp-content\/uploads\/2026\/03\/Kahkewistahaw-First-Nation-2048x972.webp 2048w\" sizes=\"(max-width: 300px) 100vw, 300px\" \/><\/p>\n<p>Chief Joseph Crowe Governance Centre<\/p>\n\t\t\t\t\t\t\t\t\t<a href=\"https:\/\/fnfa.ca\/en\/community-projects\/kahkewistahaw-first-nation\/\" class=\"btn\" style=\"background:#14A5A1;\">View Project<\/a>\n\t\t\t\t\t\t\t<\/div>\n\t\t\t\t\t\t\t\t\t\t\t<div class=\"col-12 col-lg-4\">\n\t\t\t\t\t\t\t\t\t\t\t\t<h3>Long Plain<\/h3>\n\t\t\t\t\t\t\t\t<p><img decoding=\"async\" class=\"alignnone size-medium wp-image-14214\" src=\"https:\/\/fnfa.ca\/wp-content\/uploads\/2026\/03\/Long-Plain-First-Nation-1-300x200.webp\" alt=\"\" width=\"300\" height=\"200\" srcset=\"https:\/\/fnfa.ca\/wp-content\/uploads\/2026\/03\/Long-Plain-First-Nation-1-300x200.webp 300w, https:\/\/fnfa.ca\/wp-content\/uploads\/2026\/03\/Long-Plain-First-Nation-1-1024x683.webp 1024w, https:\/\/fnfa.ca\/wp-content\/uploads\/2026\/03\/Long-Plain-First-Nation-1-768x512.webp 768w, https:\/\/fnfa.ca\/wp-content\/uploads\/2026\/03\/Long-Plain-First-Nation-1-1536x1024.webp 1536w, https:\/\/fnfa.ca\/wp-content\/uploads\/2026\/03\/Long-Plain-First-Nation-1.webp 1800w\" sizes=\"(max-width: 300px) 100vw, 300px\" \/><\/p>\n<p><span class=\"kY2IgmnCmOGjharHErah\">Od\u00e9 Aki (Wyndham Garden Winnipeg Airport) Hotel<\/span><\/p>\n\t\t\t\t\t\t\t\t\t<a href=\"https:\/\/fnfa.ca\/en\/community-projects\/long-plain-first-nation\/\" class=\"btn\" style=\"background:#14A5A1;\">View Project<\/a>\n\t\t\t\t\t\t\t<\/div>\n\t\t\t<\/div>\n\n\n<div class=\"row cntBlock col3block\" id=\"col3block-block_b45758bf1f014f30ae65a91bb8770fed\">\n\t\t\t\t\t\t\t\t<div class=\"col-12 col-lg-4\">\n\t\t\t\t\t\t\t\t\t\t\t\t<h3>O&#8217;Chiese<\/h3>\n\t\t\t\t\t\t\t\t<p><img decoding=\"async\" class=\"alignnone size-medium wp-image-14215\" src=\"https:\/\/fnfa.ca\/wp-content\/uploads\/2026\/03\/OChiese-First-Nation-300x200.webp\" alt=\"\" width=\"300\" height=\"200\" srcset=\"https:\/\/fnfa.ca\/wp-content\/uploads\/2026\/03\/OChiese-First-Nation-300x200.webp 300w, https:\/\/fnfa.ca\/wp-content\/uploads\/2026\/03\/OChiese-First-Nation-1024x682.webp 1024w, https:\/\/fnfa.ca\/wp-content\/uploads\/2026\/03\/OChiese-First-Nation-768x512.webp 768w, https:\/\/fnfa.ca\/wp-content\/uploads\/2026\/03\/OChiese-First-Nation-1536x1024.webp 1536w, https:\/\/fnfa.ca\/wp-content\/uploads\/2026\/03\/OChiese-First-Nation.webp 2000w\" sizes=\"(max-width: 300px) 100vw, 300px\" \/><\/p>\n<p>Red Deer Resort &amp; Casino<\/p>\n\t\t\t\t\t\t\t\t\t<a href=\"https:\/\/fnfa.ca\/en\/community-projects\/ochiese-first-nation\/\" class=\"btn\" style=\"background:#14A5A1;\">View Project<\/a>\n\t\t\t\t\t\t\t<\/div>\n\t\t\t\t\t\t\t\t\t\t\t<div class=\"col-12 col-lg-4\">\n\t\t\t\t\t\t\t\t\t\t\t\t<h3>Pheasant Rump Nakota<\/h3>\n\t\t\t\t\t\t\t\t<p><img decoding=\"async\" class=\"alignnone size-medium wp-image-14216\" src=\"https:\/\/fnfa.ca\/wp-content\/uploads\/2026\/03\/Pheasant-Rump-Nakota-Nation-300x169.webp\" alt=\"\" width=\"300\" height=\"169\" srcset=\"https:\/\/fnfa.ca\/wp-content\/uploads\/2026\/03\/Pheasant-Rump-Nakota-Nation-300x169.webp 300w, https:\/\/fnfa.ca\/wp-content\/uploads\/2026\/03\/Pheasant-Rump-Nakota-Nation-1024x576.webp 1024w, https:\/\/fnfa.ca\/wp-content\/uploads\/2026\/03\/Pheasant-Rump-Nakota-Nation-768x432.webp 768w, https:\/\/fnfa.ca\/wp-content\/uploads\/2026\/03\/Pheasant-Rump-Nakota-Nation-1536x864.webp 1536w, https:\/\/fnfa.ca\/wp-content\/uploads\/2026\/03\/Pheasant-Rump-Nakota-Nation.webp 2000w\" sizes=\"(max-width: 300px) 100vw, 300px\" \/><\/p>\n<p>Pheasant Rump Community Center<\/p>\n\t\t\t\t\t\t\t\t\t<a href=\"https:\/\/fnfa.ca\/en\/community-projects\/pheasant-rump-nakota-nation\/\" class=\"btn\" style=\"background:#14A5A1;\">View Project<\/a>\n\t\t\t\t\t\t\t<\/div>\n\t\t\t\t\t\t\t\t\t\t\t<div class=\"col-12 col-lg-4\">\n\t\t\t\t\t\t\t\t\t\t\t\t<h3>Qalipu &#038; Membertou<\/h3>\n\t\t\t\t\t\t\t\t<p><img decoding=\"async\" class=\"alignnone size-medium wp-image-14217\" src=\"https:\/\/fnfa.ca\/wp-content\/uploads\/2026\/03\/Membertou_Qalipu-First-Nations-300x200.webp\" alt=\"\" width=\"300\" height=\"200\" srcset=\"https:\/\/fnfa.ca\/wp-content\/uploads\/2026\/03\/Membertou_Qalipu-First-Nations-300x200.webp 300w, https:\/\/fnfa.ca\/wp-content\/uploads\/2026\/03\/Membertou_Qalipu-First-Nations-1024x682.webp 1024w, https:\/\/fnfa.ca\/wp-content\/uploads\/2026\/03\/Membertou_Qalipu-First-Nations-768x512.webp 768w, https:\/\/fnfa.ca\/wp-content\/uploads\/2026\/03\/Membertou_Qalipu-First-Nations-1536x1024.webp 1536w, https:\/\/fnfa.ca\/wp-content\/uploads\/2026\/03\/Membertou_Qalipu-First-Nations-2048x1365.webp 2048w\" sizes=\"(max-width: 300px) 100vw, 300px\" \/><\/p>\n<p>Newdock<\/p>\n\t\t\t\t\t\t\t\t\t<a href=\"https:\/\/fnfa.ca\/en\/community-projects\/qalipu-membertou-first-nation\/\" class=\"btn\" style=\"background:#14A5A1;\">View Project<\/a>\n\t\t\t\t\t\t\t<\/div>\n\t\t\t<\/div>\n\n\n<div class=\"row cntBlock col3block\" id=\"col3block-block_01ea89bdbfd2bab893247c2c543d1334\">\n\t\t\t\t\t\t\t\t<div class=\"col-12 col-lg-4\">\n\t\t\t\t\t\t\t\t\t\t\t\t<h3>Chippewas of Rama<\/h3>\n\t\t\t\t\t\t\t\t<p><img decoding=\"async\" class=\"alignnone size-medium wp-image-14218\" src=\"https:\/\/fnfa.ca\/wp-content\/uploads\/2026\/03\/Chippewas-of-Rama-First-Nation-resize-300x200.webp\" alt=\"\" width=\"300\" height=\"200\" srcset=\"https:\/\/fnfa.ca\/wp-content\/uploads\/2026\/03\/Chippewas-of-Rama-First-Nation-resize-300x200.webp 300w, https:\/\/fnfa.ca\/wp-content\/uploads\/2026\/03\/Chippewas-of-Rama-First-Nation-resize-1024x683.webp 1024w, https:\/\/fnfa.ca\/wp-content\/uploads\/2026\/03\/Chippewas-of-Rama-First-Nation-resize-768x512.webp 768w, https:\/\/fnfa.ca\/wp-content\/uploads\/2026\/03\/Chippewas-of-Rama-First-Nation-resize-1536x1024.webp 1536w, https:\/\/fnfa.ca\/wp-content\/uploads\/2026\/03\/Chippewas-of-Rama-First-Nation-resize.webp 1920w\" sizes=\"(max-width: 300px) 100vw, 300px\" \/><\/p>\n<p>Mnoyaawgamig<\/p>\n\t\t\t\t\t\t\t\t\t<a href=\"https:\/\/fnfa.ca\/en\/community-projects\/rama-first-nation\/\" class=\"btn\" style=\"background:#14A5A1;\">View Project<\/a>\n\t\t\t\t\t\t\t<\/div>\n\t\t\t\t\t\t\t\t\t\t\t<div class=\"col-12 col-lg-4\">\n\t\t\t\t\t\t\t\t\t\t\t\t<h3>Siksika<\/h3>\n\t\t\t\t\t\t\t\t<p><img decoding=\"async\" class=\"alignnone size-medium wp-image-14219\" src=\"https:\/\/fnfa.ca\/wp-content\/uploads\/2026\/03\/Siksika-First-Nation-300x200.webp\" alt=\"\" width=\"300\" height=\"200\" srcset=\"https:\/\/fnfa.ca\/wp-content\/uploads\/2026\/03\/Siksika-First-Nation-300x200.webp 300w, https:\/\/fnfa.ca\/wp-content\/uploads\/2026\/03\/Siksika-First-Nation-1024x683.webp 1024w, https:\/\/fnfa.ca\/wp-content\/uploads\/2026\/03\/Siksika-First-Nation-768x512.webp 768w, https:\/\/fnfa.ca\/wp-content\/uploads\/2026\/03\/Siksika-First-Nation-1536x1024.webp 1536w, https:\/\/fnfa.ca\/wp-content\/uploads\/2026\/03\/Siksika-First-Nation.webp 2048w\" sizes=\"(max-width: 300px) 100vw, 300px\" \/><\/p>\n<p>Is&#8217;sapom ahksika Chief Crowfoot Elementary School<\/p>\n\t\t\t\t\t\t\t\t\t<a href=\"https:\/\/fnfa.ca\/en\/community-projects\/siksika-nation-project\/\" class=\"btn\" style=\"background:#14A5A1;\">View Project<\/a>\n\t\t\t\t\t\t\t<\/div>\n\t\t\t\t\t\t\t\t\t\t\t<div class=\"col-12 col-lg-4\">\n\t\t\t\t\t\t\t\t\t\t\t\t<h3>Snuneymuxw<\/h3>\n\t\t\t\t\t\t\t\t<p><img decoding=\"async\" class=\"alignnone size-medium wp-image-14220\" src=\"https:\/\/fnfa.ca\/wp-content\/uploads\/2026\/03\/Snuneymuxw-First-Nation-300x200.webp\" alt=\"\" width=\"300\" height=\"200\" srcset=\"https:\/\/fnfa.ca\/wp-content\/uploads\/2026\/03\/Snuneymuxw-First-Nation-300x200.webp 300w, https:\/\/fnfa.ca\/wp-content\/uploads\/2026\/03\/Snuneymuxw-First-Nation-1024x683.webp 1024w, https:\/\/fnfa.ca\/wp-content\/uploads\/2026\/03\/Snuneymuxw-First-Nation-768x512.webp 768w, https:\/\/fnfa.ca\/wp-content\/uploads\/2026\/03\/Snuneymuxw-First-Nation-1536x1024.webp 1536w, https:\/\/fnfa.ca\/wp-content\/uploads\/2026\/03\/Snuneymuxw-First-Nation.webp 1600w\" sizes=\"(max-width: 300px) 100vw, 300px\" \/><\/p>\n<p>Courtyard by Marriott Nanaimo<\/p>\n\t\t\t\t\t\t\t\t\t<a href=\"https:\/\/fnfa.ca\/en\/community-projects\/snuneymuxw-first-nation\/\" class=\"btn\" style=\"background:#14A5A1;\">View Project<\/a>\n\t\t\t\t\t\t\t<\/div>\n\t\t\t<\/div>\n\n\n<div class=\"row cntBlock col3block\" id=\"col3block-block_f9fa882e2f2bac9ce86453319a8ccc72\">\n\t\t\t\t\t\t\t\t<div class=\"col-12 col-lg-4\">\n\t\t\t\t\t\t\t\t\t\t\t\t<h3>Songhees<\/h3>\n\t\t\t\t\t\t\t\t<p><img decoding=\"async\" class=\"alignnone size-medium wp-image-14221\" src=\"https:\/\/fnfa.ca\/wp-content\/uploads\/2026\/03\/Songhees-Nation-300x200.webp\" alt=\"\" width=\"300\" height=\"200\" srcset=\"https:\/\/fnfa.ca\/wp-content\/uploads\/2026\/03\/Songhees-Nation-300x200.webp 300w, https:\/\/fnfa.ca\/wp-content\/uploads\/2026\/03\/Songhees-Nation-768x512.webp 768w, https:\/\/fnfa.ca\/wp-content\/uploads\/2026\/03\/Songhees-Nation.webp 1024w\" sizes=\"(max-width: 300px) 100vw, 300px\" \/><\/p>\n<p>L\u0259k\u0313\u02b7\u0259\u014b\u0259n Recreation Centre<\/p>\n\t\t\t\t\t\t\t\t\t<a href=\"https:\/\/fnfa.ca\/en\/community-projects\/songhees\/\" class=\"btn\" style=\"background:#14A5A1;\">View Project<\/a>\n\t\t\t\t\t\t\t<\/div>\n\t\t\t\t\t\t\t\t\t\t\t<div class=\"col-12 col-lg-4\">\n\t\t\t\t\t\t\t\t\t\t\t\t<h3>We Wai Kai<\/h3>\n\t\t\t\t\t\t\t\t<p><img decoding=\"async\" class=\"alignnone size-medium wp-image-14222\" src=\"https:\/\/fnfa.ca\/wp-content\/uploads\/2026\/03\/We-Wai-Kai-Nation-300x232.webp\" alt=\"\" width=\"300\" height=\"232\" srcset=\"https:\/\/fnfa.ca\/wp-content\/uploads\/2026\/03\/We-Wai-Kai-Nation-300x232.webp 300w, https:\/\/fnfa.ca\/wp-content\/uploads\/2026\/03\/We-Wai-Kai-Nation-1024x793.webp 1024w, https:\/\/fnfa.ca\/wp-content\/uploads\/2026\/03\/We-Wai-Kai-Nation-768x595.webp 768w, https:\/\/fnfa.ca\/wp-content\/uploads\/2026\/03\/We-Wai-Kai-Nation.webp 1116w\" sizes=\"(max-width: 300px) 100vw, 300px\" \/><\/p>\n<p>Five-story Community Building<\/p>\n\t\t\t\t\t\t\t\t\t<a href=\"\" class=\"btn\" style=\"background:#14A5A1;\">View Project<\/a>\n\t\t\t\t\t\t\t<\/div>\n\t\t\t\t\t\t\t\t\t\t\t<div class=\"col-12 col-lg-4\">\n\t\t\t\t\t\t\t\t\t\t\t\t<h3>Williams Lake FN<\/h3>\n\t\t\t\t\t\t\t\t<p><img decoding=\"async\" class=\"alignnone size-medium wp-image-14223\" src=\"https:\/\/fnfa.ca\/wp-content\/uploads\/2026\/03\/Williams-Lake-First-Nation-300x159.webp\" alt=\"\" width=\"300\" height=\"159\" srcset=\"https:\/\/fnfa.ca\/wp-content\/uploads\/2026\/03\/Williams-Lake-First-Nation-300x159.webp 300w, https:\/\/fnfa.ca\/wp-content\/uploads\/2026\/03\/Williams-Lake-First-Nation-1024x544.webp 1024w, https:\/\/fnfa.ca\/wp-content\/uploads\/2026\/03\/Williams-Lake-First-Nation-768x408.webp 768w, https:\/\/fnfa.ca\/wp-content\/uploads\/2026\/03\/Williams-Lake-First-Nation.webp 1130w\" sizes=\"(max-width: 300px) 100vw, 300px\" \/><\/p>\n<p>Multi-purpose Building<\/p>\n\t\t\t\t\t\t\t\t\t<a href=\"https:\/\/fnfa.ca\/en\/community-projects\/williams-lake-first-nation\/\" class=\"btn\" style=\"background:#14A5A1;\">View Project<\/a>\n\t\t\t\t\t\t\t<\/div>\n\t\t\t<\/div>\n","protected":false},"excerpt":{"rendered":"","protected":false},"author":2,"featured_media":0,"parent":0,"menu_order":0,"comment_status":"closed","ping_status":"closed","template":"","meta":{"_acf_changed":false,"episode_type":"","audio_file":"","podmotor_file_id":"","podmotor_episode_id":"","cover_image":"","cover_image_id":"","duration":"","filesize":"","filesize_raw":"","date_recorded":"","explicit":"","block":"","itunes_episode_number":"","itunes_title":"","itunes_season_number":"","itunes_episode_type":"","footnotes":""},"class_list":["post-14089","page","type-page","status-publish","hentry"],"acf":{"tagline":"","header_background_color":"","title_replace":"","banner_image":{"ID":13868,"id":13868,"title":"fnfa-investment-products","filename":"fnfa-investment-products.webp","filesize":199004,"url":"https:\/\/fnfa.ca\/wp-content\/uploads\/2026\/01\/fnfa-investment-products.webp","link":"https:\/\/fnfa.ca\/en\/for-first-nations\/investment\/investment-products\/fnfa-investment-products\/","alt":"","author":"1","description":"","caption":"","name":"fnfa-investment-products","status":"inherit","uploaded_to":62,"date":"2026-01-29 20:57:34","modified":"2026-01-29 20:57:34","menu_order":0,"mime_type":"image\/webp","type":"image","subtype":"webp","icon":"https:\/\/fnfa.ca\/wp-includes\/images\/media\/default.png","width":1920,"height":750,"sizes":{"thumbnail":"https:\/\/fnfa.ca\/wp-content\/uploads\/2026\/01\/fnfa-investment-products-150x150.webp","thumbnail-width":150,"thumbnail-height":150,"medium":"https:\/\/fnfa.ca\/wp-content\/uploads\/2026\/01\/fnfa-investment-products-300x117.webp","medium-width":300,"medium-height":117,"medium_large":"https:\/\/fnfa.ca\/wp-content\/uploads\/2026\/01\/fnfa-investment-products-768x300.webp","medium_large-width":640,"medium_large-height":250,"large":"https:\/\/fnfa.ca\/wp-content\/uploads\/2026\/01\/fnfa-investment-products-1024x400.webp","large-width":640,"large-height":250,"1536x1536":"https:\/\/fnfa.ca\/wp-content\/uploads\/2026\/01\/fnfa-investment-products-1536x600.webp","1536x1536-width":1536,"1536x1536-height":600,"2048x2048":"https:\/\/fnfa.ca\/wp-content\/uploads\/2026\/01\/fnfa-investment-products.webp","2048x2048-width":1920,"2048x2048-height":750}}},"yoast_head":"<!-- This site is optimized with the Yoast SEO plugin v27.4 - https:\/\/yoast.com\/product\/yoast-seo-wordpress\/ -->\n<title>Community Projects - FNFA<\/title>\n<meta name=\"robots\" content=\"index, follow, max-snippet:-1, max-image-preview:large, max-video-preview:-1\" \/>\n<link rel=\"canonical\" href=\"https:\/\/fnfa.ca\/en\/community-projects\/\" \/>\n<meta property=\"og:locale\" content=\"en_US\" \/>\n<meta property=\"og:type\" content=\"article\" \/>\n<meta property=\"og:title\" content=\"Community Projects - FNFA\" \/>\n<meta property=\"og:url\" content=\"https:\/\/fnfa.ca\/en\/community-projects\/\" \/>\n<meta property=\"og:site_name\" content=\"FNFA\" \/>\n<meta property=\"article:publisher\" content=\"https:\/\/www.facebook.com\/theFNFA\/\" \/>\n<meta property=\"article:modified_time\" content=\"2026-04-01T21:40:25+00:00\" \/>\n<meta property=\"og:image\" content=\"https:\/\/fnfa.ca\/wp-content\/uploads\/2026\/02\/fnfa-logo.webp\" \/>\n\t<meta property=\"og:image:width\" content=\"1500\" \/>\n\t<meta property=\"og:image:height\" content=\"1500\" \/>\n\t<meta property=\"og:image:type\" content=\"image\/webp\" \/>\n<meta name=\"twitter:card\" content=\"summary_large_image\" \/>\n<script type=\"application\/ld+json\" class=\"yoast-schema-graph\">{\"@context\":\"https:\\\/\\\/schema.org\",\"@graph\":[{\"@type\":\"WebPage\",\"@id\":\"https:\\\/\\\/fnfa.ca\\\/en\\\/community-projects\\\/\",\"url\":\"https:\\\/\\\/fnfa.ca\\\/en\\\/community-projects\\\/\",\"name\":\"Community Projects - FNFA\",\"isPartOf\":{\"@id\":\"https:\\\/\\\/fnfa.ca\\\/en\\\/#website\"},\"datePublished\":\"2026-03-02T22:45:38+00:00\",\"dateModified\":\"2026-04-01T21:40:25+00:00\",\"breadcrumb\":{\"@id\":\"https:\\\/\\\/fnfa.ca\\\/en\\\/community-projects\\\/#breadcrumb\"},\"inLanguage\":\"en-US\",\"potentialAction\":[{\"@type\":\"ReadAction\",\"target\":[\"https:\\\/\\\/fnfa.ca\\\/en\\\/community-projects\\\/\"]}]},{\"@type\":\"BreadcrumbList\",\"@id\":\"https:\\\/\\\/fnfa.ca\\\/en\\\/community-projects\\\/#breadcrumb\",\"itemListElement\":[{\"@type\":\"ListItem\",\"position\":1,\"name\":\"Home\",\"item\":\"https:\\\/\\\/fnfa.ca\\\/en\\\/\"},{\"@type\":\"ListItem\",\"position\":2,\"name\":\"Community Projects\"}]},{\"@type\":\"WebSite\",\"@id\":\"https:\\\/\\\/fnfa.ca\\\/en\\\/#website\",\"url\":\"https:\\\/\\\/fnfa.ca\\\/en\\\/\",\"name\":\"FNFA\",\"description\":\"First Nations Finance Authority\",\"publisher\":{\"@id\":\"https:\\\/\\\/fnfa.ca\\\/en\\\/#organization\"},\"potentialAction\":[{\"@type\":\"SearchAction\",\"target\":{\"@type\":\"EntryPoint\",\"urlTemplate\":\"https:\\\/\\\/fnfa.ca\\\/en\\\/?s={search_term_string}\"},\"query-input\":{\"@type\":\"PropertyValueSpecification\",\"valueRequired\":true,\"valueName\":\"search_term_string\"}}],\"inLanguage\":\"en-US\"},{\"@type\":\"Organization\",\"@id\":\"https:\\\/\\\/fnfa.ca\\\/en\\\/#organization\",\"name\":\"First Nations Finance Authority\",\"alternateName\":\"FNFA\",\"url\":\"https:\\\/\\\/fnfa.ca\\\/en\\\/\",\"logo\":{\"@type\":\"ImageObject\",\"inLanguage\":\"en-US\",\"@id\":\"https:\\\/\\\/fnfa.ca\\\/en\\\/#\\\/schema\\\/logo\\\/image\\\/\",\"url\":\"https:\\\/\\\/fnfa.ca\\\/wp-content\\\/uploads\\\/2026\\\/02\\\/fnfa-logo.webp\",\"contentUrl\":\"https:\\\/\\\/fnfa.ca\\\/wp-content\\\/uploads\\\/2026\\\/02\\\/fnfa-logo.webp\",\"width\":1500,\"height\":1500,\"caption\":\"First Nations Finance Authority\"},\"image\":{\"@id\":\"https:\\\/\\\/fnfa.ca\\\/en\\\/#\\\/schema\\\/logo\\\/image\\\/\"},\"sameAs\":[\"https:\\\/\\\/www.facebook.com\\\/theFNFA\\\/\"]}]}<\/script>\n<!-- \/ Yoast SEO plugin. -->","yoast_head_json":{"title":"Community Projects - FNFA","robots":{"index":"index","follow":"follow","max-snippet":"max-snippet:-1","max-image-preview":"max-image-preview:large","max-video-preview":"max-video-preview:-1"},"canonical":"https:\/\/fnfa.ca\/en\/community-projects\/","og_locale":"en_US","og_type":"article","og_title":"Community Projects - FNFA","og_url":"https:\/\/fnfa.ca\/en\/community-projects\/","og_site_name":"FNFA","article_publisher":"https:\/\/www.facebook.com\/theFNFA\/","article_modified_time":"2026-04-01T21:40:25+00:00","og_image":[{"width":1500,"height":1500,"url":"https:\/\/fnfa.ca\/wp-content\/uploads\/2026\/02\/fnfa-logo.webp","type":"image\/webp"}],"twitter_card":"summary_large_image","schema":{"@context":"https:\/\/schema.org","@graph":[{"@type":"WebPage","@id":"https:\/\/fnfa.ca\/en\/community-projects\/","url":"https:\/\/fnfa.ca\/en\/community-projects\/","name":"Community Projects - FNFA","isPartOf":{"@id":"https:\/\/fnfa.ca\/en\/#website"},"datePublished":"2026-03-02T22:45:38+00:00","dateModified":"2026-04-01T21:40:25+00:00","breadcrumb":{"@id":"https:\/\/fnfa.ca\/en\/community-projects\/#breadcrumb"},"inLanguage":"en-US","potentialAction":[{"@type":"ReadAction","target":["https:\/\/fnfa.ca\/en\/community-projects\/"]}]},{"@type":"BreadcrumbList","@id":"https:\/\/fnfa.ca\/en\/community-projects\/#breadcrumb","itemListElement":[{"@type":"ListItem","position":1,"name":"Home","item":"https:\/\/fnfa.ca\/en\/"},{"@type":"ListItem","position":2,"name":"Community Projects"}]},{"@type":"WebSite","@id":"https:\/\/fnfa.ca\/en\/#website","url":"https:\/\/fnfa.ca\/en\/","name":"FNFA","description":"First Nations Finance Authority","publisher":{"@id":"https:\/\/fnfa.ca\/en\/#organization"},"potentialAction":[{"@type":"SearchAction","target":{"@type":"EntryPoint","urlTemplate":"https:\/\/fnfa.ca\/en\/?s={search_term_string}"},"query-input":{"@type":"PropertyValueSpecification","valueRequired":true,"valueName":"search_term_string"}}],"inLanguage":"en-US"},{"@type":"Organization","@id":"https:\/\/fnfa.ca\/en\/#organization","name":"First Nations Finance Authority","alternateName":"FNFA","url":"https:\/\/fnfa.ca\/en\/","logo":{"@type":"ImageObject","inLanguage":"en-US","@id":"https:\/\/fnfa.ca\/en\/#\/schema\/logo\/image\/","url":"https:\/\/fnfa.ca\/wp-content\/uploads\/2026\/02\/fnfa-logo.webp","contentUrl":"https:\/\/fnfa.ca\/wp-content\/uploads\/2026\/02\/fnfa-logo.webp","width":1500,"height":1500,"caption":"First Nations Finance Authority"},"image":{"@id":"https:\/\/fnfa.ca\/en\/#\/schema\/logo\/image\/"},"sameAs":["https:\/\/www.facebook.com\/theFNFA\/"]}]}},"_links":{"self":[{"href":"https:\/\/fnfa.ca\/en\/wp-json\/wp\/v2\/pages\/14089","targetHints":{"allow":["GET"]}}],"collection":[{"href":"https:\/\/fnfa.ca\/en\/wp-json\/wp\/v2\/pages"}],"about":[{"href":"https:\/\/fnfa.ca\/en\/wp-json\/wp\/v2\/types\/page"}],"author":[{"embeddable":true,"href":"https:\/\/fnfa.ca\/en\/wp-json\/wp\/v2\/users\/2"}],"replies":[{"embeddable":true,"href":"https:\/\/fnfa.ca\/en\/wp-json\/wp\/v2\/comments?post=14089"}],"version-history":[{"count":13,"href":"https:\/\/fnfa.ca\/en\/wp-json\/wp\/v2\/pages\/14089\/revisions"}],"predecessor-version":[{"id":14230,"href":"https:\/\/fnfa.ca\/en\/wp-json\/wp\/v2\/pages\/14089\/revisions\/14230"}],"wp:attachment":[{"href":"https:\/\/fnfa.ca\/en\/wp-json\/wp\/v2\/media?parent=14089"}],"curies":[{"name":"wp","href":"https:\/\/api.w.org\/{rel}","templated":true}]}}