{"id":14143,"date":"2026-03-04T13:49:17","date_gmt":"2026-03-04T21:49:17","guid":{"rendered":"https:\/\/fnfa.ca\/?page_id=14143"},"modified":"2026-04-01T15:23:12","modified_gmt":"2026-04-01T22:23:12","slug":"chiyaqtel-first-nation","status":"publish","type":"page","link":"https:\/\/fnfa.ca\/en\/community-projects\/chiyaqtel-first-nation\/","title":{"rendered":"Ch&#8217;\u00edy\u00e1qtel First Nation"},"content":{"rendered":"<div class=\"wp-block-image\">\n<figure class=\"aligncenter size-full\"><img decoding=\"async\" width=\"2560\" height=\"1708\" src=\"https:\/\/fnfa.ca\/wp-content\/uploads\/2026\/03\/Chiyaqtel_FN.webp\" alt=\"\" class=\"wp-image-14144\" srcset=\"https:\/\/fnfa.ca\/wp-content\/uploads\/2026\/03\/Chiyaqtel_FN.webp 2560w, https:\/\/fnfa.ca\/wp-content\/uploads\/2026\/03\/Chiyaqtel_FN-300x200.webp 300w, https:\/\/fnfa.ca\/wp-content\/uploads\/2026\/03\/Chiyaqtel_FN-1024x683.webp 1024w, https:\/\/fnfa.ca\/wp-content\/uploads\/2026\/03\/Chiyaqtel_FN-768x512.webp 768w, https:\/\/fnfa.ca\/wp-content\/uploads\/2026\/03\/Chiyaqtel_FN-1536x1025.webp 1536w, https:\/\/fnfa.ca\/wp-content\/uploads\/2026\/03\/Chiyaqtel_FN-2048x1366.webp 2048w\" sizes=\"(max-width: 2560px) 100vw, 2560px\" \/><\/figure>\n<\/div>\n\n\n<br>\n\n\n\n<p><a href=\"https:\/\/www.tzeachten.ca\/\" target=\"_blank\" rel=\"noreferrer noopener\">Ch&#8217;\u00edy\u00e1qtel First Nation Website<\/a> \ud83c\udf10<\/p>\n\n\n\n<figure class=\"wp-block-embed is-type-video is-provider-youtube wp-block-embed-youtube wp-embed-aspect-16-9 wp-has-aspect-ratio\"><div class=\"wp-block-embed__wrapper\">\n<iframe title=\"Every Loan Tells a Story: Tzeachten First Nation Housing Project\" width=\"640\" height=\"360\" src=\"https:\/\/www.youtube.com\/embed\/2GWgBpUzkF8?feature=oembed\" frameborder=\"0\" allow=\"accelerometer; autoplay; clipboard-write; encrypted-media; gyroscope; picture-in-picture; web-share\" referrerpolicy=\"strict-origin-when-cross-origin\" allowfullscreen><\/iframe>\n<\/div><\/figure>\n\n\n\n<p><a href=\"https:\/\/fnfa.ca\/en\/community-projects\/\">Return to Community Projects page \u2926<\/a><\/p>\n","protected":false},"excerpt":{"rendered":"<p>Ch&#8217;\u00edy\u00e1qtel First Nation Website \ud83c\udf10 Return to Community Projects page \u2926<\/p>\n","protected":false},"author":2,"featured_media":0,"parent":14089,"menu_order":0,"comment_status":"closed","ping_status":"closed","template":"","meta":{"_acf_changed":false,"episode_type":"","audio_file":"","podmotor_file_id":"","podmotor_episode_id":"","cover_image":"","cover_image_id":"","duration":"","filesize":"","filesize_raw":"","date_recorded":"","explicit":"","block":"","itunes_episode_number":"","itunes_title":"","itunes_season_number":"","itunes_episode_type":"","footnotes":""},"class_list":["post-14143","page","type-page","status-publish","hentry"],"acf":{"tagline":"","header_background_color":"","title_replace":"","banner_image":{"ID":13847,"id":13847,"title":"fnfa-monetization","filename":"fnfa-monetization.webp","filesize":291340,"url":"https:\/\/fnfa.ca\/wp-content\/uploads\/2026\/01\/fnfa-monetization.webp","link":"https:\/\/fnfa.ca\/en\/about\/monetization-2\/fnfa-monetization\/","alt":"","author":"1","description":"","caption":"","name":"fnfa-monetization","status":"inherit","uploaded_to":10369,"date":"2026-01-29 20:36:28","modified":"2026-01-29 20:36:28","menu_order":0,"mime_type":"image\/webp","type":"image","subtype":"webp","icon":"https:\/\/fnfa.ca\/wp-includes\/images\/media\/default.png","width":1920,"height":750,"sizes":{"thumbnail":"https:\/\/fnfa.ca\/wp-content\/uploads\/2026\/01\/fnfa-monetization-150x150.webp","thumbnail-width":150,"thumbnail-height":150,"medium":"https:\/\/fnfa.ca\/wp-content\/uploads\/2026\/01\/fnfa-monetization-300x117.webp","medium-width":300,"medium-height":117,"medium_large":"https:\/\/fnfa.ca\/wp-content\/uploads\/2026\/01\/fnfa-monetization-768x300.webp","medium_large-width":640,"medium_large-height":250,"large":"https:\/\/fnfa.ca\/wp-content\/uploads\/2026\/01\/fnfa-monetization-1024x400.webp","large-width":640,"large-height":250,"1536x1536":"https:\/\/fnfa.ca\/wp-content\/uploads\/2026\/01\/fnfa-monetization-1536x600.webp","1536x1536-width":1536,"1536x1536-height":600,"2048x2048":"https:\/\/fnfa.ca\/wp-content\/uploads\/2026\/01\/fnfa-monetization.webp","2048x2048-width":1920,"2048x2048-height":750}}},"yoast_head":"<!-- This site is optimized with the Yoast SEO plugin v27.4 - https:\/\/yoast.com\/product\/yoast-seo-wordpress\/ -->\n<title>Ch&#039;\u00edy\u00e1qtel First Nation - FNFA<\/title>\n<meta name=\"robots\" content=\"index, follow, max-snippet:-1, max-image-preview:large, max-video-preview:-1\" \/>\n<link rel=\"canonical\" href=\"https:\/\/fnfa.ca\/en\/community-projects\/chiyaqtel-first-nation\/\" \/>\n<meta property=\"og:locale\" content=\"en_US\" \/>\n<meta property=\"og:type\" content=\"article\" \/>\n<meta property=\"og:title\" content=\"Ch&#039;\u00edy\u00e1qtel First Nation - FNFA\" \/>\n<meta property=\"og:description\" content=\"Ch&#8217;\u00edy\u00e1qtel First Nation Website \ud83c\udf10 Return to Community Projects page \u2926\" \/>\n<meta property=\"og:url\" content=\"https:\/\/fnfa.ca\/en\/community-projects\/chiyaqtel-first-nation\/\" \/>\n<meta property=\"og:site_name\" content=\"FNFA\" \/>\n<meta property=\"article:publisher\" content=\"https:\/\/www.facebook.com\/theFNFA\/\" \/>\n<meta property=\"article:modified_time\" content=\"2026-04-01T22:23:12+00:00\" \/>\n<meta property=\"og:image\" content=\"https:\/\/fnfa.ca\/wp-content\/uploads\/2026\/02\/fnfa-logo.webp\" \/>\n\t<meta property=\"og:image:width\" content=\"1500\" \/>\n\t<meta property=\"og:image:height\" content=\"1500\" \/>\n\t<meta property=\"og:image:type\" content=\"image\/webp\" \/>\n<meta name=\"twitter:card\" content=\"summary_large_image\" \/>\n<meta name=\"twitter:label1\" content=\"Est. reading time\" \/>\n\t<meta name=\"twitter:data1\" content=\"1 minute\" \/>\n<script type=\"application\/ld+json\" class=\"yoast-schema-graph\">{\"@context\":\"https:\\\/\\\/schema.org\",\"@graph\":[{\"@type\":\"WebPage\",\"@id\":\"https:\\\/\\\/fnfa.ca\\\/en\\\/community-projects\\\/chiyaqtel-first-nation\\\/\",\"url\":\"https:\\\/\\\/fnfa.ca\\\/en\\\/community-projects\\\/chiyaqtel-first-nation\\\/\",\"name\":\"Ch'\u00edy\u00e1qtel First Nation - FNFA\",\"isPartOf\":{\"@id\":\"https:\\\/\\\/fnfa.ca\\\/en\\\/#website\"},\"primaryImageOfPage\":{\"@id\":\"https:\\\/\\\/fnfa.ca\\\/en\\\/community-projects\\\/chiyaqtel-first-nation\\\/#primaryimage\"},\"image\":{\"@id\":\"https:\\\/\\\/fnfa.ca\\\/en\\\/community-projects\\\/chiyaqtel-first-nation\\\/#primaryimage\"},\"thumbnailUrl\":\"https:\\\/\\\/fnfa.ca\\\/wp-content\\\/uploads\\\/2026\\\/03\\\/Chiyaqtel_FN.webp\",\"datePublished\":\"2026-03-04T21:49:17+00:00\",\"dateModified\":\"2026-04-01T22:23:12+00:00\",\"breadcrumb\":{\"@id\":\"https:\\\/\\\/fnfa.ca\\\/en\\\/community-projects\\\/chiyaqtel-first-nation\\\/#breadcrumb\"},\"inLanguage\":\"en-US\",\"potentialAction\":[{\"@type\":\"ReadAction\",\"target\":[\"https:\\\/\\\/fnfa.ca\\\/en\\\/community-projects\\\/chiyaqtel-first-nation\\\/\"]}]},{\"@type\":\"ImageObject\",\"inLanguage\":\"en-US\",\"@id\":\"https:\\\/\\\/fnfa.ca\\\/en\\\/community-projects\\\/chiyaqtel-first-nation\\\/#primaryimage\",\"url\":\"https:\\\/\\\/fnfa.ca\\\/wp-content\\\/uploads\\\/2026\\\/03\\\/Chiyaqtel_FN.webp\",\"contentUrl\":\"https:\\\/\\\/fnfa.ca\\\/wp-content\\\/uploads\\\/2026\\\/03\\\/Chiyaqtel_FN.webp\"},{\"@type\":\"BreadcrumbList\",\"@id\":\"https:\\\/\\\/fnfa.ca\\\/en\\\/community-projects\\\/chiyaqtel-first-nation\\\/#breadcrumb\",\"itemListElement\":[{\"@type\":\"ListItem\",\"position\":1,\"name\":\"Home\",\"item\":\"https:\\\/\\\/fnfa.ca\\\/en\\\/\"},{\"@type\":\"ListItem\",\"position\":2,\"name\":\"Community Projects\",\"item\":\"https:\\\/\\\/fnfa.ca\\\/en\\\/community-projects\\\/\"},{\"@type\":\"ListItem\",\"position\":3,\"name\":\"Ch&#8217;\u00edy\u00e1qtel First Nation\"}]},{\"@type\":\"WebSite\",\"@id\":\"https:\\\/\\\/fnfa.ca\\\/en\\\/#website\",\"url\":\"https:\\\/\\\/fnfa.ca\\\/en\\\/\",\"name\":\"FNFA\",\"description\":\"First Nations Finance Authority\",\"publisher\":{\"@id\":\"https:\\\/\\\/fnfa.ca\\\/en\\\/#organization\"},\"potentialAction\":[{\"@type\":\"SearchAction\",\"target\":{\"@type\":\"EntryPoint\",\"urlTemplate\":\"https:\\\/\\\/fnfa.ca\\\/en\\\/?s={search_term_string}\"},\"query-input\":{\"@type\":\"PropertyValueSpecification\",\"valueRequired\":true,\"valueName\":\"search_term_string\"}}],\"inLanguage\":\"en-US\"},{\"@type\":\"Organization\",\"@id\":\"https:\\\/\\\/fnfa.ca\\\/en\\\/#organization\",\"name\":\"First Nations Finance Authority\",\"alternateName\":\"FNFA\",\"url\":\"https:\\\/\\\/fnfa.ca\\\/en\\\/\",\"logo\":{\"@type\":\"ImageObject\",\"inLanguage\":\"en-US\",\"@id\":\"https:\\\/\\\/fnfa.ca\\\/en\\\/#\\\/schema\\\/logo\\\/image\\\/\",\"url\":\"https:\\\/\\\/fnfa.ca\\\/wp-content\\\/uploads\\\/2026\\\/02\\\/fnfa-logo.webp\",\"contentUrl\":\"https:\\\/\\\/fnfa.ca\\\/wp-content\\\/uploads\\\/2026\\\/02\\\/fnfa-logo.webp\",\"width\":1500,\"height\":1500,\"caption\":\"First Nations Finance Authority\"},\"image\":{\"@id\":\"https:\\\/\\\/fnfa.ca\\\/en\\\/#\\\/schema\\\/logo\\\/image\\\/\"},\"sameAs\":[\"https:\\\/\\\/www.facebook.com\\\/theFNFA\\\/\"]}]}<\/script>\n<!-- \/ Yoast SEO plugin. -->","yoast_head_json":{"title":"Ch'\u00edy\u00e1qtel First Nation - FNFA","robots":{"index":"index","follow":"follow","max-snippet":"max-snippet:-1","max-image-preview":"max-image-preview:large","max-video-preview":"max-video-preview:-1"},"canonical":"https:\/\/fnfa.ca\/en\/community-projects\/chiyaqtel-first-nation\/","og_locale":"en_US","og_type":"article","og_title":"Ch'\u00edy\u00e1qtel First Nation - FNFA","og_description":"Ch&#8217;\u00edy\u00e1qtel First Nation Website \ud83c\udf10 Return to Community Projects page \u2926","og_url":"https:\/\/fnfa.ca\/en\/community-projects\/chiyaqtel-first-nation\/","og_site_name":"FNFA","article_publisher":"https:\/\/www.facebook.com\/theFNFA\/","article_modified_time":"2026-04-01T22:23:12+00:00","og_image":[{"width":1500,"height":1500,"url":"https:\/\/fnfa.ca\/wp-content\/uploads\/2026\/02\/fnfa-logo.webp","type":"image\/webp"}],"twitter_card":"summary_large_image","twitter_misc":{"Est. reading time":"1 minute"},"schema":{"@context":"https:\/\/schema.org","@graph":[{"@type":"WebPage","@id":"https:\/\/fnfa.ca\/en\/community-projects\/chiyaqtel-first-nation\/","url":"https:\/\/fnfa.ca\/en\/community-projects\/chiyaqtel-first-nation\/","name":"Ch'\u00edy\u00e1qtel First Nation - FNFA","isPartOf":{"@id":"https:\/\/fnfa.ca\/en\/#website"},"primaryImageOfPage":{"@id":"https:\/\/fnfa.ca\/en\/community-projects\/chiyaqtel-first-nation\/#primaryimage"},"image":{"@id":"https:\/\/fnfa.ca\/en\/community-projects\/chiyaqtel-first-nation\/#primaryimage"},"thumbnailUrl":"https:\/\/fnfa.ca\/wp-content\/uploads\/2026\/03\/Chiyaqtel_FN.webp","datePublished":"2026-03-04T21:49:17+00:00","dateModified":"2026-04-01T22:23:12+00:00","breadcrumb":{"@id":"https:\/\/fnfa.ca\/en\/community-projects\/chiyaqtel-first-nation\/#breadcrumb"},"inLanguage":"en-US","potentialAction":[{"@type":"ReadAction","target":["https:\/\/fnfa.ca\/en\/community-projects\/chiyaqtel-first-nation\/"]}]},{"@type":"ImageObject","inLanguage":"en-US","@id":"https:\/\/fnfa.ca\/en\/community-projects\/chiyaqtel-first-nation\/#primaryimage","url":"https:\/\/fnfa.ca\/wp-content\/uploads\/2026\/03\/Chiyaqtel_FN.webp","contentUrl":"https:\/\/fnfa.ca\/wp-content\/uploads\/2026\/03\/Chiyaqtel_FN.webp"},{"@type":"BreadcrumbList","@id":"https:\/\/fnfa.ca\/en\/community-projects\/chiyaqtel-first-nation\/#breadcrumb","itemListElement":[{"@type":"ListItem","position":1,"name":"Home","item":"https:\/\/fnfa.ca\/en\/"},{"@type":"ListItem","position":2,"name":"Community Projects","item":"https:\/\/fnfa.ca\/en\/community-projects\/"},{"@type":"ListItem","position":3,"name":"Ch&#8217;\u00edy\u00e1qtel First Nation"}]},{"@type":"WebSite","@id":"https:\/\/fnfa.ca\/en\/#website","url":"https:\/\/fnfa.ca\/en\/","name":"FNFA","description":"First Nations Finance Authority","publisher":{"@id":"https:\/\/fnfa.ca\/en\/#organization"},"potentialAction":[{"@type":"SearchAction","target":{"@type":"EntryPoint","urlTemplate":"https:\/\/fnfa.ca\/en\/?s={search_term_string}"},"query-input":{"@type":"PropertyValueSpecification","valueRequired":true,"valueName":"search_term_string"}}],"inLanguage":"en-US"},{"@type":"Organization","@id":"https:\/\/fnfa.ca\/en\/#organization","name":"First Nations Finance Authority","alternateName":"FNFA","url":"https:\/\/fnfa.ca\/en\/","logo":{"@type":"ImageObject","inLanguage":"en-US","@id":"https:\/\/fnfa.ca\/en\/#\/schema\/logo\/image\/","url":"https:\/\/fnfa.ca\/wp-content\/uploads\/2026\/02\/fnfa-logo.webp","contentUrl":"https:\/\/fnfa.ca\/wp-content\/uploads\/2026\/02\/fnfa-logo.webp","width":1500,"height":1500,"caption":"First Nations Finance Authority"},"image":{"@id":"https:\/\/fnfa.ca\/en\/#\/schema\/logo\/image\/"},"sameAs":["https:\/\/www.facebook.com\/theFNFA\/"]}]}},"_links":{"self":[{"href":"https:\/\/fnfa.ca\/en\/wp-json\/wp\/v2\/pages\/14143","targetHints":{"allow":["GET"]}}],"collection":[{"href":"https:\/\/fnfa.ca\/en\/wp-json\/wp\/v2\/pages"}],"about":[{"href":"https:\/\/fnfa.ca\/en\/wp-json\/wp\/v2\/types\/page"}],"author":[{"embeddable":true,"href":"https:\/\/fnfa.ca\/en\/wp-json\/wp\/v2\/users\/2"}],"replies":[{"embeddable":true,"href":"https:\/\/fnfa.ca\/en\/wp-json\/wp\/v2\/comments?post=14143"}],"version-history":[{"count":10,"href":"https:\/\/fnfa.ca\/en\/wp-json\/wp\/v2\/pages\/14143\/revisions"}],"predecessor-version":[{"id":14347,"href":"https:\/\/fnfa.ca\/en\/wp-json\/wp\/v2\/pages\/14143\/revisions\/14347"}],"up":[{"embeddable":true,"href":"https:\/\/fnfa.ca\/en\/wp-json\/wp\/v2\/pages\/14089"}],"wp:attachment":[{"href":"https:\/\/fnfa.ca\/en\/wp-json\/wp\/v2\/media?parent=14143"}],"curies":[{"name":"wp","href":"https:\/\/api.w.org\/{rel}","templated":true}]}}