{"id":10461,"date":"2024-05-14T22:10:35","date_gmt":"2024-05-14T22:10:35","guid":{"rendered":"https:\/\/www.fnfa.ca\/?page_id=10461"},"modified":"2024-05-23T18:04:14","modified_gmt":"2024-05-23T18:04:14","slug":"la-monetisation","status":"publish","type":"page","link":"https:\/\/fnfa.ca\/fr\/qui-sommes-nous\/la-monetisation\/","title":{"rendered":"La mon\u00e9tisation"},"content":{"rendered":"\n<figure class=\"wp-block-image size-large\"><img decoding=\"async\" width=\"1024\" height=\"682\" src=\"https:\/\/fnfa.ca\/wp-content\/uploads\/2024\/05\/Hero-image_Mon-PAge-FR-1-1024x682.png\" alt=\"\" class=\"wp-image-10466\" srcset=\"https:\/\/fnfa.ca\/wp-content\/uploads\/2024\/05\/Hero-image_Mon-PAge-FR-1-1024x682.png 1024w, https:\/\/fnfa.ca\/wp-content\/uploads\/2024\/05\/Hero-image_Mon-PAge-FR-1-300x200.png 300w, https:\/\/fnfa.ca\/wp-content\/uploads\/2024\/05\/Hero-image_Mon-PAge-FR-1-768x511.png 768w, https:\/\/fnfa.ca\/wp-content\/uploads\/2024\/05\/Hero-image_Mon-PAge-FR-1.png 1500w\" sizes=\"(max-width: 1024px) 100vw, 1024px\" \/><\/figure>\n\n\n<div class=\"row cntBlock col2block\" id=\"col2block-block_617b09dfffc7fcf141d3110c6e578edc\">\n\t\t\t\t\t\t\t\t<div class=\"col-12 col-lg-6\">\n\t\t\t\t\t\t\t\t\t\t\t\t<p><img decoding=\"async\" class=\"aligncenter wp-image-10463 size-large\" src=\"https:\/\/fnfa.ca\/wp-content\/uploads\/2024\/05\/DSC2218-1-1024x684.png\" alt=\"\" width=\"640\" height=\"428\" srcset=\"https:\/\/fnfa.ca\/wp-content\/uploads\/2024\/05\/DSC2218-1-1024x684.png 1024w, https:\/\/fnfa.ca\/wp-content\/uploads\/2024\/05\/DSC2218-1-300x200.png 300w, https:\/\/fnfa.ca\/wp-content\/uploads\/2024\/05\/DSC2218-1-768x513.png 768w, https:\/\/fnfa.ca\/wp-content\/uploads\/2024\/05\/DSC2218-1.png 1203w\" sizes=\"(max-width: 640px) 100vw, 640px\" \/><\/p>\n\t\t\t\t\t\t\t<\/div>\n\t\t\t\t\t\t\t\t\t\t\t<div class=\"col-12 col-lg-6\">\n\t\t\t\t\t\t\t\t\t\t\t\t<h3>Combler l\u2019\u00e9cart en mati\u00e8re d\u2019infrastructure des Premi\u00e8res Nations<\/h3>\n\t\t\t\t\t\t\t\t<p>La mon\u00e9tisation fait r\u00e9f\u00e9rence \u00e0 la pratique qui consiste \u00e0 tirer parti des flux de tr\u00e9sorerie annuels pour en faire une dette \u00e0 long terme afin de construire des infrastructures essentielles pour les communaut\u00e9s.rnrnLes d\u00e9bentures de l\u2019AFPN sont actuellement garanties par les revenus autonomes des Premi\u00e8res Nations et constituent un moyen \u00e9prouv\u00e9 de mobiliser des capitaux pour les projets des Premi\u00e8res Nations.rnrnLa mon\u00e9tisation compl\u00e9terait cette approche en tirant parti des transferts f\u00e9d\u00e9raux annuels pour construire des infrastructures aux co\u00fbts actuels.rnrnL\u2019AFPN pr\u00f4ne\u00a0l\u2019adoption de ce mod\u00e8le pour combler l\u2019\u00e9cart grandissant en mati\u00e8re d\u2019infrastructure entre le reste du Canada et les communaut\u00e9s des Premi\u00e8res Nations.<\/p>\n\t\t\t\t\t\t\t\t\t<a href=\"https:\/\/fnfa.ca\/wp-content\/uploads\/2024\/05\/FNFA-Brochure-TriFold14x8.5-French-Print-2024.pdf\" class=\"btn\" style=\"background:#14A5A1;\" target=\"_blank\" >Brochure de AFPN 2024<\/a>\n\t\t\t\t\t\t\t<\/div>\n\t\t\t<\/div>\n\n\n\n<figure class=\"wp-block-image size-large\"><img decoding=\"async\" width=\"1024\" height=\"430\" src=\"https:\/\/fnfa.ca\/wp-content\/uploads\/2024\/05\/Awards-Section-FR@2x-8-1024x430.png\" alt=\"\" class=\"wp-image-10469\" srcset=\"https:\/\/fnfa.ca\/wp-content\/uploads\/2024\/05\/Awards-Section-FR@2x-8-1024x430.png 1024w, https:\/\/fnfa.ca\/wp-content\/uploads\/2024\/05\/Awards-Section-FR@2x-8-300x126.png 300w, https:\/\/fnfa.ca\/wp-content\/uploads\/2024\/05\/Awards-Section-FR@2x-8-768x323.png 768w, https:\/\/fnfa.ca\/wp-content\/uploads\/2024\/05\/Awards-Section-FR@2x-8-1536x645.png 1536w, https:\/\/fnfa.ca\/wp-content\/uploads\/2024\/05\/Awards-Section-FR@2x-8-2048x860.png 2048w\" sizes=\"(max-width: 1024px) 100vw, 1024px\" \/><\/figure>\n\n\n<div class=\"row cntBlock col2block\" id=\"col2block-block_e981c9857595a73329378dcfc6a111bb\">\n\t\t\t\t\t\t\t\t<div class=\"col-12 col-lg-6\">\n\t\t\t\t\t\t\t\t\t\t\t\t\t\t\t\t\t\t\t<\/div>\n\t\t\t\t\t\t\t\t\t\t\t<div class=\"col-12 col-lg-6\">\n\t\t\t\t\t\t\t\t\t\t\t\t\t\t\t\t\t\t\t<\/div>\n\t\t\t<\/div>\n\n\n\n<div class=\"wp-block-columns is-layout-flex wp-container-core-columns-is-layout-9d6595d7 wp-block-columns-is-layout-flex\">\n<div class=\"wp-block-column is-layout-flow wp-block-column-is-layout-flow\">\n<figure class=\"wp-block-embed is-type-video is-provider-youtube wp-block-embed-youtube wp-embed-aspect-16-9 wp-has-aspect-ratio\"><div class=\"wp-block-embed__wrapper\">\n<iframe title=\"Monetization Press Conference\" width=\"640\" height=\"360\" src=\"https:\/\/www.youtube.com\/embed\/FI89XYKYEys?feature=oembed\" frameborder=\"0\" allow=\"accelerometer; autoplay; clipboard-write; encrypted-media; gyroscope; picture-in-picture; web-share\" referrerpolicy=\"strict-origin-when-cross-origin\" allowfullscreen><\/iframe>\n<\/div><figcaption class=\"wp-element-caption\">Conf\u00e9rence de presse<\/figcaption><\/figure>\n<\/div>\n\n\n\n<div class=\"wp-block-column is-layout-flow wp-block-column-is-layout-flow\">\n<figure class=\"wp-block-embed is-type-video is-provider-youtube wp-block-embed-youtube wp-embed-aspect-16-9 wp-has-aspect-ratio\"><div class=\"wp-block-embed__wrapper\">\n<iframe title=\"Standing Senate Committee on Indigenous Peoples - FNFA&#039;s Session on Monetization\" width=\"640\" height=\"360\" src=\"https:\/\/www.youtube.com\/embed\/bss4Mibu3mU?feature=oembed\" frameborder=\"0\" allow=\"accelerometer; autoplay; clipboard-write; encrypted-media; gyroscope; picture-in-picture; web-share\" referrerpolicy=\"strict-origin-when-cross-origin\" allowfullscreen><\/iframe>\n<\/div><figcaption class=\"wp-element-caption\">Bulletin d\u2019information d\u2019APTN sur la conf\u00e9rence de presse<\/figcaption><\/figure>\n<\/div>\n\n\n\n<div class=\"wp-block-column is-layout-flow wp-block-column-is-layout-flow\">\n<figure class=\"wp-block-embed is-type-video is-provider-youtube wp-block-embed-youtube wp-embed-aspect-16-9 wp-has-aspect-ratio\"><div class=\"wp-block-embed__wrapper\">\n<iframe title=\"Qu&#039;est-ce que la mon\u00e9tisation ? Et comment votre communaut\u00e9 peut-elle en b\u00e9n\u00e9ficier ?\" width=\"640\" height=\"360\" src=\"https:\/\/www.youtube.com\/embed\/mCThdkKrSvA?feature=oembed\" frameborder=\"0\" allow=\"accelerometer; autoplay; clipboard-write; encrypted-media; gyroscope; picture-in-picture; web-share\" referrerpolicy=\"strict-origin-when-cross-origin\" allowfullscreen><\/iframe>\n<\/div><figcaption class=\"wp-element-caption\">Qu&rsquo;est-ce que la mon\u00e9tisation ?<\/figcaption><\/figure>\n<\/div>\n<\/div>\n\n\n<div class=\"row cntBlock col2block\" id=\"col2block-block_bf847cecb309827c3d62e6ab17718d1b\">\n\t\t\t\t\t\t\t\t<div class=\"col-12 col-lg-6\">\n\t\t\t\t\t\t\t\t\t\t\t\t\t\t\t\t\t\t\t<\/div>\n\t\t\t\t\t\t\t\t\t\t\t<div class=\"col-12 col-lg-6\">\n\t\t\t\t\t\t\t\t\t\t\t\t\t\t\t\t\t\t\t<\/div>\n\t\t\t<\/div>\n\n\n\n<h3 class=\"wp-block-heading has-text-align-center\">Processus de mon\u00e9tisation<\/h3>\n\n\n<div class=\"wp-block-image\">\n<figure class=\"aligncenter size-large\"><img decoding=\"async\" width=\"962\" height=\"1024\" src=\"https:\/\/fnfa.ca\/wp-content\/uploads\/2024\/05\/Process-graphic-FR@2x-8-962x1024.png\" alt=\"\" class=\"wp-image-10471\" srcset=\"https:\/\/fnfa.ca\/wp-content\/uploads\/2024\/05\/Process-graphic-FR@2x-8-962x1024.png 962w, https:\/\/fnfa.ca\/wp-content\/uploads\/2024\/05\/Process-graphic-FR@2x-8-282x300.png 282w, https:\/\/fnfa.ca\/wp-content\/uploads\/2024\/05\/Process-graphic-FR@2x-8-768x817.png 768w, https:\/\/fnfa.ca\/wp-content\/uploads\/2024\/05\/Process-graphic-FR@2x-8-1443x1536.png 1443w, https:\/\/fnfa.ca\/wp-content\/uploads\/2024\/05\/Process-graphic-FR@2x-8.png 1856w\" sizes=\"(max-width: 962px) 100vw, 962px\" \/><\/figure>\n<\/div>\n\n<div class=\"row cntBlock col2block\" id=\"col2block-block_e981c9857595a73329378dcfc6a111bb\">\n\t\t\t\t\t\t\t\t<div class=\"col-12 col-lg-6\">\n\t\t\t\t\t\t\t\t\t\t\t\t\t\t\t\t\t\t\t<\/div>\n\t\t\t\t\t\t\t\t\t\t\t<div class=\"col-12 col-lg-6\">\n\t\t\t\t\t\t\t\t\t\t\t\t\t\t\t\t\t\t\t<\/div>\n\t\t\t<\/div>\n\n\n\n<figure class=\"wp-block-image size-large\"><img decoding=\"async\" width=\"1024\" height=\"682\" src=\"https:\/\/fnfa.ca\/wp-content\/uploads\/2024\/05\/Potential-imapact-cover-image_mon-Page-FR-1-1024x682.webp\" alt=\"\" class=\"wp-image-10475\" srcset=\"https:\/\/fnfa.ca\/wp-content\/uploads\/2024\/05\/Potential-imapact-cover-image_mon-Page-FR-1-1024x682.webp 1024w, https:\/\/fnfa.ca\/wp-content\/uploads\/2024\/05\/Potential-imapact-cover-image_mon-Page-FR-1-300x200.webp 300w, https:\/\/fnfa.ca\/wp-content\/uploads\/2024\/05\/Potential-imapact-cover-image_mon-Page-FR-1-768x511.webp 768w, https:\/\/fnfa.ca\/wp-content\/uploads\/2024\/05\/Potential-imapact-cover-image_mon-Page-FR-1.webp 1500w\" sizes=\"(max-width: 1024px) 100vw, 1024px\" \/><\/figure>\n\n\n<div class=\"wp-block-image\">\n<figure class=\"aligncenter size-large is-resized\"><img decoding=\"async\" width=\"1024\" height=\"173\" src=\"https:\/\/fnfa.ca\/wp-content\/uploads\/2024\/05\/French-Script-Logo@2x-8-1024x173.png\" alt=\"\" class=\"wp-image-10476\" style=\"width:829px;height:auto\" srcset=\"https:\/\/fnfa.ca\/wp-content\/uploads\/2024\/05\/French-Script-Logo@2x-8-1024x173.png 1024w, https:\/\/fnfa.ca\/wp-content\/uploads\/2024\/05\/French-Script-Logo@2x-8-300x51.png 300w, https:\/\/fnfa.ca\/wp-content\/uploads\/2024\/05\/French-Script-Logo@2x-8-768x130.png 768w, https:\/\/fnfa.ca\/wp-content\/uploads\/2024\/05\/French-Script-Logo@2x-8-1536x259.png 1536w, https:\/\/fnfa.ca\/wp-content\/uploads\/2024\/05\/French-Script-Logo@2x-8-2048x346.png 2048w\" sizes=\"(max-width: 1024px) 100vw, 1024px\" \/><\/figure>\n<\/div>\n\n\n<h2 class=\"wp-block-heading has-text-align-center\">Projet de Logement de la Premi\u00e8re Nation Tzeachten<\/h2>\n\n\n<div class=\"row cntBlock col2block\" id=\"col2block-block_94fd6bf3c8b4b7fb121cd389092c8642\">\n\t\t\t\t\t\t\t\t<div class=\"col-12 col-lg-6\">\n\t\t\t\t\t\t\t\t\t\t\t\t<p><iframe title=\"Chaque pr\u00eat raconte une histoire: le projet de logement de la Premi\u00e8re Nation de Tzeachten\" width=\"640\" height=\"360\" src=\"https:\/\/www.youtube.com\/embed\/5YPrbzxJ7UA?feature=oembed\" frameborder=\"0\" allow=\"accelerometer; autoplay; clipboard-write; encrypted-media; gyroscope; picture-in-picture; web-share\" referrerpolicy=\"strict-origin-when-cross-origin\" allowfullscreen><\/iframe><\/p>\n\t\t\t\t\t\t\t<\/div>\n\t\t\t\t\t\t\t\t\t\t\t<div class=\"col-12 col-lg-6\">\n\t\t\t\t\t\t\t\t\t\t\t\t<p><span class=\"yt-core-attributed-string yt-core-attributed-string--white-space-pre-wrap\" role=\"text\"><span class=\"yt-core-attributed-string--link-inherit-color\">La Premi\u00e8re Nation de Tzeachten a ouvert un ensemble de 23 logements locatifs dans la r\u00e9serve de la Premi\u00e8re Nation de Tzeachten, pr\u00e8s de Chilliwack en juin 2022. <\/span><\/span><\/p>\n<p><span class=\"yt-core-attributed-string yt-core-attributed-string--white-space-pre-wrap\" role=\"text\"><span class=\"yt-core-attributed-string--link-inherit-color\">La province a fourni environ 2,5 millions de dollars au projet par l\u2019interm\u00e9diaire du Building BC : Community Housing Fund, tandis que l\u2019Autorit\u00e9 financi\u00e8re des Premi\u00e8res Nations a fourni un financement \u00e0 faible co\u00fbt d\u2019environ 5,5 millions de dollars pour la construction. Une subvention provinciale suppl\u00e9mentaire d\u2019environ 300\u2009000 $ a \u00e9t\u00e9 accord\u00e9e par l\u2019entremise du Fonds d\u2019investissement dans l\u2019innovation en mati\u00e8re de logement. <\/span><\/span><\/p>\n<p><span class=\"yt-core-attributed-string yt-core-attributed-string--white-space-pre-wrap\" role=\"text\"><span class=\"yt-core-attributed-string--link-inherit-color\">Les logements seront exploit\u00e9s par les Services des Biens immobiliers et des Travaux publics de la Premi\u00e8re Nation de Tzeachten, qui compte 18 ans d\u2019exp\u00e9rience dans la gestion de logements et de b\u00e2timents commerciaux pour la communaut\u00e9.<\/span><\/span><\/p>\n<div id=\"snippet\" class=\"style-scope ytd-text-inline-expander\"><\/div>\n<div class=\"style-scope ytd-watch-metadata\">\n<div id=\"items\" class=\"style-scope ytd-structured-description-content-renderer\">\n<div id=\"header-container\" class=\"style-scope ytd-horizontal-card-list-renderer\">\n<div class=\"title-row style-scope ytd-rich-list-header-renderer\">\n<div id=\"avatar\" class=\"style-scope ytd-rich-list-header-renderer\"><\/div>\n<div id=\"title-text\" class=\"style-scope ytd-rich-list-header-renderer\"><\/div>\n<\/div>\n<\/div>\n<\/div>\n<\/div>\n\t\t\t\t\t\t\t<\/div>\n\t\t\t<\/div>\n","protected":false},"excerpt":{"rendered":"<p>Processus de mon\u00e9tisation Projet de Logement de la Premi\u00e8re Nation Tzeachten<\/p>\n","protected":false},"author":2,"featured_media":0,"parent":752,"menu_order":0,"comment_status":"closed","ping_status":"closed","template":"","meta":{"_acf_changed":false,"episode_type":"","audio_file":"","podmotor_file_id":"","podmotor_episode_id":"","cover_image":"","cover_image_id":"","duration":"","filesize":"","filesize_raw":"","date_recorded":"","explicit":"","block":"","itunes_episode_number":"","itunes_title":"","itunes_season_number":"","itunes_episode_type":"","footnotes":""},"class_list":["post-10461","page","type-page","status-publish","hentry"],"acf":{"tagline":""},"yoast_head":"<!-- This site is optimized with the Yoast SEO plugin v27.4 - https:\/\/yoast.com\/product\/yoast-seo-wordpress\/ -->\n<title>La mon\u00e9tisation - FNFA<\/title>\n<meta name=\"robots\" content=\"index, follow, max-snippet:-1, max-image-preview:large, max-video-preview:-1\" \/>\n<link rel=\"canonical\" href=\"https:\/\/fnfa.ca\/fr\/qui-sommes-nous\/la-monetisation\/\" \/>\n<meta property=\"og:locale\" content=\"fr_FR\" \/>\n<meta property=\"og:type\" content=\"article\" \/>\n<meta property=\"og:title\" content=\"La mon\u00e9tisation - FNFA\" \/>\n<meta property=\"og:description\" content=\"Processus de mon\u00e9tisation Projet de Logement de la Premi\u00e8re Nation Tzeachten\" \/>\n<meta property=\"og:url\" content=\"https:\/\/fnfa.ca\/fr\/qui-sommes-nous\/la-monetisation\/\" \/>\n<meta property=\"og:site_name\" content=\"FNFA\" \/>\n<meta property=\"article:publisher\" content=\"https:\/\/www.facebook.com\/theFNFA\/\" \/>\n<meta property=\"article:modified_time\" content=\"2024-05-23T18:04:14+00:00\" \/>\n<meta property=\"og:image\" content=\"https:\/\/fnfa.ca\/wp-content\/uploads\/2026\/02\/fnfa-logo.webp\" \/>\n\t<meta property=\"og:image:width\" content=\"1500\" \/>\n\t<meta property=\"og:image:height\" content=\"1500\" \/>\n\t<meta property=\"og:image:type\" content=\"image\/webp\" \/>\n<meta name=\"twitter:card\" content=\"summary_large_image\" \/>\n<meta name=\"twitter:label1\" content=\"Dur\u00e9e de lecture estim\u00e9e\" \/>\n\t<meta name=\"twitter:data1\" content=\"2 minutes\" \/>\n<script type=\"application\/ld+json\" class=\"yoast-schema-graph\">{\"@context\":\"https:\\\/\\\/schema.org\",\"@graph\":[{\"@type\":\"WebPage\",\"@id\":\"https:\\\/\\\/fnfa.ca\\\/fr\\\/qui-sommes-nous\\\/la-monetisation\\\/\",\"url\":\"https:\\\/\\\/fnfa.ca\\\/fr\\\/qui-sommes-nous\\\/la-monetisation\\\/\",\"name\":\"La mon\u00e9tisation - FNFA\",\"isPartOf\":{\"@id\":\"https:\\\/\\\/fnfa.ca\\\/fr\\\/#website\"},\"primaryImageOfPage\":{\"@id\":\"https:\\\/\\\/fnfa.ca\\\/fr\\\/qui-sommes-nous\\\/la-monetisation\\\/#primaryimage\"},\"image\":{\"@id\":\"https:\\\/\\\/fnfa.ca\\\/fr\\\/qui-sommes-nous\\\/la-monetisation\\\/#primaryimage\"},\"thumbnailUrl\":\"https:\\\/\\\/fnfa.ca\\\/wp-content\\\/uploads\\\/2024\\\/05\\\/Hero-image_Mon-PAge-FR-1-1024x682.png\",\"datePublished\":\"2024-05-14T22:10:35+00:00\",\"dateModified\":\"2024-05-23T18:04:14+00:00\",\"breadcrumb\":{\"@id\":\"https:\\\/\\\/fnfa.ca\\\/fr\\\/qui-sommes-nous\\\/la-monetisation\\\/#breadcrumb\"},\"inLanguage\":\"fr-FR\",\"potentialAction\":[{\"@type\":\"ReadAction\",\"target\":[\"https:\\\/\\\/fnfa.ca\\\/fr\\\/qui-sommes-nous\\\/la-monetisation\\\/\"]}]},{\"@type\":\"ImageObject\",\"inLanguage\":\"fr-FR\",\"@id\":\"https:\\\/\\\/fnfa.ca\\\/fr\\\/qui-sommes-nous\\\/la-monetisation\\\/#primaryimage\",\"url\":\"https:\\\/\\\/fnfa.ca\\\/wp-content\\\/uploads\\\/2024\\\/05\\\/Hero-image_Mon-PAge-FR-1-1024x682.png\",\"contentUrl\":\"https:\\\/\\\/fnfa.ca\\\/wp-content\\\/uploads\\\/2024\\\/05\\\/Hero-image_Mon-PAge-FR-1-1024x682.png\"},{\"@type\":\"BreadcrumbList\",\"@id\":\"https:\\\/\\\/fnfa.ca\\\/fr\\\/qui-sommes-nous\\\/la-monetisation\\\/#breadcrumb\",\"itemListElement\":[{\"@type\":\"ListItem\",\"position\":1,\"name\":\"Home\",\"item\":\"https:\\\/\\\/fnfa.ca\\\/fr\\\/\"},{\"@type\":\"ListItem\",\"position\":2,\"name\":\"\u00c0 propos de nous\",\"item\":\"https:\\\/\\\/fnfa.ca\\\/fr\\\/qui-sommes-nous\\\/\"},{\"@type\":\"ListItem\",\"position\":3,\"name\":\"La mon\u00e9tisation\"}]},{\"@type\":\"WebSite\",\"@id\":\"https:\\\/\\\/fnfa.ca\\\/fr\\\/#website\",\"url\":\"https:\\\/\\\/fnfa.ca\\\/fr\\\/\",\"name\":\"FNFA\",\"description\":\"First Nations Finance Authority\",\"publisher\":{\"@id\":\"https:\\\/\\\/fnfa.ca\\\/fr\\\/#organization\"},\"potentialAction\":[{\"@type\":\"SearchAction\",\"target\":{\"@type\":\"EntryPoint\",\"urlTemplate\":\"https:\\\/\\\/fnfa.ca\\\/fr\\\/?s={search_term_string}\"},\"query-input\":{\"@type\":\"PropertyValueSpecification\",\"valueRequired\":true,\"valueName\":\"search_term_string\"}}],\"inLanguage\":\"fr-FR\"},{\"@type\":\"Organization\",\"@id\":\"https:\\\/\\\/fnfa.ca\\\/fr\\\/#organization\",\"name\":\"First Nations Finance Authority\",\"alternateName\":\"FNFA\",\"url\":\"https:\\\/\\\/fnfa.ca\\\/fr\\\/\",\"logo\":{\"@type\":\"ImageObject\",\"inLanguage\":\"fr-FR\",\"@id\":\"https:\\\/\\\/fnfa.ca\\\/fr\\\/#\\\/schema\\\/logo\\\/image\\\/\",\"url\":\"https:\\\/\\\/fnfa.ca\\\/wp-content\\\/uploads\\\/2026\\\/02\\\/fnfa-logo.webp\",\"contentUrl\":\"https:\\\/\\\/fnfa.ca\\\/wp-content\\\/uploads\\\/2026\\\/02\\\/fnfa-logo.webp\",\"width\":1500,\"height\":1500,\"caption\":\"First Nations Finance Authority\"},\"image\":{\"@id\":\"https:\\\/\\\/fnfa.ca\\\/fr\\\/#\\\/schema\\\/logo\\\/image\\\/\"},\"sameAs\":[\"https:\\\/\\\/www.facebook.com\\\/theFNFA\\\/\"]}]}<\/script>\n<!-- \/ Yoast SEO plugin. -->","yoast_head_json":{"title":"La mon\u00e9tisation - FNFA","robots":{"index":"index","follow":"follow","max-snippet":"max-snippet:-1","max-image-preview":"max-image-preview:large","max-video-preview":"max-video-preview:-1"},"canonical":"https:\/\/fnfa.ca\/fr\/qui-sommes-nous\/la-monetisation\/","og_locale":"fr_FR","og_type":"article","og_title":"La mon\u00e9tisation - FNFA","og_description":"Processus de mon\u00e9tisation Projet de Logement de la Premi\u00e8re Nation Tzeachten","og_url":"https:\/\/fnfa.ca\/fr\/qui-sommes-nous\/la-monetisation\/","og_site_name":"FNFA","article_publisher":"https:\/\/www.facebook.com\/theFNFA\/","article_modified_time":"2024-05-23T18:04:14+00:00","og_image":[{"url":"https:\/\/fnfa.ca\/wp-content\/uploads\/2026\/02\/fnfa-logo.webp","type":"image\/webp","width":1500,"height":1500}],"twitter_card":"summary_large_image","twitter_misc":{"Dur\u00e9e de lecture estim\u00e9e":"2 minutes"},"schema":{"@context":"https:\/\/schema.org","@graph":[{"@type":"WebPage","@id":"https:\/\/fnfa.ca\/fr\/qui-sommes-nous\/la-monetisation\/","url":"https:\/\/fnfa.ca\/fr\/qui-sommes-nous\/la-monetisation\/","name":"La mon\u00e9tisation - FNFA","isPartOf":{"@id":"https:\/\/fnfa.ca\/fr\/#website"},"primaryImageOfPage":{"@id":"https:\/\/fnfa.ca\/fr\/qui-sommes-nous\/la-monetisation\/#primaryimage"},"image":{"@id":"https:\/\/fnfa.ca\/fr\/qui-sommes-nous\/la-monetisation\/#primaryimage"},"thumbnailUrl":"https:\/\/fnfa.ca\/wp-content\/uploads\/2024\/05\/Hero-image_Mon-PAge-FR-1-1024x682.png","datePublished":"2024-05-14T22:10:35+00:00","dateModified":"2024-05-23T18:04:14+00:00","breadcrumb":{"@id":"https:\/\/fnfa.ca\/fr\/qui-sommes-nous\/la-monetisation\/#breadcrumb"},"inLanguage":"fr-FR","potentialAction":[{"@type":"ReadAction","target":["https:\/\/fnfa.ca\/fr\/qui-sommes-nous\/la-monetisation\/"]}]},{"@type":"ImageObject","inLanguage":"fr-FR","@id":"https:\/\/fnfa.ca\/fr\/qui-sommes-nous\/la-monetisation\/#primaryimage","url":"https:\/\/fnfa.ca\/wp-content\/uploads\/2024\/05\/Hero-image_Mon-PAge-FR-1-1024x682.png","contentUrl":"https:\/\/fnfa.ca\/wp-content\/uploads\/2024\/05\/Hero-image_Mon-PAge-FR-1-1024x682.png"},{"@type":"BreadcrumbList","@id":"https:\/\/fnfa.ca\/fr\/qui-sommes-nous\/la-monetisation\/#breadcrumb","itemListElement":[{"@type":"ListItem","position":1,"name":"Home","item":"https:\/\/fnfa.ca\/fr\/"},{"@type":"ListItem","position":2,"name":"\u00c0 propos de nous","item":"https:\/\/fnfa.ca\/fr\/qui-sommes-nous\/"},{"@type":"ListItem","position":3,"name":"La mon\u00e9tisation"}]},{"@type":"WebSite","@id":"https:\/\/fnfa.ca\/fr\/#website","url":"https:\/\/fnfa.ca\/fr\/","name":"FNFA","description":"First Nations Finance Authority","publisher":{"@id":"https:\/\/fnfa.ca\/fr\/#organization"},"potentialAction":[{"@type":"SearchAction","target":{"@type":"EntryPoint","urlTemplate":"https:\/\/fnfa.ca\/fr\/?s={search_term_string}"},"query-input":{"@type":"PropertyValueSpecification","valueRequired":true,"valueName":"search_term_string"}}],"inLanguage":"fr-FR"},{"@type":"Organization","@id":"https:\/\/fnfa.ca\/fr\/#organization","name":"First Nations Finance Authority","alternateName":"FNFA","url":"https:\/\/fnfa.ca\/fr\/","logo":{"@type":"ImageObject","inLanguage":"fr-FR","@id":"https:\/\/fnfa.ca\/fr\/#\/schema\/logo\/image\/","url":"https:\/\/fnfa.ca\/wp-content\/uploads\/2026\/02\/fnfa-logo.webp","contentUrl":"https:\/\/fnfa.ca\/wp-content\/uploads\/2026\/02\/fnfa-logo.webp","width":1500,"height":1500,"caption":"First Nations Finance Authority"},"image":{"@id":"https:\/\/fnfa.ca\/fr\/#\/schema\/logo\/image\/"},"sameAs":["https:\/\/www.facebook.com\/theFNFA\/"]}]}},"_links":{"self":[{"href":"https:\/\/fnfa.ca\/fr\/wp-json\/wp\/v2\/pages\/10461","targetHints":{"allow":["GET"]}}],"collection":[{"href":"https:\/\/fnfa.ca\/fr\/wp-json\/wp\/v2\/pages"}],"about":[{"href":"https:\/\/fnfa.ca\/fr\/wp-json\/wp\/v2\/types\/page"}],"author":[{"embeddable":true,"href":"https:\/\/fnfa.ca\/fr\/wp-json\/wp\/v2\/users\/2"}],"replies":[{"embeddable":true,"href":"https:\/\/fnfa.ca\/fr\/wp-json\/wp\/v2\/comments?post=10461"}],"version-history":[{"count":18,"href":"https:\/\/fnfa.ca\/fr\/wp-json\/wp\/v2\/pages\/10461\/revisions"}],"predecessor-version":[{"id":10527,"href":"https:\/\/fnfa.ca\/fr\/wp-json\/wp\/v2\/pages\/10461\/revisions\/10527"}],"up":[{"embeddable":true,"href":"https:\/\/fnfa.ca\/fr\/wp-json\/wp\/v2\/pages\/752"}],"wp:attachment":[{"href":"https:\/\/fnfa.ca\/fr\/wp-json\/wp\/v2\/media?parent=10461"}],"curies":[{"name":"wp","href":"https:\/\/api.w.org\/{rel}","templated":true}]}}