{"id":12429,"date":"2025-08-14T14:14:51","date_gmt":"2025-08-14T21:14:51","guid":{"rendered":"https:\/\/www.fnfa.ca\/spv\/"},"modified":"2026-03-25T10:58:23","modified_gmt":"2026-03-25T17:58:23","slug":"evs","status":"publish","type":"page","link":"https:\/\/fnfa.ca\/fr\/evs\/","title":{"rendered":"Entit\u00e9 \u00e0 vocation sp\u00e9ciale (EVS)"},"content":{"rendered":"\n<h3 class=\"wp-block-heading\"><em><strong>Les <\/strong>entit\u00e9 \u00e0 vocation sp\u00e9ciale (EVS)<strong>&nbsp;sont des soci\u00e9t\u00e9s en commandite ou des soci\u00e9t\u00e9s par actions cr\u00e9\u00e9es pour investir dans un projet. La pr\u00e9sentation mettra en lumi\u00e8re l\u2019importance strat\u00e9gique des EVS et leur potentiel \u00e0 favoriser l\u2019acc\u00e8s aux opportunit\u00e9s de financement pour les communaut\u00e9s autochtones<\/strong><br><br><\/em><\/h3>\n\n\n<div class=\"row rowCenter cntBlock bgOverlayWhite colsplit\" id=\"colsplit-block_c0071b021bc252068576422fcb512ac5\" style=\"z-index:0\">\n  <div class=\"col-12 col-lg-4 order-2 order-lg-1\">\n    <h2>Imaginez un projet majeur<\/h2>\n    <p>capable de transformer une communaut\u00e9 ou un regroupement de communaut\u00e9s et de cr\u00e9er une richesse g\u00e9n\u00e9rationnelle : des opportunit\u00e9s en mati\u00e8re de ressources et de participation au capital qui cr\u00e9ent des emplois, g\u00e9n\u00e8rent des profits pour investir dans la communaut\u00e9 et contribuent \u00e0 l\u2019\u00e9conomie du Canada.<\/p>\n\t  <\/div>\n  <div class=\"col-12 col-lg-8 order-1 order-lg-2\">\n\t  \t  \t<p><iframe title=\"Favoriser la prosp\u00e9rit\u00e9 pour toutes les Premi\u00e8res Nations gr\u00e2ce \u00e0 la FNFA et aux SPV\" width=\"640\" height=\"360\" src=\"https:\/\/www.youtube.com\/embed\/PP1pZvURGBM?feature=oembed\" frameborder=\"0\" allow=\"accelerometer; autoplay; clipboard-write; encrypted-media; gyroscope; picture-in-picture; web-share\" referrerpolicy=\"strict-origin-when-cross-origin\" allowfullscreen><\/iframe><\/p>\n\t    <\/div>\n<\/div>\n\n\n<h3 class=\"wp-block-heading has-text-align-center has-text-color has-link-color wp-elements-72dc64313f23131ce63a8a4cdac88c53\" style=\"color:#14a5a1\">Fichiers importants \u00e0 t\u00e9l\u00e9charger pour les responsables communautaires<\/h3>\n\n\n<div class=\"row cntBlock fileshareBlock\" id=\"fileshareBlock-block_4cbfb3127ce05cf01032340ba0ca85e5\" style=\"z-index:0\">\n\t\t\t\t\t<div class=\"col-12 col-lg-6\">\n\t\t\t\t<div class=\"fileItem\">\n\t\t\t<a href=\"https:\/\/fnfa.ca\/wp-content\/uploads\/2026\/03\/EVSs-Lettre_FR.docx\" target=\"_blank\">\n\t\t\t<i class=\"far fa-file-word\"><\/i>Lettre de soutien du ESV\t\t\t<\/a>\n\t\t<\/div>\n\t<\/div>\n\t\t\t<div class=\"col-12 col-lg-6\">\n\t\t\t\t<div class=\"fileItem\">\n\t\t\t<a href=\"https:\/\/fnfa.ca\/wp-content\/uploads\/2025\/11\/FR_2025-10-03-Sample-BCR-supporting-SPV-initiative.docx\" target=\"_blank\">\n\t\t\t<i class=\"far fa-file-word\"><\/i>Exemple de r\u00e9solution du conseil de bande soutenant les ESV\t\t\t<\/a>\n\t\t<\/div>\n\t<\/div>\n\t\t\t<div class=\"col-12 col-lg-6\">\n\t\t\t\t<div class=\"fileItem\">\n\t\t\t<a href=\"https:\/\/fnfa.ca\/wp-content\/uploads\/2025\/11\/FR_2025-08-26_Draft-Amendments-to-accommodate-SPVs.pdf\" target=\"_blank\">\n\t\t\t<i class=\"far fa-file-pdf\"><\/i>Modifications pour permettre les ESV\t\t\t<\/a>\n\t\t<\/div>\n\t<\/div>\n\t\t\t<div class=\"col-12 col-lg-6\">\n\t\t\t\t<div class=\"fileItem\">\n\t\t\t<a href=\"https:\/\/fnfa.ca\/wp-content\/uploads\/2026\/01\/FR_SPV-Frequently-Asked-Questions-Website-Version-Sep.-12-2025_Final.pdf\" target=\"_blank\">\n\t\t\t<i class=\"far fa-file-pdf\"><\/i>ESV Q&#038;R\t\t\t<\/a>\n\t\t<\/div>\n\t<\/div>\n\t\t<\/div>\n\n<div class=\"row cntBlock col2block\" id=\"col2block-block_c96c211a6539f7ca3473b6a8b9b91607\">\n\t\t\t\t\t\t\t\t<div class=\"col-12 col-lg-6\">\n\t\t\t\t\t\t\t\t\t\t\t\t<p><img decoding=\"async\" class=\"aligncenter wp-image-12406 size-full\" src=\"https:\/\/fnfa.ca\/wp-content\/uploads\/2025\/08\/IMG_2705.jpeg\" alt=\"\" width=\"2048\" height=\"1536\" srcset=\"https:\/\/fnfa.ca\/wp-content\/uploads\/2025\/08\/IMG_2705.jpeg 2048w, https:\/\/fnfa.ca\/wp-content\/uploads\/2025\/08\/IMG_2705-300x225.jpeg 300w, https:\/\/fnfa.ca\/wp-content\/uploads\/2025\/08\/IMG_2705-1024x768.jpeg 1024w, https:\/\/fnfa.ca\/wp-content\/uploads\/2025\/08\/IMG_2705-768x576.jpeg 768w, https:\/\/fnfa.ca\/wp-content\/uploads\/2025\/08\/IMG_2705-1536x1152.jpeg 1536w\" sizes=\"(max-width: 2048px) 100vw, 2048px\" \/><\/p>\n\t\t\t\t\t\t\t<\/div>\n\t\t\t\t\t\t\t\t\t\t\t<div class=\"col-12 col-lg-6\">\n\t\t\t\t\t\t\t\t\t\t\t\t<p><span data-teams=\"true\">Le Budget 2025 a annonc\u00e9 l\u2019intention du Canada de modifier la <i>Loi sur la gestion financi\u00e8re des Premi\u00e8res Nations<\/i> (2005) afin de permettre \u00e0 \u00a0l\u2019AFPN d\u2019accorder des pr\u00eats \u00e0 des entit\u00e9s \u00e0 vocation sp\u00e9ciale (EVS) appartenant \u00e0 des Autochtones. Une EVS est une soci\u00e9t\u00e9 ou une soci\u00e9t\u00e9 en commandite cr\u00e9\u00e9e pour r\u00e9aliser un investissement dans un projet.<\/span><\/p>\n<p>Actuellement, l\u2019Autorit\u00e9 financi\u00e8re des Premi\u00e8res Nations (AFPN) ne peut pr\u00eater directement qu\u2019aux gouvernements des Premi\u00e8res Nations. Si l\u2019AFPN pouvait pr\u00eater aux EVS, l\u00e0 o\u00f9 une garantie de pr\u00eat existe, l\u2019impact pourrait \u00eatre un acc\u00e8s \u00e9quitable au capital et \u00e0 la prosp\u00e9rit\u00e9 pour un plus grand nombre de Nations. Chaque Nation, grande ou petite, pourrait avoir acc\u00e8s au financement n\u00e9cessaire pour cro\u00eetre, participer \u00e0 des projets majeurs et devenir plus prosp\u00e8re sur le plan \u00e9conomique.<\/p>\n\t\t\t\t\t\t\t\t\t<a href=\"https:\/\/fnfa.ca\/wp-content\/uploads\/2026\/01\/SPVs_FR_082525.pdf\" class=\"btn\" style=\"background:#14A5A1;\" target=\"_blank\" >Brochure sur les entit\u00e9s \u00e0 vocation sp\u00e9ciale (EVS)<\/a>\n\t\t\t\t\t\t\t<\/div>\n\t\t\t<\/div>\n\n\n\n<br>\n\n\n<div class=\"row rowCenter cntBlock  colsplit\" id=\"colsplit-block_f3eae3e34e562e04db98592c683d2ce3\" style=\"z-index:0\">\n  <div class=\"col-12 col-lg-8 order-2 order-lg-1\">\n    <h2><\/h2>\n    <p>Regardez la vid\u00e9o, t\u00e9l\u00e9chargez la brochure et d\u00e9couvrez comment l\u2019AFPN travaille \u00e0 accro\u00eetre l\u2019acc\u00e8s \u00e0 un capital abordable pour un plus grand nombre de communaut\u00e9s et de groupes autochtones \u00e0 travers le Canada.<\/p>\n\t\t  <a href=\"https:\/\/fnfa.ca\/fr\/evs\/questions-frequentes-sur-les-entites-a-vocation-speciale-evsspecial-purpose-vehicle-spv-faq\/\" class=\"btn\" style=\"background:#14A5A1\">Lisez la FAQ sur les entit\u00e9s \u00e0 vocation sp\u00e9ciale (EVS)<\/a>\n\t  <\/div>\n  <div class=\"col-12 col-lg-4 order-1 order-lg-2\">\n\t  \t  <img decoding=\"async\" src=\"https:\/\/fnfa.ca\/wp-content\/uploads\/2025\/03\/Screenshot-2025-03-26-083744.png\" alt=\"\" \/>\n\t    <\/div>\n<\/div>\n\n\n<br><br>\n\n\n<div class=\"wp-block-image\">\n<figure class=\"aligncenter size-large\"><img decoding=\"async\" width=\"1024\" height=\"229\" src=\"https:\/\/fnfa.ca\/wp-content\/uploads\/2025\/08\/SPV-banner-1024x229.png\" alt=\"\" class=\"wp-image-12385\" srcset=\"https:\/\/fnfa.ca\/wp-content\/uploads\/2025\/08\/SPV-banner-1024x229.png 1024w, https:\/\/fnfa.ca\/wp-content\/uploads\/2025\/08\/SPV-banner-300x67.png 300w, https:\/\/fnfa.ca\/wp-content\/uploads\/2025\/08\/SPV-banner-768x172.png 768w, https:\/\/fnfa.ca\/wp-content\/uploads\/2025\/08\/SPV-banner.png 1508w\" sizes=\"(max-width: 1024px) 100vw, 1024px\" \/><\/figure>\n<\/div>\n\n\n<br><br><br><br><br><br>\n","protected":false},"excerpt":{"rendered":"<p>Les entit\u00e9 \u00e0 vocation sp\u00e9ciale (EVS)&nbsp;sont des soci\u00e9t\u00e9s en commandite ou des soci\u00e9t\u00e9s par actions cr\u00e9\u00e9es pour investir dans un projet. La pr\u00e9sentation mettra en lumi\u00e8re l\u2019importance strat\u00e9gique des EVS et leur potentiel \u00e0 favoriser l\u2019acc\u00e8s aux opportunit\u00e9s de financement pour les communaut\u00e9s autochtones Fichiers importants \u00e0 t\u00e9l\u00e9charger pour les responsables communautaires<\/p>\n","protected":false},"author":2,"featured_media":0,"parent":0,"menu_order":0,"comment_status":"closed","ping_status":"closed","template":"","meta":{"_acf_changed":false,"episode_type":"","audio_file":"","podmotor_file_id":"","podmotor_episode_id":"","cover_image":"","cover_image_id":"","duration":"","filesize":"","filesize_raw":"","date_recorded":"","explicit":"","block":"","itunes_episode_number":"","itunes_title":"","itunes_season_number":"","itunes_episode_type":"","footnotes":""},"class_list":["post-12429","page","type-page","status-publish","hentry"],"acf":{"tagline":"","banner_image":{"ID":13412,"id":13412,"title":"Enoch Cree Nation, AB - CIB Event","filename":"Enoch-Cree-Nation-AB-CIB-Event.webp","filesize":225658,"url":"https:\/\/fnfa.ca\/wp-content\/uploads\/2025\/12\/Enoch-Cree-Nation-AB-CIB-Event.webp","link":"https:\/\/fnfa.ca\/fr\/evs\/enoch-cree-nation-ab-cib-event-4\/","alt":"","author":"2","description":"","caption":"","name":"enoch-cree-nation-ab-cib-event-4","status":"inherit","uploaded_to":12429,"date":"2025-12-17 21:06:14","modified":"2026-01-26 23:06:14","menu_order":0,"mime_type":"image\/webp","type":"image","subtype":"webp","icon":"https:\/\/fnfa.ca\/wp-includes\/images\/media\/default.png","width":2048,"height":1536,"sizes":{"thumbnail":"https:\/\/fnfa.ca\/wp-content\/uploads\/2025\/12\/Enoch-Cree-Nation-AB-CIB-Event-150x150.webp","thumbnail-width":150,"thumbnail-height":150,"medium":"https:\/\/fnfa.ca\/wp-content\/uploads\/2025\/12\/Enoch-Cree-Nation-AB-CIB-Event-300x225.webp","medium-width":300,"medium-height":225,"medium_large":"https:\/\/fnfa.ca\/wp-content\/uploads\/2025\/12\/Enoch-Cree-Nation-AB-CIB-Event-768x576.webp","medium_large-width":640,"medium_large-height":480,"large":"https:\/\/fnfa.ca\/wp-content\/uploads\/2025\/12\/Enoch-Cree-Nation-AB-CIB-Event-1024x768.webp","large-width":640,"large-height":480,"1536x1536":"https:\/\/fnfa.ca\/wp-content\/uploads\/2025\/12\/Enoch-Cree-Nation-AB-CIB-Event-1536x1152.webp","1536x1536-width":1536,"1536x1536-height":1152,"2048x2048":"https:\/\/fnfa.ca\/wp-content\/uploads\/2025\/12\/Enoch-Cree-Nation-AB-CIB-Event.webp","2048x2048-width":2048,"2048x2048-height":1536}},"header_background_color":"","title_replace":""},"yoast_head":"<!-- This site is optimized with the Yoast SEO plugin v27.4 - https:\/\/yoast.com\/product\/yoast-seo-wordpress\/ -->\n<title>Entit\u00e9 \u00e0 vocation sp\u00e9ciale (EVS) - FNFA<\/title>\n<meta name=\"robots\" content=\"index, follow, max-snippet:-1, max-image-preview:large, max-video-preview:-1\" \/>\n<link rel=\"canonical\" href=\"https:\/\/fnfa.ca\/fr\/evs\/\" \/>\n<meta property=\"og:locale\" content=\"fr_FR\" \/>\n<meta property=\"og:type\" content=\"article\" \/>\n<meta property=\"og:title\" content=\"Entit\u00e9 \u00e0 vocation sp\u00e9ciale (EVS) - FNFA\" \/>\n<meta property=\"og:description\" content=\"Les entit\u00e9 \u00e0 vocation sp\u00e9ciale (EVS)&nbsp;sont des soci\u00e9t\u00e9s en commandite ou des soci\u00e9t\u00e9s par actions cr\u00e9\u00e9es pour investir dans un projet. La pr\u00e9sentation mettra en lumi\u00e8re l\u2019importance strat\u00e9gique des EVS et leur potentiel \u00e0 favoriser l\u2019acc\u00e8s aux opportunit\u00e9s de financement pour les communaut\u00e9s autochtones Fichiers importants \u00e0 t\u00e9l\u00e9charger pour les responsables communautaires\" \/>\n<meta property=\"og:url\" content=\"https:\/\/fnfa.ca\/fr\/evs\/\" \/>\n<meta property=\"og:site_name\" content=\"FNFA\" \/>\n<meta property=\"article:publisher\" content=\"https:\/\/www.facebook.com\/theFNFA\/\" \/>\n<meta property=\"article:modified_time\" content=\"2026-03-25T17:58:23+00:00\" \/>\n<meta property=\"og:image\" content=\"https:\/\/fnfa.ca\/wp-content\/uploads\/2026\/02\/fnfa-logo.webp\" \/>\n\t<meta property=\"og:image:width\" content=\"1500\" \/>\n\t<meta property=\"og:image:height\" content=\"1500\" \/>\n\t<meta property=\"og:image:type\" content=\"image\/webp\" \/>\n<meta name=\"twitter:card\" content=\"summary_large_image\" \/>\n<meta name=\"twitter:label1\" content=\"Dur\u00e9e de lecture estim\u00e9e\" \/>\n\t<meta name=\"twitter:data1\" content=\"1 minute\" \/>\n<script type=\"application\/ld+json\" class=\"yoast-schema-graph\">{\"@context\":\"https:\\\/\\\/schema.org\",\"@graph\":[{\"@type\":\"WebPage\",\"@id\":\"https:\\\/\\\/fnfa.ca\\\/fr\\\/evs\\\/\",\"url\":\"https:\\\/\\\/fnfa.ca\\\/fr\\\/evs\\\/\",\"name\":\"Entit\u00e9 \u00e0 vocation sp\u00e9ciale (EVS) - FNFA\",\"isPartOf\":{\"@id\":\"https:\\\/\\\/fnfa.ca\\\/fr\\\/#website\"},\"primaryImageOfPage\":{\"@id\":\"https:\\\/\\\/fnfa.ca\\\/fr\\\/evs\\\/#primaryimage\"},\"image\":{\"@id\":\"https:\\\/\\\/fnfa.ca\\\/fr\\\/evs\\\/#primaryimage\"},\"thumbnailUrl\":\"https:\\\/\\\/fnfa.ca\\\/wp-content\\\/uploads\\\/2025\\\/08\\\/SPV-banner-1024x229.png\",\"datePublished\":\"2025-08-14T21:14:51+00:00\",\"dateModified\":\"2026-03-25T17:58:23+00:00\",\"breadcrumb\":{\"@id\":\"https:\\\/\\\/fnfa.ca\\\/fr\\\/evs\\\/#breadcrumb\"},\"inLanguage\":\"fr-FR\",\"potentialAction\":[{\"@type\":\"ReadAction\",\"target\":[\"https:\\\/\\\/fnfa.ca\\\/fr\\\/evs\\\/\"]}]},{\"@type\":\"ImageObject\",\"inLanguage\":\"fr-FR\",\"@id\":\"https:\\\/\\\/fnfa.ca\\\/fr\\\/evs\\\/#primaryimage\",\"url\":\"https:\\\/\\\/fnfa.ca\\\/wp-content\\\/uploads\\\/2025\\\/08\\\/SPV-banner-1024x229.png\",\"contentUrl\":\"https:\\\/\\\/fnfa.ca\\\/wp-content\\\/uploads\\\/2025\\\/08\\\/SPV-banner-1024x229.png\"},{\"@type\":\"BreadcrumbList\",\"@id\":\"https:\\\/\\\/fnfa.ca\\\/fr\\\/evs\\\/#breadcrumb\",\"itemListElement\":[{\"@type\":\"ListItem\",\"position\":1,\"name\":\"Home\",\"item\":\"https:\\\/\\\/fnfa.ca\\\/fr\\\/\"},{\"@type\":\"ListItem\",\"position\":2,\"name\":\"Entit\u00e9 \u00e0 vocation sp\u00e9ciale (EVS)\"}]},{\"@type\":\"WebSite\",\"@id\":\"https:\\\/\\\/fnfa.ca\\\/fr\\\/#website\",\"url\":\"https:\\\/\\\/fnfa.ca\\\/fr\\\/\",\"name\":\"FNFA\",\"description\":\"First Nations Finance Authority\",\"publisher\":{\"@id\":\"https:\\\/\\\/fnfa.ca\\\/fr\\\/#organization\"},\"potentialAction\":[{\"@type\":\"SearchAction\",\"target\":{\"@type\":\"EntryPoint\",\"urlTemplate\":\"https:\\\/\\\/fnfa.ca\\\/fr\\\/?s={search_term_string}\"},\"query-input\":{\"@type\":\"PropertyValueSpecification\",\"valueRequired\":true,\"valueName\":\"search_term_string\"}}],\"inLanguage\":\"fr-FR\"},{\"@type\":\"Organization\",\"@id\":\"https:\\\/\\\/fnfa.ca\\\/fr\\\/#organization\",\"name\":\"First Nations Finance Authority\",\"alternateName\":\"FNFA\",\"url\":\"https:\\\/\\\/fnfa.ca\\\/fr\\\/\",\"logo\":{\"@type\":\"ImageObject\",\"inLanguage\":\"fr-FR\",\"@id\":\"https:\\\/\\\/fnfa.ca\\\/fr\\\/#\\\/schema\\\/logo\\\/image\\\/\",\"url\":\"https:\\\/\\\/fnfa.ca\\\/wp-content\\\/uploads\\\/2026\\\/02\\\/fnfa-logo.webp\",\"contentUrl\":\"https:\\\/\\\/fnfa.ca\\\/wp-content\\\/uploads\\\/2026\\\/02\\\/fnfa-logo.webp\",\"width\":1500,\"height\":1500,\"caption\":\"First Nations Finance Authority\"},\"image\":{\"@id\":\"https:\\\/\\\/fnfa.ca\\\/fr\\\/#\\\/schema\\\/logo\\\/image\\\/\"},\"sameAs\":[\"https:\\\/\\\/www.facebook.com\\\/theFNFA\\\/\"]}]}<\/script>\n<!-- \/ Yoast SEO plugin. -->","yoast_head_json":{"title":"Entit\u00e9 \u00e0 vocation sp\u00e9ciale (EVS) - FNFA","robots":{"index":"index","follow":"follow","max-snippet":"max-snippet:-1","max-image-preview":"max-image-preview:large","max-video-preview":"max-video-preview:-1"},"canonical":"https:\/\/fnfa.ca\/fr\/evs\/","og_locale":"fr_FR","og_type":"article","og_title":"Entit\u00e9 \u00e0 vocation sp\u00e9ciale (EVS) - FNFA","og_description":"Les entit\u00e9 \u00e0 vocation sp\u00e9ciale (EVS)&nbsp;sont des soci\u00e9t\u00e9s en commandite ou des soci\u00e9t\u00e9s par actions cr\u00e9\u00e9es pour investir dans un projet. La pr\u00e9sentation mettra en lumi\u00e8re l\u2019importance strat\u00e9gique des EVS et leur potentiel \u00e0 favoriser l\u2019acc\u00e8s aux opportunit\u00e9s de financement pour les communaut\u00e9s autochtones Fichiers importants \u00e0 t\u00e9l\u00e9charger pour les responsables communautaires","og_url":"https:\/\/fnfa.ca\/fr\/evs\/","og_site_name":"FNFA","article_publisher":"https:\/\/www.facebook.com\/theFNFA\/","article_modified_time":"2026-03-25T17:58:23+00:00","og_image":[{"url":"https:\/\/fnfa.ca\/wp-content\/uploads\/2026\/02\/fnfa-logo.webp","type":"image\/webp","width":1500,"height":1500}],"twitter_card":"summary_large_image","twitter_misc":{"Dur\u00e9e de lecture estim\u00e9e":"1 minute"},"schema":{"@context":"https:\/\/schema.org","@graph":[{"@type":"WebPage","@id":"https:\/\/fnfa.ca\/fr\/evs\/","url":"https:\/\/fnfa.ca\/fr\/evs\/","name":"Entit\u00e9 \u00e0 vocation sp\u00e9ciale (EVS) - FNFA","isPartOf":{"@id":"https:\/\/fnfa.ca\/fr\/#website"},"primaryImageOfPage":{"@id":"https:\/\/fnfa.ca\/fr\/evs\/#primaryimage"},"image":{"@id":"https:\/\/fnfa.ca\/fr\/evs\/#primaryimage"},"thumbnailUrl":"https:\/\/fnfa.ca\/wp-content\/uploads\/2025\/08\/SPV-banner-1024x229.png","datePublished":"2025-08-14T21:14:51+00:00","dateModified":"2026-03-25T17:58:23+00:00","breadcrumb":{"@id":"https:\/\/fnfa.ca\/fr\/evs\/#breadcrumb"},"inLanguage":"fr-FR","potentialAction":[{"@type":"ReadAction","target":["https:\/\/fnfa.ca\/fr\/evs\/"]}]},{"@type":"ImageObject","inLanguage":"fr-FR","@id":"https:\/\/fnfa.ca\/fr\/evs\/#primaryimage","url":"https:\/\/fnfa.ca\/wp-content\/uploads\/2025\/08\/SPV-banner-1024x229.png","contentUrl":"https:\/\/fnfa.ca\/wp-content\/uploads\/2025\/08\/SPV-banner-1024x229.png"},{"@type":"BreadcrumbList","@id":"https:\/\/fnfa.ca\/fr\/evs\/#breadcrumb","itemListElement":[{"@type":"ListItem","position":1,"name":"Home","item":"https:\/\/fnfa.ca\/fr\/"},{"@type":"ListItem","position":2,"name":"Entit\u00e9 \u00e0 vocation sp\u00e9ciale (EVS)"}]},{"@type":"WebSite","@id":"https:\/\/fnfa.ca\/fr\/#website","url":"https:\/\/fnfa.ca\/fr\/","name":"FNFA","description":"First Nations Finance Authority","publisher":{"@id":"https:\/\/fnfa.ca\/fr\/#organization"},"potentialAction":[{"@type":"SearchAction","target":{"@type":"EntryPoint","urlTemplate":"https:\/\/fnfa.ca\/fr\/?s={search_term_string}"},"query-input":{"@type":"PropertyValueSpecification","valueRequired":true,"valueName":"search_term_string"}}],"inLanguage":"fr-FR"},{"@type":"Organization","@id":"https:\/\/fnfa.ca\/fr\/#organization","name":"First Nations Finance Authority","alternateName":"FNFA","url":"https:\/\/fnfa.ca\/fr\/","logo":{"@type":"ImageObject","inLanguage":"fr-FR","@id":"https:\/\/fnfa.ca\/fr\/#\/schema\/logo\/image\/","url":"https:\/\/fnfa.ca\/wp-content\/uploads\/2026\/02\/fnfa-logo.webp","contentUrl":"https:\/\/fnfa.ca\/wp-content\/uploads\/2026\/02\/fnfa-logo.webp","width":1500,"height":1500,"caption":"First Nations Finance Authority"},"image":{"@id":"https:\/\/fnfa.ca\/fr\/#\/schema\/logo\/image\/"},"sameAs":["https:\/\/www.facebook.com\/theFNFA\/"]}]}},"_links":{"self":[{"href":"https:\/\/fnfa.ca\/fr\/wp-json\/wp\/v2\/pages\/12429","targetHints":{"allow":["GET"]}}],"collection":[{"href":"https:\/\/fnfa.ca\/fr\/wp-json\/wp\/v2\/pages"}],"about":[{"href":"https:\/\/fnfa.ca\/fr\/wp-json\/wp\/v2\/types\/page"}],"author":[{"embeddable":true,"href":"https:\/\/fnfa.ca\/fr\/wp-json\/wp\/v2\/users\/2"}],"replies":[{"embeddable":true,"href":"https:\/\/fnfa.ca\/fr\/wp-json\/wp\/v2\/comments?post=12429"}],"version-history":[{"count":12,"href":"https:\/\/fnfa.ca\/fr\/wp-json\/wp\/v2\/pages\/12429\/revisions"}],"predecessor-version":[{"id":14362,"href":"https:\/\/fnfa.ca\/fr\/wp-json\/wp\/v2\/pages\/12429\/revisions\/14362"}],"wp:attachment":[{"href":"https:\/\/fnfa.ca\/fr\/wp-json\/wp\/v2\/media?parent=12429"}],"curies":[{"name":"wp","href":"https:\/\/api.w.org\/{rel}","templated":true}]}}