{"id":13357,"date":"2025-12-11T14:42:41","date_gmt":"2025-12-11T22:42:41","guid":{"rendered":"https:\/\/fnfa.ca\/message-from-president-ceo\/"},"modified":"2025-12-18T11:42:44","modified_gmt":"2025-12-18T19:42:44","slug":"message-from-president-ceo","status":"publish","type":"page","link":"https:\/\/fnfa.ca\/fr\/message-from-president-ceo\/","title":{"rendered":"Message du pr\u00e9sident et du directeur g\u00e9n\u00e9ral"},"content":{"rendered":"<div class=\"row cntBlock col2block\" id=\"col2block-block_54606b99c511127395f2723b0de97e32\">\n\t\t\t\t\t\t\t\t<div class=\"col-12 col-lg-6\">\n\t\t\t\t\t\t\t\t<div class=\"colImg\"><img decoding=\"async\" src=\"https:\/\/fnfa.ca\/wp-content\/uploads\/2023\/12\/Ernie-FC-final.jpg\" alt=\"\" \/><\/div>\n\t\t\t\t\t\t\t\t\t\t\t\t<h3 style=\"text-align: center\"><em>Ernie Daniels<\/em><\/h3>\n<h3 style=\"text-align: center\"><em>Pr\u00e9sident-directeur g\u00e9n\u00e9ral<\/em><\/h3>\n\t\t\t\t\t\t\t<\/div>\n\t\t\t\t\t\t\t\t\t\t\t<div class=\"col-12 col-lg-6\">\n\t\t\t\t\t\t\t\t\t\t\t\t<p>Alors que l\u2019Autorit\u00e9 financi\u00e8re des Premi\u00e8res Nations (AFPN) fait le bilan d\u2019une ann\u00e9e historique, nous devons reconna\u00eetre le leadership visionnaire de nos communaut\u00e9s membres qui s\u2019efforcent d\u2019am\u00e9liorer la qualit\u00e9 de vie au sein de leurs nations.<\/p>\n<p>Nous sommes fiers d\u2019\u00eatre la seule organisation au monde \u00e0 mobiliser des capitaux priv\u00e9s pour financer des projets des Premi\u00e8res Nations au moyen d\u2019un mod\u00e8le d\u2019emprunt commun. C\u2019est une v\u00e9ritable r\u00e9conciliation \u00e9conomique en action.<\/p>\n\t\t\t\t\t\t\t<\/div>\n\t\t\t<\/div>\n\n\n\n<p>En cette p\u00e9riode d\u2019incertitude \u00e9conomique et de changements politiques importants, le besoin de solutions innovantes et d\u2019actions concert\u00e9es n\u2019a jamais \u00e9t\u00e9 aussi urgent. L\u2019une des priorit\u00e9s essentielles doit \u00eatre de mettre \u00e0 nouveau l\u2019accent sur le d\u00e9veloppement \u00e9conomique autochtone. En donnant aux Premi\u00e8res Nations les moyens de b\u00e2tir des communaut\u00e9s fortes et autonomes, on renforce non seulement les \u00e9conomies autochtones, mais on contribue aussi \u00e0 la prosp\u00e9rit\u00e9 de l\u2019\u00e9conomie canadienne dans son ensemble. L\u2019opportunit\u00e9 et la responsabilit\u00e9 d\u2019investir dans une croissance tir\u00e9e par les peuples autochtones est \u00e9vidente. C\u2019est la voie vers un avenir plus \u00e9quitable et plus r\u00e9silient pour les g\u00e9n\u00e9rations \u00e0 venir.<\/p>\n\n\n<div class=\"row cntBlock col2block\" id=\"col2block-block_151c4f58977f8fa18478fd1a5e75f86c\">\n\t\t\t\t\t\t\t\t<div class=\"col-12 col-lg-6\">\n\t\t\t\t\t\t\t\t\t\t\t\t<p>L\u2019AFPN reste fid\u00e8le \u00e0 sa mission, qui est d\u2019aider les Premi\u00e8res Nations du Canada \u00e0 b\u00e2tir des nations fortes et prosp\u00e8res en leur donnant acc\u00e8s \u00e0 des capitaux abordables. Au 31 mars 2025, le portefeuille de pr\u00eats de l\u2019AFPN d\u00e9passait les 3,3 milliards de dollars en financement pour ses membres, ce qui a permis de cr\u00e9er environ 33 000 possibilit\u00e9s d\u2019emploi.<\/p>\n\t\t\t\t\t\t\t<\/div>\n\t\t\t\t\t\t\t\t\t\t\t<div class=\"col-12 col-lg-6\">\n\t\t\t\t\t\t\t\t\t\t\t\t<p><img decoding=\"async\" class=\"aligncenter wp-image-11202 size-full\" src=\"https:\/\/fnfa.ca\/wp-content\/uploads\/2024\/11\/Page-30-Events-Community-engagement-achievements-Ernie-at-NACCA-3.jpg\" alt=\"\" width=\"1000\" height=\"667\" srcset=\"https:\/\/fnfa.ca\/wp-content\/uploads\/2024\/11\/Page-30-Events-Community-engagement-achievements-Ernie-at-NACCA-3.jpg 1000w, https:\/\/fnfa.ca\/wp-content\/uploads\/2024\/11\/Page-30-Events-Community-engagement-achievements-Ernie-at-NACCA-3-300x200.jpg 300w, https:\/\/fnfa.ca\/wp-content\/uploads\/2024\/11\/Page-30-Events-Community-engagement-achievements-Ernie-at-NACCA-3-768x512.jpg 768w\" sizes=\"(max-width: 1000px) 100vw, 1000px\" \/><\/p>\n\t\t\t\t\t\t\t<\/div>\n\t\t\t<\/div>\n\n\n\n<p>Il ne s\u2019agit pas seulement de prosp\u00e9rit\u00e9 pour les Premi\u00e8res Nations. Avec une production \u00e9conomique nationale d\u2019environ 7,2 milliards de dollars \u00e0 ce jour, le succ\u00e8s des communaut\u00e9s membres de l\u2019AFPN est synonyme de prosp\u00e9rit\u00e9 pour tous les Canadiens. <\/p>\n\n\n\n<p>L\u2019exercice 2024-25 a \u00e9t\u00e9 une nouvelle ann\u00e9e de c\u00e9l\u00e9bration pour les membres de l\u2019AFPN, son conseil d\u2019administration et son personnel : S&amp;P Global Ratings a relev\u00e9 les cotes de cr\u00e9dit \u00e9metteur \u00e0 long terme et de niveau d\u2019\u00e9mission de l\u2019AFPN, les faisant passer de A+ \u00e0 AA- . Cette importante r\u00e9alisation souligne la force et l\u2019importance croissantes de l\u2019AFPN en tant que principal pr\u00eateur du secteur public aux communaut\u00e9s des Premi\u00e8res Nations \u00e0 travers le Canada.<\/p>\n\n\n<div class=\"row cntBlock col2block\" id=\"col2block-block_e5e7877ef710a6d1099494143defa460\">\n\t\t\t\t\t\t\t\t<div class=\"col-12 col-lg-6\">\n\t\t\t\t\t\t\t\t<div class=\"colImg\"><img decoding=\"async\" src=\"https:\/\/fnfa.ca\/wp-content\/uploads\/2025\/12\/FNFA-LOGO-PACKAGE-2024-LANDSCAPE-STACKED-FNFA-TURQUOISE-RGB-900PX-W-72PPI.png\" alt=\"\" \/><\/div>\n\t\t\t\t\t\t\t\t\t\t\t\t\t\t\t\t\t\t\t<\/div>\n\t\t\t\t\t\t\t\t\t\t\t<div class=\"col-12 col-lg-6\">\n\t\t\t\t\t\t\t\t\t\t\t\t<p>En raison de la demande croissante de solutions de financement pour les populations autochtones, nous avons augment\u00e9 notre programme de billets de tr\u00e9sorerie de 600 millions \u00e0 900 millions de dollars, car nos membres poursuivent de plus en plus de projets au profit de leurs communaut\u00e9s.<\/p>\n\t\t\t\t\t\t\t<\/div>\n\t\t\t<\/div>\n","protected":false},"excerpt":{"rendered":"<p>En cette p\u00e9riode d\u2019incertitude \u00e9conomique et de changements politiques importants, le besoin de solutions innovantes et d\u2019actions concert\u00e9es n\u2019a jamais \u00e9t\u00e9 aussi urgent. L\u2019une des priorit\u00e9s essentielles doit \u00eatre de mettre \u00e0 nouveau l\u2019accent sur le d\u00e9veloppement \u00e9conomique autochtone. En donnant aux Premi\u00e8res Nations les moyens de b\u00e2tir des communaut\u00e9s fortes et autonomes, on renforce [&hellip;]<\/p>\n","protected":false},"author":2,"featured_media":0,"parent":0,"menu_order":0,"comment_status":"closed","ping_status":"closed","template":"","meta":{"_acf_changed":false,"episode_type":"","audio_file":"","podmotor_file_id":"","podmotor_episode_id":"","cover_image":"","cover_image_id":"","duration":"","filesize":"","filesize_raw":"","date_recorded":"","explicit":"","block":"","itunes_episode_number":"","itunes_title":"","itunes_season_number":"","itunes_episode_type":"","footnotes":""},"class_list":["post-13357","page","type-page","status-publish","hentry"],"acf":{"tagline":"","header_background_color":"","title_replace":"","banner_image":{"ID":13421,"id":13421,"title":"COMMERCIAL PAPER","filename":"COMMERCIAL-PAPER.webp","filesize":196268,"url":"https:\/\/fnfa.ca\/wp-content\/uploads\/2025\/12\/COMMERCIAL-PAPER.webp","link":"https:\/\/fnfa.ca\/fr\/message-from-president-ceo\/commercial-paper-2\/","alt":"","author":"2","description":"","caption":"","name":"commercial-paper-2","status":"inherit","uploaded_to":13357,"date":"2025-12-17 21:06:42","modified":"2025-12-18 19:15:05","menu_order":0,"mime_type":"image\/webp","type":"image","subtype":"webp","icon":"https:\/\/fnfa.ca\/wp-includes\/images\/media\/default.png","width":2200,"height":1499,"sizes":{"thumbnail":"https:\/\/fnfa.ca\/wp-content\/uploads\/2025\/12\/COMMERCIAL-PAPER-150x150.webp","thumbnail-width":150,"thumbnail-height":150,"medium":"https:\/\/fnfa.ca\/wp-content\/uploads\/2025\/12\/COMMERCIAL-PAPER-300x204.webp","medium-width":300,"medium-height":204,"medium_large":"https:\/\/fnfa.ca\/wp-content\/uploads\/2025\/12\/COMMERCIAL-PAPER-768x523.webp","medium_large-width":640,"medium_large-height":436,"large":"https:\/\/fnfa.ca\/wp-content\/uploads\/2025\/12\/COMMERCIAL-PAPER-1024x698.webp","large-width":640,"large-height":436,"1536x1536":"https:\/\/fnfa.ca\/wp-content\/uploads\/2025\/12\/COMMERCIAL-PAPER-1536x1047.webp","1536x1536-width":1536,"1536x1536-height":1047,"2048x2048":"https:\/\/fnfa.ca\/wp-content\/uploads\/2025\/12\/COMMERCIAL-PAPER-2048x1395.webp","2048x2048-width":2048,"2048x2048-height":1395}}},"yoast_head":"<!-- This site is optimized with the Yoast SEO plugin v27.4 - https:\/\/yoast.com\/product\/yoast-seo-wordpress\/ -->\n<title>Message du pr\u00e9sident et du directeur g\u00e9n\u00e9ral - FNFA<\/title>\n<meta name=\"robots\" content=\"index, follow, max-snippet:-1, max-image-preview:large, max-video-preview:-1\" \/>\n<link rel=\"canonical\" href=\"https:\/\/fnfa.ca\/fr\/message-from-president-ceo\/\" \/>\n<meta property=\"og:locale\" content=\"fr_FR\" \/>\n<meta property=\"og:type\" content=\"article\" \/>\n<meta property=\"og:title\" content=\"Message du pr\u00e9sident et du directeur g\u00e9n\u00e9ral - FNFA\" \/>\n<meta property=\"og:description\" content=\"En cette p\u00e9riode d\u2019incertitude \u00e9conomique et de changements politiques importants, le besoin de solutions innovantes et d\u2019actions concert\u00e9es n\u2019a jamais \u00e9t\u00e9 aussi urgent. L\u2019une des priorit\u00e9s essentielles doit \u00eatre de mettre \u00e0 nouveau l\u2019accent sur le d\u00e9veloppement \u00e9conomique autochtone. En donnant aux Premi\u00e8res Nations les moyens de b\u00e2tir des communaut\u00e9s fortes et autonomes, on renforce [&hellip;]\" \/>\n<meta property=\"og:url\" content=\"https:\/\/fnfa.ca\/fr\/message-from-president-ceo\/\" \/>\n<meta property=\"og:site_name\" content=\"FNFA\" \/>\n<meta property=\"article:publisher\" content=\"https:\/\/www.facebook.com\/theFNFA\/\" \/>\n<meta property=\"article:modified_time\" content=\"2025-12-18T19:42:44+00:00\" \/>\n<meta property=\"og:image\" content=\"https:\/\/fnfa.ca\/wp-content\/uploads\/2026\/02\/fnfa-logo.webp\" \/>\n\t<meta property=\"og:image:width\" content=\"1500\" \/>\n\t<meta property=\"og:image:height\" content=\"1500\" \/>\n\t<meta property=\"og:image:type\" content=\"image\/webp\" \/>\n<meta name=\"twitter:card\" content=\"summary_large_image\" \/>\n<meta name=\"twitter:label1\" content=\"Dur\u00e9e de lecture estim\u00e9e\" \/>\n\t<meta name=\"twitter:data1\" content=\"1 minute\" \/>\n<script type=\"application\/ld+json\" class=\"yoast-schema-graph\">{\"@context\":\"https:\\\/\\\/schema.org\",\"@graph\":[{\"@type\":\"WebPage\",\"@id\":\"https:\\\/\\\/fnfa.ca\\\/fr\\\/message-from-president-ceo\\\/\",\"url\":\"https:\\\/\\\/fnfa.ca\\\/fr\\\/message-from-president-ceo\\\/\",\"name\":\"Message du pr\u00e9sident et du directeur g\u00e9n\u00e9ral - FNFA\",\"isPartOf\":{\"@id\":\"https:\\\/\\\/fnfa.ca\\\/fr\\\/#website\"},\"datePublished\":\"2025-12-11T22:42:41+00:00\",\"dateModified\":\"2025-12-18T19:42:44+00:00\",\"breadcrumb\":{\"@id\":\"https:\\\/\\\/fnfa.ca\\\/fr\\\/message-from-president-ceo\\\/#breadcrumb\"},\"inLanguage\":\"fr-FR\",\"potentialAction\":[{\"@type\":\"ReadAction\",\"target\":[\"https:\\\/\\\/fnfa.ca\\\/fr\\\/message-from-president-ceo\\\/\"]}]},{\"@type\":\"BreadcrumbList\",\"@id\":\"https:\\\/\\\/fnfa.ca\\\/fr\\\/message-from-president-ceo\\\/#breadcrumb\",\"itemListElement\":[{\"@type\":\"ListItem\",\"position\":1,\"name\":\"Home\",\"item\":\"https:\\\/\\\/fnfa.ca\\\/fr\\\/\"},{\"@type\":\"ListItem\",\"position\":2,\"name\":\"Message du pr\u00e9sident et du directeur g\u00e9n\u00e9ral\"}]},{\"@type\":\"WebSite\",\"@id\":\"https:\\\/\\\/fnfa.ca\\\/fr\\\/#website\",\"url\":\"https:\\\/\\\/fnfa.ca\\\/fr\\\/\",\"name\":\"FNFA\",\"description\":\"First Nations Finance Authority\",\"publisher\":{\"@id\":\"https:\\\/\\\/fnfa.ca\\\/fr\\\/#organization\"},\"potentialAction\":[{\"@type\":\"SearchAction\",\"target\":{\"@type\":\"EntryPoint\",\"urlTemplate\":\"https:\\\/\\\/fnfa.ca\\\/fr\\\/?s={search_term_string}\"},\"query-input\":{\"@type\":\"PropertyValueSpecification\",\"valueRequired\":true,\"valueName\":\"search_term_string\"}}],\"inLanguage\":\"fr-FR\"},{\"@type\":\"Organization\",\"@id\":\"https:\\\/\\\/fnfa.ca\\\/fr\\\/#organization\",\"name\":\"First Nations Finance Authority\",\"alternateName\":\"FNFA\",\"url\":\"https:\\\/\\\/fnfa.ca\\\/fr\\\/\",\"logo\":{\"@type\":\"ImageObject\",\"inLanguage\":\"fr-FR\",\"@id\":\"https:\\\/\\\/fnfa.ca\\\/fr\\\/#\\\/schema\\\/logo\\\/image\\\/\",\"url\":\"https:\\\/\\\/fnfa.ca\\\/wp-content\\\/uploads\\\/2026\\\/02\\\/fnfa-logo.webp\",\"contentUrl\":\"https:\\\/\\\/fnfa.ca\\\/wp-content\\\/uploads\\\/2026\\\/02\\\/fnfa-logo.webp\",\"width\":1500,\"height\":1500,\"caption\":\"First Nations Finance Authority\"},\"image\":{\"@id\":\"https:\\\/\\\/fnfa.ca\\\/fr\\\/#\\\/schema\\\/logo\\\/image\\\/\"},\"sameAs\":[\"https:\\\/\\\/www.facebook.com\\\/theFNFA\\\/\"]}]}<\/script>\n<!-- \/ Yoast SEO plugin. -->","yoast_head_json":{"title":"Message du pr\u00e9sident et du directeur g\u00e9n\u00e9ral - FNFA","robots":{"index":"index","follow":"follow","max-snippet":"max-snippet:-1","max-image-preview":"max-image-preview:large","max-video-preview":"max-video-preview:-1"},"canonical":"https:\/\/fnfa.ca\/fr\/message-from-president-ceo\/","og_locale":"fr_FR","og_type":"article","og_title":"Message du pr\u00e9sident et du directeur g\u00e9n\u00e9ral - FNFA","og_description":"En cette p\u00e9riode d\u2019incertitude \u00e9conomique et de changements politiques importants, le besoin de solutions innovantes et d\u2019actions concert\u00e9es n\u2019a jamais \u00e9t\u00e9 aussi urgent. L\u2019une des priorit\u00e9s essentielles doit \u00eatre de mettre \u00e0 nouveau l\u2019accent sur le d\u00e9veloppement \u00e9conomique autochtone. En donnant aux Premi\u00e8res Nations les moyens de b\u00e2tir des communaut\u00e9s fortes et autonomes, on renforce [&hellip;]","og_url":"https:\/\/fnfa.ca\/fr\/message-from-president-ceo\/","og_site_name":"FNFA","article_publisher":"https:\/\/www.facebook.com\/theFNFA\/","article_modified_time":"2025-12-18T19:42:44+00:00","og_image":[{"width":1500,"height":1500,"url":"https:\/\/fnfa.ca\/wp-content\/uploads\/2026\/02\/fnfa-logo.webp","type":"image\/webp"}],"twitter_card":"summary_large_image","twitter_misc":{"Dur\u00e9e de lecture estim\u00e9e":"1 minute"},"schema":{"@context":"https:\/\/schema.org","@graph":[{"@type":"WebPage","@id":"https:\/\/fnfa.ca\/fr\/message-from-president-ceo\/","url":"https:\/\/fnfa.ca\/fr\/message-from-president-ceo\/","name":"Message du pr\u00e9sident et du directeur g\u00e9n\u00e9ral - FNFA","isPartOf":{"@id":"https:\/\/fnfa.ca\/fr\/#website"},"datePublished":"2025-12-11T22:42:41+00:00","dateModified":"2025-12-18T19:42:44+00:00","breadcrumb":{"@id":"https:\/\/fnfa.ca\/fr\/message-from-president-ceo\/#breadcrumb"},"inLanguage":"fr-FR","potentialAction":[{"@type":"ReadAction","target":["https:\/\/fnfa.ca\/fr\/message-from-president-ceo\/"]}]},{"@type":"BreadcrumbList","@id":"https:\/\/fnfa.ca\/fr\/message-from-president-ceo\/#breadcrumb","itemListElement":[{"@type":"ListItem","position":1,"name":"Home","item":"https:\/\/fnfa.ca\/fr\/"},{"@type":"ListItem","position":2,"name":"Message du pr\u00e9sident et du directeur g\u00e9n\u00e9ral"}]},{"@type":"WebSite","@id":"https:\/\/fnfa.ca\/fr\/#website","url":"https:\/\/fnfa.ca\/fr\/","name":"FNFA","description":"First Nations Finance Authority","publisher":{"@id":"https:\/\/fnfa.ca\/fr\/#organization"},"potentialAction":[{"@type":"SearchAction","target":{"@type":"EntryPoint","urlTemplate":"https:\/\/fnfa.ca\/fr\/?s={search_term_string}"},"query-input":{"@type":"PropertyValueSpecification","valueRequired":true,"valueName":"search_term_string"}}],"inLanguage":"fr-FR"},{"@type":"Organization","@id":"https:\/\/fnfa.ca\/fr\/#organization","name":"First Nations Finance Authority","alternateName":"FNFA","url":"https:\/\/fnfa.ca\/fr\/","logo":{"@type":"ImageObject","inLanguage":"fr-FR","@id":"https:\/\/fnfa.ca\/fr\/#\/schema\/logo\/image\/","url":"https:\/\/fnfa.ca\/wp-content\/uploads\/2026\/02\/fnfa-logo.webp","contentUrl":"https:\/\/fnfa.ca\/wp-content\/uploads\/2026\/02\/fnfa-logo.webp","width":1500,"height":1500,"caption":"First Nations Finance Authority"},"image":{"@id":"https:\/\/fnfa.ca\/fr\/#\/schema\/logo\/image\/"},"sameAs":["https:\/\/www.facebook.com\/theFNFA\/"]}]}},"_links":{"self":[{"href":"https:\/\/fnfa.ca\/fr\/wp-json\/wp\/v2\/pages\/13357","targetHints":{"allow":["GET"]}}],"collection":[{"href":"https:\/\/fnfa.ca\/fr\/wp-json\/wp\/v2\/pages"}],"about":[{"href":"https:\/\/fnfa.ca\/fr\/wp-json\/wp\/v2\/types\/page"}],"author":[{"embeddable":true,"href":"https:\/\/fnfa.ca\/fr\/wp-json\/wp\/v2\/users\/2"}],"replies":[{"embeddable":true,"href":"https:\/\/fnfa.ca\/fr\/wp-json\/wp\/v2\/comments?post=13357"}],"version-history":[{"count":5,"href":"https:\/\/fnfa.ca\/fr\/wp-json\/wp\/v2\/pages\/13357\/revisions"}],"predecessor-version":[{"id":13501,"href":"https:\/\/fnfa.ca\/fr\/wp-json\/wp\/v2\/pages\/13357\/revisions\/13501"}],"wp:attachment":[{"href":"https:\/\/fnfa.ca\/fr\/wp-json\/wp\/v2\/media?parent=13357"}],"curies":[{"name":"wp","href":"https:\/\/api.w.org\/{rel}","templated":true}]}}