{"id":13996,"date":"2025-12-11T15:48:33","date_gmt":"2025-12-11T23:48:33","guid":{"rendered":"https:\/\/fnfa.ca\/our-culture-our-values\/"},"modified":"2026-02-05T13:44:33","modified_gmt":"2026-02-05T21:44:33","slug":"notre-culture-nos-valeurs","status":"publish","type":"page","link":"https:\/\/fnfa.ca\/fr\/notre-culture-nos-valeurs\/","title":{"rendered":"Notre culture, nos valeurs"},"content":{"rendered":"\n<h3 style=\"text-align: center;margin-bottom: 20px;\"><em>Par les Premi\u00e8res Nations, <span style=\"font-weight: bold; color: #14a5a1;\"><br>pour les Premi\u00e8res Nations<\/span><\/em><\/h3>\n\n\n\n<figure class=\"wp-block-gallery aligncenter has-nested-images columns-default is-cropped wp-block-gallery-1 is-layout-flex wp-block-gallery-is-layout-flex\">\n<figure class=\"wp-block-image size-large is-style-default\"><img decoding=\"async\" width=\"1024\" height=\"682\" data-id=\"13638\" src=\"https:\/\/fnfa.ca\/wp-content\/uploads\/2026\/01\/DSC01346-1024x682.webp\" alt=\"\" class=\"wp-image-13638\" srcset=\"https:\/\/fnfa.ca\/wp-content\/uploads\/2026\/01\/DSC01346-1024x682.webp 1024w, https:\/\/fnfa.ca\/wp-content\/uploads\/2026\/01\/DSC01346-300x200.webp 300w, https:\/\/fnfa.ca\/wp-content\/uploads\/2026\/01\/DSC01346-768x512.webp 768w, https:\/\/fnfa.ca\/wp-content\/uploads\/2026\/01\/DSC01346-1536x1024.webp 1536w, https:\/\/fnfa.ca\/wp-content\/uploads\/2026\/01\/DSC01346-2048x1365.webp 2048w\" sizes=\"(max-width: 1024px) 100vw, 1024px\" \/><\/figure>\n\n\n\n<figure class=\"wp-block-image size-large\"><img decoding=\"async\" width=\"1024\" height=\"682\" data-id=\"13637\" src=\"https:\/\/fnfa.ca\/wp-content\/uploads\/2026\/01\/Long-Plain-MB-Grand-Opening-2-1024x682.webp\" alt=\"\" class=\"wp-image-13637\" srcset=\"https:\/\/fnfa.ca\/wp-content\/uploads\/2026\/01\/Long-Plain-MB-Grand-Opening-2-1024x682.webp 1024w, https:\/\/fnfa.ca\/wp-content\/uploads\/2026\/01\/Long-Plain-MB-Grand-Opening-2-300x200.webp 300w, https:\/\/fnfa.ca\/wp-content\/uploads\/2026\/01\/Long-Plain-MB-Grand-Opening-2-768x512.webp 768w, https:\/\/fnfa.ca\/wp-content\/uploads\/2026\/01\/Long-Plain-MB-Grand-Opening-2-1536x1024.webp 1536w, https:\/\/fnfa.ca\/wp-content\/uploads\/2026\/01\/Long-Plain-MB-Grand-Opening-2-2048x1365.webp 2048w\" sizes=\"(max-width: 1024px) 100vw, 1024px\" \/><\/figure>\n\n\n\n<figure class=\"wp-block-image size-large\"><img decoding=\"async\" width=\"1024\" height=\"682\" data-id=\"13639\" src=\"https:\/\/fnfa.ca\/wp-content\/uploads\/2026\/01\/DSC01459-1024x682.webp\" alt=\"\" class=\"wp-image-13639\" srcset=\"https:\/\/fnfa.ca\/wp-content\/uploads\/2026\/01\/DSC01459-1024x682.webp 1024w, https:\/\/fnfa.ca\/wp-content\/uploads\/2026\/01\/DSC01459-300x200.webp 300w, https:\/\/fnfa.ca\/wp-content\/uploads\/2026\/01\/DSC01459-768x512.webp 768w, https:\/\/fnfa.ca\/wp-content\/uploads\/2026\/01\/DSC01459-1536x1024.webp 1536w, https:\/\/fnfa.ca\/wp-content\/uploads\/2026\/01\/DSC01459-2048x1365.webp 2048w\" sizes=\"(max-width: 1024px) 100vw, 1024px\" \/><\/figure>\n<\/figure>\n\n\n\n<p>\u00c0 l\u2019AFPN, nous ne nous contentons pas d&rsquo;\u00e9laborer des solutions financi\u00e8res, nous fa\u00e7onnons l&rsquo;avenir. Chaque poste contribue \u00e0 un objectif plus vaste : donner aux communaut\u00e9s des Premi\u00e8res Nations les moyens de construire leur propre avenir selon leurs propres conditions. Si vous recherchez une carri\u00e8re o\u00f9 vos id\u00e9es comptent et o\u00f9 votre travail apporte un r\u00e9el changement, vous \u00eates au bon endroit. Nous sommes guid\u00e9s par une culture organisationnelle fond\u00e9e sur nos valeurs et nos principes directeurs.<\/p>\n\n\n\n<ul class=\"wp-block-list\">\n<li>Notre conseil d&rsquo;administration et notre \u00e9quipe de direction nous fournissent la gouvernance et l&rsquo;agilit\u00e9 qui nous permettent d&rsquo;aller de l&rsquo;avant avec confiance et souplesse tout en r\u00e9pondant aux besoins en constante \u00e9volution de nos membres.<\/li>\n\n\n\n<li>Notre travail commence par le respect. Nous reconnaissons les Premi\u00e8res Nations comme un niveau de gouvernement et nous travaillons en partenariat avec les communaut\u00e9s pour r\u00e9aliser leurs priorit\u00e9s et leurs visions d&rsquo;avenir. Gr\u00e2ce \u00e0 des services de financement et de conseil, nous aidons les Premi\u00e8res Nations \u00e0 montrer la voie et vous pouvez faire partie de cette aventure.<\/li>\n\n\n\n<li>La transparence et la responsabilit\u00e9 ne sont pas seulement des objectifs, elles constituent le fondement m\u00eame de notre fonctionnement quotidien. Nous nous imposons les normes les plus \u00e9lev\u00e9es en mati\u00e8re d&rsquo;honn\u00eatet\u00e9, d&rsquo;\u00e9quit\u00e9 et de transparence. En rejoignant l\u2019AFPN, vous int\u00e9grez une \u00e9quipe qui accorde une importance primordiale \u00e0 la confiance.<\/li>\n\n\n\n<li>Nous ne nous contentons pas de nous adapter : le changement nous inspire et la curiosit\u00e9 nous fait avancer. Ici, vos id\u00e9es audacieuses sont soutenues et encourag\u00e9es pour devenir r\u00e9alit\u00e9.<\/li>\n\n\n\n<li>Les grandes id\u00e9es naissent lorsque nous travaillons ensemble. La collaboration est dans notre ADN : r\u00e9troaction et \u00e9changes ouverts, soutien entre les \u00e9quipes et succ\u00e8s partag\u00e9. \u00c0 l\u2019AFPN, vous n&rsquo;\u00eates jamais seul. Nous gagnons en \u00e9quipe.<\/li>\n<\/ul>\n\n\n\n<br><br>\n\n\n<div class=\"wp-block-image\">\n<figure class=\"aligncenter size-large\"><img decoding=\"async\" width=\"1024\" height=\"430\" src=\"https:\/\/fnfa.ca\/wp-content\/uploads\/2024\/05\/Awards-Section-FR@2x-8-1024x430.png\" alt=\"\" class=\"wp-image-10469\" srcset=\"https:\/\/fnfa.ca\/wp-content\/uploads\/2024\/05\/Awards-Section-FR@2x-8-1024x430.png 1024w, https:\/\/fnfa.ca\/wp-content\/uploads\/2024\/05\/Awards-Section-FR@2x-8-300x126.png 300w, https:\/\/fnfa.ca\/wp-content\/uploads\/2024\/05\/Awards-Section-FR@2x-8-768x323.png 768w, https:\/\/fnfa.ca\/wp-content\/uploads\/2024\/05\/Awards-Section-FR@2x-8-1536x645.png 1536w, https:\/\/fnfa.ca\/wp-content\/uploads\/2024\/05\/Awards-Section-FR@2x-8-2048x860.png 2048w\" sizes=\"(max-width: 1024px) 100vw, 1024px\" \/><\/figure>\n<\/div>\n\n\n<br><br>\n\n\n\n<div class=\"province-links-wrapper\">\n  <strong>Liens rapides vers les carri\u00e8res<\/strong>\n  <div class=\"province-links\">\n<a href=\"https:\/\/fnfa.ca\/fr\/notre-culture-nos-valeurs\/\" class=\"current\">Notre culture, nos valeurs<\/a>\n<a href=\"https:\/\/fnfa.ca\/fr\/pourquoi-rejoindre-lafpn\/\">Pourquoi rejoindre l\u2019AFPN<\/a>\n<a href=\"https:\/\/fnfa.ca\/fr\/temoignages-employes\/\">T\u00e9moignages d\u2019employ\u00e9s<\/a>\n<a href=\"https:\/\/fnfa.ca\/fr\/careers\/\">Opportunit\u00e9s de carri\u00e8re<\/a>\n  <\/div>\n<\/div>\n\n\n\n<p><\/p>\n","protected":false},"excerpt":{"rendered":"<p>Par les Premi\u00e8res Nations, pour les Premi\u00e8res Nations \u00c0 l\u2019AFPN, nous ne nous contentons pas d&rsquo;\u00e9laborer des solutions financi\u00e8res, nous fa\u00e7onnons l&rsquo;avenir. Chaque poste contribue \u00e0 un objectif plus vaste : donner aux communaut\u00e9s des Premi\u00e8res Nations les moyens de construire leur propre avenir selon leurs propres conditions. Si vous recherchez une carri\u00e8re o\u00f9 vos [&hellip;]<\/p>\n","protected":false},"author":1,"featured_media":0,"parent":0,"menu_order":0,"comment_status":"closed","ping_status":"closed","template":"","meta":{"_acf_changed":false,"episode_type":"","audio_file":"","podmotor_file_id":"","podmotor_episode_id":"","cover_image":"","cover_image_id":"","duration":"","filesize":"","filesize_raw":"","date_recorded":"","explicit":"","block":"","itunes_episode_number":"","itunes_title":"","itunes_season_number":"","itunes_episode_type":"","footnotes":""},"class_list":["post-13996","page","type-page","status-publish","hentry"],"acf":{"tagline":"","title_replace":"","banner_image":{"ID":13735,"id":13735,"title":"HEADER 1000p","filename":"HEADER-1000p.webp","filesize":167826,"url":"https:\/\/fnfa.ca\/wp-content\/uploads\/2026\/01\/HEADER-1000p.webp","link":"https:\/\/fnfa.ca\/fr\/our-culture-our-values\/header-1000p\/","alt":"","author":"2","description":"","caption":"","name":"header-1000p","status":"inherit","uploaded_to":13178,"date":"2026-01-21 21:15:19","modified":"2026-01-21 21:15:19","menu_order":0,"mime_type":"image\/webp","type":"image","subtype":"webp","icon":"https:\/\/fnfa.ca\/wp-includes\/images\/media\/default.png","width":2560,"height":1000,"sizes":{"thumbnail":"https:\/\/fnfa.ca\/wp-content\/uploads\/2026\/01\/HEADER-1000p-150x150.webp","thumbnail-width":150,"thumbnail-height":150,"medium":"https:\/\/fnfa.ca\/wp-content\/uploads\/2026\/01\/HEADER-1000p-300x117.webp","medium-width":300,"medium-height":117,"medium_large":"https:\/\/fnfa.ca\/wp-content\/uploads\/2026\/01\/HEADER-1000p-768x300.webp","medium_large-width":640,"medium_large-height":250,"large":"https:\/\/fnfa.ca\/wp-content\/uploads\/2026\/01\/HEADER-1000p-1024x400.webp","large-width":640,"large-height":250,"1536x1536":"https:\/\/fnfa.ca\/wp-content\/uploads\/2026\/01\/HEADER-1000p-1536x600.webp","1536x1536-width":1536,"1536x1536-height":600,"2048x2048":"https:\/\/fnfa.ca\/wp-content\/uploads\/2026\/01\/HEADER-1000p-2048x800.webp","2048x2048-width":2048,"2048x2048-height":800}},"header_background_color":""},"yoast_head":"<!-- This site is optimized with the Yoast SEO plugin v27.3 - https:\/\/yoast.com\/product\/yoast-seo-wordpress\/ -->\n<title>Notre culture, nos valeurs - FNFA<\/title>\n<meta name=\"robots\" content=\"index, follow, max-snippet:-1, max-image-preview:large, max-video-preview:-1\" \/>\n<link rel=\"canonical\" href=\"https:\/\/fnfa.ca\/fr\/notre-culture-nos-valeurs\/\" \/>\n<meta property=\"og:locale\" content=\"fr_FR\" \/>\n<meta property=\"og:type\" content=\"article\" \/>\n<meta property=\"og:title\" content=\"Notre culture, nos valeurs - FNFA\" \/>\n<meta property=\"og:description\" content=\"Par les Premi\u00e8res Nations, pour les Premi\u00e8res Nations \u00c0 l\u2019AFPN, nous ne nous contentons pas d&rsquo;\u00e9laborer des solutions financi\u00e8res, nous fa\u00e7onnons l&rsquo;avenir. Chaque poste contribue \u00e0 un objectif plus vaste : donner aux communaut\u00e9s des Premi\u00e8res Nations les moyens de construire leur propre avenir selon leurs propres conditions. Si vous recherchez une carri\u00e8re o\u00f9 vos [&hellip;]\" \/>\n<meta property=\"og:url\" content=\"https:\/\/fnfa.ca\/fr\/notre-culture-nos-valeurs\/\" \/>\n<meta property=\"og:site_name\" content=\"FNFA\" \/>\n<meta property=\"article:publisher\" content=\"https:\/\/www.facebook.com\/theFNFA\/\" \/>\n<meta property=\"article:modified_time\" content=\"2026-02-05T21:44:33+00:00\" \/>\n<meta property=\"og:image\" content=\"https:\/\/fnfa.ca\/wp-content\/uploads\/2026\/02\/fnfa-logo.webp\" \/>\n\t<meta property=\"og:image:width\" content=\"1500\" \/>\n\t<meta property=\"og:image:height\" content=\"1500\" \/>\n\t<meta property=\"og:image:type\" content=\"image\/webp\" \/>\n<meta name=\"twitter:card\" content=\"summary_large_image\" \/>\n<meta name=\"twitter:label1\" content=\"Dur\u00e9e de lecture estim\u00e9e\" \/>\n\t<meta name=\"twitter:data1\" content=\"3 minutes\" \/>\n<script type=\"application\/ld+json\" class=\"yoast-schema-graph\">{\"@context\":\"https:\\\/\\\/schema.org\",\"@graph\":[{\"@type\":\"WebPage\",\"@id\":\"https:\\\/\\\/fnfa.ca\\\/fr\\\/notre-culture-nos-valeurs\\\/\",\"url\":\"https:\\\/\\\/fnfa.ca\\\/fr\\\/notre-culture-nos-valeurs\\\/\",\"name\":\"Notre culture, nos valeurs - FNFA\",\"isPartOf\":{\"@id\":\"https:\\\/\\\/fnfa.ca\\\/fr\\\/#website\"},\"primaryImageOfPage\":{\"@id\":\"https:\\\/\\\/fnfa.ca\\\/fr\\\/notre-culture-nos-valeurs\\\/#primaryimage\"},\"image\":{\"@id\":\"https:\\\/\\\/fnfa.ca\\\/fr\\\/notre-culture-nos-valeurs\\\/#primaryimage\"},\"thumbnailUrl\":\"https:\\\/\\\/fnfa.ca\\\/wp-content\\\/uploads\\\/2026\\\/01\\\/DSC01346-1024x682.webp\",\"datePublished\":\"2025-12-11T23:48:33+00:00\",\"dateModified\":\"2026-02-05T21:44:33+00:00\",\"breadcrumb\":{\"@id\":\"https:\\\/\\\/fnfa.ca\\\/fr\\\/notre-culture-nos-valeurs\\\/#breadcrumb\"},\"inLanguage\":\"fr-FR\",\"potentialAction\":[{\"@type\":\"ReadAction\",\"target\":[\"https:\\\/\\\/fnfa.ca\\\/fr\\\/notre-culture-nos-valeurs\\\/\"]}]},{\"@type\":\"ImageObject\",\"inLanguage\":\"fr-FR\",\"@id\":\"https:\\\/\\\/fnfa.ca\\\/fr\\\/notre-culture-nos-valeurs\\\/#primaryimage\",\"url\":\"https:\\\/\\\/fnfa.ca\\\/wp-content\\\/uploads\\\/2026\\\/01\\\/DSC01346-1024x682.webp\",\"contentUrl\":\"https:\\\/\\\/fnfa.ca\\\/wp-content\\\/uploads\\\/2026\\\/01\\\/DSC01346-1024x682.webp\"},{\"@type\":\"BreadcrumbList\",\"@id\":\"https:\\\/\\\/fnfa.ca\\\/fr\\\/notre-culture-nos-valeurs\\\/#breadcrumb\",\"itemListElement\":[{\"@type\":\"ListItem\",\"position\":1,\"name\":\"Home\",\"item\":\"https:\\\/\\\/fnfa.ca\\\/fr\\\/\"},{\"@type\":\"ListItem\",\"position\":2,\"name\":\"Notre culture, nos valeurs\"}]},{\"@type\":\"WebSite\",\"@id\":\"https:\\\/\\\/fnfa.ca\\\/fr\\\/#website\",\"url\":\"https:\\\/\\\/fnfa.ca\\\/fr\\\/\",\"name\":\"FNFA\",\"description\":\"First Nations Finance Authority\",\"publisher\":{\"@id\":\"https:\\\/\\\/fnfa.ca\\\/fr\\\/#organization\"},\"potentialAction\":[{\"@type\":\"SearchAction\",\"target\":{\"@type\":\"EntryPoint\",\"urlTemplate\":\"https:\\\/\\\/fnfa.ca\\\/fr\\\/?s={search_term_string}\"},\"query-input\":{\"@type\":\"PropertyValueSpecification\",\"valueRequired\":true,\"valueName\":\"search_term_string\"}}],\"inLanguage\":\"fr-FR\"},{\"@type\":\"Organization\",\"@id\":\"https:\\\/\\\/fnfa.ca\\\/fr\\\/#organization\",\"name\":\"First Nations Finance Authority\",\"alternateName\":\"FNFA\",\"url\":\"https:\\\/\\\/fnfa.ca\\\/fr\\\/\",\"logo\":{\"@type\":\"ImageObject\",\"inLanguage\":\"fr-FR\",\"@id\":\"https:\\\/\\\/fnfa.ca\\\/fr\\\/#\\\/schema\\\/logo\\\/image\\\/\",\"url\":\"https:\\\/\\\/fnfa.ca\\\/wp-content\\\/uploads\\\/2026\\\/02\\\/fnfa-logo.webp\",\"contentUrl\":\"https:\\\/\\\/fnfa.ca\\\/wp-content\\\/uploads\\\/2026\\\/02\\\/fnfa-logo.webp\",\"width\":1500,\"height\":1500,\"caption\":\"First Nations Finance Authority\"},\"image\":{\"@id\":\"https:\\\/\\\/fnfa.ca\\\/fr\\\/#\\\/schema\\\/logo\\\/image\\\/\"},\"sameAs\":[\"https:\\\/\\\/www.facebook.com\\\/theFNFA\\\/\"]}]}<\/script>\n<!-- \/ Yoast SEO plugin. -->","yoast_head_json":{"title":"Notre culture, nos valeurs - FNFA","robots":{"index":"index","follow":"follow","max-snippet":"max-snippet:-1","max-image-preview":"max-image-preview:large","max-video-preview":"max-video-preview:-1"},"canonical":"https:\/\/fnfa.ca\/fr\/notre-culture-nos-valeurs\/","og_locale":"fr_FR","og_type":"article","og_title":"Notre culture, nos valeurs - FNFA","og_description":"Par les Premi\u00e8res Nations, pour les Premi\u00e8res Nations \u00c0 l\u2019AFPN, nous ne nous contentons pas d&rsquo;\u00e9laborer des solutions financi\u00e8res, nous fa\u00e7onnons l&rsquo;avenir. Chaque poste contribue \u00e0 un objectif plus vaste : donner aux communaut\u00e9s des Premi\u00e8res Nations les moyens de construire leur propre avenir selon leurs propres conditions. Si vous recherchez une carri\u00e8re o\u00f9 vos [&hellip;]","og_url":"https:\/\/fnfa.ca\/fr\/notre-culture-nos-valeurs\/","og_site_name":"FNFA","article_publisher":"https:\/\/www.facebook.com\/theFNFA\/","article_modified_time":"2026-02-05T21:44:33+00:00","og_image":[{"width":1500,"height":1500,"url":"https:\/\/fnfa.ca\/wp-content\/uploads\/2026\/02\/fnfa-logo.webp","type":"image\/webp"}],"twitter_card":"summary_large_image","twitter_misc":{"Dur\u00e9e de lecture estim\u00e9e":"3 minutes"},"schema":{"@context":"https:\/\/schema.org","@graph":[{"@type":"WebPage","@id":"https:\/\/fnfa.ca\/fr\/notre-culture-nos-valeurs\/","url":"https:\/\/fnfa.ca\/fr\/notre-culture-nos-valeurs\/","name":"Notre culture, nos valeurs - FNFA","isPartOf":{"@id":"https:\/\/fnfa.ca\/fr\/#website"},"primaryImageOfPage":{"@id":"https:\/\/fnfa.ca\/fr\/notre-culture-nos-valeurs\/#primaryimage"},"image":{"@id":"https:\/\/fnfa.ca\/fr\/notre-culture-nos-valeurs\/#primaryimage"},"thumbnailUrl":"https:\/\/fnfa.ca\/wp-content\/uploads\/2026\/01\/DSC01346-1024x682.webp","datePublished":"2025-12-11T23:48:33+00:00","dateModified":"2026-02-05T21:44:33+00:00","breadcrumb":{"@id":"https:\/\/fnfa.ca\/fr\/notre-culture-nos-valeurs\/#breadcrumb"},"inLanguage":"fr-FR","potentialAction":[{"@type":"ReadAction","target":["https:\/\/fnfa.ca\/fr\/notre-culture-nos-valeurs\/"]}]},{"@type":"ImageObject","inLanguage":"fr-FR","@id":"https:\/\/fnfa.ca\/fr\/notre-culture-nos-valeurs\/#primaryimage","url":"https:\/\/fnfa.ca\/wp-content\/uploads\/2026\/01\/DSC01346-1024x682.webp","contentUrl":"https:\/\/fnfa.ca\/wp-content\/uploads\/2026\/01\/DSC01346-1024x682.webp"},{"@type":"BreadcrumbList","@id":"https:\/\/fnfa.ca\/fr\/notre-culture-nos-valeurs\/#breadcrumb","itemListElement":[{"@type":"ListItem","position":1,"name":"Home","item":"https:\/\/fnfa.ca\/fr\/"},{"@type":"ListItem","position":2,"name":"Notre culture, nos valeurs"}]},{"@type":"WebSite","@id":"https:\/\/fnfa.ca\/fr\/#website","url":"https:\/\/fnfa.ca\/fr\/","name":"FNFA","description":"First Nations Finance Authority","publisher":{"@id":"https:\/\/fnfa.ca\/fr\/#organization"},"potentialAction":[{"@type":"SearchAction","target":{"@type":"EntryPoint","urlTemplate":"https:\/\/fnfa.ca\/fr\/?s={search_term_string}"},"query-input":{"@type":"PropertyValueSpecification","valueRequired":true,"valueName":"search_term_string"}}],"inLanguage":"fr-FR"},{"@type":"Organization","@id":"https:\/\/fnfa.ca\/fr\/#organization","name":"First Nations Finance Authority","alternateName":"FNFA","url":"https:\/\/fnfa.ca\/fr\/","logo":{"@type":"ImageObject","inLanguage":"fr-FR","@id":"https:\/\/fnfa.ca\/fr\/#\/schema\/logo\/image\/","url":"https:\/\/fnfa.ca\/wp-content\/uploads\/2026\/02\/fnfa-logo.webp","contentUrl":"https:\/\/fnfa.ca\/wp-content\/uploads\/2026\/02\/fnfa-logo.webp","width":1500,"height":1500,"caption":"First Nations Finance Authority"},"image":{"@id":"https:\/\/fnfa.ca\/fr\/#\/schema\/logo\/image\/"},"sameAs":["https:\/\/www.facebook.com\/theFNFA\/"]}]}},"_links":{"self":[{"href":"https:\/\/fnfa.ca\/fr\/wp-json\/wp\/v2\/pages\/13996","targetHints":{"allow":["GET"]}}],"collection":[{"href":"https:\/\/fnfa.ca\/fr\/wp-json\/wp\/v2\/pages"}],"about":[{"href":"https:\/\/fnfa.ca\/fr\/wp-json\/wp\/v2\/types\/page"}],"author":[{"embeddable":true,"href":"https:\/\/fnfa.ca\/fr\/wp-json\/wp\/v2\/users\/1"}],"replies":[{"embeddable":true,"href":"https:\/\/fnfa.ca\/fr\/wp-json\/wp\/v2\/comments?post=13996"}],"version-history":[{"count":8,"href":"https:\/\/fnfa.ca\/fr\/wp-json\/wp\/v2\/pages\/13996\/revisions"}],"predecessor-version":[{"id":14031,"href":"https:\/\/fnfa.ca\/fr\/wp-json\/wp\/v2\/pages\/13996\/revisions\/14031"}],"wp:attachment":[{"href":"https:\/\/fnfa.ca\/fr\/wp-json\/wp\/v2\/media?parent=13996"}],"curies":[{"name":"wp","href":"https:\/\/api.w.org\/{rel}","templated":true}]}}