{"id":14007,"date":"2025-12-11T15:49:26","date_gmt":"2025-12-11T23:49:26","guid":{"rendered":"https:\/\/fnfa.ca\/employee-testimonials\/"},"modified":"2026-02-20T14:39:09","modified_gmt":"2026-02-20T22:39:09","slug":"temoignages-employes","status":"publish","type":"page","link":"https:\/\/fnfa.ca\/fr\/temoignages-employes\/","title":{"rendered":"T\u00e9moignages d\u2019employ\u00e9s"},"content":{"rendered":"\n<h3 style=\"text-align: center;margin-bottom: 20px;\"><em>Ax\u00e9e sur la culture. <span style=\"font-weight: bold; color: #14a5a1;\">Motiv\u00e9e par un objectif.<\/span><\/em><\/h3>\n\n\n\n<figure class=\"wp-block-video aligncenter\"><video height=\"720\" style=\"aspect-ratio: 1280 \/ 720;\" width=\"1280\" controls src=\"https:\/\/fnfa.ca\/wp-content\/uploads\/2026\/02\/Employee-Testimonials-2.webm\"><\/video><\/figure>\n\n\n\n<br>\n\n\n\n<p>\u00c0 l\u2019AFPN, vous rejoignez une \u00e9quipe de professionnels diversifi\u00e9s, passionn\u00e9s et hautement qualifi\u00e9s qui partagent votre engagement \u00e0 donner aux Premi\u00e8res Nations les moyens de b\u00e2tir des communaut\u00e9s fortes, saines et prosp\u00e8res pour les sept prochaines g\u00e9n\u00e9rations. Le travail \u00e0 l\u2019AFPN n&rsquo;est jamais ennuyeux : il y a toujours de nouveaux projets et initiatives pour soutenir nos communaut\u00e9s autochtones \u00e0 travers le pays.<\/p>\n\n\n\n<p>Notre organisation encourage le d\u00e9veloppement, l&rsquo;apprentissage et la diversit\u00e9, et aime s&rsquo;amuser. Nous sommes une petite \u00e9quipe qui travaille rigoureusement pour nos membres, mais qui reconna\u00eet l&rsquo;importance de votre temps en dehors des heures de bureau.<\/p>\n\n\n<div class=\"wp-block-image\">\n<figure class=\"aligncenter size-full\"><img decoding=\"async\" width=\"2560\" height=\"1439\" src=\"https:\/\/fnfa.ca\/wp-content\/uploads\/2026\/01\/Happy-Holidays-1-2.webp\" alt=\"\" class=\"wp-image-13687\" srcset=\"https:\/\/fnfa.ca\/wp-content\/uploads\/2026\/01\/Happy-Holidays-1-2.webp 2560w, https:\/\/fnfa.ca\/wp-content\/uploads\/2026\/01\/Happy-Holidays-1-2-300x169.webp 300w, https:\/\/fnfa.ca\/wp-content\/uploads\/2026\/01\/Happy-Holidays-1-2-1024x576.webp 1024w, https:\/\/fnfa.ca\/wp-content\/uploads\/2026\/01\/Happy-Holidays-1-2-768x432.webp 768w, https:\/\/fnfa.ca\/wp-content\/uploads\/2026\/01\/Happy-Holidays-1-2-1536x863.webp 1536w, https:\/\/fnfa.ca\/wp-content\/uploads\/2026\/01\/Happy-Holidays-1-2-2048x1151.webp 2048w\" sizes=\"(max-width: 2560px) 100vw, 2560px\" \/><\/figure>\n<\/div>\n\n\n<br>\n\n\n\n\n\n<div class=\"province-links-wrapper\">\n  <strong>Liens rapides vers les carri\u00e8res<\/strong>\n  <div class=\"province-links\">\n<a href=\"https:\/\/fnfa.ca\/fr\/notre-culture-nos-valeurs\/\">Notre culture, nos valeurs<\/a>\n<a href=\"https:\/\/fnfa.ca\/fr\/pourquoi-rejoindre-lafpn\/\">Pourquoi rejoindre l\u2019AFPN<\/a>\n<a href=\"https:\/\/fnfa.ca\/fr\/temoignages-employes\/\" class=\"current\">T\u00e9moignages d\u2019employ\u00e9s<\/a>\n<a href=\"https:\/\/fnfa.ca\/fr\/careers\/\">Opportunit\u00e9s de carri\u00e8re<\/a>\n  <\/div>\n<\/div>\n","protected":false},"excerpt":{"rendered":"<p>Ax\u00e9e sur la culture. Motiv\u00e9e par un objectif. \u00c0 l\u2019AFPN, vous rejoignez une \u00e9quipe de professionnels diversifi\u00e9s, passionn\u00e9s et hautement qualifi\u00e9s qui partagent votre engagement \u00e0 donner aux Premi\u00e8res Nations les moyens de b\u00e2tir des communaut\u00e9s fortes, saines et prosp\u00e8res pour les sept prochaines g\u00e9n\u00e9rations. Le travail \u00e0 l\u2019AFPN n&rsquo;est jamais ennuyeux : il y [&hellip;]<\/p>\n","protected":false},"author":1,"featured_media":0,"parent":0,"menu_order":0,"comment_status":"closed","ping_status":"closed","template":"","meta":{"_acf_changed":false,"episode_type":"","audio_file":"","podmotor_file_id":"","podmotor_episode_id":"","cover_image":"","cover_image_id":"","duration":"","filesize":"","filesize_raw":"","date_recorded":"","explicit":"","block":"","itunes_episode_number":"","itunes_title":"","itunes_season_number":"","itunes_episode_type":"","footnotes":""},"class_list":["post-14007","page","type-page","status-publish","hentry"],"acf":{"tagline":"","title_replace":"","banner_image":{"ID":13883,"id":13883,"title":"fnfa-employee-testimonials","filename":"fnfa-employee-testimonials.webp","filesize":108040,"url":"https:\/\/fnfa.ca\/wp-content\/uploads\/2026\/01\/fnfa-employee-testimonials.webp","link":"https:\/\/fnfa.ca\/fr\/employee-testimonials\/fnfa-employee-testimonials\/","alt":"","author":"1","description":"","caption":"","name":"fnfa-employee-testimonials","status":"inherit","uploaded_to":13182,"date":"2026-01-29 21:10:15","modified":"2026-01-29 21:10:15","menu_order":0,"mime_type":"image\/webp","type":"image","subtype":"webp","icon":"https:\/\/fnfa.ca\/wp-includes\/images\/media\/default.png","width":1920,"height":750,"sizes":{"thumbnail":"https:\/\/fnfa.ca\/wp-content\/uploads\/2026\/01\/fnfa-employee-testimonials-150x150.webp","thumbnail-width":150,"thumbnail-height":150,"medium":"https:\/\/fnfa.ca\/wp-content\/uploads\/2026\/01\/fnfa-employee-testimonials-300x117.webp","medium-width":300,"medium-height":117,"medium_large":"https:\/\/fnfa.ca\/wp-content\/uploads\/2026\/01\/fnfa-employee-testimonials-768x300.webp","medium_large-width":640,"medium_large-height":250,"large":"https:\/\/fnfa.ca\/wp-content\/uploads\/2026\/01\/fnfa-employee-testimonials-1024x400.webp","large-width":640,"large-height":250,"1536x1536":"https:\/\/fnfa.ca\/wp-content\/uploads\/2026\/01\/fnfa-employee-testimonials-1536x600.webp","1536x1536-width":1536,"1536x1536-height":600,"2048x2048":"https:\/\/fnfa.ca\/wp-content\/uploads\/2026\/01\/fnfa-employee-testimonials.webp","2048x2048-width":1920,"2048x2048-height":750}},"header_background_color":""},"yoast_head":"<!-- This site is optimized with the Yoast SEO plugin v27.4 - https:\/\/yoast.com\/product\/yoast-seo-wordpress\/ -->\n<title>T\u00e9moignages d\u2019employ\u00e9s - FNFA<\/title>\n<meta name=\"robots\" content=\"index, follow, max-snippet:-1, max-image-preview:large, max-video-preview:-1\" \/>\n<link rel=\"canonical\" href=\"https:\/\/fnfa.ca\/fr\/temoignages-employes\/\" \/>\n<meta property=\"og:locale\" content=\"fr_FR\" \/>\n<meta property=\"og:type\" content=\"article\" \/>\n<meta property=\"og:title\" content=\"T\u00e9moignages d\u2019employ\u00e9s - FNFA\" \/>\n<meta property=\"og:description\" content=\"Ax\u00e9e sur la culture. Motiv\u00e9e par un objectif. \u00c0 l\u2019AFPN, vous rejoignez une \u00e9quipe de professionnels diversifi\u00e9s, passionn\u00e9s et hautement qualifi\u00e9s qui partagent votre engagement \u00e0 donner aux Premi\u00e8res Nations les moyens de b\u00e2tir des communaut\u00e9s fortes, saines et prosp\u00e8res pour les sept prochaines g\u00e9n\u00e9rations. Le travail \u00e0 l\u2019AFPN n&rsquo;est jamais ennuyeux : il y [&hellip;]\" \/>\n<meta property=\"og:url\" content=\"https:\/\/fnfa.ca\/fr\/temoignages-employes\/\" \/>\n<meta property=\"og:site_name\" content=\"FNFA\" \/>\n<meta property=\"article:publisher\" content=\"https:\/\/www.facebook.com\/theFNFA\/\" \/>\n<meta property=\"article:modified_time\" content=\"2026-02-20T22:39:09+00:00\" \/>\n<meta property=\"og:image\" content=\"https:\/\/fnfa.ca\/wp-content\/uploads\/2026\/02\/fnfa-logo.webp\" \/>\n\t<meta property=\"og:image:width\" content=\"1500\" \/>\n\t<meta property=\"og:image:height\" content=\"1500\" \/>\n\t<meta property=\"og:image:type\" content=\"image\/webp\" \/>\n<meta name=\"twitter:card\" content=\"summary_large_image\" \/>\n<meta name=\"twitter:label1\" content=\"Dur\u00e9e de lecture estim\u00e9e\" \/>\n\t<meta name=\"twitter:data1\" content=\"1 minute\" \/>\n<script type=\"application\/ld+json\" class=\"yoast-schema-graph\">{\"@context\":\"https:\\\/\\\/schema.org\",\"@graph\":[{\"@type\":\"WebPage\",\"@id\":\"https:\\\/\\\/fnfa.ca\\\/fr\\\/temoignages-employes\\\/\",\"url\":\"https:\\\/\\\/fnfa.ca\\\/fr\\\/temoignages-employes\\\/\",\"name\":\"T\u00e9moignages d\u2019employ\u00e9s - FNFA\",\"isPartOf\":{\"@id\":\"https:\\\/\\\/fnfa.ca\\\/fr\\\/#website\"},\"primaryImageOfPage\":{\"@id\":\"https:\\\/\\\/fnfa.ca\\\/fr\\\/temoignages-employes\\\/#primaryimage\"},\"image\":{\"@id\":\"https:\\\/\\\/fnfa.ca\\\/fr\\\/temoignages-employes\\\/#primaryimage\"},\"thumbnailUrl\":\"https:\\\/\\\/fnfa.ca\\\/wp-content\\\/uploads\\\/2026\\\/01\\\/Happy-Holidays-1-2.webp\",\"datePublished\":\"2025-12-11T23:49:26+00:00\",\"dateModified\":\"2026-02-20T22:39:09+00:00\",\"breadcrumb\":{\"@id\":\"https:\\\/\\\/fnfa.ca\\\/fr\\\/temoignages-employes\\\/#breadcrumb\"},\"inLanguage\":\"fr-FR\",\"potentialAction\":[{\"@type\":\"ReadAction\",\"target\":[\"https:\\\/\\\/fnfa.ca\\\/fr\\\/temoignages-employes\\\/\"]}]},{\"@type\":\"ImageObject\",\"inLanguage\":\"fr-FR\",\"@id\":\"https:\\\/\\\/fnfa.ca\\\/fr\\\/temoignages-employes\\\/#primaryimage\",\"url\":\"https:\\\/\\\/fnfa.ca\\\/wp-content\\\/uploads\\\/2026\\\/01\\\/Happy-Holidays-1-2.webp\",\"contentUrl\":\"https:\\\/\\\/fnfa.ca\\\/wp-content\\\/uploads\\\/2026\\\/01\\\/Happy-Holidays-1-2.webp\"},{\"@type\":\"BreadcrumbList\",\"@id\":\"https:\\\/\\\/fnfa.ca\\\/fr\\\/temoignages-employes\\\/#breadcrumb\",\"itemListElement\":[{\"@type\":\"ListItem\",\"position\":1,\"name\":\"Home\",\"item\":\"https:\\\/\\\/fnfa.ca\\\/fr\\\/\"},{\"@type\":\"ListItem\",\"position\":2,\"name\":\"T\u00e9moignages d\u2019employ\u00e9s\"}]},{\"@type\":\"WebSite\",\"@id\":\"https:\\\/\\\/fnfa.ca\\\/fr\\\/#website\",\"url\":\"https:\\\/\\\/fnfa.ca\\\/fr\\\/\",\"name\":\"FNFA\",\"description\":\"First Nations Finance Authority\",\"publisher\":{\"@id\":\"https:\\\/\\\/fnfa.ca\\\/fr\\\/#organization\"},\"potentialAction\":[{\"@type\":\"SearchAction\",\"target\":{\"@type\":\"EntryPoint\",\"urlTemplate\":\"https:\\\/\\\/fnfa.ca\\\/fr\\\/?s={search_term_string}\"},\"query-input\":{\"@type\":\"PropertyValueSpecification\",\"valueRequired\":true,\"valueName\":\"search_term_string\"}}],\"inLanguage\":\"fr-FR\"},{\"@type\":\"Organization\",\"@id\":\"https:\\\/\\\/fnfa.ca\\\/fr\\\/#organization\",\"name\":\"First Nations Finance Authority\",\"alternateName\":\"FNFA\",\"url\":\"https:\\\/\\\/fnfa.ca\\\/fr\\\/\",\"logo\":{\"@type\":\"ImageObject\",\"inLanguage\":\"fr-FR\",\"@id\":\"https:\\\/\\\/fnfa.ca\\\/fr\\\/#\\\/schema\\\/logo\\\/image\\\/\",\"url\":\"https:\\\/\\\/fnfa.ca\\\/wp-content\\\/uploads\\\/2026\\\/02\\\/fnfa-logo.webp\",\"contentUrl\":\"https:\\\/\\\/fnfa.ca\\\/wp-content\\\/uploads\\\/2026\\\/02\\\/fnfa-logo.webp\",\"width\":1500,\"height\":1500,\"caption\":\"First Nations Finance Authority\"},\"image\":{\"@id\":\"https:\\\/\\\/fnfa.ca\\\/fr\\\/#\\\/schema\\\/logo\\\/image\\\/\"},\"sameAs\":[\"https:\\\/\\\/www.facebook.com\\\/theFNFA\\\/\"]}]}<\/script>\n<!-- \/ Yoast SEO plugin. -->","yoast_head_json":{"title":"T\u00e9moignages d\u2019employ\u00e9s - FNFA","robots":{"index":"index","follow":"follow","max-snippet":"max-snippet:-1","max-image-preview":"max-image-preview:large","max-video-preview":"max-video-preview:-1"},"canonical":"https:\/\/fnfa.ca\/fr\/temoignages-employes\/","og_locale":"fr_FR","og_type":"article","og_title":"T\u00e9moignages d\u2019employ\u00e9s - FNFA","og_description":"Ax\u00e9e sur la culture. Motiv\u00e9e par un objectif. \u00c0 l\u2019AFPN, vous rejoignez une \u00e9quipe de professionnels diversifi\u00e9s, passionn\u00e9s et hautement qualifi\u00e9s qui partagent votre engagement \u00e0 donner aux Premi\u00e8res Nations les moyens de b\u00e2tir des communaut\u00e9s fortes, saines et prosp\u00e8res pour les sept prochaines g\u00e9n\u00e9rations. Le travail \u00e0 l\u2019AFPN n&rsquo;est jamais ennuyeux : il y [&hellip;]","og_url":"https:\/\/fnfa.ca\/fr\/temoignages-employes\/","og_site_name":"FNFA","article_publisher":"https:\/\/www.facebook.com\/theFNFA\/","article_modified_time":"2026-02-20T22:39:09+00:00","og_image":[{"width":1500,"height":1500,"url":"https:\/\/fnfa.ca\/wp-content\/uploads\/2026\/02\/fnfa-logo.webp","type":"image\/webp"}],"twitter_card":"summary_large_image","twitter_misc":{"Dur\u00e9e de lecture estim\u00e9e":"1 minute"},"schema":{"@context":"https:\/\/schema.org","@graph":[{"@type":"WebPage","@id":"https:\/\/fnfa.ca\/fr\/temoignages-employes\/","url":"https:\/\/fnfa.ca\/fr\/temoignages-employes\/","name":"T\u00e9moignages d\u2019employ\u00e9s - FNFA","isPartOf":{"@id":"https:\/\/fnfa.ca\/fr\/#website"},"primaryImageOfPage":{"@id":"https:\/\/fnfa.ca\/fr\/temoignages-employes\/#primaryimage"},"image":{"@id":"https:\/\/fnfa.ca\/fr\/temoignages-employes\/#primaryimage"},"thumbnailUrl":"https:\/\/fnfa.ca\/wp-content\/uploads\/2026\/01\/Happy-Holidays-1-2.webp","datePublished":"2025-12-11T23:49:26+00:00","dateModified":"2026-02-20T22:39:09+00:00","breadcrumb":{"@id":"https:\/\/fnfa.ca\/fr\/temoignages-employes\/#breadcrumb"},"inLanguage":"fr-FR","potentialAction":[{"@type":"ReadAction","target":["https:\/\/fnfa.ca\/fr\/temoignages-employes\/"]}]},{"@type":"ImageObject","inLanguage":"fr-FR","@id":"https:\/\/fnfa.ca\/fr\/temoignages-employes\/#primaryimage","url":"https:\/\/fnfa.ca\/wp-content\/uploads\/2026\/01\/Happy-Holidays-1-2.webp","contentUrl":"https:\/\/fnfa.ca\/wp-content\/uploads\/2026\/01\/Happy-Holidays-1-2.webp"},{"@type":"BreadcrumbList","@id":"https:\/\/fnfa.ca\/fr\/temoignages-employes\/#breadcrumb","itemListElement":[{"@type":"ListItem","position":1,"name":"Home","item":"https:\/\/fnfa.ca\/fr\/"},{"@type":"ListItem","position":2,"name":"T\u00e9moignages d\u2019employ\u00e9s"}]},{"@type":"WebSite","@id":"https:\/\/fnfa.ca\/fr\/#website","url":"https:\/\/fnfa.ca\/fr\/","name":"FNFA","description":"First Nations Finance Authority","publisher":{"@id":"https:\/\/fnfa.ca\/fr\/#organization"},"potentialAction":[{"@type":"SearchAction","target":{"@type":"EntryPoint","urlTemplate":"https:\/\/fnfa.ca\/fr\/?s={search_term_string}"},"query-input":{"@type":"PropertyValueSpecification","valueRequired":true,"valueName":"search_term_string"}}],"inLanguage":"fr-FR"},{"@type":"Organization","@id":"https:\/\/fnfa.ca\/fr\/#organization","name":"First Nations Finance Authority","alternateName":"FNFA","url":"https:\/\/fnfa.ca\/fr\/","logo":{"@type":"ImageObject","inLanguage":"fr-FR","@id":"https:\/\/fnfa.ca\/fr\/#\/schema\/logo\/image\/","url":"https:\/\/fnfa.ca\/wp-content\/uploads\/2026\/02\/fnfa-logo.webp","contentUrl":"https:\/\/fnfa.ca\/wp-content\/uploads\/2026\/02\/fnfa-logo.webp","width":1500,"height":1500,"caption":"First Nations Finance Authority"},"image":{"@id":"https:\/\/fnfa.ca\/fr\/#\/schema\/logo\/image\/"},"sameAs":["https:\/\/www.facebook.com\/theFNFA\/"]}]}},"_links":{"self":[{"href":"https:\/\/fnfa.ca\/fr\/wp-json\/wp\/v2\/pages\/14007","targetHints":{"allow":["GET"]}}],"collection":[{"href":"https:\/\/fnfa.ca\/fr\/wp-json\/wp\/v2\/pages"}],"about":[{"href":"https:\/\/fnfa.ca\/fr\/wp-json\/wp\/v2\/types\/page"}],"author":[{"embeddable":true,"href":"https:\/\/fnfa.ca\/fr\/wp-json\/wp\/v2\/users\/1"}],"replies":[{"embeddable":true,"href":"https:\/\/fnfa.ca\/fr\/wp-json\/wp\/v2\/comments?post=14007"}],"version-history":[{"count":6,"href":"https:\/\/fnfa.ca\/fr\/wp-json\/wp\/v2\/pages\/14007\/revisions"}],"predecessor-version":[{"id":14061,"href":"https:\/\/fnfa.ca\/fr\/wp-json\/wp\/v2\/pages\/14007\/revisions\/14061"}],"wp:attachment":[{"href":"https:\/\/fnfa.ca\/fr\/wp-json\/wp\/v2\/media?parent=14007"}],"curies":[{"name":"wp","href":"https:\/\/api.w.org\/{rel}","templated":true}]}}