{"id":14014,"date":"2025-12-11T15:47:27","date_gmt":"2025-12-11T23:47:27","guid":{"rendered":"https:\/\/fnfa.ca\/why-join-fnfa\/"},"modified":"2026-02-05T13:35:38","modified_gmt":"2026-02-05T21:35:38","slug":"pourquoi-rejoindre-lafpn","status":"publish","type":"page","link":"https:\/\/fnfa.ca\/fr\/pourquoi-rejoindre-lafpn\/","title":{"rendered":"Pourquoi rejoindre l\u2019AFPN"},"content":{"rendered":"\n<h3 style=\"text-align: center;margin-bottom: 20px;\"><em>Donnez du pouvoir aux communaut\u00e9s. <span style=\"font-weight: bold; color: #14a5a1;\">Transformez votre carri\u00e8re.<\/span><\/em><\/h3>\n\n\n\n<figure class=\"wp-block-gallery aligncenter has-nested-images columns-default is-cropped wp-block-gallery-1 is-layout-flex wp-block-gallery-is-layout-flex\">\n<figure class=\"wp-block-image size-large\"><img decoding=\"async\" width=\"1024\" height=\"682\" data-id=\"13669\" src=\"https:\/\/fnfa.ca\/wp-content\/uploads\/2026\/01\/DSC03554-1024x682.webp\" alt=\"\" class=\"wp-image-13669\" srcset=\"https:\/\/fnfa.ca\/wp-content\/uploads\/2026\/01\/DSC03554-1024x682.webp 1024w, https:\/\/fnfa.ca\/wp-content\/uploads\/2026\/01\/DSC03554-300x200.webp 300w, https:\/\/fnfa.ca\/wp-content\/uploads\/2026\/01\/DSC03554-768x512.webp 768w, https:\/\/fnfa.ca\/wp-content\/uploads\/2026\/01\/DSC03554-1536x1024.webp 1536w, https:\/\/fnfa.ca\/wp-content\/uploads\/2026\/01\/DSC03554-2048x1365.webp 2048w\" sizes=\"(max-width: 1024px) 100vw, 1024px\" \/><\/figure>\n\n\n\n<figure class=\"wp-block-image size-large\"><img decoding=\"async\" width=\"1024\" height=\"709\" data-id=\"13671\" src=\"https:\/\/fnfa.ca\/wp-content\/uploads\/2026\/01\/ACM03148-med-1024x709.webp\" alt=\"\" class=\"wp-image-13671\" srcset=\"https:\/\/fnfa.ca\/wp-content\/uploads\/2026\/01\/ACM03148-med-1024x709.webp 1024w, https:\/\/fnfa.ca\/wp-content\/uploads\/2026\/01\/ACM03148-med-300x208.webp 300w, https:\/\/fnfa.ca\/wp-content\/uploads\/2026\/01\/ACM03148-med-768x532.webp 768w, https:\/\/fnfa.ca\/wp-content\/uploads\/2026\/01\/ACM03148-med-1536x1063.webp 1536w, https:\/\/fnfa.ca\/wp-content\/uploads\/2026\/01\/ACM03148-med.webp 1560w\" sizes=\"(max-width: 1024px) 100vw, 1024px\" \/><\/figure>\n\n\n\n<figure class=\"wp-block-image size-large\"><img decoding=\"async\" width=\"1024\" height=\"729\" data-id=\"13670\" src=\"https:\/\/fnfa.ca\/wp-content\/uploads\/2026\/01\/FNFA-AGM-July-8th-2025-151-1024x729.webp\" alt=\"\" class=\"wp-image-13670\" srcset=\"https:\/\/fnfa.ca\/wp-content\/uploads\/2026\/01\/FNFA-AGM-July-8th-2025-151-1024x729.webp 1024w, https:\/\/fnfa.ca\/wp-content\/uploads\/2026\/01\/FNFA-AGM-July-8th-2025-151-300x214.webp 300w, https:\/\/fnfa.ca\/wp-content\/uploads\/2026\/01\/FNFA-AGM-July-8th-2025-151-768x547.webp 768w, https:\/\/fnfa.ca\/wp-content\/uploads\/2026\/01\/FNFA-AGM-July-8th-2025-151-1536x1093.webp 1536w, https:\/\/fnfa.ca\/wp-content\/uploads\/2026\/01\/FNFA-AGM-July-8th-2025-151-2048x1458.webp 2048w\" sizes=\"(max-width: 1024px) 100vw, 1024px\" \/><\/figure>\n<\/figure>\n\n\n\n<p>L\u2019AFPN s&rsquo;engage \u00e0 cr\u00e9er un lieu de travail \u00e9quitable, inclusif et qui donne la priorit\u00e9 \u00e0 la sant\u00e9 mentale et au mieux-\u00eatre de tous ses employ\u00e9s. L\u2019AFPN s&rsquo;engage \u00e0 cr\u00e9er un environnement de travail positif, con\u00e7u pour promouvoir le mieux-\u00eatre holistique, tant sur le plan physique, \u00e9motionnel, spirituel que financier.<\/p>\n\n\n<div class=\"row cntBlock faqBlock bgOverlayWhite\" id=\"faqBlock-block_a9f869d9dd9cfa1f3077896af407347e\" style=\"z-index:0\">\n\t\t<div class=\"col-12\">\n\t\t\t\t\n\t\t<div class=\"faqItems\">\n\t\t\t\t\t<div class=\"faqItem\">\n\t\t\t\t<div class=\"faqQuestion\">Salaire, prestations de retraite, avantages sociaux <i class=\"faqIcon icon-plus-circle\"><\/i><\/div>\n\t\t\t\t<div class=\"faqAnswer\"><p>Nous offrons toute une gamme d&rsquo;avantages sociaux \u00e0 nos employ\u00e9s, notamment\u00a0:<\/p>\n<ul>\n<li>Des salaires comp\u00e9titifs sup\u00e9rieurs \u00e0 la moyenne;<\/li>\n<li>Une assurance collective avec prestations de sant\u00e9 de base enti\u00e8rement prises en charge par l\u2019AFPN et cotisations de retraite REER de 6 %);<\/li>\n<li>Programme de mieux-\u00eatre et subventions;<\/li>\n<li>Programme d&rsquo;aide aux employ\u00e9s et \u00e0 leur famille;<\/li>\n<li>Jours de vacances, cong\u00e9s sp\u00e9ciaux et allocation de jours f\u00e9ri\u00e9s annuels sup\u00e9rieure \u00e0 la moyenne;<\/li>\n<li>Compl\u00e9ments de salaire pour cong\u00e9 de maternit\u00e9 et cong\u00e9 parental.<\/li>\n<\/ul>\n<\/div>\n\t\t\t<\/div>\n\t\t\t\t\t<div class=\"faqItem\">\n\t\t\t\t<div class=\"faqQuestion\">Formation et perfectionnement <i class=\"faqIcon icon-plus-circle\"><\/i><\/div>\n\t\t\t\t<div class=\"faqAnswer\"><ul>\n<li>Nous encourageons et soutenons fortement les opportunit\u00e9s de d\u00e9veloppement de carri\u00e8re qui favorisent la croissance professionnelle et la certification.<\/li>\n<li>Nous sommes une organisation o\u00f9 les talents autochtones peuvent se d\u00e9velopper et s&rsquo;\u00e9panouir.<\/li>\n<li>Nous soutenons les formations externes et les activit\u00e9s des associations professionnelles.<\/li>\n<\/ul>\n<\/div>\n\t\t\t<\/div>\n\t\t\t\t\t<div class=\"faqItem\">\n\t\t\t\t<div class=\"faqQuestion\">Reconnaissance des employ\u00e9s <i class=\"faqIcon icon-plus-circle\"><\/i><\/div>\n\t\t\t\t<div class=\"faqAnswer\"><ul>\n<li>Nous c\u00e9l\u00e9brons et reconnaissons les employ\u00e9s qui ont atteint des jalons importants dans leur carri\u00e8re. Cela commence apr\u00e8s cinq ans de service.<\/li>\n<\/ul>\n<\/div>\n\t\t\t<\/div>\n\t\t\t\t\t<div class=\"faqItem\">\n\t\t\t\t<div class=\"faqQuestion\">Personnel engag\u00e9 <i class=\"faqIcon icon-plus-circle\"><\/i><\/div>\n\t\t\t\t<div class=\"faqAnswer\"><ul>\n<li>Nous encourageons les liens entre les employ\u00e9s gr\u00e2ce \u00e0 divers \u00e9v\u00e9nements sociaux amusants et interactifs. Chaque ann\u00e9e, tous les employ\u00e9s se r\u00e9unissent pour une retraite du personnel afin de planifier des activit\u00e9s de consolidation d&rsquo;\u00e9quipe et des activit\u00e9s sociales.<\/li>\n<li>Nous soutenons les cultures autochtones et l&rsquo;esprit communautaire.<\/li>\n<\/ul>\n<\/div>\n\t\t\t<\/div>\n\t\t\t\t<\/div>\t\t\n\t\t\t<\/div>\t\n<\/div>\n\n\n<p>L\u2019AFPN est fi\u00e8re d&rsquo;\u00eatre une organisation appartenant aux Premi\u00e8res Nations. Nous reconnaissons et c\u00e9l\u00e9brons la diversit\u00e9 des peuples autochtones \u00e0 travers le Canada. Dans le cadre de notre engagement continu en faveur de l&rsquo;inclusion et de la repr\u00e9sentation des Autochtones au sein de l\u2019organisation, nous nous effor\u00e7ons d&rsquo;augmenter le nombre d&#8217;employ\u00e9s autochtones au sein de notre organisation. Plus de 60 % des employ\u00e9s de l\u2019AFPN sont d&rsquo;origine autochtone et l\u2019AFPN est fi\u00e8re de favoriser une main-d&rsquo;\u0153uvre diversifi\u00e9e et \u00e9quilibr\u00e9e entre les genres.<\/p>\n\n\n\n<p>Si vous \u00eates un candidat autochtone, nous vous encourageons \u00e0 vous identifier comme tel lors de votre candidature.<\/p>\n\n\n\n<p>Situ\u00e9 dans la<strong> Premi\u00e8re Nation de Westbank<\/strong>, sur le magnifique territoire Okanagan Syilx, le si\u00e8ge social de l\u2019Administration financi\u00e8re des Premi\u00e8res Nations offre un espace de travail alliant culture, confort et technologie de pointe.<\/p>\n\n\n<div class=\"row cntBlock faqBlock bgOverlayWhite\" id=\"faqBlock-block_1211d4b1e49fd111c879523ae2c70655\" style=\"z-index:0\">\n\t\t<div class=\"col-12\">\n\t\t\t\t\n\t\t<div class=\"faqItems\">\n\t\t\t\t\t<div class=\"faqItem\">\n\t\t\t\t<div class=\"faqQuestion\">Nos bureaux offrent <i class=\"faqIcon icon-plus-circle\"><\/i><\/div>\n\t\t\t\t<div class=\"faqAnswer\"><ul>\n<li>Un design inspir\u00e9 des Premi\u00e8res Nations mettant en valeur les th\u00e8mes et le travail de plusieurs artistes talentueux issus des Premi\u00e8res Nations;<\/li>\n<li>Des bureaux ergonomiques et auto-ajustables pour passer sans effort de la position assise \u00e0 la position debout;<\/li>\n<li>Deux grands \u00e9crans sur des bras r\u00e9glables pour maximiser la productivit\u00e9 et r\u00e9duire la fatigue.<\/li>\n<li>Des \u00e9couteurs haut de gamme pour un son clair lors des r\u00e9unions virtuelles;<\/li>\n<li>Des ordinateurs portables pour des options de travail \u00e0 domicile flexibles, vous offrant la libert\u00e9 de rester connect\u00e9 o\u00f9 que vous soyez;<\/li>\n<li>Une cuisine enti\u00e8rement \u00e9quip\u00e9e pour vous permettre de vous ressourcer et de discuter avec vos coll\u00e8gues;<\/li>\n<li>Un environnement moderne et organis\u00e9 qui favorise la collaboration et la cr\u00e9ativit\u00e9<\/li>\n<\/ul>\n<\/div>\n\t\t\t<\/div>\n\t\t\t\t\t<div class=\"faqItem\">\n\t\t\t\t<div class=\"faqQuestion\">L\u2019AFPN s&rsquo;assure que nos employ\u00e9s qui travaillent \u00e0 distance disposent d\u2019\u00e9quipements complets <i class=\"faqIcon icon-plus-circle\"><\/i><\/div>\n\t\t\t\t<div class=\"faqAnswer\"><ul>\n<li>Ordinateurs portables;<\/li>\n<li>Clavier et souris externes;<\/li>\n<li>Jusqu&rsquo;\u00e0 deux \u00e9crans;<\/li>\n<li>Casques d\u2019\u00e9coute haut de gamme pour une communication fluide et une productivit\u00e9 optimale;<\/li>\n<li>D\u00e9placements pour assister \u00e0 des \u00e9v\u00e9nements majeurs, des ateliers de consolidation d&rsquo;\u00e9quipe et des visites annuelles dans les bureaux de FNFA<\/li>\n<\/ul>\n<\/div>\n\t\t\t<\/div>\n\t\t\t\t<\/div>\t\t\n\t\t\t<\/div>\t\n<\/div>\n\n\n<div class=\"province-links-wrapper\">\n  <strong>Liens rapides vers les carri\u00e8res<\/strong>\n  <div class=\"province-links\">\n<a href=\"https:\/\/fnfa.ca\/fr\/notre-culture-nos-valeurs\/\">Notre culture, nos valeurs<\/a>\n<a href=\"https:\/\/fnfa.ca\/fr\/pourquoi-rejoindre-lafpn\/\" class=\"current\">Pourquoi rejoindre l\u2019AFPN<\/a>\n<a href=\"https:\/\/fnfa.ca\/fr\/temoignages-employes\/\">T\u00e9moignages d\u2019employ\u00e9s<\/a>\n<a href=\"https:\/\/fnfa.ca\/fr\/careers\/\">Opportunit\u00e9s de carri\u00e8re<\/a>\n  <\/div>\n<\/div>\n","protected":false},"excerpt":{"rendered":"<p>Donnez du pouvoir aux communaut\u00e9s. Transformez votre carri\u00e8re. L\u2019AFPN s&rsquo;engage \u00e0 cr\u00e9er un lieu de travail \u00e9quitable, inclusif et qui donne la priorit\u00e9 \u00e0 la sant\u00e9 mentale et au mieux-\u00eatre de tous ses employ\u00e9s. L\u2019AFPN s&rsquo;engage \u00e0 cr\u00e9er un environnement de travail positif, con\u00e7u pour promouvoir le mieux-\u00eatre holistique, tant sur le plan physique, \u00e9motionnel, [&hellip;]<\/p>\n","protected":false},"author":1,"featured_media":0,"parent":0,"menu_order":0,"comment_status":"closed","ping_status":"closed","template":"","meta":{"_acf_changed":false,"episode_type":"","audio_file":"","podmotor_file_id":"","podmotor_episode_id":"","cover_image":"","cover_image_id":"","duration":"","filesize":"","filesize_raw":"","date_recorded":"","explicit":"","block":"","itunes_episode_number":"","itunes_title":"","itunes_season_number":"","itunes_episode_type":"","footnotes":""},"class_list":["post-14014","page","type-page","status-publish","hentry"],"acf":{"tagline":"","title_replace":"","banner_image":{"ID":13864,"id":13864,"title":"fnfa-future-projects","filename":"fnfa-future-projects.webp","filesize":127536,"url":"https:\/\/fnfa.ca\/wp-content\/uploads\/2026\/01\/fnfa-future-projects.webp","link":"https:\/\/fnfa.ca\/fr\/projects\/fnfa-future-projects\/","alt":"","author":"1","description":"","caption":"","name":"fnfa-future-projects","status":"inherit","uploaded_to":88,"date":"2026-01-29 20:53:19","modified":"2026-01-29 20:53:19","menu_order":0,"mime_type":"image\/webp","type":"image","subtype":"webp","icon":"https:\/\/fnfa.ca\/wp-includes\/images\/media\/default.png","width":1920,"height":750,"sizes":{"thumbnail":"https:\/\/fnfa.ca\/wp-content\/uploads\/2026\/01\/fnfa-future-projects-150x150.webp","thumbnail-width":150,"thumbnail-height":150,"medium":"https:\/\/fnfa.ca\/wp-content\/uploads\/2026\/01\/fnfa-future-projects-300x117.webp","medium-width":300,"medium-height":117,"medium_large":"https:\/\/fnfa.ca\/wp-content\/uploads\/2026\/01\/fnfa-future-projects-768x300.webp","medium_large-width":640,"medium_large-height":250,"large":"https:\/\/fnfa.ca\/wp-content\/uploads\/2026\/01\/fnfa-future-projects-1024x400.webp","large-width":640,"large-height":250,"1536x1536":"https:\/\/fnfa.ca\/wp-content\/uploads\/2026\/01\/fnfa-future-projects-1536x600.webp","1536x1536-width":1536,"1536x1536-height":600,"2048x2048":"https:\/\/fnfa.ca\/wp-content\/uploads\/2026\/01\/fnfa-future-projects.webp","2048x2048-width":1920,"2048x2048-height":750}},"header_background_color":""},"yoast_head":"<!-- This site is optimized with the Yoast SEO plugin v27.3 - https:\/\/yoast.com\/product\/yoast-seo-wordpress\/ -->\n<title>Pourquoi rejoindre l\u2019AFPN - FNFA<\/title>\n<meta name=\"robots\" content=\"index, follow, max-snippet:-1, max-image-preview:large, max-video-preview:-1\" \/>\n<link rel=\"canonical\" href=\"https:\/\/fnfa.ca\/fr\/pourquoi-rejoindre-lafpn\/\" \/>\n<meta property=\"og:locale\" content=\"fr_FR\" \/>\n<meta property=\"og:type\" content=\"article\" \/>\n<meta property=\"og:title\" content=\"Pourquoi rejoindre l\u2019AFPN - FNFA\" \/>\n<meta property=\"og:description\" content=\"Donnez du pouvoir aux communaut\u00e9s. Transformez votre carri\u00e8re. L\u2019AFPN s&rsquo;engage \u00e0 cr\u00e9er un lieu de travail \u00e9quitable, inclusif et qui donne la priorit\u00e9 \u00e0 la sant\u00e9 mentale et au mieux-\u00eatre de tous ses employ\u00e9s. L\u2019AFPN s&rsquo;engage \u00e0 cr\u00e9er un environnement de travail positif, con\u00e7u pour promouvoir le mieux-\u00eatre holistique, tant sur le plan physique, \u00e9motionnel, [&hellip;]\" \/>\n<meta property=\"og:url\" content=\"https:\/\/fnfa.ca\/fr\/pourquoi-rejoindre-lafpn\/\" \/>\n<meta property=\"og:site_name\" content=\"FNFA\" \/>\n<meta property=\"article:publisher\" content=\"https:\/\/www.facebook.com\/theFNFA\/\" \/>\n<meta property=\"article:modified_time\" content=\"2026-02-05T21:35:38+00:00\" \/>\n<meta property=\"og:image\" content=\"https:\/\/fnfa.ca\/wp-content\/uploads\/2026\/02\/fnfa-logo.webp\" \/>\n\t<meta property=\"og:image:width\" content=\"1500\" \/>\n\t<meta property=\"og:image:height\" content=\"1500\" \/>\n\t<meta property=\"og:image:type\" content=\"image\/webp\" \/>\n<meta name=\"twitter:card\" content=\"summary_large_image\" \/>\n<meta name=\"twitter:label1\" content=\"Dur\u00e9e de lecture estim\u00e9e\" \/>\n\t<meta name=\"twitter:data1\" content=\"2 minutes\" \/>\n<script type=\"application\/ld+json\" class=\"yoast-schema-graph\">{\"@context\":\"https:\\\/\\\/schema.org\",\"@graph\":[{\"@type\":\"WebPage\",\"@id\":\"https:\\\/\\\/fnfa.ca\\\/fr\\\/pourquoi-rejoindre-lafpn\\\/\",\"url\":\"https:\\\/\\\/fnfa.ca\\\/fr\\\/pourquoi-rejoindre-lafpn\\\/\",\"name\":\"Pourquoi rejoindre l\u2019AFPN - FNFA\",\"isPartOf\":{\"@id\":\"https:\\\/\\\/fnfa.ca\\\/fr\\\/#website\"},\"primaryImageOfPage\":{\"@id\":\"https:\\\/\\\/fnfa.ca\\\/fr\\\/pourquoi-rejoindre-lafpn\\\/#primaryimage\"},\"image\":{\"@id\":\"https:\\\/\\\/fnfa.ca\\\/fr\\\/pourquoi-rejoindre-lafpn\\\/#primaryimage\"},\"thumbnailUrl\":\"https:\\\/\\\/fnfa.ca\\\/wp-content\\\/uploads\\\/2026\\\/01\\\/DSC03554-1024x682.webp\",\"datePublished\":\"2025-12-11T23:47:27+00:00\",\"dateModified\":\"2026-02-05T21:35:38+00:00\",\"breadcrumb\":{\"@id\":\"https:\\\/\\\/fnfa.ca\\\/fr\\\/pourquoi-rejoindre-lafpn\\\/#breadcrumb\"},\"inLanguage\":\"fr-FR\",\"potentialAction\":[{\"@type\":\"ReadAction\",\"target\":[\"https:\\\/\\\/fnfa.ca\\\/fr\\\/pourquoi-rejoindre-lafpn\\\/\"]}]},{\"@type\":\"ImageObject\",\"inLanguage\":\"fr-FR\",\"@id\":\"https:\\\/\\\/fnfa.ca\\\/fr\\\/pourquoi-rejoindre-lafpn\\\/#primaryimage\",\"url\":\"https:\\\/\\\/fnfa.ca\\\/wp-content\\\/uploads\\\/2026\\\/01\\\/DSC03554-1024x682.webp\",\"contentUrl\":\"https:\\\/\\\/fnfa.ca\\\/wp-content\\\/uploads\\\/2026\\\/01\\\/DSC03554-1024x682.webp\"},{\"@type\":\"BreadcrumbList\",\"@id\":\"https:\\\/\\\/fnfa.ca\\\/fr\\\/pourquoi-rejoindre-lafpn\\\/#breadcrumb\",\"itemListElement\":[{\"@type\":\"ListItem\",\"position\":1,\"name\":\"Home\",\"item\":\"https:\\\/\\\/fnfa.ca\\\/fr\\\/\"},{\"@type\":\"ListItem\",\"position\":2,\"name\":\"Pourquoi rejoindre l\u2019AFPN\"}]},{\"@type\":\"WebSite\",\"@id\":\"https:\\\/\\\/fnfa.ca\\\/fr\\\/#website\",\"url\":\"https:\\\/\\\/fnfa.ca\\\/fr\\\/\",\"name\":\"FNFA\",\"description\":\"First Nations Finance Authority\",\"publisher\":{\"@id\":\"https:\\\/\\\/fnfa.ca\\\/fr\\\/#organization\"},\"potentialAction\":[{\"@type\":\"SearchAction\",\"target\":{\"@type\":\"EntryPoint\",\"urlTemplate\":\"https:\\\/\\\/fnfa.ca\\\/fr\\\/?s={search_term_string}\"},\"query-input\":{\"@type\":\"PropertyValueSpecification\",\"valueRequired\":true,\"valueName\":\"search_term_string\"}}],\"inLanguage\":\"fr-FR\"},{\"@type\":\"Organization\",\"@id\":\"https:\\\/\\\/fnfa.ca\\\/fr\\\/#organization\",\"name\":\"First Nations Finance Authority\",\"alternateName\":\"FNFA\",\"url\":\"https:\\\/\\\/fnfa.ca\\\/fr\\\/\",\"logo\":{\"@type\":\"ImageObject\",\"inLanguage\":\"fr-FR\",\"@id\":\"https:\\\/\\\/fnfa.ca\\\/fr\\\/#\\\/schema\\\/logo\\\/image\\\/\",\"url\":\"https:\\\/\\\/fnfa.ca\\\/wp-content\\\/uploads\\\/2026\\\/02\\\/fnfa-logo.webp\",\"contentUrl\":\"https:\\\/\\\/fnfa.ca\\\/wp-content\\\/uploads\\\/2026\\\/02\\\/fnfa-logo.webp\",\"width\":1500,\"height\":1500,\"caption\":\"First Nations Finance Authority\"},\"image\":{\"@id\":\"https:\\\/\\\/fnfa.ca\\\/fr\\\/#\\\/schema\\\/logo\\\/image\\\/\"},\"sameAs\":[\"https:\\\/\\\/www.facebook.com\\\/theFNFA\\\/\"]}]}<\/script>\n<!-- \/ Yoast SEO plugin. -->","yoast_head_json":{"title":"Pourquoi rejoindre l\u2019AFPN - FNFA","robots":{"index":"index","follow":"follow","max-snippet":"max-snippet:-1","max-image-preview":"max-image-preview:large","max-video-preview":"max-video-preview:-1"},"canonical":"https:\/\/fnfa.ca\/fr\/pourquoi-rejoindre-lafpn\/","og_locale":"fr_FR","og_type":"article","og_title":"Pourquoi rejoindre l\u2019AFPN - FNFA","og_description":"Donnez du pouvoir aux communaut\u00e9s. Transformez votre carri\u00e8re. L\u2019AFPN s&rsquo;engage \u00e0 cr\u00e9er un lieu de travail \u00e9quitable, inclusif et qui donne la priorit\u00e9 \u00e0 la sant\u00e9 mentale et au mieux-\u00eatre de tous ses employ\u00e9s. L\u2019AFPN s&rsquo;engage \u00e0 cr\u00e9er un environnement de travail positif, con\u00e7u pour promouvoir le mieux-\u00eatre holistique, tant sur le plan physique, \u00e9motionnel, [&hellip;]","og_url":"https:\/\/fnfa.ca\/fr\/pourquoi-rejoindre-lafpn\/","og_site_name":"FNFA","article_publisher":"https:\/\/www.facebook.com\/theFNFA\/","article_modified_time":"2026-02-05T21:35:38+00:00","og_image":[{"width":1500,"height":1500,"url":"https:\/\/fnfa.ca\/wp-content\/uploads\/2026\/02\/fnfa-logo.webp","type":"image\/webp"}],"twitter_card":"summary_large_image","twitter_misc":{"Dur\u00e9e de lecture estim\u00e9e":"2 minutes"},"schema":{"@context":"https:\/\/schema.org","@graph":[{"@type":"WebPage","@id":"https:\/\/fnfa.ca\/fr\/pourquoi-rejoindre-lafpn\/","url":"https:\/\/fnfa.ca\/fr\/pourquoi-rejoindre-lafpn\/","name":"Pourquoi rejoindre l\u2019AFPN - FNFA","isPartOf":{"@id":"https:\/\/fnfa.ca\/fr\/#website"},"primaryImageOfPage":{"@id":"https:\/\/fnfa.ca\/fr\/pourquoi-rejoindre-lafpn\/#primaryimage"},"image":{"@id":"https:\/\/fnfa.ca\/fr\/pourquoi-rejoindre-lafpn\/#primaryimage"},"thumbnailUrl":"https:\/\/fnfa.ca\/wp-content\/uploads\/2026\/01\/DSC03554-1024x682.webp","datePublished":"2025-12-11T23:47:27+00:00","dateModified":"2026-02-05T21:35:38+00:00","breadcrumb":{"@id":"https:\/\/fnfa.ca\/fr\/pourquoi-rejoindre-lafpn\/#breadcrumb"},"inLanguage":"fr-FR","potentialAction":[{"@type":"ReadAction","target":["https:\/\/fnfa.ca\/fr\/pourquoi-rejoindre-lafpn\/"]}]},{"@type":"ImageObject","inLanguage":"fr-FR","@id":"https:\/\/fnfa.ca\/fr\/pourquoi-rejoindre-lafpn\/#primaryimage","url":"https:\/\/fnfa.ca\/wp-content\/uploads\/2026\/01\/DSC03554-1024x682.webp","contentUrl":"https:\/\/fnfa.ca\/wp-content\/uploads\/2026\/01\/DSC03554-1024x682.webp"},{"@type":"BreadcrumbList","@id":"https:\/\/fnfa.ca\/fr\/pourquoi-rejoindre-lafpn\/#breadcrumb","itemListElement":[{"@type":"ListItem","position":1,"name":"Home","item":"https:\/\/fnfa.ca\/fr\/"},{"@type":"ListItem","position":2,"name":"Pourquoi rejoindre l\u2019AFPN"}]},{"@type":"WebSite","@id":"https:\/\/fnfa.ca\/fr\/#website","url":"https:\/\/fnfa.ca\/fr\/","name":"FNFA","description":"First Nations Finance Authority","publisher":{"@id":"https:\/\/fnfa.ca\/fr\/#organization"},"potentialAction":[{"@type":"SearchAction","target":{"@type":"EntryPoint","urlTemplate":"https:\/\/fnfa.ca\/fr\/?s={search_term_string}"},"query-input":{"@type":"PropertyValueSpecification","valueRequired":true,"valueName":"search_term_string"}}],"inLanguage":"fr-FR"},{"@type":"Organization","@id":"https:\/\/fnfa.ca\/fr\/#organization","name":"First Nations Finance Authority","alternateName":"FNFA","url":"https:\/\/fnfa.ca\/fr\/","logo":{"@type":"ImageObject","inLanguage":"fr-FR","@id":"https:\/\/fnfa.ca\/fr\/#\/schema\/logo\/image\/","url":"https:\/\/fnfa.ca\/wp-content\/uploads\/2026\/02\/fnfa-logo.webp","contentUrl":"https:\/\/fnfa.ca\/wp-content\/uploads\/2026\/02\/fnfa-logo.webp","width":1500,"height":1500,"caption":"First Nations Finance Authority"},"image":{"@id":"https:\/\/fnfa.ca\/fr\/#\/schema\/logo\/image\/"},"sameAs":["https:\/\/www.facebook.com\/theFNFA\/"]}]}},"_links":{"self":[{"href":"https:\/\/fnfa.ca\/fr\/wp-json\/wp\/v2\/pages\/14014","targetHints":{"allow":["GET"]}}],"collection":[{"href":"https:\/\/fnfa.ca\/fr\/wp-json\/wp\/v2\/pages"}],"about":[{"href":"https:\/\/fnfa.ca\/fr\/wp-json\/wp\/v2\/types\/page"}],"author":[{"embeddable":true,"href":"https:\/\/fnfa.ca\/fr\/wp-json\/wp\/v2\/users\/1"}],"replies":[{"embeddable":true,"href":"https:\/\/fnfa.ca\/fr\/wp-json\/wp\/v2\/comments?post=14014"}],"version-history":[{"count":3,"href":"https:\/\/fnfa.ca\/fr\/wp-json\/wp\/v2\/pages\/14014\/revisions"}],"predecessor-version":[{"id":14032,"href":"https:\/\/fnfa.ca\/fr\/wp-json\/wp\/v2\/pages\/14014\/revisions\/14032"}],"wp:attachment":[{"href":"https:\/\/fnfa.ca\/fr\/wp-json\/wp\/v2\/media?parent=14014"}],"curies":[{"name":"wp","href":"https:\/\/api.w.org\/{rel}","templated":true}]}}