{"id":1943,"date":"2020-02-27T16:24:16","date_gmt":"2020-02-27T16:24:16","guid":{"rendered":"https:\/\/www.fnfa.dev4.oracastdev.com\/?page_id=1943"},"modified":"2026-03-11T06:18:13","modified_gmt":"2026-03-11T13:18:13","slug":"prestations-de-service","status":"publish","type":"page","link":"https:\/\/fnfa.ca\/fr\/qui-sommes-nous\/prestations-de-service\/","title":{"rendered":"Services"},"content":{"rendered":"<div class=\"row cntBlock stackblock\" id=\"stackblock-block_edfbc7cced9f0cb876f94f60eae27203\">\n\t<div class=\"col-12 col-lg-5 offset-lg-1 order-1 order-lg-2\">\n\t\t<div class=\"stackImg\">\n\t\t\t<img decoding=\"async\" src=\"https:\/\/fnfa.ca\/wp-content\/uploads\/2020\/03\/flat-totem.jpg\" alt=\"\" \/>\n\t\t<\/div>\n\t<\/div>\n\t<div class=\"col-12 col-lg-6 order-2 order-lg-1\">\n\t\t<h3><\/h3>\n\t\t<p><strong>LA FNFA travaille pour les communaut\u00e9s des Premi\u00e8res Nations<\/strong> du Canada afin d\u2019offrir un financement de style gouvernemental en acc\u00e9dant les march\u00e9s financiers. Notre objectif est de cr\u00e9er des occasions pour les Premi\u00e8res Nations de montrer la voie aux g\u00e9n\u00e9rations \u00e0 venir.<\/p>\n<p><strong>La FNFA en chiffres au 28 f\u00e9vrier 2026<\/strong><\/p>\n<ul>\n<li>194 membres forts<\/li>\n<li>$4,27 milliards de dollars en projets \u00e0 l\u2019\u00e9chelle du Canada<\/li>\n<li>41,104 emplois cr\u00e9\u00e9s par les Premi\u00e8res Nations qui ont investi dans leurs communaut\u00e9s<\/li>\n<li>14 \u00e9missions d&rsquo;obligations depuis 2014<\/li>\n<li>Dur\u00e9e du pr\u00eat jusqu\u2019\u00e0 30\u00a0ans<\/li>\n<li>38 membres du personnel qui travaillent pour vous<\/li>\n<li>1 si\u00e8ge social et 17 bureaux satellites<\/li>\n<\/ul>\n\t\t\t\t\t<a href=\"https:\/\/fnfa.ca\/wp-content\/uploads\/2026\/01\/LoanPortfolioUpdate_12_Dec31_2025_FR_web.pdf\" target=\"_blank\" class=\"btn\" style=\"background:#14A5A1\">Mise \u00e0 jour du portefeuille de pr\u00eats &#8211; D\u00e9c. 2025<\/a>\n\t\t\t<\/div>\n<\/div>\n\n\n<div class=\"row cntBlock circleCol\" id=\"circleCol-block_2b53f34a1e4d7dfe063a0bee31c95984\">\n    <div class=\"col-12 text-center mb1r\">\n    <h3>Liens rapides pour les Premi\u00e8res Nations<\/h3>\n  <\/div>\n      <div class=\"col-12 colFlex\">\n    \t      <div class=\"qlItem\">\n\t  \t\t<a href=\"https:\/\/fnfa.ca\/fr\/pour-les-premieres-nations\/financement\/fnfa-mecanisme-demprunt\/\" >\n\t        <div class=\"qlCircle\"  style=\"background:#c18731\" >\n        <div class=\"qlCnt\">\n                    <div class=\"qlTtl\">M\u00e9canisme d\u2019emprunt de FNFA<\/div>\n        <\/div>\n      <\/div>\n\t  \t\t<\/a>\n\t      <\/div>\n    \t      <div class=\"qlItem\">\n\t  \t\t<a href=\"https:\/\/fnfa.ca\/fr\/pour-les-premieres-nations\/financement\/sources-de-revenus-admissibles\/\" >\n\t        <div class=\"qlCircle\"  style=\"background:#355027\" >\n        <div class=\"qlCnt\">\n                    <div class=\"qlTtl\">Revenus et projets admissibles<\/div>\n        <\/div>\n      <\/div>\n\t  \t\t<\/a>\n\t      <\/div>\n    \t      <div class=\"qlItem\">\n\t  \t\t<a href=\"https:\/\/fnfa.ca\/fr\/pour-les-premieres-nations\/financement\/documents-demprunt-et-bcrs\/\" >\n\t        <div class=\"qlCircle\"  style=\"background:#113660\" >\n        <div class=\"qlCnt\">\n                    <div class=\"qlTtl\">Par o\u00f9 commencer pour le financement?<\/div>\n        <\/div>\n      <\/div>\n\t  \t\t<\/a>\n\t      <\/div>\n    \t      <div class=\"qlItem\">\n\t  \t\t<a href=\"https:\/\/fnfa.ca\/fr\/pour-les-premieres-nations\/investissement\/\" >\n\t        <div class=\"qlCircle\"  style=\"background:#682c75\" >\n        <div class=\"qlCnt\">\n                    <div class=\"qlTtl\">Aper\u00e7u &#8211; Investissement<\/div>\n        <\/div>\n      <\/div>\n\t  \t\t<\/a>\n\t      <\/div>\n    \t      <div class=\"qlItem\">\n\t  \t\t<a href=\"https:\/\/fnfa.ca\/fr\/pour-les-premieres-nations\/investissement\/par-ou-commencer\/\" >\n\t        <div class=\"qlCircle\"  style=\"background:#9a1c1f\" >\n        <div class=\"qlCnt\">\n                    <div class=\"qlTtl\">Par o\u00f9 commencer pour investir?<\/div>\n        <\/div>\n      <\/div>\n\t  \t\t<\/a>\n\t      <\/div>\n      <\/div>\n  <\/div>\n\n\n<div class=\"row rowCenter cntBlock  colsplit\" id=\"colsplit-block_19a5b099cc5908fafa2cbfe39648544b\" style=\"z-index:0\">\n  <div class=\"col-12 col-lg-8 order-2\">\n    <h2><\/h2>\n    <h3><strong>La FNFA offre une multitude de services afin d\u2019aider les Premi\u00e8res Nations ayant des besoins financiers et d\u2019investissement<\/strong><\/h3>\n\t  <\/div>\n  <div class=\"col-12 col-lg-4 order-1\">\n\t  \t  <img decoding=\"async\" src=\"https:\/\/fnfa.ca\/wp-content\/uploads\/2020\/02\/shovel.jpg\" alt=\"\" \/>\n\t    <\/div>\n<\/div>\n\n<div class=\"row cntBlock col2block\" id=\"col2block-block_7c71ffbb079d34eb5a73e80a661974c6\">\n\t\t\t\t\t\t\t\t<div class=\"col-12 col-lg-6\">\n\t\t\t\t\t\t\t\t\t\t\t\t<p><strong><em>Les services de financement <\/em><\/strong>de la FNFA correspondent aux meilleures pratiques des autres ordres de gouvernement. Ces pratiques permettent \u00e0 chaque membre emprunteur de la FNFA d\u2019avoir acc\u00e8s \u00e0 des pr\u00eats \u00e0 taux provincial et municipal selon un \u00e9ch\u00e9ancier conforme \u00e0 ses priorit\u00e9s communautaires.<\/p>\n<p>Pour ce faire, l&rsquo;\u00e9quipe de la FNFA travaille avec chaque membre emprunteur pour s\u2019assurer que son pouvoir d\u2019emprunt est maximis\u00e9 \u00e0 des niveaux s\u00e9curitaires. Chaque demande de pr\u00eat a une dur\u00e9e de remboursement qui convient le mieux \u00e0 son budget et les pr\u00eats sont disponibles en temps opportun.<\/p>\n\t\t\t\t\t\t\t<\/div>\n\t\t\t\t\t\t\t\t\t\t\t<div class=\"col-12 col-lg-6\">\n\t\t\t\t\t\t\t\t\t\t\t\t<p><em><strong>Les services d\u2019investissement<\/strong><\/em> de la FNFA fournissent aux gouvernements des Premi\u00e8res Nations des instruments de gestion de tr\u00e9sorerie s\u00e9curis\u00e9e, abordables et \u00e0 court terme con\u00e7us pour aider \u00e0 la planification et au financement de leurs immobilisations.<\/p>\n<p><em><strong>Les services consultatifs<\/strong><\/em> sont con\u00e7us pour aider les gouvernements et le personnel des Premi\u00e8res Nations \u00e0 planifier le financement des pr\u00eats dans le format qui convient le mieux \u00e0 leur budget.<\/p>\n\t\t\t\t\t\t\t<\/div>\n\t\t\t<\/div>\n","protected":false},"excerpt":{"rendered":"","protected":false},"author":1,"featured_media":0,"parent":752,"menu_order":0,"comment_status":"closed","ping_status":"closed","template":"","meta":{"_acf_changed":false,"episode_type":"","audio_file":"","podmotor_file_id":"","podmotor_episode_id":"","cover_image":"","cover_image_id":"","duration":"","filesize":"","filesize_raw":"","date_recorded":"","explicit":"","block":"","itunes_episode_number":"","itunes_title":"","itunes_season_number":"","itunes_episode_type":"","footnotes":""},"class_list":["post-1943","page","type-page","status-publish","hentry"],"acf":{"tagline":"","banner_image":{"ID":13439,"id":13439,"title":"SERVICES","filename":"SERVICES.webp","filesize":306056,"url":"https:\/\/fnfa.ca\/wp-content\/uploads\/2025\/12\/SERVICES.webp","link":"https:\/\/fnfa.ca\/fr\/qui-sommes-nous\/prestations-de-service\/services-2\/","alt":"","author":"2","description":"","caption":"","name":"services-2","status":"inherit","uploaded_to":1943,"date":"2025-12-17 21:07:40","modified":"2026-01-14 19:04:33","menu_order":0,"mime_type":"image\/webp","type":"image","subtype":"webp","icon":"https:\/\/fnfa.ca\/wp-includes\/images\/media\/default.png","width":2560,"height":1718,"sizes":{"thumbnail":"https:\/\/fnfa.ca\/wp-content\/uploads\/2025\/12\/SERVICES-150x150.webp","thumbnail-width":150,"thumbnail-height":150,"medium":"https:\/\/fnfa.ca\/wp-content\/uploads\/2025\/12\/SERVICES-300x201.webp","medium-width":300,"medium-height":201,"medium_large":"https:\/\/fnfa.ca\/wp-content\/uploads\/2025\/12\/SERVICES-768x515.webp","medium_large-width":640,"medium_large-height":429,"large":"https:\/\/fnfa.ca\/wp-content\/uploads\/2025\/12\/SERVICES-1024x687.webp","large-width":640,"large-height":429,"1536x1536":"https:\/\/fnfa.ca\/wp-content\/uploads\/2025\/12\/SERVICES-1536x1031.webp","1536x1536-width":1536,"1536x1536-height":1031,"2048x2048":"https:\/\/fnfa.ca\/wp-content\/uploads\/2025\/12\/SERVICES-2048x1374.webp","2048x2048-width":2048,"2048x2048-height":1374}},"header_background_color":"","title_replace":""},"yoast_head":"<!-- This site is optimized with the Yoast SEO plugin v27.4 - https:\/\/yoast.com\/product\/yoast-seo-wordpress\/ -->\n<title>Services - FNFA<\/title>\n<meta name=\"robots\" content=\"index, follow, max-snippet:-1, max-image-preview:large, max-video-preview:-1\" \/>\n<link rel=\"canonical\" href=\"https:\/\/fnfa.ca\/fr\/qui-sommes-nous\/prestations-de-service\/\" \/>\n<meta property=\"og:locale\" content=\"fr_FR\" \/>\n<meta property=\"og:type\" content=\"article\" \/>\n<meta property=\"og:title\" content=\"Services - FNFA\" \/>\n<meta property=\"og:url\" content=\"https:\/\/fnfa.ca\/fr\/qui-sommes-nous\/prestations-de-service\/\" \/>\n<meta property=\"og:site_name\" content=\"FNFA\" \/>\n<meta property=\"article:publisher\" content=\"https:\/\/www.facebook.com\/theFNFA\/\" \/>\n<meta property=\"article:modified_time\" content=\"2026-03-11T13:18:13+00:00\" \/>\n<meta property=\"og:image\" content=\"https:\/\/fnfa.ca\/wp-content\/uploads\/2026\/02\/fnfa-logo.webp\" \/>\n\t<meta property=\"og:image:width\" content=\"1500\" \/>\n\t<meta property=\"og:image:height\" content=\"1500\" \/>\n\t<meta property=\"og:image:type\" content=\"image\/webp\" \/>\n<meta name=\"twitter:card\" content=\"summary_large_image\" \/>\n<script type=\"application\/ld+json\" class=\"yoast-schema-graph\">{\"@context\":\"https:\\\/\\\/schema.org\",\"@graph\":[{\"@type\":\"WebPage\",\"@id\":\"https:\\\/\\\/fnfa.ca\\\/fr\\\/qui-sommes-nous\\\/prestations-de-service\\\/\",\"url\":\"https:\\\/\\\/fnfa.ca\\\/fr\\\/qui-sommes-nous\\\/prestations-de-service\\\/\",\"name\":\"Services - FNFA\",\"isPartOf\":{\"@id\":\"https:\\\/\\\/fnfa.ca\\\/fr\\\/#website\"},\"datePublished\":\"2020-02-27T16:24:16+00:00\",\"dateModified\":\"2026-03-11T13:18:13+00:00\",\"breadcrumb\":{\"@id\":\"https:\\\/\\\/fnfa.ca\\\/fr\\\/qui-sommes-nous\\\/prestations-de-service\\\/#breadcrumb\"},\"inLanguage\":\"fr-FR\",\"potentialAction\":[{\"@type\":\"ReadAction\",\"target\":[\"https:\\\/\\\/fnfa.ca\\\/fr\\\/qui-sommes-nous\\\/prestations-de-service\\\/\"]}]},{\"@type\":\"BreadcrumbList\",\"@id\":\"https:\\\/\\\/fnfa.ca\\\/fr\\\/qui-sommes-nous\\\/prestations-de-service\\\/#breadcrumb\",\"itemListElement\":[{\"@type\":\"ListItem\",\"position\":1,\"name\":\"Home\",\"item\":\"https:\\\/\\\/fnfa.ca\\\/fr\\\/\"},{\"@type\":\"ListItem\",\"position\":2,\"name\":\"\u00c0 propos de nous\",\"item\":\"https:\\\/\\\/fnfa.ca\\\/fr\\\/qui-sommes-nous\\\/\"},{\"@type\":\"ListItem\",\"position\":3,\"name\":\"Services\"}]},{\"@type\":\"WebSite\",\"@id\":\"https:\\\/\\\/fnfa.ca\\\/fr\\\/#website\",\"url\":\"https:\\\/\\\/fnfa.ca\\\/fr\\\/\",\"name\":\"FNFA\",\"description\":\"First Nations Finance Authority\",\"publisher\":{\"@id\":\"https:\\\/\\\/fnfa.ca\\\/fr\\\/#organization\"},\"potentialAction\":[{\"@type\":\"SearchAction\",\"target\":{\"@type\":\"EntryPoint\",\"urlTemplate\":\"https:\\\/\\\/fnfa.ca\\\/fr\\\/?s={search_term_string}\"},\"query-input\":{\"@type\":\"PropertyValueSpecification\",\"valueRequired\":true,\"valueName\":\"search_term_string\"}}],\"inLanguage\":\"fr-FR\"},{\"@type\":\"Organization\",\"@id\":\"https:\\\/\\\/fnfa.ca\\\/fr\\\/#organization\",\"name\":\"First Nations Finance Authority\",\"alternateName\":\"FNFA\",\"url\":\"https:\\\/\\\/fnfa.ca\\\/fr\\\/\",\"logo\":{\"@type\":\"ImageObject\",\"inLanguage\":\"fr-FR\",\"@id\":\"https:\\\/\\\/fnfa.ca\\\/fr\\\/#\\\/schema\\\/logo\\\/image\\\/\",\"url\":\"https:\\\/\\\/fnfa.ca\\\/wp-content\\\/uploads\\\/2026\\\/02\\\/fnfa-logo.webp\",\"contentUrl\":\"https:\\\/\\\/fnfa.ca\\\/wp-content\\\/uploads\\\/2026\\\/02\\\/fnfa-logo.webp\",\"width\":1500,\"height\":1500,\"caption\":\"First Nations Finance Authority\"},\"image\":{\"@id\":\"https:\\\/\\\/fnfa.ca\\\/fr\\\/#\\\/schema\\\/logo\\\/image\\\/\"},\"sameAs\":[\"https:\\\/\\\/www.facebook.com\\\/theFNFA\\\/\"]}]}<\/script>\n<!-- \/ Yoast SEO plugin. -->","yoast_head_json":{"title":"Services - FNFA","robots":{"index":"index","follow":"follow","max-snippet":"max-snippet:-1","max-image-preview":"max-image-preview:large","max-video-preview":"max-video-preview:-1"},"canonical":"https:\/\/fnfa.ca\/fr\/qui-sommes-nous\/prestations-de-service\/","og_locale":"fr_FR","og_type":"article","og_title":"Services - FNFA","og_url":"https:\/\/fnfa.ca\/fr\/qui-sommes-nous\/prestations-de-service\/","og_site_name":"FNFA","article_publisher":"https:\/\/www.facebook.com\/theFNFA\/","article_modified_time":"2026-03-11T13:18:13+00:00","og_image":[{"width":1500,"height":1500,"url":"https:\/\/fnfa.ca\/wp-content\/uploads\/2026\/02\/fnfa-logo.webp","type":"image\/webp"}],"twitter_card":"summary_large_image","schema":{"@context":"https:\/\/schema.org","@graph":[{"@type":"WebPage","@id":"https:\/\/fnfa.ca\/fr\/qui-sommes-nous\/prestations-de-service\/","url":"https:\/\/fnfa.ca\/fr\/qui-sommes-nous\/prestations-de-service\/","name":"Services - FNFA","isPartOf":{"@id":"https:\/\/fnfa.ca\/fr\/#website"},"datePublished":"2020-02-27T16:24:16+00:00","dateModified":"2026-03-11T13:18:13+00:00","breadcrumb":{"@id":"https:\/\/fnfa.ca\/fr\/qui-sommes-nous\/prestations-de-service\/#breadcrumb"},"inLanguage":"fr-FR","potentialAction":[{"@type":"ReadAction","target":["https:\/\/fnfa.ca\/fr\/qui-sommes-nous\/prestations-de-service\/"]}]},{"@type":"BreadcrumbList","@id":"https:\/\/fnfa.ca\/fr\/qui-sommes-nous\/prestations-de-service\/#breadcrumb","itemListElement":[{"@type":"ListItem","position":1,"name":"Home","item":"https:\/\/fnfa.ca\/fr\/"},{"@type":"ListItem","position":2,"name":"\u00c0 propos de nous","item":"https:\/\/fnfa.ca\/fr\/qui-sommes-nous\/"},{"@type":"ListItem","position":3,"name":"Services"}]},{"@type":"WebSite","@id":"https:\/\/fnfa.ca\/fr\/#website","url":"https:\/\/fnfa.ca\/fr\/","name":"FNFA","description":"First Nations Finance Authority","publisher":{"@id":"https:\/\/fnfa.ca\/fr\/#organization"},"potentialAction":[{"@type":"SearchAction","target":{"@type":"EntryPoint","urlTemplate":"https:\/\/fnfa.ca\/fr\/?s={search_term_string}"},"query-input":{"@type":"PropertyValueSpecification","valueRequired":true,"valueName":"search_term_string"}}],"inLanguage":"fr-FR"},{"@type":"Organization","@id":"https:\/\/fnfa.ca\/fr\/#organization","name":"First Nations Finance Authority","alternateName":"FNFA","url":"https:\/\/fnfa.ca\/fr\/","logo":{"@type":"ImageObject","inLanguage":"fr-FR","@id":"https:\/\/fnfa.ca\/fr\/#\/schema\/logo\/image\/","url":"https:\/\/fnfa.ca\/wp-content\/uploads\/2026\/02\/fnfa-logo.webp","contentUrl":"https:\/\/fnfa.ca\/wp-content\/uploads\/2026\/02\/fnfa-logo.webp","width":1500,"height":1500,"caption":"First Nations Finance Authority"},"image":{"@id":"https:\/\/fnfa.ca\/fr\/#\/schema\/logo\/image\/"},"sameAs":["https:\/\/www.facebook.com\/theFNFA\/"]}]}},"_links":{"self":[{"href":"https:\/\/fnfa.ca\/fr\/wp-json\/wp\/v2\/pages\/1943","targetHints":{"allow":["GET"]}}],"collection":[{"href":"https:\/\/fnfa.ca\/fr\/wp-json\/wp\/v2\/pages"}],"about":[{"href":"https:\/\/fnfa.ca\/fr\/wp-json\/wp\/v2\/types\/page"}],"author":[{"embeddable":true,"href":"https:\/\/fnfa.ca\/fr\/wp-json\/wp\/v2\/users\/1"}],"replies":[{"embeddable":true,"href":"https:\/\/fnfa.ca\/fr\/wp-json\/wp\/v2\/comments?post=1943"}],"version-history":[{"count":21,"href":"https:\/\/fnfa.ca\/fr\/wp-json\/wp\/v2\/pages\/1943\/revisions"}],"predecessor-version":[{"id":14255,"href":"https:\/\/fnfa.ca\/fr\/wp-json\/wp\/v2\/pages\/1943\/revisions\/14255"}],"up":[{"embeddable":true,"href":"https:\/\/fnfa.ca\/fr\/wp-json\/wp\/v2\/pages\/752"}],"wp:attachment":[{"href":"https:\/\/fnfa.ca\/fr\/wp-json\/wp\/v2\/media?parent=1943"}],"curies":[{"name":"wp","href":"https:\/\/api.w.org\/{rel}","templated":true}]}}