{"id":2040,"date":"2020-02-27T22:23:02","date_gmt":"2020-02-27T22:23:02","guid":{"rendered":"https:\/\/www.fnfa.dev4.oracastdev.com\/?page_id=2040"},"modified":"2024-01-19T16:53:34","modified_gmt":"2024-01-19T16:53:34","slug":"pour-les-investisseurs-et-les-detenteurs-dobligations","status":"publish","type":"page","link":"https:\/\/fnfa.ca\/fr\/pour-les-investisseurs-et-les-detenteurs-dobligations\/","title":{"rendered":"Pour les investisseurs et les d\u00e9tenteurs d\u2019obligations"},"content":{"rendered":"<div class=\"row cntBlock circleCol\" id=\"circleCol-block_619679c9232be78e6364786e79d0f05f\">\n    <div class=\"col-12 text-center mb1r\">\n    <h3>Liens rapides pour les investisseurs<\/h3>\n  <\/div>\n      <div class=\"col-12 colFlex\">\n    \t      <div class=\"qlItem\">\n\t        <div class=\"qlCircle\"  style=\"background:#c18731\" >\n        <div class=\"qlCnt\">\n                    <div class=\"qlTtl\">L\u00e9gislation li\u00e9e \u00e0 FNFA<\/div>\n        <\/div>\n      <\/div>\n\t      <\/div>\n    \t      <div class=\"qlItem\">\n\t  \t\t<a href=\"https:\/\/fnfa.ca\/wp-content\/uploads\/2020\/02\/FNFA-INVESTOR-PRESENTATION-2020-WIDE-FORMAT.pdf\" target=\"_blank\">\n\t        <div class=\"qlCircle\"  style=\"background:#355027\" >\n        <div class=\"qlCnt\">\n                    <div class=\"qlTtl\">Pr\u00e9sentation aux investisseurs<\/div>\n        <\/div>\n      <\/div>\n\t  \t\t<\/a>\n\t      <\/div>\n    \t      <div class=\"qlItem\">\n\t  \t\t<a href=\"https:\/\/fnfa.ca\/fr\/pour-les-investisseurs-et-les-detenteurs-dobligations\/bonds\/historique-de-la-cote-de-credit\/\" >\n\t        <div class=\"qlCircle\"  style=\"background:#113660\" >\n        <div class=\"qlCnt\">\n                    <div class=\"qlTtl\">Historique de la cote de cr\u00e9dit<\/div>\n        <\/div>\n      <\/div>\n\t  \t\t<\/a>\n\t      <\/div>\n    \t      <div class=\"qlItem\">\n\t  \t\t<a href=\"https:\/\/fnfa.ca\/fr\/pour-les-investisseurs-et-les-detenteurs-dobligations\/bonds\/debenture-issuances\/\" >\n\t        <div class=\"qlCircle\"  style=\"background:#682c75\" >\n        <div class=\"qlCnt\">\n                    <div class=\"qlTtl\">\u00c9missions de d\u00e9bentures<\/div>\n        <\/div>\n      <\/div>\n\t  \t\t<\/a>\n\t      <\/div>\n    \t      <div class=\"qlItem\">\n\t        <div class=\"qlCircle\"  style=\"background:#9a1c1f\" >\n        <div class=\"qlCnt\">\n                    <div class=\"qlTtl\">Rapport annuel<\/div>\n        <\/div>\n      <\/div>\n\t      <\/div>\n      <\/div>\n  <\/div>\n\n\n<div class=\"row cntBlock stackblock\" id=\"stackblock-block_0d89db0efc2fddc8c836ddd538efdd5d\">\n\t<div class=\"col-12 col-lg-5 offset-lg-1 order-1 order-lg-2\">\n\t\t<div class=\"stackImg\">\n\t\t\t<img decoding=\"async\" src=\"https:\/\/fnfa.ca\/wp-content\/uploads\/2020\/02\/rattle.jpg\" alt=\"\" \/>\n\t\t<\/div>\n\t<\/div>\n\t<div class=\"col-12 col-lg-6 order-2 order-lg-1\">\n\t\t<h3><\/h3>\n\t\t<p><strong>La FNFA est une institution cr\u00e9\u00e9e en vertu de la LGFPN <\/strong>(<em><a href=\"https:\/\/lois-laws.justice.gc.ca\/fra\/lois\/F-11.67\/\">Loi sur la gestion financi\u00e8re des Premi\u00e8res Nations<\/a><\/em>). Cette loi d\u00e9crit les processus suivis par les Premi\u00e8res Nations pour devenir membre de la FNFA et les \u00e9tapes volontaires pour les Premi\u00e8res Nations qui souhaitent \u00e9tablir un r\u00e9gime d\u2019imp\u00f4t foncier pour taxer les particuliers et les entreprises non autochtones qui vivent et op\u00e8rent sur des terres des Premi\u00e8res Nations. Aucun pr\u00eat financ\u00e9 par l\u2019imp\u00f4t foncier n\u2019est actuellement dans les obligations de la FNFA.<\/p>\n\t\t\t<\/div>\n<\/div>\n\n\n<div class=\"row cntBlock stackblock\" id=\"stackblock-block_61597169a10dfb5eac95cf1a793ce39d\">\n\t<div class=\"col-12 col-lg-5 order-1\">\n\t\t<div class=\"stackImg\">\n\t\t\t<img decoding=\"async\" src=\"https:\/\/fnfa.ca\/wp-content\/uploads\/2020\/02\/eligible-revenue-projects1.jpg\" alt=\"\" \/>\n\t\t<\/div>\n\t<\/div>\n\t<div class=\"col-12 col-lg-6 offset-lg-1 order-2\">\n\t\t<h3><\/h3>\n\t\t<p><strong>La LGFPN a \u00e9t\u00e9 modifi\u00e9e <\/strong>par un r\u00e8glement, le <em>R\u00e8glement sur le financement garanti par d\u2019autres recettes<\/em>. Ce r\u00e8glement d\u00e9crit les processus et les garanties que les Premi\u00e8res Nations doivent suivre pour demander \u00e0 la fois l\u2019adh\u00e9sion \u00e0 la FNFA et les pr\u00eats de la FNFA. Ces pr\u00eats sont garantis par les revenus autonomes des Premi\u00e8res Nations. Ces revenus peuvent provenir d\u2019ententes de partage des revenus avec les gouvernements f\u00e9d\u00e9raux et provinciaux, de prises de participation et d\u2019entreprises commerciales et de contrats. Toutes les d\u00e9bentures de la FNFA sont soutenues par ces revenus autonomes.<\/p>\n\t\t\t<\/div>\n<\/div>\n","protected":false},"excerpt":{"rendered":"","protected":false},"author":2,"featured_media":0,"parent":0,"menu_order":0,"comment_status":"closed","ping_status":"closed","template":"","meta":{"_acf_changed":false,"episode_type":"","audio_file":"","podmotor_file_id":"","podmotor_episode_id":"","cover_image":"","cover_image_id":"","duration":"","filesize":"","filesize_raw":"","date_recorded":"","explicit":"","block":"","itunes_episode_number":"","itunes_title":"","itunes_season_number":"","itunes_episode_type":"","footnotes":""},"class_list":["post-2040","page","type-page","status-publish","hentry"],"acf":{"tagline":"","banner_image":{"ID":13422,"id":13422,"title":"INFO FOR INVESTORS","filename":"INFO-FOR-INVESTORS.webp","filesize":139558,"url":"https:\/\/fnfa.ca\/wp-content\/uploads\/2025\/12\/INFO-FOR-INVESTORS.webp","link":"https:\/\/fnfa.ca\/fr\/info-for-investors-4\/","alt":"","author":"2","description":"","caption":"","name":"info-for-investors-4","status":"inherit","uploaded_to":0,"date":"2025-12-17 21:06:44","modified":"2025-12-17 21:06:44","menu_order":0,"mime_type":"image\/webp","type":"image","subtype":"webp","icon":"https:\/\/fnfa.ca\/wp-includes\/images\/media\/default.png","width":2200,"height":1467,"sizes":{"thumbnail":"https:\/\/fnfa.ca\/wp-content\/uploads\/2025\/12\/INFO-FOR-INVESTORS-150x150.webp","thumbnail-width":150,"thumbnail-height":150,"medium":"https:\/\/fnfa.ca\/wp-content\/uploads\/2025\/12\/INFO-FOR-INVESTORS-300x200.webp","medium-width":300,"medium-height":200,"medium_large":"https:\/\/fnfa.ca\/wp-content\/uploads\/2025\/12\/INFO-FOR-INVESTORS-768x512.webp","medium_large-width":640,"medium_large-height":427,"large":"https:\/\/fnfa.ca\/wp-content\/uploads\/2025\/12\/INFO-FOR-INVESTORS-1024x683.webp","large-width":640,"large-height":427,"1536x1536":"https:\/\/fnfa.ca\/wp-content\/uploads\/2025\/12\/INFO-FOR-INVESTORS-1536x1024.webp","1536x1536-width":1536,"1536x1536-height":1024,"2048x2048":"https:\/\/fnfa.ca\/wp-content\/uploads\/2025\/12\/INFO-FOR-INVESTORS-2048x1366.webp","2048x2048-width":2048,"2048x2048-height":1366}}},"yoast_head":"<!-- This site is optimized with the Yoast SEO plugin v27.4 - https:\/\/yoast.com\/product\/yoast-seo-wordpress\/ -->\n<title>Pour les investisseurs et les d\u00e9tenteurs d\u2019obligations - FNFA<\/title>\n<meta name=\"robots\" content=\"index, follow, max-snippet:-1, max-image-preview:large, max-video-preview:-1\" \/>\n<link rel=\"canonical\" href=\"https:\/\/fnfa.ca\/fr\/pour-les-investisseurs-et-les-detenteurs-dobligations\/\" \/>\n<meta property=\"og:locale\" content=\"fr_FR\" \/>\n<meta property=\"og:type\" content=\"article\" \/>\n<meta property=\"og:title\" content=\"Pour les investisseurs et les d\u00e9tenteurs d\u2019obligations - FNFA\" \/>\n<meta property=\"og:url\" content=\"https:\/\/fnfa.ca\/fr\/pour-les-investisseurs-et-les-detenteurs-dobligations\/\" \/>\n<meta property=\"og:site_name\" content=\"FNFA\" \/>\n<meta property=\"article:publisher\" content=\"https:\/\/www.facebook.com\/theFNFA\/\" \/>\n<meta property=\"article:modified_time\" content=\"2024-01-19T16:53:34+00:00\" \/>\n<meta property=\"og:image\" content=\"https:\/\/fnfa.ca\/wp-content\/uploads\/2026\/02\/fnfa-logo.webp\" \/>\n\t<meta property=\"og:image:width\" content=\"1500\" \/>\n\t<meta property=\"og:image:height\" content=\"1500\" \/>\n\t<meta property=\"og:image:type\" content=\"image\/webp\" \/>\n<meta name=\"twitter:card\" content=\"summary_large_image\" \/>\n<script type=\"application\/ld+json\" class=\"yoast-schema-graph\">{\"@context\":\"https:\\\/\\\/schema.org\",\"@graph\":[{\"@type\":\"WebPage\",\"@id\":\"https:\\\/\\\/fnfa.ca\\\/fr\\\/pour-les-investisseurs-et-les-detenteurs-dobligations\\\/\",\"url\":\"https:\\\/\\\/fnfa.ca\\\/fr\\\/pour-les-investisseurs-et-les-detenteurs-dobligations\\\/\",\"name\":\"Pour les investisseurs et les d\u00e9tenteurs d\u2019obligations - FNFA\",\"isPartOf\":{\"@id\":\"https:\\\/\\\/fnfa.ca\\\/fr\\\/#website\"},\"datePublished\":\"2020-02-27T22:23:02+00:00\",\"dateModified\":\"2024-01-19T16:53:34+00:00\",\"breadcrumb\":{\"@id\":\"https:\\\/\\\/fnfa.ca\\\/fr\\\/pour-les-investisseurs-et-les-detenteurs-dobligations\\\/#breadcrumb\"},\"inLanguage\":\"fr-FR\",\"potentialAction\":[{\"@type\":\"ReadAction\",\"target\":[\"https:\\\/\\\/fnfa.ca\\\/fr\\\/pour-les-investisseurs-et-les-detenteurs-dobligations\\\/\"]}]},{\"@type\":\"BreadcrumbList\",\"@id\":\"https:\\\/\\\/fnfa.ca\\\/fr\\\/pour-les-investisseurs-et-les-detenteurs-dobligations\\\/#breadcrumb\",\"itemListElement\":[{\"@type\":\"ListItem\",\"position\":1,\"name\":\"Home\",\"item\":\"https:\\\/\\\/fnfa.ca\\\/fr\\\/\"},{\"@type\":\"ListItem\",\"position\":2,\"name\":\"Pour les investisseurs et les d\u00e9tenteurs d\u2019obligations\"}]},{\"@type\":\"WebSite\",\"@id\":\"https:\\\/\\\/fnfa.ca\\\/fr\\\/#website\",\"url\":\"https:\\\/\\\/fnfa.ca\\\/fr\\\/\",\"name\":\"FNFA\",\"description\":\"First Nations Finance Authority\",\"publisher\":{\"@id\":\"https:\\\/\\\/fnfa.ca\\\/fr\\\/#organization\"},\"potentialAction\":[{\"@type\":\"SearchAction\",\"target\":{\"@type\":\"EntryPoint\",\"urlTemplate\":\"https:\\\/\\\/fnfa.ca\\\/fr\\\/?s={search_term_string}\"},\"query-input\":{\"@type\":\"PropertyValueSpecification\",\"valueRequired\":true,\"valueName\":\"search_term_string\"}}],\"inLanguage\":\"fr-FR\"},{\"@type\":\"Organization\",\"@id\":\"https:\\\/\\\/fnfa.ca\\\/fr\\\/#organization\",\"name\":\"First Nations Finance Authority\",\"alternateName\":\"FNFA\",\"url\":\"https:\\\/\\\/fnfa.ca\\\/fr\\\/\",\"logo\":{\"@type\":\"ImageObject\",\"inLanguage\":\"fr-FR\",\"@id\":\"https:\\\/\\\/fnfa.ca\\\/fr\\\/#\\\/schema\\\/logo\\\/image\\\/\",\"url\":\"https:\\\/\\\/fnfa.ca\\\/wp-content\\\/uploads\\\/2026\\\/02\\\/fnfa-logo.webp\",\"contentUrl\":\"https:\\\/\\\/fnfa.ca\\\/wp-content\\\/uploads\\\/2026\\\/02\\\/fnfa-logo.webp\",\"width\":1500,\"height\":1500,\"caption\":\"First Nations Finance Authority\"},\"image\":{\"@id\":\"https:\\\/\\\/fnfa.ca\\\/fr\\\/#\\\/schema\\\/logo\\\/image\\\/\"},\"sameAs\":[\"https:\\\/\\\/www.facebook.com\\\/theFNFA\\\/\"]}]}<\/script>\n<!-- \/ Yoast SEO plugin. -->","yoast_head_json":{"title":"Pour les investisseurs et les d\u00e9tenteurs d\u2019obligations - FNFA","robots":{"index":"index","follow":"follow","max-snippet":"max-snippet:-1","max-image-preview":"max-image-preview:large","max-video-preview":"max-video-preview:-1"},"canonical":"https:\/\/fnfa.ca\/fr\/pour-les-investisseurs-et-les-detenteurs-dobligations\/","og_locale":"fr_FR","og_type":"article","og_title":"Pour les investisseurs et les d\u00e9tenteurs d\u2019obligations - FNFA","og_url":"https:\/\/fnfa.ca\/fr\/pour-les-investisseurs-et-les-detenteurs-dobligations\/","og_site_name":"FNFA","article_publisher":"https:\/\/www.facebook.com\/theFNFA\/","article_modified_time":"2024-01-19T16:53:34+00:00","og_image":[{"width":1500,"height":1500,"url":"https:\/\/fnfa.ca\/wp-content\/uploads\/2026\/02\/fnfa-logo.webp","type":"image\/webp"}],"twitter_card":"summary_large_image","schema":{"@context":"https:\/\/schema.org","@graph":[{"@type":"WebPage","@id":"https:\/\/fnfa.ca\/fr\/pour-les-investisseurs-et-les-detenteurs-dobligations\/","url":"https:\/\/fnfa.ca\/fr\/pour-les-investisseurs-et-les-detenteurs-dobligations\/","name":"Pour les investisseurs et les d\u00e9tenteurs d\u2019obligations - FNFA","isPartOf":{"@id":"https:\/\/fnfa.ca\/fr\/#website"},"datePublished":"2020-02-27T22:23:02+00:00","dateModified":"2024-01-19T16:53:34+00:00","breadcrumb":{"@id":"https:\/\/fnfa.ca\/fr\/pour-les-investisseurs-et-les-detenteurs-dobligations\/#breadcrumb"},"inLanguage":"fr-FR","potentialAction":[{"@type":"ReadAction","target":["https:\/\/fnfa.ca\/fr\/pour-les-investisseurs-et-les-detenteurs-dobligations\/"]}]},{"@type":"BreadcrumbList","@id":"https:\/\/fnfa.ca\/fr\/pour-les-investisseurs-et-les-detenteurs-dobligations\/#breadcrumb","itemListElement":[{"@type":"ListItem","position":1,"name":"Home","item":"https:\/\/fnfa.ca\/fr\/"},{"@type":"ListItem","position":2,"name":"Pour les investisseurs et les d\u00e9tenteurs d\u2019obligations"}]},{"@type":"WebSite","@id":"https:\/\/fnfa.ca\/fr\/#website","url":"https:\/\/fnfa.ca\/fr\/","name":"FNFA","description":"First Nations Finance Authority","publisher":{"@id":"https:\/\/fnfa.ca\/fr\/#organization"},"potentialAction":[{"@type":"SearchAction","target":{"@type":"EntryPoint","urlTemplate":"https:\/\/fnfa.ca\/fr\/?s={search_term_string}"},"query-input":{"@type":"PropertyValueSpecification","valueRequired":true,"valueName":"search_term_string"}}],"inLanguage":"fr-FR"},{"@type":"Organization","@id":"https:\/\/fnfa.ca\/fr\/#organization","name":"First Nations Finance Authority","alternateName":"FNFA","url":"https:\/\/fnfa.ca\/fr\/","logo":{"@type":"ImageObject","inLanguage":"fr-FR","@id":"https:\/\/fnfa.ca\/fr\/#\/schema\/logo\/image\/","url":"https:\/\/fnfa.ca\/wp-content\/uploads\/2026\/02\/fnfa-logo.webp","contentUrl":"https:\/\/fnfa.ca\/wp-content\/uploads\/2026\/02\/fnfa-logo.webp","width":1500,"height":1500,"caption":"First Nations Finance Authority"},"image":{"@id":"https:\/\/fnfa.ca\/fr\/#\/schema\/logo\/image\/"},"sameAs":["https:\/\/www.facebook.com\/theFNFA\/"]}]}},"_links":{"self":[{"href":"https:\/\/fnfa.ca\/fr\/wp-json\/wp\/v2\/pages\/2040","targetHints":{"allow":["GET"]}}],"collection":[{"href":"https:\/\/fnfa.ca\/fr\/wp-json\/wp\/v2\/pages"}],"about":[{"href":"https:\/\/fnfa.ca\/fr\/wp-json\/wp\/v2\/types\/page"}],"author":[{"embeddable":true,"href":"https:\/\/fnfa.ca\/fr\/wp-json\/wp\/v2\/users\/2"}],"replies":[{"embeddable":true,"href":"https:\/\/fnfa.ca\/fr\/wp-json\/wp\/v2\/comments?post=2040"}],"version-history":[{"count":15,"href":"https:\/\/fnfa.ca\/fr\/wp-json\/wp\/v2\/pages\/2040\/revisions"}],"predecessor-version":[{"id":9981,"href":"https:\/\/fnfa.ca\/fr\/wp-json\/wp\/v2\/pages\/2040\/revisions\/9981"}],"wp:attachment":[{"href":"https:\/\/fnfa.ca\/fr\/wp-json\/wp\/v2\/media?parent=2040"}],"curies":[{"name":"wp","href":"https:\/\/api.w.org\/{rel}","templated":true}]}}