{"id":2332,"date":"2020-03-01T23:24:37","date_gmt":"2020-03-01T23:24:37","guid":{"rendered":"https:\/\/www.fnfa.dev4.oracastdev.com\/?page_id=2332"},"modified":"2025-12-09T06:51:30","modified_gmt":"2025-12-09T14:51:30","slug":"pour-les-premieres-nations","status":"publish","type":"page","link":"https:\/\/fnfa.ca\/fr\/pour-les-premieres-nations\/","title":{"rendered":"Pour les Premi\u00e8res Nations"},"content":{"rendered":"<div class=\"row cntBlock stackblock\" id=\"stackblock-block_9b0d184d0d69eb01409595eb517eda60\">\n\t<div class=\"col-12 col-lg-5 offset-lg-1 order-1 order-lg-2\">\n\t\t<div class=\"stackImg\">\n\t\t\t<img decoding=\"async\" src=\"https:\/\/fnfa.ca\/wp-content\/uploads\/2020\/03\/flat-totem.jpg\" alt=\"\" \/>\n\t\t<\/div>\n\t<\/div>\n\t<div class=\"col-12 col-lg-6 order-2 order-lg-1\">\n\t\t<h3><\/h3>\n\t\t<p><strong>LA FNFA travaille pour les communaut\u00e9s des Premi\u00e8res Nations<\/strong> du Canada afin d\u2019offrir un financement de style gouvernemental en acc\u00e9dant les march\u00e9s financiers. Notre objectif est de cr\u00e9er des occasions pour les Premi\u00e8res Nations de montrer la voie aux g\u00e9n\u00e9rations \u00e0 venir.<\/p>\n<p><strong>La FNFA en chiffres au 30 novembre 2025<\/strong><\/p>\n<ul>\n<li>193 membres forts<\/li>\n<li>$4,08 milliards de dollars en projets \u00e0 l\u2019\u00e9chelle du Canada<\/li>\n<li>39 600 emplois cr\u00e9\u00e9s par les Premi\u00e8res Nations qui ont investi dans leurs communaut\u00e9s<\/li>\n<li>14 \u00e9missions d&rsquo;obligations depuis 2014<\/li>\n<li>Dur\u00e9e du pr\u00eat jusqu\u2019\u00e0 30\u00a0ans<\/li>\n<li>38 membres du personnel qui travaillent pour vous<\/li>\n<li>1 si\u00e8ge social et 17 bureaux satellites<\/li>\n<\/ul>\n\t\t\t\t\t<a href=\"https:\/\/fnfa.ca\/wp-content\/uploads\/2025\/09\/LoanPortfolioUpdate_06_Jun30_2025_FR_web.pdf\" target=\"_blank\" class=\"btn\" style=\"background:#14A5A1\">Juin 2025 &#8211; Mise \u00e0 jour du portefeuille de pr\u00eats<\/a>\n\t\t\t<\/div>\n<\/div>\n\n\n<div class=\"row cntBlock circleCol\" id=\"circleCol-block_34621908a92620f7eb2740178914649d\">\n    <div class=\"col-12 text-center mb1r\">\n    <h3>Liens rapides pour les Premi\u00e8res Nations<\/h3>\n  <\/div>\n      <div class=\"col-12 colFlex\">\n    \t      <div class=\"qlItem\">\n\t  \t\t<a href=\"https:\/\/fnfa.ca\/fr\/pour-les-premieres-nations\/financement\/fnfa-mecanisme-demprunt\/\" >\n\t        <div class=\"qlCircle\"  style=\"background:#c18731\" >\n        <div class=\"qlCnt\">\n                    <div class=\"qlTtl\">M\u00e9canisme d\u2019emprunt de FNFA<\/div>\n        <\/div>\n      <\/div>\n\t  \t\t<\/a>\n\t      <\/div>\n    \t      <div class=\"qlItem\">\n\t  \t\t<a href=\"https:\/\/fnfa.ca\/fr\/pour-les-premieres-nations\/financement\/sources-de-revenus-admissibles\/\" >\n\t        <div class=\"qlCircle\"  style=\"background:#355027\" >\n        <div class=\"qlCnt\">\n                    <div class=\"qlTtl\">Revenus et projets admissibles<\/div>\n        <\/div>\n      <\/div>\n\t  \t\t<\/a>\n\t      <\/div>\n    \t      <div class=\"qlItem\">\n\t  \t\t<a href=\"https:\/\/fnfa.ca\/fr\/pour-les-premieres-nations\/financement\/documents-demprunt-et-bcrs\/\" >\n\t        <div class=\"qlCircle\"  style=\"background:#113660\" >\n        <div class=\"qlCnt\">\n                    <div class=\"qlTtl\">Par o\u00f9 commencer pour le financement?<\/div>\n        <\/div>\n      <\/div>\n\t  \t\t<\/a>\n\t      <\/div>\n    \t      <div class=\"qlItem\">\n\t  \t\t<a href=\"https:\/\/fnfa.ca\/fr\/pour-les-premieres-nations\/investissement\/\" >\n\t        <div class=\"qlCircle\"  style=\"background:#682c75\" >\n        <div class=\"qlCnt\">\n                    <div class=\"qlTtl\">Aper\u00e7u &#8211; Investissement<\/div>\n        <\/div>\n      <\/div>\n\t  \t\t<\/a>\n\t      <\/div>\n    \t      <div class=\"qlItem\">\n\t  \t\t<a href=\"https:\/\/fnfa.ca\/fr\/pour-les-premieres-nations\/investissement\/par-ou-commencer\/\" >\n\t        <div class=\"qlCircle\"  style=\"background:#9a1c1f\" >\n        <div class=\"qlCnt\">\n                    <div class=\"qlTtl\">Par o\u00f9 commencer pour investir?<\/div>\n        <\/div>\n      <\/div>\n\t  \t\t<\/a>\n\t      <\/div>\n      <\/div>\n  <\/div>\n","protected":false},"excerpt":{"rendered":"","protected":false},"author":2,"featured_media":0,"parent":0,"menu_order":0,"comment_status":"closed","ping_status":"closed","template":"","meta":{"_acf_changed":false,"episode_type":"","audio_file":"","podmotor_file_id":"","podmotor_episode_id":"","cover_image":"","cover_image_id":"","duration":"","filesize":"","filesize_raw":"","date_recorded":"","explicit":"","block":"","itunes_episode_number":"","itunes_title":"","itunes_season_number":"","itunes_episode_type":"","footnotes":""},"class_list":["post-2332","page","type-page","status-publish","hentry"],"acf":{"tagline":""},"yoast_head":"<!-- This site is optimized with the Yoast SEO plugin v27.4 - https:\/\/yoast.com\/product\/yoast-seo-wordpress\/ -->\n<title>Pour les Premi\u00e8res Nations - FNFA<\/title>\n<meta name=\"robots\" content=\"index, follow, max-snippet:-1, max-image-preview:large, max-video-preview:-1\" \/>\n<link rel=\"canonical\" href=\"https:\/\/fnfa.ca\/fr\/pour-les-premieres-nations\/\" \/>\n<meta property=\"og:locale\" content=\"fr_FR\" \/>\n<meta property=\"og:type\" content=\"article\" \/>\n<meta property=\"og:title\" content=\"Pour les Premi\u00e8res Nations - FNFA\" \/>\n<meta property=\"og:url\" content=\"https:\/\/fnfa.ca\/fr\/pour-les-premieres-nations\/\" \/>\n<meta property=\"og:site_name\" content=\"FNFA\" \/>\n<meta property=\"article:publisher\" content=\"https:\/\/www.facebook.com\/theFNFA\/\" \/>\n<meta property=\"article:modified_time\" content=\"2025-12-09T14:51:30+00:00\" \/>\n<meta property=\"og:image\" content=\"https:\/\/fnfa.ca\/wp-content\/uploads\/2026\/02\/fnfa-logo.webp\" \/>\n\t<meta property=\"og:image:width\" content=\"1500\" \/>\n\t<meta property=\"og:image:height\" content=\"1500\" \/>\n\t<meta property=\"og:image:type\" content=\"image\/webp\" \/>\n<meta name=\"twitter:card\" content=\"summary_large_image\" \/>\n<script type=\"application\/ld+json\" class=\"yoast-schema-graph\">{\"@context\":\"https:\\\/\\\/schema.org\",\"@graph\":[{\"@type\":\"WebPage\",\"@id\":\"https:\\\/\\\/fnfa.ca\\\/fr\\\/pour-les-premieres-nations\\\/\",\"url\":\"https:\\\/\\\/fnfa.ca\\\/fr\\\/pour-les-premieres-nations\\\/\",\"name\":\"Pour les Premi\u00e8res Nations - FNFA\",\"isPartOf\":{\"@id\":\"https:\\\/\\\/fnfa.ca\\\/fr\\\/#website\"},\"datePublished\":\"2020-03-01T23:24:37+00:00\",\"dateModified\":\"2025-12-09T14:51:30+00:00\",\"breadcrumb\":{\"@id\":\"https:\\\/\\\/fnfa.ca\\\/fr\\\/pour-les-premieres-nations\\\/#breadcrumb\"},\"inLanguage\":\"fr-FR\",\"potentialAction\":[{\"@type\":\"ReadAction\",\"target\":[\"https:\\\/\\\/fnfa.ca\\\/fr\\\/pour-les-premieres-nations\\\/\"]}]},{\"@type\":\"BreadcrumbList\",\"@id\":\"https:\\\/\\\/fnfa.ca\\\/fr\\\/pour-les-premieres-nations\\\/#breadcrumb\",\"itemListElement\":[{\"@type\":\"ListItem\",\"position\":1,\"name\":\"Home\",\"item\":\"https:\\\/\\\/fnfa.ca\\\/fr\\\/\"},{\"@type\":\"ListItem\",\"position\":2,\"name\":\"Pour les Premi\u00e8res Nations\"}]},{\"@type\":\"WebSite\",\"@id\":\"https:\\\/\\\/fnfa.ca\\\/fr\\\/#website\",\"url\":\"https:\\\/\\\/fnfa.ca\\\/fr\\\/\",\"name\":\"FNFA\",\"description\":\"First Nations Finance Authority\",\"publisher\":{\"@id\":\"https:\\\/\\\/fnfa.ca\\\/fr\\\/#organization\"},\"potentialAction\":[{\"@type\":\"SearchAction\",\"target\":{\"@type\":\"EntryPoint\",\"urlTemplate\":\"https:\\\/\\\/fnfa.ca\\\/fr\\\/?s={search_term_string}\"},\"query-input\":{\"@type\":\"PropertyValueSpecification\",\"valueRequired\":true,\"valueName\":\"search_term_string\"}}],\"inLanguage\":\"fr-FR\"},{\"@type\":\"Organization\",\"@id\":\"https:\\\/\\\/fnfa.ca\\\/fr\\\/#organization\",\"name\":\"First Nations Finance Authority\",\"alternateName\":\"FNFA\",\"url\":\"https:\\\/\\\/fnfa.ca\\\/fr\\\/\",\"logo\":{\"@type\":\"ImageObject\",\"inLanguage\":\"fr-FR\",\"@id\":\"https:\\\/\\\/fnfa.ca\\\/fr\\\/#\\\/schema\\\/logo\\\/image\\\/\",\"url\":\"https:\\\/\\\/fnfa.ca\\\/wp-content\\\/uploads\\\/2026\\\/02\\\/fnfa-logo.webp\",\"contentUrl\":\"https:\\\/\\\/fnfa.ca\\\/wp-content\\\/uploads\\\/2026\\\/02\\\/fnfa-logo.webp\",\"width\":1500,\"height\":1500,\"caption\":\"First Nations Finance Authority\"},\"image\":{\"@id\":\"https:\\\/\\\/fnfa.ca\\\/fr\\\/#\\\/schema\\\/logo\\\/image\\\/\"},\"sameAs\":[\"https:\\\/\\\/www.facebook.com\\\/theFNFA\\\/\"]}]}<\/script>\n<!-- \/ Yoast SEO plugin. -->","yoast_head_json":{"title":"Pour les Premi\u00e8res Nations - FNFA","robots":{"index":"index","follow":"follow","max-snippet":"max-snippet:-1","max-image-preview":"max-image-preview:large","max-video-preview":"max-video-preview:-1"},"canonical":"https:\/\/fnfa.ca\/fr\/pour-les-premieres-nations\/","og_locale":"fr_FR","og_type":"article","og_title":"Pour les Premi\u00e8res Nations - FNFA","og_url":"https:\/\/fnfa.ca\/fr\/pour-les-premieres-nations\/","og_site_name":"FNFA","article_publisher":"https:\/\/www.facebook.com\/theFNFA\/","article_modified_time":"2025-12-09T14:51:30+00:00","og_image":[{"width":1500,"height":1500,"url":"https:\/\/fnfa.ca\/wp-content\/uploads\/2026\/02\/fnfa-logo.webp","type":"image\/webp"}],"twitter_card":"summary_large_image","schema":{"@context":"https:\/\/schema.org","@graph":[{"@type":"WebPage","@id":"https:\/\/fnfa.ca\/fr\/pour-les-premieres-nations\/","url":"https:\/\/fnfa.ca\/fr\/pour-les-premieres-nations\/","name":"Pour les Premi\u00e8res Nations - FNFA","isPartOf":{"@id":"https:\/\/fnfa.ca\/fr\/#website"},"datePublished":"2020-03-01T23:24:37+00:00","dateModified":"2025-12-09T14:51:30+00:00","breadcrumb":{"@id":"https:\/\/fnfa.ca\/fr\/pour-les-premieres-nations\/#breadcrumb"},"inLanguage":"fr-FR","potentialAction":[{"@type":"ReadAction","target":["https:\/\/fnfa.ca\/fr\/pour-les-premieres-nations\/"]}]},{"@type":"BreadcrumbList","@id":"https:\/\/fnfa.ca\/fr\/pour-les-premieres-nations\/#breadcrumb","itemListElement":[{"@type":"ListItem","position":1,"name":"Home","item":"https:\/\/fnfa.ca\/fr\/"},{"@type":"ListItem","position":2,"name":"Pour les Premi\u00e8res Nations"}]},{"@type":"WebSite","@id":"https:\/\/fnfa.ca\/fr\/#website","url":"https:\/\/fnfa.ca\/fr\/","name":"FNFA","description":"First Nations Finance Authority","publisher":{"@id":"https:\/\/fnfa.ca\/fr\/#organization"},"potentialAction":[{"@type":"SearchAction","target":{"@type":"EntryPoint","urlTemplate":"https:\/\/fnfa.ca\/fr\/?s={search_term_string}"},"query-input":{"@type":"PropertyValueSpecification","valueRequired":true,"valueName":"search_term_string"}}],"inLanguage":"fr-FR"},{"@type":"Organization","@id":"https:\/\/fnfa.ca\/fr\/#organization","name":"First Nations Finance Authority","alternateName":"FNFA","url":"https:\/\/fnfa.ca\/fr\/","logo":{"@type":"ImageObject","inLanguage":"fr-FR","@id":"https:\/\/fnfa.ca\/fr\/#\/schema\/logo\/image\/","url":"https:\/\/fnfa.ca\/wp-content\/uploads\/2026\/02\/fnfa-logo.webp","contentUrl":"https:\/\/fnfa.ca\/wp-content\/uploads\/2026\/02\/fnfa-logo.webp","width":1500,"height":1500,"caption":"First Nations Finance Authority"},"image":{"@id":"https:\/\/fnfa.ca\/fr\/#\/schema\/logo\/image\/"},"sameAs":["https:\/\/www.facebook.com\/theFNFA\/"]}]}},"_links":{"self":[{"href":"https:\/\/fnfa.ca\/fr\/wp-json\/wp\/v2\/pages\/2332","targetHints":{"allow":["GET"]}}],"collection":[{"href":"https:\/\/fnfa.ca\/fr\/wp-json\/wp\/v2\/pages"}],"about":[{"href":"https:\/\/fnfa.ca\/fr\/wp-json\/wp\/v2\/types\/page"}],"author":[{"embeddable":true,"href":"https:\/\/fnfa.ca\/fr\/wp-json\/wp\/v2\/users\/2"}],"replies":[{"embeddable":true,"href":"https:\/\/fnfa.ca\/fr\/wp-json\/wp\/v2\/comments?post=2332"}],"version-history":[{"count":136,"href":"https:\/\/fnfa.ca\/fr\/wp-json\/wp\/v2\/pages\/2332\/revisions"}],"predecessor-version":[{"id":13046,"href":"https:\/\/fnfa.ca\/fr\/wp-json\/wp\/v2\/pages\/2332\/revisions\/13046"}],"wp:attachment":[{"href":"https:\/\/fnfa.ca\/fr\/wp-json\/wp\/v2\/media?parent=2332"}],"curies":[{"name":"wp","href":"https:\/\/api.w.org\/{rel}","templated":true}]}}