{"id":4140,"date":"2020-06-05T15:20:40","date_gmt":"2020-06-05T15:20:40","guid":{"rendered":"https:\/\/www.fnfa.ca\/?page_id=4140"},"modified":"2026-04-10T09:11:02","modified_gmt":"2026-04-10T16:11:02","slug":"careers","status":"publish","type":"page","link":"https:\/\/fnfa.ca\/fr\/careers\/","title":{"rendered":"Opportunit\u00e9s de carri\u00e8re"},"content":{"rendered":"\n\n\n<figure class=\"wp-block-gallery aligncenter has-nested-images columns-default is-cropped wp-block-gallery-1 is-layout-flex wp-block-gallery-is-layout-flex\">\n<figure class=\"wp-block-image size-large\"><img decoding=\"async\" width=\"1024\" height=\"683\" data-id=\"13675\" src=\"https:\/\/fnfa.ca\/wp-content\/uploads\/2026\/01\/FNFA-AGM-July-9th-2025-130-med-1024x683.webp\" alt=\"\" class=\"wp-image-13675\" srcset=\"https:\/\/fnfa.ca\/wp-content\/uploads\/2026\/01\/FNFA-AGM-July-9th-2025-130-med-1024x683.webp 1024w, https:\/\/fnfa.ca\/wp-content\/uploads\/2026\/01\/FNFA-AGM-July-9th-2025-130-med-300x200.webp 300w, https:\/\/fnfa.ca\/wp-content\/uploads\/2026\/01\/FNFA-AGM-July-9th-2025-130-med-768x512.webp 768w, https:\/\/fnfa.ca\/wp-content\/uploads\/2026\/01\/FNFA-AGM-July-9th-2025-130-med-1536x1024.webp 1536w, https:\/\/fnfa.ca\/wp-content\/uploads\/2026\/01\/FNFA-AGM-July-9th-2025-130-med.webp 1620w\" sizes=\"(max-width: 1024px) 100vw, 1024px\" \/><\/figure>\n\n\n\n<figure class=\"wp-block-image size-large\"><img decoding=\"async\" width=\"1024\" height=\"681\" data-id=\"13676\" src=\"https:\/\/fnfa.ca\/wp-content\/uploads\/2026\/01\/CATTROLL-51-1024x681.webp\" alt=\"\" class=\"wp-image-13676\" srcset=\"https:\/\/fnfa.ca\/wp-content\/uploads\/2026\/01\/CATTROLL-51-1024x681.webp 1024w, https:\/\/fnfa.ca\/wp-content\/uploads\/2026\/01\/CATTROLL-51-300x200.webp 300w, https:\/\/fnfa.ca\/wp-content\/uploads\/2026\/01\/CATTROLL-51-768x511.webp 768w, https:\/\/fnfa.ca\/wp-content\/uploads\/2026\/01\/CATTROLL-51-1536x1022.webp 1536w, https:\/\/fnfa.ca\/wp-content\/uploads\/2026\/01\/CATTROLL-51-2048x1362.webp 2048w\" sizes=\"(max-width: 1024px) 100vw, 1024px\" \/><\/figure>\n\n\n\n<figure class=\"wp-block-image size-large\"><img decoding=\"async\" width=\"1024\" height=\"682\" data-id=\"13673\" src=\"https:\/\/fnfa.ca\/wp-content\/uploads\/2026\/01\/FortMcMurray-7-1024x682.webp\" alt=\"\" class=\"wp-image-13673\" srcset=\"https:\/\/fnfa.ca\/wp-content\/uploads\/2026\/01\/FortMcMurray-7-1024x682.webp 1024w, https:\/\/fnfa.ca\/wp-content\/uploads\/2026\/01\/FortMcMurray-7-300x200.webp 300w, https:\/\/fnfa.ca\/wp-content\/uploads\/2026\/01\/FortMcMurray-7-768x512.webp 768w, https:\/\/fnfa.ca\/wp-content\/uploads\/2026\/01\/FortMcMurray-7-1536x1024.webp 1536w, https:\/\/fnfa.ca\/wp-content\/uploads\/2026\/01\/FortMcMurray-7-2048x1365.webp 2048w\" sizes=\"(max-width: 1024px) 100vw, 1024px\" \/><\/figure>\n<\/figure>\n\n\n\n<p><strong><strong>L\u2019Autorit\u00e9 financi\u00e8re des Premi\u00e8res Nations (AFPN) est r\u00e9guli\u00e8rement reconnue comme l&rsquo;un des meilleurs employeurs de la Colombie-Britannique.<\/strong><\/strong><\/p>\n\n\n\n<p>L\u2019AFPN est une soci\u00e9t\u00e9 de services financiers \u00e0 but non lucratif dirig\u00e9e par les Premi\u00e8res Nations, mandat\u00e9e en vertu de la <em>Loi sur la gestion financi\u00e8re des premi\u00e8res nations <\/em>(2005), qui offre des services de financement rentables, de gestion des investissements et de conseil en mati\u00e8re de capital aux communaut\u00e9s des Premi\u00e8res Nations au Canada. L\u2019AFPN ne d\u00e9pend pas du financement du gouvernement f\u00e9d\u00e9ral et est autosuffisante.<\/p>\n\n\n\n<p>Notre mission est d&rsquo;aider les communaut\u00e9s autochtones \u00e0 b\u00e2tir des communaut\u00e9s fortes, saines et prosp\u00e8res pour les sept prochaines g\u00e9n\u00e9rations. Des projets d&rsquo;\u00e9nergie propre aux \u00e9coles pour nos enfants et aux logements pour nos a\u00een\u00e9s, les priorit\u00e9s entreprises par les Premi\u00e8res Nations et financ\u00e9es par l\u2019AFPN cr\u00e9ent de bons emplois tout en contribuant \u00e0 l&rsquo;\u00e9conomie du Canada.<\/p>\n\n\n<div class=\"row cntBlock faqBlock bgOverlayWhite\" id=\"faqBlock-block_5545a3219dac724f2b3797e413c00e9a\" style=\"z-index:0\">\n\t\t<div class=\"col-12\">\n\t\t<h2>Offres d&#8217;emploi<\/h2>\n\t<\/div>\n\t\t<div class=\"col-12\">\n\t\t\t\t\n\t\t<div class=\"faqItems\">\n\t\t\t\t\t<div class=\"faqItem\">\n\t\t\t\t<div class=\"faqQuestion\">Sp\u00e9cialiste des communications <i class=\"faqIcon icon-plus-circle\"><\/i><\/div>\n\t\t\t\t<div class=\"faqAnswer\"><p>&nbsp;<\/p>\n<p><span data-teams=\"true\">L\u2019AFPN recherche un(e) sp\u00e9cialiste des communications sp\u00e9cialis\u00e9(e) expert(e) en production vid\u00e9o pour cr\u00e9er du contenu attrayant et de grande qualit\u00e9 afin de promouvoir la vision et la mission d\u2019AFPN aupr\u00e8s de ses principaux publics. Si vous \u00eates un professionnel de la communication exp\u00e9riment\u00e9, dot\u00e9 d\u2019un talent cr\u00e9atif pour raconter des histoires, de professionnalisme et capable de produire du contenu culturellement appropri\u00e9 dans un contexte autochtone, nous vous encourageons \u00e0 postuler.<\/span><\/p>\n<p><a class=\"btn btn-job\" href=\"https:\/\/fnfa.ca\/wp-content\/uploads\/2026\/04\/J_Post_Communications-Specialist-FR-v2-April-2026.pdf\" target=\"_blank\" rel=\"noopener\">Voir l&rsquo;offre d&#8217;emploi<\/a><\/p>\n<\/div>\n\t\t\t<\/div>\n\t\t\t\t<\/div>\t\t\n\t\t\t<\/div>\t\n<\/div>\n\n\n<div class=\"province-links-wrapper\">\n  <strong>Liens rapides vers les carri\u00e8res<\/strong>\n  <div class=\"province-links\">\n<a href=\"https:\/\/fnfa.ca\/fr\/notre-culture-nos-valeurs\/\">Notre culture, nos valeurs<\/a>\n<a href=\"https:\/\/fnfa.ca\/fr\/pourquoi-rejoindre-lafpn\/\">Pourquoi rejoindre l\u2019AFPN<\/a>\n<a href=\"https:\/\/fnfa.ca\/fr\/temoignages-employes\/\">T\u00e9moignages d\u2019employ\u00e9s<\/a>\n<a href=\"https:\/\/fnfa.ca\/fr\/careers\/\" class=\"current\">Opportunit\u00e9s de carri\u00e8re<\/a>\n  <\/div>\n<\/div>\n\n\n\n<p><\/p>\n","protected":false},"excerpt":{"rendered":"<p>L\u2019Autorit\u00e9 financi\u00e8re des Premi\u00e8res Nations (AFPN) est r\u00e9guli\u00e8rement reconnue comme l&rsquo;un des meilleurs employeurs de la Colombie-Britannique. L\u2019AFPN est une soci\u00e9t\u00e9 de services financiers \u00e0 but non lucratif dirig\u00e9e par les Premi\u00e8res Nations, mandat\u00e9e en vertu de la Loi sur la gestion financi\u00e8re des premi\u00e8res nations (2005), qui offre des services de financement rentables, de [&hellip;]<\/p>\n","protected":false},"author":2,"featured_media":0,"parent":0,"menu_order":0,"comment_status":"closed","ping_status":"closed","template":"","meta":{"_acf_changed":false,"episode_type":"","audio_file":"","podmotor_file_id":"","podmotor_episode_id":"","cover_image":"","cover_image_id":"","duration":"","filesize":"","filesize_raw":"","date_recorded":"","explicit":"","block":"","itunes_episode_number":"","itunes_title":"","itunes_season_number":"","itunes_episode_type":"","footnotes":""},"class_list":["post-4140","page","type-page","status-publish","hentry"],"acf":{"tagline":"","header_background_color":"","title_replace":"","banner_image":{"ID":14490,"id":14490,"title":"fnfa-our-team","filename":"fnfa-our-team.webp","filesize":149154,"url":"https:\/\/fnfa.ca\/wp-content\/uploads\/2026\/01\/fnfa-our-team.webp","link":"https:\/\/fnfa.ca\/fr\/qui-sommes-nous\/equipe-de-gestion\/fnfa-our-team-2\/","alt":"","author":"1","description":"","caption":"","name":"fnfa-our-team-2","status":"inherit","uploaded_to":865,"date":"2026-04-22 21:54:22","modified":"2026-04-22 21:55:05","menu_order":0,"mime_type":"image\/webp","type":"image","subtype":"webp","icon":"https:\/\/fnfa.ca\/wp-includes\/images\/media\/default.png","width":1920,"height":750,"sizes":{"thumbnail":"https:\/\/fnfa.ca\/wp-content\/uploads\/2026\/01\/fnfa-our-team-150x150.webp","thumbnail-width":150,"thumbnail-height":150,"medium":"https:\/\/fnfa.ca\/wp-content\/uploads\/2026\/01\/fnfa-our-team-300x117.webp","medium-width":300,"medium-height":117,"medium_large":"https:\/\/fnfa.ca\/wp-content\/uploads\/2026\/01\/fnfa-our-team-768x300.webp","medium_large-width":640,"medium_large-height":250,"large":"https:\/\/fnfa.ca\/wp-content\/uploads\/2026\/01\/fnfa-our-team-1024x400.webp","large-width":640,"large-height":250,"1536x1536":"https:\/\/fnfa.ca\/wp-content\/uploads\/2026\/01\/fnfa-our-team-1536x600.webp","1536x1536-width":1536,"1536x1536-height":600,"2048x2048":"https:\/\/fnfa.ca\/wp-content\/uploads\/2026\/01\/fnfa-our-team.webp","2048x2048-width":1920,"2048x2048-height":750}}},"yoast_head":"<!-- This site is optimized with the Yoast SEO plugin v27.4 - https:\/\/yoast.com\/product\/yoast-seo-wordpress\/ -->\n<title>Opportunit\u00e9s de carri\u00e8re - FNFA<\/title>\n<meta name=\"robots\" content=\"index, follow, max-snippet:-1, max-image-preview:large, max-video-preview:-1\" \/>\n<link rel=\"canonical\" href=\"https:\/\/fnfa.ca\/fr\/careers\/\" \/>\n<meta property=\"og:locale\" content=\"fr_FR\" \/>\n<meta property=\"og:type\" content=\"article\" \/>\n<meta property=\"og:title\" content=\"Opportunit\u00e9s de carri\u00e8re - FNFA\" \/>\n<meta property=\"og:description\" content=\"L\u2019Autorit\u00e9 financi\u00e8re des Premi\u00e8res Nations (AFPN) est r\u00e9guli\u00e8rement reconnue comme l&rsquo;un des meilleurs employeurs de la Colombie-Britannique. L\u2019AFPN est une soci\u00e9t\u00e9 de services financiers \u00e0 but non lucratif dirig\u00e9e par les Premi\u00e8res Nations, mandat\u00e9e en vertu de la Loi sur la gestion financi\u00e8re des premi\u00e8res nations (2005), qui offre des services de financement rentables, de [&hellip;]\" \/>\n<meta property=\"og:url\" content=\"https:\/\/fnfa.ca\/fr\/careers\/\" \/>\n<meta property=\"og:site_name\" content=\"FNFA\" \/>\n<meta property=\"article:publisher\" content=\"https:\/\/www.facebook.com\/theFNFA\/\" \/>\n<meta property=\"article:modified_time\" content=\"2026-04-10T16:11:02+00:00\" \/>\n<meta property=\"og:image\" content=\"https:\/\/fnfa.ca\/wp-content\/uploads\/2026\/02\/fnfa-logo.webp\" \/>\n\t<meta property=\"og:image:width\" content=\"1500\" \/>\n\t<meta property=\"og:image:height\" content=\"1500\" \/>\n\t<meta property=\"og:image:type\" content=\"image\/webp\" \/>\n<meta name=\"twitter:card\" content=\"summary_large_image\" \/>\n<meta name=\"twitter:label1\" content=\"Dur\u00e9e de lecture estim\u00e9e\" \/>\n\t<meta name=\"twitter:data1\" content=\"2 minutes\" \/>\n<script type=\"application\/ld+json\" class=\"yoast-schema-graph\">{\"@context\":\"https:\\\/\\\/schema.org\",\"@graph\":[{\"@type\":\"WebPage\",\"@id\":\"https:\\\/\\\/fnfa.ca\\\/fr\\\/careers\\\/\",\"url\":\"https:\\\/\\\/fnfa.ca\\\/fr\\\/careers\\\/\",\"name\":\"Opportunit\u00e9s de carri\u00e8re - FNFA\",\"isPartOf\":{\"@id\":\"https:\\\/\\\/fnfa.ca\\\/fr\\\/#website\"},\"primaryImageOfPage\":{\"@id\":\"https:\\\/\\\/fnfa.ca\\\/fr\\\/careers\\\/#primaryimage\"},\"image\":{\"@id\":\"https:\\\/\\\/fnfa.ca\\\/fr\\\/careers\\\/#primaryimage\"},\"thumbnailUrl\":\"https:\\\/\\\/fnfa.ca\\\/wp-content\\\/uploads\\\/2026\\\/01\\\/FNFA-AGM-July-9th-2025-130-med-1024x683.webp\",\"datePublished\":\"2020-06-05T15:20:40+00:00\",\"dateModified\":\"2026-04-10T16:11:02+00:00\",\"breadcrumb\":{\"@id\":\"https:\\\/\\\/fnfa.ca\\\/fr\\\/careers\\\/#breadcrumb\"},\"inLanguage\":\"fr-FR\",\"potentialAction\":[{\"@type\":\"ReadAction\",\"target\":[\"https:\\\/\\\/fnfa.ca\\\/fr\\\/careers\\\/\"]}]},{\"@type\":\"ImageObject\",\"inLanguage\":\"fr-FR\",\"@id\":\"https:\\\/\\\/fnfa.ca\\\/fr\\\/careers\\\/#primaryimage\",\"url\":\"https:\\\/\\\/fnfa.ca\\\/wp-content\\\/uploads\\\/2026\\\/01\\\/FNFA-AGM-July-9th-2025-130-med-1024x683.webp\",\"contentUrl\":\"https:\\\/\\\/fnfa.ca\\\/wp-content\\\/uploads\\\/2026\\\/01\\\/FNFA-AGM-July-9th-2025-130-med-1024x683.webp\"},{\"@type\":\"BreadcrumbList\",\"@id\":\"https:\\\/\\\/fnfa.ca\\\/fr\\\/careers\\\/#breadcrumb\",\"itemListElement\":[{\"@type\":\"ListItem\",\"position\":1,\"name\":\"Home\",\"item\":\"https:\\\/\\\/fnfa.ca\\\/fr\\\/\"},{\"@type\":\"ListItem\",\"position\":2,\"name\":\"Opportunit\u00e9s de carri\u00e8re\"}]},{\"@type\":\"WebSite\",\"@id\":\"https:\\\/\\\/fnfa.ca\\\/fr\\\/#website\",\"url\":\"https:\\\/\\\/fnfa.ca\\\/fr\\\/\",\"name\":\"FNFA\",\"description\":\"First Nations Finance Authority\",\"publisher\":{\"@id\":\"https:\\\/\\\/fnfa.ca\\\/fr\\\/#organization\"},\"potentialAction\":[{\"@type\":\"SearchAction\",\"target\":{\"@type\":\"EntryPoint\",\"urlTemplate\":\"https:\\\/\\\/fnfa.ca\\\/fr\\\/?s={search_term_string}\"},\"query-input\":{\"@type\":\"PropertyValueSpecification\",\"valueRequired\":true,\"valueName\":\"search_term_string\"}}],\"inLanguage\":\"fr-FR\"},{\"@type\":\"Organization\",\"@id\":\"https:\\\/\\\/fnfa.ca\\\/fr\\\/#organization\",\"name\":\"First Nations Finance Authority\",\"alternateName\":\"FNFA\",\"url\":\"https:\\\/\\\/fnfa.ca\\\/fr\\\/\",\"logo\":{\"@type\":\"ImageObject\",\"inLanguage\":\"fr-FR\",\"@id\":\"https:\\\/\\\/fnfa.ca\\\/fr\\\/#\\\/schema\\\/logo\\\/image\\\/\",\"url\":\"https:\\\/\\\/fnfa.ca\\\/wp-content\\\/uploads\\\/2026\\\/02\\\/fnfa-logo.webp\",\"contentUrl\":\"https:\\\/\\\/fnfa.ca\\\/wp-content\\\/uploads\\\/2026\\\/02\\\/fnfa-logo.webp\",\"width\":1500,\"height\":1500,\"caption\":\"First Nations Finance Authority\"},\"image\":{\"@id\":\"https:\\\/\\\/fnfa.ca\\\/fr\\\/#\\\/schema\\\/logo\\\/image\\\/\"},\"sameAs\":[\"https:\\\/\\\/www.facebook.com\\\/theFNFA\\\/\"]}]}<\/script>\n<!-- \/ Yoast SEO plugin. -->","yoast_head_json":{"title":"Opportunit\u00e9s de carri\u00e8re - FNFA","robots":{"index":"index","follow":"follow","max-snippet":"max-snippet:-1","max-image-preview":"max-image-preview:large","max-video-preview":"max-video-preview:-1"},"canonical":"https:\/\/fnfa.ca\/fr\/careers\/","og_locale":"fr_FR","og_type":"article","og_title":"Opportunit\u00e9s de carri\u00e8re - FNFA","og_description":"L\u2019Autorit\u00e9 financi\u00e8re des Premi\u00e8res Nations (AFPN) est r\u00e9guli\u00e8rement reconnue comme l&rsquo;un des meilleurs employeurs de la Colombie-Britannique. L\u2019AFPN est une soci\u00e9t\u00e9 de services financiers \u00e0 but non lucratif dirig\u00e9e par les Premi\u00e8res Nations, mandat\u00e9e en vertu de la Loi sur la gestion financi\u00e8re des premi\u00e8res nations (2005), qui offre des services de financement rentables, de [&hellip;]","og_url":"https:\/\/fnfa.ca\/fr\/careers\/","og_site_name":"FNFA","article_publisher":"https:\/\/www.facebook.com\/theFNFA\/","article_modified_time":"2026-04-10T16:11:02+00:00","og_image":[{"width":1500,"height":1500,"url":"https:\/\/fnfa.ca\/wp-content\/uploads\/2026\/02\/fnfa-logo.webp","type":"image\/webp"}],"twitter_card":"summary_large_image","twitter_misc":{"Dur\u00e9e de lecture estim\u00e9e":"2 minutes"},"schema":{"@context":"https:\/\/schema.org","@graph":[{"@type":"WebPage","@id":"https:\/\/fnfa.ca\/fr\/careers\/","url":"https:\/\/fnfa.ca\/fr\/careers\/","name":"Opportunit\u00e9s de carri\u00e8re - FNFA","isPartOf":{"@id":"https:\/\/fnfa.ca\/fr\/#website"},"primaryImageOfPage":{"@id":"https:\/\/fnfa.ca\/fr\/careers\/#primaryimage"},"image":{"@id":"https:\/\/fnfa.ca\/fr\/careers\/#primaryimage"},"thumbnailUrl":"https:\/\/fnfa.ca\/wp-content\/uploads\/2026\/01\/FNFA-AGM-July-9th-2025-130-med-1024x683.webp","datePublished":"2020-06-05T15:20:40+00:00","dateModified":"2026-04-10T16:11:02+00:00","breadcrumb":{"@id":"https:\/\/fnfa.ca\/fr\/careers\/#breadcrumb"},"inLanguage":"fr-FR","potentialAction":[{"@type":"ReadAction","target":["https:\/\/fnfa.ca\/fr\/careers\/"]}]},{"@type":"ImageObject","inLanguage":"fr-FR","@id":"https:\/\/fnfa.ca\/fr\/careers\/#primaryimage","url":"https:\/\/fnfa.ca\/wp-content\/uploads\/2026\/01\/FNFA-AGM-July-9th-2025-130-med-1024x683.webp","contentUrl":"https:\/\/fnfa.ca\/wp-content\/uploads\/2026\/01\/FNFA-AGM-July-9th-2025-130-med-1024x683.webp"},{"@type":"BreadcrumbList","@id":"https:\/\/fnfa.ca\/fr\/careers\/#breadcrumb","itemListElement":[{"@type":"ListItem","position":1,"name":"Home","item":"https:\/\/fnfa.ca\/fr\/"},{"@type":"ListItem","position":2,"name":"Opportunit\u00e9s de carri\u00e8re"}]},{"@type":"WebSite","@id":"https:\/\/fnfa.ca\/fr\/#website","url":"https:\/\/fnfa.ca\/fr\/","name":"FNFA","description":"First Nations Finance Authority","publisher":{"@id":"https:\/\/fnfa.ca\/fr\/#organization"},"potentialAction":[{"@type":"SearchAction","target":{"@type":"EntryPoint","urlTemplate":"https:\/\/fnfa.ca\/fr\/?s={search_term_string}"},"query-input":{"@type":"PropertyValueSpecification","valueRequired":true,"valueName":"search_term_string"}}],"inLanguage":"fr-FR"},{"@type":"Organization","@id":"https:\/\/fnfa.ca\/fr\/#organization","name":"First Nations Finance Authority","alternateName":"FNFA","url":"https:\/\/fnfa.ca\/fr\/","logo":{"@type":"ImageObject","inLanguage":"fr-FR","@id":"https:\/\/fnfa.ca\/fr\/#\/schema\/logo\/image\/","url":"https:\/\/fnfa.ca\/wp-content\/uploads\/2026\/02\/fnfa-logo.webp","contentUrl":"https:\/\/fnfa.ca\/wp-content\/uploads\/2026\/02\/fnfa-logo.webp","width":1500,"height":1500,"caption":"First Nations Finance Authority"},"image":{"@id":"https:\/\/fnfa.ca\/fr\/#\/schema\/logo\/image\/"},"sameAs":["https:\/\/www.facebook.com\/theFNFA\/"]}]}},"_links":{"self":[{"href":"https:\/\/fnfa.ca\/fr\/wp-json\/wp\/v2\/pages\/4140","targetHints":{"allow":["GET"]}}],"collection":[{"href":"https:\/\/fnfa.ca\/fr\/wp-json\/wp\/v2\/pages"}],"about":[{"href":"https:\/\/fnfa.ca\/fr\/wp-json\/wp\/v2\/types\/page"}],"author":[{"embeddable":true,"href":"https:\/\/fnfa.ca\/fr\/wp-json\/wp\/v2\/users\/2"}],"replies":[{"embeddable":true,"href":"https:\/\/fnfa.ca\/fr\/wp-json\/wp\/v2\/comments?post=4140"}],"version-history":[{"count":122,"href":"https:\/\/fnfa.ca\/fr\/wp-json\/wp\/v2\/pages\/4140\/revisions"}],"predecessor-version":[{"id":14400,"href":"https:\/\/fnfa.ca\/fr\/wp-json\/wp\/v2\/pages\/4140\/revisions\/14400"}],"wp:attachment":[{"href":"https:\/\/fnfa.ca\/fr\/wp-json\/wp\/v2\/media?parent=4140"}],"curies":[{"name":"wp","href":"https:\/\/api.w.org\/{rel}","templated":true}]}}