{"id":4266,"date":"2020-06-16T23:00:19","date_gmt":"2020-06-16T23:00:19","guid":{"rendered":"https:\/\/www.fnfa.ca\/?page_id=4266"},"modified":"2026-04-23T08:48:18","modified_gmt":"2026-04-23T15:48:18","slug":"agm","status":"publish","type":"page","link":"https:\/\/fnfa.ca\/fr\/qui-sommes-nous\/agm\/","title":{"rendered":"Assembl\u00e9e g\u00e9n\u00e9rale annuelle"},"content":{"rendered":"\n<h2 class=\"wp-block-heading\">L&rsquo;AFPN tiendra sa 19e assembl\u00e9e g\u00e9n\u00e9rale annuelle du 21 au 23 juillet 2026 \u00e0 Richmond, en Colombie-Britannique, au River Rock Casino Resort.<\/h2>\n\n\n<div class=\"wp-block-image\">\n<figure class=\"aligncenter size-large\"><img decoding=\"async\" width=\"791\" height=\"1024\" src=\"https:\/\/fnfa.ca\/wp-content\/uploads\/2026\/04\/Save-the-Date-FR-791x1024.webp\" alt=\"\" class=\"wp-image-14456\" srcset=\"https:\/\/fnfa.ca\/wp-content\/uploads\/2026\/04\/Save-the-Date-FR-791x1024.webp 791w, https:\/\/fnfa.ca\/wp-content\/uploads\/2026\/04\/Save-the-Date-FR-232x300.webp 232w, https:\/\/fnfa.ca\/wp-content\/uploads\/2026\/04\/Save-the-Date-FR-768x994.webp 768w, https:\/\/fnfa.ca\/wp-content\/uploads\/2026\/04\/Save-the-Date-FR-1187x1536.webp 1187w, https:\/\/fnfa.ca\/wp-content\/uploads\/2026\/04\/Save-the-Date-FR-1583x2048.webp 1583w, https:\/\/fnfa.ca\/wp-content\/uploads\/2026\/04\/Save-the-Date-FR.webp 1700w\" sizes=\"(max-width: 791px) 100vw, 791px\" \/><\/figure>\n<\/div>\n\n\n<br><h3>Documents pour l&rsquo;AGA<\/h3>\n\n\n<div class=\"row cntBlock fileshareBlock\" id=\"fileshareBlock-block_c714e06fcc68de62efd061767174375a\" style=\"z-index:0\">\n\t\t\t\t\t<div class=\"col-12 col-lg-4\">\n\t\t\t\t<div class=\"fileItem\">\n\t\t\t<a href=\"https:\/\/fnfa.ca\/wp-content\/uploads\/2026\/04\/2026-AGM-Proxy-FRE.pdf\" target=\"_blank\">\n\t\t\t<i class=\"far fa-file-pdf\"><\/i>Formulaire de procuration pour l\u2019assembl\u00e9e g\u00e9n\u00e9rale annuelle 2026 de l&rsquo;AFPN\t\t\t<\/a>\n\t\t<\/div>\n\t<\/div>\n\t\t\t<div class=\"col-12 col-lg-4\">\n\t\t\t\t<div class=\"fileItem\">\n\t\t\t<a href=\"https:\/\/fnfa.ca\/wp-content\/uploads\/2026\/04\/Save-the-Date-FR.pdf\" target=\"_blank\">\n\t\t\t<i class=\"far fa-file-pdf\"><\/i>R\u00e9servez la date\t\t\t<\/a>\n\t\t<\/div>\n\t<\/div>\n\t\t<\/div>","protected":false},"excerpt":{"rendered":"<p>L&rsquo;AFPN tiendra sa 19e assembl\u00e9e g\u00e9n\u00e9rale annuelle du 21 au 23 juillet 2026 \u00e0 Richmond, en Colombie-Britannique, au River Rock Casino Resort. Documents pour l&rsquo;AGA<\/p>\n","protected":false},"author":2,"featured_media":0,"parent":752,"menu_order":0,"comment_status":"closed","ping_status":"closed","template":"","meta":{"_acf_changed":false,"episode_type":"","audio_file":"","podmotor_file_id":"","podmotor_episode_id":"","cover_image":"","cover_image_id":"","duration":"","filesize":"","filesize_raw":"","date_recorded":"","explicit":"","block":"","itunes_episode_number":"","itunes_title":"","itunes_season_number":"","itunes_episode_type":"","footnotes":""},"class_list":["post-4266","page","type-page","status-publish","hentry"],"acf":{"tagline":"","header_background_color":"","title_replace":"","banner_image":{"ID":13419,"id":13419,"title":"BANK SYNDICATES","filename":"BANK-SYNDICATES.webp","filesize":237578,"url":"https:\/\/fnfa.ca\/wp-content\/uploads\/2025\/12\/BANK-SYNDICATES.webp","link":"https:\/\/fnfa.ca\/fr\/qui-sommes-nous\/agm\/bank-syndicates-2\/","alt":"","author":"2","description":"","caption":"","name":"bank-syndicates-2","status":"inherit","uploaded_to":4266,"date":"2025-12-17 21:06:36","modified":"2026-04-16 22:18:27","menu_order":0,"mime_type":"image\/webp","type":"image","subtype":"webp","icon":"https:\/\/fnfa.ca\/wp-includes\/images\/media\/default.png","width":2200,"height":1467,"sizes":{"thumbnail":"https:\/\/fnfa.ca\/wp-content\/uploads\/2025\/12\/BANK-SYNDICATES-150x150.webp","thumbnail-width":150,"thumbnail-height":150,"medium":"https:\/\/fnfa.ca\/wp-content\/uploads\/2025\/12\/BANK-SYNDICATES-300x200.webp","medium-width":300,"medium-height":200,"medium_large":"https:\/\/fnfa.ca\/wp-content\/uploads\/2025\/12\/BANK-SYNDICATES-768x512.webp","medium_large-width":640,"medium_large-height":427,"large":"https:\/\/fnfa.ca\/wp-content\/uploads\/2025\/12\/BANK-SYNDICATES-1024x683.webp","large-width":640,"large-height":427,"1536x1536":"https:\/\/fnfa.ca\/wp-content\/uploads\/2025\/12\/BANK-SYNDICATES-1536x1024.webp","1536x1536-width":1536,"1536x1536-height":1024,"2048x2048":"https:\/\/fnfa.ca\/wp-content\/uploads\/2025\/12\/BANK-SYNDICATES-2048x1366.webp","2048x2048-width":2048,"2048x2048-height":1366}}},"yoast_head":"<!-- This site is optimized with the Yoast SEO plugin v27.4 - https:\/\/yoast.com\/product\/yoast-seo-wordpress\/ -->\n<title>Assembl\u00e9e g\u00e9n\u00e9rale annuelle - FNFA<\/title>\n<meta name=\"robots\" content=\"index, follow, max-snippet:-1, max-image-preview:large, max-video-preview:-1\" \/>\n<link rel=\"canonical\" href=\"https:\/\/fnfa.ca\/fr\/qui-sommes-nous\/agm\/\" \/>\n<meta property=\"og:locale\" content=\"fr_FR\" \/>\n<meta property=\"og:type\" content=\"article\" \/>\n<meta property=\"og:title\" content=\"Assembl\u00e9e g\u00e9n\u00e9rale annuelle - FNFA\" \/>\n<meta property=\"og:description\" content=\"L&rsquo;AFPN tiendra sa 19e assembl\u00e9e g\u00e9n\u00e9rale annuelle du 21 au 23 juillet 2026 \u00e0 Richmond, en Colombie-Britannique, au River Rock Casino Resort. Documents pour l&rsquo;AGA\" \/>\n<meta property=\"og:url\" content=\"https:\/\/fnfa.ca\/fr\/qui-sommes-nous\/agm\/\" \/>\n<meta property=\"og:site_name\" content=\"FNFA\" \/>\n<meta property=\"article:publisher\" content=\"https:\/\/www.facebook.com\/theFNFA\/\" \/>\n<meta property=\"article:modified_time\" content=\"2026-04-23T15:48:18+00:00\" \/>\n<meta property=\"og:image\" content=\"https:\/\/fnfa.ca\/wp-content\/uploads\/2026\/02\/fnfa-logo.webp\" \/>\n\t<meta property=\"og:image:width\" content=\"1500\" \/>\n\t<meta property=\"og:image:height\" content=\"1500\" \/>\n\t<meta property=\"og:image:type\" content=\"image\/webp\" \/>\n<meta name=\"twitter:card\" content=\"summary_large_image\" \/>\n<meta name=\"twitter:label1\" content=\"Dur\u00e9e de lecture estim\u00e9e\" \/>\n\t<meta name=\"twitter:data1\" content=\"1 minute\" \/>\n<script type=\"application\/ld+json\" class=\"yoast-schema-graph\">{\"@context\":\"https:\\\/\\\/schema.org\",\"@graph\":[{\"@type\":\"WebPage\",\"@id\":\"https:\\\/\\\/fnfa.ca\\\/fr\\\/qui-sommes-nous\\\/agm\\\/\",\"url\":\"https:\\\/\\\/fnfa.ca\\\/fr\\\/qui-sommes-nous\\\/agm\\\/\",\"name\":\"Assembl\u00e9e g\u00e9n\u00e9rale annuelle - FNFA\",\"isPartOf\":{\"@id\":\"https:\\\/\\\/fnfa.ca\\\/fr\\\/#website\"},\"primaryImageOfPage\":{\"@id\":\"https:\\\/\\\/fnfa.ca\\\/fr\\\/qui-sommes-nous\\\/agm\\\/#primaryimage\"},\"image\":{\"@id\":\"https:\\\/\\\/fnfa.ca\\\/fr\\\/qui-sommes-nous\\\/agm\\\/#primaryimage\"},\"thumbnailUrl\":\"https:\\\/\\\/fnfa.ca\\\/wp-content\\\/uploads\\\/2026\\\/04\\\/Save-the-Date-FR-791x1024.webp\",\"datePublished\":\"2020-06-16T23:00:19+00:00\",\"dateModified\":\"2026-04-23T15:48:18+00:00\",\"breadcrumb\":{\"@id\":\"https:\\\/\\\/fnfa.ca\\\/fr\\\/qui-sommes-nous\\\/agm\\\/#breadcrumb\"},\"inLanguage\":\"fr-FR\",\"potentialAction\":[{\"@type\":\"ReadAction\",\"target\":[\"https:\\\/\\\/fnfa.ca\\\/fr\\\/qui-sommes-nous\\\/agm\\\/\"]}]},{\"@type\":\"ImageObject\",\"inLanguage\":\"fr-FR\",\"@id\":\"https:\\\/\\\/fnfa.ca\\\/fr\\\/qui-sommes-nous\\\/agm\\\/#primaryimage\",\"url\":\"https:\\\/\\\/fnfa.ca\\\/wp-content\\\/uploads\\\/2026\\\/04\\\/Save-the-Date-FR-791x1024.webp\",\"contentUrl\":\"https:\\\/\\\/fnfa.ca\\\/wp-content\\\/uploads\\\/2026\\\/04\\\/Save-the-Date-FR-791x1024.webp\"},{\"@type\":\"BreadcrumbList\",\"@id\":\"https:\\\/\\\/fnfa.ca\\\/fr\\\/qui-sommes-nous\\\/agm\\\/#breadcrumb\",\"itemListElement\":[{\"@type\":\"ListItem\",\"position\":1,\"name\":\"Home\",\"item\":\"https:\\\/\\\/fnfa.ca\\\/fr\\\/\"},{\"@type\":\"ListItem\",\"position\":2,\"name\":\"\u00c0 propos de nous\",\"item\":\"https:\\\/\\\/fnfa.ca\\\/fr\\\/qui-sommes-nous\\\/\"},{\"@type\":\"ListItem\",\"position\":3,\"name\":\"Assembl\u00e9e g\u00e9n\u00e9rale annuelle\"}]},{\"@type\":\"WebSite\",\"@id\":\"https:\\\/\\\/fnfa.ca\\\/fr\\\/#website\",\"url\":\"https:\\\/\\\/fnfa.ca\\\/fr\\\/\",\"name\":\"FNFA\",\"description\":\"First Nations Finance Authority\",\"publisher\":{\"@id\":\"https:\\\/\\\/fnfa.ca\\\/fr\\\/#organization\"},\"potentialAction\":[{\"@type\":\"SearchAction\",\"target\":{\"@type\":\"EntryPoint\",\"urlTemplate\":\"https:\\\/\\\/fnfa.ca\\\/fr\\\/?s={search_term_string}\"},\"query-input\":{\"@type\":\"PropertyValueSpecification\",\"valueRequired\":true,\"valueName\":\"search_term_string\"}}],\"inLanguage\":\"fr-FR\"},{\"@type\":\"Organization\",\"@id\":\"https:\\\/\\\/fnfa.ca\\\/fr\\\/#organization\",\"name\":\"First Nations Finance Authority\",\"alternateName\":\"FNFA\",\"url\":\"https:\\\/\\\/fnfa.ca\\\/fr\\\/\",\"logo\":{\"@type\":\"ImageObject\",\"inLanguage\":\"fr-FR\",\"@id\":\"https:\\\/\\\/fnfa.ca\\\/fr\\\/#\\\/schema\\\/logo\\\/image\\\/\",\"url\":\"https:\\\/\\\/fnfa.ca\\\/wp-content\\\/uploads\\\/2026\\\/02\\\/fnfa-logo.webp\",\"contentUrl\":\"https:\\\/\\\/fnfa.ca\\\/wp-content\\\/uploads\\\/2026\\\/02\\\/fnfa-logo.webp\",\"width\":1500,\"height\":1500,\"caption\":\"First Nations Finance Authority\"},\"image\":{\"@id\":\"https:\\\/\\\/fnfa.ca\\\/fr\\\/#\\\/schema\\\/logo\\\/image\\\/\"},\"sameAs\":[\"https:\\\/\\\/www.facebook.com\\\/theFNFA\\\/\"]}]}<\/script>\n<!-- \/ Yoast SEO plugin. -->","yoast_head_json":{"title":"Assembl\u00e9e g\u00e9n\u00e9rale annuelle - FNFA","robots":{"index":"index","follow":"follow","max-snippet":"max-snippet:-1","max-image-preview":"max-image-preview:large","max-video-preview":"max-video-preview:-1"},"canonical":"https:\/\/fnfa.ca\/fr\/qui-sommes-nous\/agm\/","og_locale":"fr_FR","og_type":"article","og_title":"Assembl\u00e9e g\u00e9n\u00e9rale annuelle - FNFA","og_description":"L&rsquo;AFPN tiendra sa 19e assembl\u00e9e g\u00e9n\u00e9rale annuelle du 21 au 23 juillet 2026 \u00e0 Richmond, en Colombie-Britannique, au River Rock Casino Resort. Documents pour l&rsquo;AGA","og_url":"https:\/\/fnfa.ca\/fr\/qui-sommes-nous\/agm\/","og_site_name":"FNFA","article_publisher":"https:\/\/www.facebook.com\/theFNFA\/","article_modified_time":"2026-04-23T15:48:18+00:00","og_image":[{"width":1500,"height":1500,"url":"https:\/\/fnfa.ca\/wp-content\/uploads\/2026\/02\/fnfa-logo.webp","type":"image\/webp"}],"twitter_card":"summary_large_image","twitter_misc":{"Dur\u00e9e de lecture estim\u00e9e":"1 minute"},"schema":{"@context":"https:\/\/schema.org","@graph":[{"@type":"WebPage","@id":"https:\/\/fnfa.ca\/fr\/qui-sommes-nous\/agm\/","url":"https:\/\/fnfa.ca\/fr\/qui-sommes-nous\/agm\/","name":"Assembl\u00e9e g\u00e9n\u00e9rale annuelle - FNFA","isPartOf":{"@id":"https:\/\/fnfa.ca\/fr\/#website"},"primaryImageOfPage":{"@id":"https:\/\/fnfa.ca\/fr\/qui-sommes-nous\/agm\/#primaryimage"},"image":{"@id":"https:\/\/fnfa.ca\/fr\/qui-sommes-nous\/agm\/#primaryimage"},"thumbnailUrl":"https:\/\/fnfa.ca\/wp-content\/uploads\/2026\/04\/Save-the-Date-FR-791x1024.webp","datePublished":"2020-06-16T23:00:19+00:00","dateModified":"2026-04-23T15:48:18+00:00","breadcrumb":{"@id":"https:\/\/fnfa.ca\/fr\/qui-sommes-nous\/agm\/#breadcrumb"},"inLanguage":"fr-FR","potentialAction":[{"@type":"ReadAction","target":["https:\/\/fnfa.ca\/fr\/qui-sommes-nous\/agm\/"]}]},{"@type":"ImageObject","inLanguage":"fr-FR","@id":"https:\/\/fnfa.ca\/fr\/qui-sommes-nous\/agm\/#primaryimage","url":"https:\/\/fnfa.ca\/wp-content\/uploads\/2026\/04\/Save-the-Date-FR-791x1024.webp","contentUrl":"https:\/\/fnfa.ca\/wp-content\/uploads\/2026\/04\/Save-the-Date-FR-791x1024.webp"},{"@type":"BreadcrumbList","@id":"https:\/\/fnfa.ca\/fr\/qui-sommes-nous\/agm\/#breadcrumb","itemListElement":[{"@type":"ListItem","position":1,"name":"Home","item":"https:\/\/fnfa.ca\/fr\/"},{"@type":"ListItem","position":2,"name":"\u00c0 propos de nous","item":"https:\/\/fnfa.ca\/fr\/qui-sommes-nous\/"},{"@type":"ListItem","position":3,"name":"Assembl\u00e9e g\u00e9n\u00e9rale annuelle"}]},{"@type":"WebSite","@id":"https:\/\/fnfa.ca\/fr\/#website","url":"https:\/\/fnfa.ca\/fr\/","name":"FNFA","description":"First Nations Finance Authority","publisher":{"@id":"https:\/\/fnfa.ca\/fr\/#organization"},"potentialAction":[{"@type":"SearchAction","target":{"@type":"EntryPoint","urlTemplate":"https:\/\/fnfa.ca\/fr\/?s={search_term_string}"},"query-input":{"@type":"PropertyValueSpecification","valueRequired":true,"valueName":"search_term_string"}}],"inLanguage":"fr-FR"},{"@type":"Organization","@id":"https:\/\/fnfa.ca\/fr\/#organization","name":"First Nations Finance Authority","alternateName":"FNFA","url":"https:\/\/fnfa.ca\/fr\/","logo":{"@type":"ImageObject","inLanguage":"fr-FR","@id":"https:\/\/fnfa.ca\/fr\/#\/schema\/logo\/image\/","url":"https:\/\/fnfa.ca\/wp-content\/uploads\/2026\/02\/fnfa-logo.webp","contentUrl":"https:\/\/fnfa.ca\/wp-content\/uploads\/2026\/02\/fnfa-logo.webp","width":1500,"height":1500,"caption":"First Nations Finance Authority"},"image":{"@id":"https:\/\/fnfa.ca\/fr\/#\/schema\/logo\/image\/"},"sameAs":["https:\/\/www.facebook.com\/theFNFA\/"]}]}},"_links":{"self":[{"href":"https:\/\/fnfa.ca\/fr\/wp-json\/wp\/v2\/pages\/4266","targetHints":{"allow":["GET"]}}],"collection":[{"href":"https:\/\/fnfa.ca\/fr\/wp-json\/wp\/v2\/pages"}],"about":[{"href":"https:\/\/fnfa.ca\/fr\/wp-json\/wp\/v2\/types\/page"}],"author":[{"embeddable":true,"href":"https:\/\/fnfa.ca\/fr\/wp-json\/wp\/v2\/users\/2"}],"replies":[{"embeddable":true,"href":"https:\/\/fnfa.ca\/fr\/wp-json\/wp\/v2\/comments?post=4266"}],"version-history":[{"count":94,"href":"https:\/\/fnfa.ca\/fr\/wp-json\/wp\/v2\/pages\/4266\/revisions"}],"predecessor-version":[{"id":14681,"href":"https:\/\/fnfa.ca\/fr\/wp-json\/wp\/v2\/pages\/4266\/revisions\/14681"}],"up":[{"embeddable":true,"href":"https:\/\/fnfa.ca\/fr\/wp-json\/wp\/v2\/pages\/752"}],"wp:attachment":[{"href":"https:\/\/fnfa.ca\/fr\/wp-json\/wp\/v2\/media?parent=4266"}],"curies":[{"name":"wp","href":"https:\/\/api.w.org\/{rel}","templated":true}]}}