{"id":5017,"date":"2020-09-22T22:12:14","date_gmt":"2020-09-22T22:12:14","guid":{"rendered":"https:\/\/www.fnfa.ca\/?page_id=5017"},"modified":"2026-04-14T06:31:02","modified_gmt":"2026-04-14T13:31:02","slug":"quebec","status":"publish","type":"page","link":"https:\/\/fnfa.ca\/fr\/canada\/quebec\/","title":{"rendered":"Qu\u00e9bec"},"content":{"rendered":"\n<style>\n  .province-links-wrapper {\n    text-align: left;\n    margin: 1.5em 0;\n    font-family: 'Helvetica Neue', Helvetica, Arial, sans-serif;\n    font-size: 20px;\n  }\n\n  .province-links {\n    display: flex;\n    flex-wrap: wrap;\n    justify-content: left;\n    gap: 12px;\n    margin-top: 12px;\n  }\n\n  .province-links a {\n    padding: 8px 14px;\n    background-color: #f5f5f5;\n    border-radius: 6px;\n    text-decoration: none;\n    font-weight: 600;\n    color: #2c2c2c;\n    font-size: 15px;\n    transition: background-color 0.3s ease;\n  }\n\n  .province-links a:hover {\n    background-color: #e0e0e0;\n  }\n\n\n.province-links a.current {\n  background-color: #15A5A6;\n  color:#FFFFFF;\n  font-weight: 900;\n  pointer-events: none;\n}\n\n<\/style>\n\n\n<div class=\"province-links-wrapper\">\n  <strong>Liens rapides vers d&rsquo;autres provinces<\/strong>\n  <div class=\"province-links\">\n<a href=\"https:\/\/fnfa.ca\/fr\/canada\/yukon\/\">YN<\/a>\n<a href=\"https:\/\/fnfa.ca\/fr\/canada\/northwest-territories\/\">TNO<\/a>\n<a href=\"https:\/\/fnfa.ca\/fr\/canada\/nunavut\/\">NT<\/a>\n<a href=\"https:\/\/fnfa.ca\/fr\/canada\/british-columbia\/\">CB<\/a>\n<a href=\"https:\/\/fnfa.ca\/fr\/canada\/alberta\/\">AB<\/a>\n<a href=\"https:\/\/fnfa.ca\/fr\/canada\/saskatchewan\/\">SK<\/a>\n<a href=\"https:\/\/fnfa.ca\/fr\/canada\/manitoba\/\">MB<\/a>\n<a href=\"https:\/\/fnfa.ca\/fr\/canada\/ontario\/\">ON<\/a>\n<a href=\"https:\/\/fnfa.ca\/fr\/canada\/quebec\/\" class=\"current\">QC<\/a>\n<a href=\"https:\/\/fnfa.ca\/fr\/canada\/Newfoundland\/\">TN-L<\/a>\n<a href=\"https:\/\/fnfa.ca\/fr\/canada\/new-brunswick\/\">NB<\/a>\n<a href=\"https:\/\/fnfa.ca\/fr\/canada\/nova-scotia\/\">NE<\/a>\n<a href=\"https:\/\/fnfa.ca\/fr\/canada\/prince-edward-island\/\">IPE<\/a>\n  <\/div>\n<\/div>\n\n\n<div class=\"row cntBlock col2block\" id=\"col2block-block_2b9f6118b7385c451242ab83be471a53\">\n\t\t\t\t\t\t\t\t<div class=\"col-12 col-lg-6\">\n\t\t\t\t\t\t\t\t\t\t\t\t<h3>Sommaire de la province<\/h3>\n\t\t\t\t\t\t\t\t<p><strong>\u00c0 partir du 31 mars 2026 <\/strong><\/p>\n<table>\n<tbody>\n<tr>\n<td>Premi\u00e8res Nations \u00e0 l&rsquo;annexe de la LGFPN :<\/td>\n<td><b>22<\/b><\/td>\n<\/tr>\n<tr>\n<td>Premi\u00e8res Nations membres de l&rsquo;AFPN :<\/td>\n<td><b>13<\/b><\/td>\n<\/tr>\n<tr>\n<td>Membres emprunteurs de l&rsquo;AFPN :<\/td>\n<td><b>4<\/b><\/td>\n<\/tr>\n<tr>\n<td>Tirage AFPN :<\/td>\n<td><b>\u00a082,6 M$<\/b><\/td>\n<\/tr>\n<tr>\n<td>Production \u00e9conomique :<\/td>\n<td><b>178,9 M$<\/b><\/td>\n<\/tr>\n<tr>\n<td>Emplois potentiels cr\u00e9\u00e9s :<\/td>\n<td><b>884<\/b><\/td>\n<\/tr>\n<\/tbody>\n<\/table>\n\t\t\t\t\t\t\t<\/div>\n\t\t\t\t\t\t\t\t\t\t\t<div class=\"col-12 col-lg-6\">\n\t\t\t\t\t\t\t\t\t\t\t\t<p><img decoding=\"async\" class=\"alignnone size-medium wp-image-10630 aligncenter\" src=\"https:\/\/fnfa.ca\/wp-content\/uploads\/2024\/05\/QC@2x-1-263x300.png\" alt=\"\" width=\"263\" height=\"300\" srcset=\"https:\/\/fnfa.ca\/wp-content\/uploads\/2024\/05\/QC@2x-1-263x300.png 263w, https:\/\/fnfa.ca\/wp-content\/uploads\/2024\/05\/QC@2x-1.png 382w\" sizes=\"(max-width: 263px) 100vw, 263px\" \/><\/p>\n\t\t\t\t\t\t\t<\/div>\n\t\t\t<\/div>\n\n\n<div class=\"row cntBlock col2block\" id=\"col2block-block_e7643da2c954d40de7dec8a3d1d12195\">\n\t\t\t\t\t\t\t\t<div class=\"col-12 col-lg-6\">\n\t\t\t\t\t\t\t\t\t\t\t\t<p><img decoding=\"async\" class=\"aligncenter wp-image-4939 size-full\" src=\"https:\/\/fnfa.ca\/wp-content\/uploads\/2020\/09\/Mashteuisatsh-Riviere-du-moulin-Windmill-Investment.jpg\" alt=\"\" width=\"600\" height=\"326\" srcset=\"https:\/\/fnfa.ca\/wp-content\/uploads\/2020\/09\/Mashteuisatsh-Riviere-du-moulin-Windmill-Investment.jpg 600w, https:\/\/fnfa.ca\/wp-content\/uploads\/2020\/09\/Mashteuisatsh-Riviere-du-moulin-Windmill-Investment-300x163.jpg 300w\" sizes=\"(max-width: 600px) 100vw, 600px\" \/><\/p>\n\t\t\t\t\t\t\t<\/div>\n\t\t\t\t\t\t\t\t\t\t\t<div class=\"col-12 col-lg-6\">\n\t\t\t\t\t\t\t\t\t\t\t\t<h3>Projets financ\u00e9s<\/h3>\n\t\t\t\t\t\t\t\t<ul>\n<li>Capital pour uneinstallation de production d\u2019\u00e9nergie<\/li>\n<li>IPP \/ Projets d\u2019infrastructure<\/li>\n<li>Parts dans parc \u00e9olien<\/li>\n<li>Acquisition hydro-\u00e9lectrique<\/li>\n<li>Refinancement IPP<\/li>\n<\/ul>\n\t\t\t\t\t\t\t<\/div>\n\t\t\t<\/div>\n\n\n<div class=\"row cntBlock col2block\" id=\"col2block-block_11a1b5891f2c212d1422a28c5402a1e7\">\n\t\t\t\t\t\t\t\t<div class=\"col-12 col-lg-6\">\n\t\t\t\t\t\t\t\t\t\t\t\t<h3>Premi\u00e8res Nations du Qu\u00e9bec \u00e0 l&rsquo;annexe de la LGFPN<\/h3>\n\t\t\t\t\t\t\t\t<ul>\n<li>Algonquins du lac Barri\u00e8re<\/li>\n<li>Bande des Innus de Pessamit<\/li>\n<li>Conseil de la Nation Anishnabe de Lac Simon<\/li>\n<li>Conseil de la Premi\u00e8re Nation Abitibiwinni<\/li>\n<li>Gouvernement des Micmacs de Listuguj<\/li>\n<li>Innu Takuaikan Uashat mak Mani-utenam<\/li>\n<li>Innue Essipit<\/li>\n<li>Kitigan Zibi Anishinabeg<\/li>\n<li>La Nation Micmac de Gespeg<\/li>\n<li>Micmacs de Gesgapegiag<\/li>\n<li>Montagnais de Pakua Shipi<\/li>\n<li>Nation Huronne Wendat<\/li>\n<li>Odanak<\/li>\n<li>Premi\u00e8re Nation de Longue-Pointe<\/li>\n<li>Premi\u00e8re Nation des Ab\u00e9nakis de W\u00f4linak<\/li>\n<li>Premi\u00e8re Nation des Atikamekw d\u2019Opitciwan<\/li>\n<li>Premi\u00e8re Nation des Atikamekw de Wemotaci<\/li>\n<li>Premi\u00e8re Nation des Pekuakamiulnuatshs<\/li>\n<li>Premi\u00e8re Nation Kebaowek<\/li>\n<li>Premi\u00e8re Nation Timiskaming<\/li>\n<li>Premi\u00e8re Nation Wolastoqiyik (Mal\u00e9cite) Wahsipekuk<\/li>\n<li>Premi\u00e8re Nation Wolf Lake<\/li>\n<\/ul>\n\t\t\t\t\t\t\t<\/div>\n\t\t\t\t\t\t\t\t\t\t\t<div class=\"col-12 col-lg-6\">\n\t\t\t\t\t\t\t\t\t\t\t\t<p><img decoding=\"async\" class=\"aligncenter wp-image-4940 size-full\" src=\"https:\/\/fnfa.ca\/wp-content\/uploads\/2020\/09\/riviere-du-moulin-wind-farm.jpg\" alt=\"\" width=\"720\" height=\"360\" srcset=\"https:\/\/fnfa.ca\/wp-content\/uploads\/2020\/09\/riviere-du-moulin-wind-farm.jpg 720w, https:\/\/fnfa.ca\/wp-content\/uploads\/2020\/09\/riviere-du-moulin-wind-farm-300x150.jpg 300w\" sizes=\"(max-width: 720px) 100vw, 720px\" \/><\/p>\n\t\t\t\t\t\t\t<\/div>\n\t\t\t<\/div>\n","protected":false},"excerpt":{"rendered":"<p>Liens rapides vers d&rsquo;autres provinces YN TNO NT CB AB SK MB ON QC TN-L NB NE IPE<\/p>\n","protected":false},"author":2,"featured_media":0,"parent":4867,"menu_order":0,"comment_status":"closed","ping_status":"closed","template":"","meta":{"_acf_changed":false,"episode_type":"","audio_file":"","podmotor_file_id":"","podmotor_episode_id":"","cover_image":"","cover_image_id":"","duration":"","filesize":"","filesize_raw":"","date_recorded":"","explicit":"","block":"","itunes_episode_number":"","itunes_title":"","itunes_season_number":"","itunes_episode_type":"","footnotes":""},"class_list":["post-5017","page","type-page","status-publish","hentry"],"acf":{"tagline":"","header_background_color":"","title_replace":"","banner_image":{"ID":13474,"id":13474,"title":"Val-Jlabert_Centrale","filename":"Val-Jlabert_Centrale.webp","filesize":1162450,"url":"https:\/\/fnfa.ca\/wp-content\/uploads\/2025\/12\/Val-Jlabert_Centrale.webp","link":"https:\/\/fnfa.ca\/fr\/canada\/quebec\/val-jlabert_centrale\/","alt":"","author":"2","description":"","caption":"","name":"val-jlabert_centrale","status":"inherit","uploaded_to":5017,"date":"2025-12-18 18:12:05","modified":"2025-12-18 18:12:05","menu_order":0,"mime_type":"image\/webp","type":"image","subtype":"webp","icon":"https:\/\/fnfa.ca\/wp-includes\/images\/media\/default.png","width":2560,"height":1706,"sizes":{"thumbnail":"https:\/\/fnfa.ca\/wp-content\/uploads\/2025\/12\/Val-Jlabert_Centrale-150x150.webp","thumbnail-width":150,"thumbnail-height":150,"medium":"https:\/\/fnfa.ca\/wp-content\/uploads\/2025\/12\/Val-Jlabert_Centrale-300x200.webp","medium-width":300,"medium-height":200,"medium_large":"https:\/\/fnfa.ca\/wp-content\/uploads\/2025\/12\/Val-Jlabert_Centrale-768x512.webp","medium_large-width":640,"medium_large-height":427,"large":"https:\/\/fnfa.ca\/wp-content\/uploads\/2025\/12\/Val-Jlabert_Centrale-1024x682.webp","large-width":640,"large-height":426,"1536x1536":"https:\/\/fnfa.ca\/wp-content\/uploads\/2025\/12\/Val-Jlabert_Centrale-1536x1024.webp","1536x1536-width":1536,"1536x1536-height":1024,"2048x2048":"https:\/\/fnfa.ca\/wp-content\/uploads\/2025\/12\/Val-Jlabert_Centrale-2048x1365.webp","2048x2048-width":2048,"2048x2048-height":1365}}},"yoast_head":"<!-- This site is optimized with the Yoast SEO plugin v27.4 - https:\/\/yoast.com\/product\/yoast-seo-wordpress\/ -->\n<title>Qu\u00e9bec - FNFA<\/title>\n<meta name=\"robots\" content=\"index, follow, max-snippet:-1, max-image-preview:large, max-video-preview:-1\" \/>\n<link rel=\"canonical\" href=\"https:\/\/fnfa.ca\/fr\/canada\/quebec\/\" \/>\n<meta property=\"og:locale\" content=\"fr_FR\" \/>\n<meta property=\"og:type\" content=\"article\" \/>\n<meta property=\"og:title\" content=\"Qu\u00e9bec - FNFA\" \/>\n<meta property=\"og:description\" content=\"Liens rapides vers d&rsquo;autres provinces YN TNO NT CB AB SK MB ON QC TN-L NB NE IPE\" \/>\n<meta property=\"og:url\" content=\"https:\/\/fnfa.ca\/fr\/canada\/quebec\/\" \/>\n<meta property=\"og:site_name\" content=\"FNFA\" \/>\n<meta property=\"article:publisher\" content=\"https:\/\/www.facebook.com\/theFNFA\/\" \/>\n<meta property=\"article:modified_time\" content=\"2026-04-14T13:31:02+00:00\" \/>\n<meta property=\"og:image\" content=\"https:\/\/fnfa.ca\/wp-content\/uploads\/2026\/02\/fnfa-logo.webp\" \/>\n\t<meta property=\"og:image:width\" content=\"1500\" \/>\n\t<meta property=\"og:image:height\" content=\"1500\" \/>\n\t<meta property=\"og:image:type\" content=\"image\/webp\" \/>\n<meta name=\"twitter:card\" content=\"summary_large_image\" \/>\n<meta name=\"twitter:label1\" content=\"Dur\u00e9e de lecture estim\u00e9e\" \/>\n\t<meta name=\"twitter:data1\" content=\"1 minute\" \/>\n<script type=\"application\/ld+json\" class=\"yoast-schema-graph\">{\"@context\":\"https:\\\/\\\/schema.org\",\"@graph\":[{\"@type\":\"WebPage\",\"@id\":\"https:\\\/\\\/fnfa.ca\\\/fr\\\/canada\\\/quebec\\\/\",\"url\":\"https:\\\/\\\/fnfa.ca\\\/fr\\\/canada\\\/quebec\\\/\",\"name\":\"Qu\u00e9bec - FNFA\",\"isPartOf\":{\"@id\":\"https:\\\/\\\/fnfa.ca\\\/fr\\\/#website\"},\"datePublished\":\"2020-09-22T22:12:14+00:00\",\"dateModified\":\"2026-04-14T13:31:02+00:00\",\"breadcrumb\":{\"@id\":\"https:\\\/\\\/fnfa.ca\\\/fr\\\/canada\\\/quebec\\\/#breadcrumb\"},\"inLanguage\":\"fr-FR\",\"potentialAction\":[{\"@type\":\"ReadAction\",\"target\":[\"https:\\\/\\\/fnfa.ca\\\/fr\\\/canada\\\/quebec\\\/\"]}]},{\"@type\":\"BreadcrumbList\",\"@id\":\"https:\\\/\\\/fnfa.ca\\\/fr\\\/canada\\\/quebec\\\/#breadcrumb\",\"itemListElement\":[{\"@type\":\"ListItem\",\"position\":1,\"name\":\"Home\",\"item\":\"https:\\\/\\\/fnfa.ca\\\/fr\\\/\"},{\"@type\":\"ListItem\",\"position\":2,\"name\":\"Canada\",\"item\":\"https:\\\/\\\/fnfa.ca\\\/fr\\\/canada\\\/\"},{\"@type\":\"ListItem\",\"position\":3,\"name\":\"Qu\u00e9bec\"}]},{\"@type\":\"WebSite\",\"@id\":\"https:\\\/\\\/fnfa.ca\\\/fr\\\/#website\",\"url\":\"https:\\\/\\\/fnfa.ca\\\/fr\\\/\",\"name\":\"FNFA\",\"description\":\"First Nations Finance Authority\",\"publisher\":{\"@id\":\"https:\\\/\\\/fnfa.ca\\\/fr\\\/#organization\"},\"potentialAction\":[{\"@type\":\"SearchAction\",\"target\":{\"@type\":\"EntryPoint\",\"urlTemplate\":\"https:\\\/\\\/fnfa.ca\\\/fr\\\/?s={search_term_string}\"},\"query-input\":{\"@type\":\"PropertyValueSpecification\",\"valueRequired\":true,\"valueName\":\"search_term_string\"}}],\"inLanguage\":\"fr-FR\"},{\"@type\":\"Organization\",\"@id\":\"https:\\\/\\\/fnfa.ca\\\/fr\\\/#organization\",\"name\":\"First Nations Finance Authority\",\"alternateName\":\"FNFA\",\"url\":\"https:\\\/\\\/fnfa.ca\\\/fr\\\/\",\"logo\":{\"@type\":\"ImageObject\",\"inLanguage\":\"fr-FR\",\"@id\":\"https:\\\/\\\/fnfa.ca\\\/fr\\\/#\\\/schema\\\/logo\\\/image\\\/\",\"url\":\"https:\\\/\\\/fnfa.ca\\\/wp-content\\\/uploads\\\/2026\\\/02\\\/fnfa-logo.webp\",\"contentUrl\":\"https:\\\/\\\/fnfa.ca\\\/wp-content\\\/uploads\\\/2026\\\/02\\\/fnfa-logo.webp\",\"width\":1500,\"height\":1500,\"caption\":\"First Nations Finance Authority\"},\"image\":{\"@id\":\"https:\\\/\\\/fnfa.ca\\\/fr\\\/#\\\/schema\\\/logo\\\/image\\\/\"},\"sameAs\":[\"https:\\\/\\\/www.facebook.com\\\/theFNFA\\\/\"]}]}<\/script>\n<!-- \/ Yoast SEO plugin. -->","yoast_head_json":{"title":"Qu\u00e9bec - FNFA","robots":{"index":"index","follow":"follow","max-snippet":"max-snippet:-1","max-image-preview":"max-image-preview:large","max-video-preview":"max-video-preview:-1"},"canonical":"https:\/\/fnfa.ca\/fr\/canada\/quebec\/","og_locale":"fr_FR","og_type":"article","og_title":"Qu\u00e9bec - FNFA","og_description":"Liens rapides vers d&rsquo;autres provinces YN TNO NT CB AB SK MB ON QC TN-L NB NE IPE","og_url":"https:\/\/fnfa.ca\/fr\/canada\/quebec\/","og_site_name":"FNFA","article_publisher":"https:\/\/www.facebook.com\/theFNFA\/","article_modified_time":"2026-04-14T13:31:02+00:00","og_image":[{"width":1500,"height":1500,"url":"https:\/\/fnfa.ca\/wp-content\/uploads\/2026\/02\/fnfa-logo.webp","type":"image\/webp"}],"twitter_card":"summary_large_image","twitter_misc":{"Dur\u00e9e de lecture estim\u00e9e":"1 minute"},"schema":{"@context":"https:\/\/schema.org","@graph":[{"@type":"WebPage","@id":"https:\/\/fnfa.ca\/fr\/canada\/quebec\/","url":"https:\/\/fnfa.ca\/fr\/canada\/quebec\/","name":"Qu\u00e9bec - FNFA","isPartOf":{"@id":"https:\/\/fnfa.ca\/fr\/#website"},"datePublished":"2020-09-22T22:12:14+00:00","dateModified":"2026-04-14T13:31:02+00:00","breadcrumb":{"@id":"https:\/\/fnfa.ca\/fr\/canada\/quebec\/#breadcrumb"},"inLanguage":"fr-FR","potentialAction":[{"@type":"ReadAction","target":["https:\/\/fnfa.ca\/fr\/canada\/quebec\/"]}]},{"@type":"BreadcrumbList","@id":"https:\/\/fnfa.ca\/fr\/canada\/quebec\/#breadcrumb","itemListElement":[{"@type":"ListItem","position":1,"name":"Home","item":"https:\/\/fnfa.ca\/fr\/"},{"@type":"ListItem","position":2,"name":"Canada","item":"https:\/\/fnfa.ca\/fr\/canada\/"},{"@type":"ListItem","position":3,"name":"Qu\u00e9bec"}]},{"@type":"WebSite","@id":"https:\/\/fnfa.ca\/fr\/#website","url":"https:\/\/fnfa.ca\/fr\/","name":"FNFA","description":"First Nations Finance Authority","publisher":{"@id":"https:\/\/fnfa.ca\/fr\/#organization"},"potentialAction":[{"@type":"SearchAction","target":{"@type":"EntryPoint","urlTemplate":"https:\/\/fnfa.ca\/fr\/?s={search_term_string}"},"query-input":{"@type":"PropertyValueSpecification","valueRequired":true,"valueName":"search_term_string"}}],"inLanguage":"fr-FR"},{"@type":"Organization","@id":"https:\/\/fnfa.ca\/fr\/#organization","name":"First Nations Finance Authority","alternateName":"FNFA","url":"https:\/\/fnfa.ca\/fr\/","logo":{"@type":"ImageObject","inLanguage":"fr-FR","@id":"https:\/\/fnfa.ca\/fr\/#\/schema\/logo\/image\/","url":"https:\/\/fnfa.ca\/wp-content\/uploads\/2026\/02\/fnfa-logo.webp","contentUrl":"https:\/\/fnfa.ca\/wp-content\/uploads\/2026\/02\/fnfa-logo.webp","width":1500,"height":1500,"caption":"First Nations Finance Authority"},"image":{"@id":"https:\/\/fnfa.ca\/fr\/#\/schema\/logo\/image\/"},"sameAs":["https:\/\/www.facebook.com\/theFNFA\/"]}]}},"_links":{"self":[{"href":"https:\/\/fnfa.ca\/fr\/wp-json\/wp\/v2\/pages\/5017","targetHints":{"allow":["GET"]}}],"collection":[{"href":"https:\/\/fnfa.ca\/fr\/wp-json\/wp\/v2\/pages"}],"about":[{"href":"https:\/\/fnfa.ca\/fr\/wp-json\/wp\/v2\/types\/page"}],"author":[{"embeddable":true,"href":"https:\/\/fnfa.ca\/fr\/wp-json\/wp\/v2\/users\/2"}],"replies":[{"embeddable":true,"href":"https:\/\/fnfa.ca\/fr\/wp-json\/wp\/v2\/comments?post=5017"}],"version-history":[{"count":70,"href":"https:\/\/fnfa.ca\/fr\/wp-json\/wp\/v2\/pages\/5017\/revisions"}],"predecessor-version":[{"id":14438,"href":"https:\/\/fnfa.ca\/fr\/wp-json\/wp\/v2\/pages\/5017\/revisions\/14438"}],"up":[{"embeddable":true,"href":"https:\/\/fnfa.ca\/fr\/wp-json\/wp\/v2\/pages\/4867"}],"wp:attachment":[{"href":"https:\/\/fnfa.ca\/fr\/wp-json\/wp\/v2\/media?parent=5017"}],"curies":[{"name":"wp","href":"https:\/\/api.w.org\/{rel}","templated":true}]}}