{"id":5021,"date":"2020-09-22T22:13:45","date_gmt":"2020-09-22T22:13:45","guid":{"rendered":"https:\/\/www.fnfa.ca\/?page_id=5021"},"modified":"2026-03-11T06:28:18","modified_gmt":"2026-03-11T13:28:18","slug":"ontario","status":"publish","type":"page","link":"https:\/\/fnfa.ca\/fr\/canada\/ontario\/","title":{"rendered":"Ontario"},"content":{"rendered":"\n<style>\n  .province-links-wrapper {\n    text-align: left;\n    margin: 1.5em 0;\n    font-family: 'Helvetica Neue', Helvetica, Arial, sans-serif;\n    font-size: 20px;\n  }\n\n  .province-links {\n    display: flex;\n    flex-wrap: wrap;\n    justify-content: left;\n    gap: 12px;\n    margin-top: 12px;\n  }\n\n  .province-links a {\n    padding: 8px 14px;\n    background-color: #f5f5f5;\n    border-radius: 6px;\n    text-decoration: none;\n    font-weight: 600;\n    color: #2c2c2c;\n    font-size: 15px;\n    transition: background-color 0.3s ease;\n  }\n\n  .province-links a:hover {\n    background-color: #e0e0e0;\n  }\n\n\n.province-links a.current {\n  background-color: #15A5A6;\n  color:#FFFFFF;\n  font-weight: 900;\n  pointer-events: none;\n}\n\n<\/style>\n\n\n<div class=\"province-links-wrapper\">\n  <strong>Liens rapides vers d&rsquo;autres provinces<\/strong>\n  <div class=\"province-links\">\n<a href=\"https:\/\/fnfa.ca\/fr\/canada\/yukon\/\">YN<\/a>\n<a href=\"https:\/\/fnfa.ca\/fr\/canada\/northwest-territories\/\">TNO<\/a>\n<a href=\"https:\/\/fnfa.ca\/fr\/canada\/nunavut\/\">NT<\/a>\n<a href=\"https:\/\/fnfa.ca\/fr\/canada\/british-columbia\/\">CB<\/a>\n<a href=\"https:\/\/fnfa.ca\/fr\/canada\/alberta\/\">AB<\/a>\n<a href=\"https:\/\/fnfa.ca\/fr\/canada\/saskatchewan\/\">SK<\/a>\n<a href=\"https:\/\/fnfa.ca\/fr\/canada\/manitoba\/\">MB<\/a>\n<a href=\"https:\/\/fnfa.ca\/fr\/canada\/ontario\/\" class=\"current\">ON<\/a>\n<a href=\"https:\/\/fnfa.ca\/fr\/canada\/quebec\/\">QC<\/a>\n<a href=\"https:\/\/fnfa.ca\/fr\/canada\/Newfoundland\/\">TN-L<\/a>\n<a href=\"https:\/\/fnfa.ca\/fr\/canada\/new-brunswick\/\">NB<\/a>\n<a href=\"https:\/\/fnfa.ca\/fr\/canada\/nova-scotia\/\">NE<\/a>\n<a href=\"https:\/\/fnfa.ca\/fr\/canada\/prince-edward-island\/\">IPE<\/a>\n  <\/div>\n<\/div>\n\n\n<div class=\"row cntBlock col2block\" id=\"col2block-block_9ced56f24dd33fdf4120075a5c8b0605\">\n\t\t\t\t\t\t\t\t<div class=\"col-12 col-lg-6\">\n\t\t\t\t\t\t\t\t\t\t\t\t<h3>Sommaire de la province<\/h3>\n\t\t\t\t\t\t\t\t<p><strong>\u00c0 partir du 28 f\u00e9vrier 2026 <\/strong><\/p>\n<table>\n<tbody>\n<tr>\n<td>Premi\u00e8res Nations \u00e0 l&rsquo;annexe de la LGFPN :<\/td>\n<td><b>62<\/b><\/td>\n<\/tr>\n<tr>\n<td>Premi\u00e8res Nations membres de l&rsquo;AFPN :<\/td>\n<td><b>27<\/b><\/td>\n<\/tr>\n<tr>\n<td>Membres emprunteurs de l&rsquo;AFPN :<\/td>\n<td><b>20<\/b><\/td>\n<\/tr>\n<tr>\n<td>Tirage AFPN :<\/td>\n<td><b>616,7 M$<\/b><\/td>\n<\/tr>\n<tr>\n<td>Production \u00e9conomique :<\/td>\n<td><b>1,28 G$<\/b><\/td>\n<\/tr>\n<tr>\n<td>Emplois potentiels cr\u00e9\u00e9s :<\/td>\n<td><b>5 814<\/b><\/td>\n<\/tr>\n<\/tbody>\n<\/table>\n\t\t\t\t\t\t\t<\/div>\n\t\t\t\t\t\t\t\t\t\t\t<div class=\"col-12 col-lg-6\">\n\t\t\t\t\t\t\t\t\t\t\t\t<p><img decoding=\"async\" class=\"alignnone size-medium wp-image-10626 aligncenter\" src=\"https:\/\/fnfa.ca\/wp-content\/uploads\/2024\/05\/ON@2x-1-300x290.png\" alt=\"\" width=\"300\" height=\"290\" srcset=\"https:\/\/fnfa.ca\/wp-content\/uploads\/2024\/05\/ON@2x-1-300x290.png 300w, https:\/\/fnfa.ca\/wp-content\/uploads\/2024\/05\/ON@2x-1.png 385w\" sizes=\"(max-width: 300px) 100vw, 300px\" \/><\/p>\n\t\t\t\t\t\t\t<\/div>\n\t\t\t<\/div>\n\n\n<div class=\"row cntBlock col2block\" id=\"col2block-block_b52c6922c5519ad1f8bbc1900eff0a6f\">\n\t\t\t\t\t\t\t\t<div class=\"col-12 col-lg-6\">\n\t\t\t\t\t\t\t\t\t\t\t\t<p><img decoding=\"async\" class=\"aligncenter wp-image-4932 size-full\" src=\"https:\/\/fnfa.ca\/wp-content\/uploads\/2020\/09\/daycare-nipissing.jpg\" alt=\"\" width=\"1024\" height=\"768\" srcset=\"https:\/\/fnfa.ca\/wp-content\/uploads\/2020\/09\/daycare-nipissing.jpg 1024w, https:\/\/fnfa.ca\/wp-content\/uploads\/2020\/09\/daycare-nipissing-300x225.jpg 300w, https:\/\/fnfa.ca\/wp-content\/uploads\/2020\/09\/daycare-nipissing-768x576.jpg 768w\" sizes=\"(max-width: 1024px) 100vw, 1024px\" \/><\/p>\n\t\t\t\t\t\t\t<\/div>\n\t\t\t\t\t\t\t\t\t\t\t<div class=\"col-12 col-lg-6\">\n\t\t\t\t\t\t\t\t\t\t\t\t<h3>Projets financ\u00e9s<\/h3>\n\t\t\t\t\t\t\t\t<ul>\n<li>Construction de bureaux pour le Conseil<\/li>\n<li>Pont<\/li>\n<li>Am\u00e9nagement de terrains commerciaux<\/li>\n<li>DKS- Extension<\/li>\n<li>Complexe pour a\u00een\u00e9s<\/li>\n<li>Investissement en \u00e9quipement<\/li>\n<li>Placements enactions et fonds de roulement<\/li>\n<li>Poissonnerie<\/li>\n<li>Syst\u00e8me solaire FIT<\/li>\n<li>Camions de restauration<\/li>\n<li>B\u00e2timent gouvernemental, centre communautaire<\/li>\n<li>Agrandissement du centre de sant\u00e9<\/li>\n<li>Logement<\/li>\n<li>Projet d\u2019\u00e9nergie ind\u00e9pendant \u2013 Solaire<\/li>\n<li>Parc industriel<\/li>\n<li>Infrastructure pour le logement<\/li>\n<li>IPP Solaire \u2013 Environnement<\/li>\n<li>Acquisition de terres<\/li>\n<li>Lodge, Marina<\/li>\n<li>Navire &#8211; application de la loi maritime<\/li>\n<li>Installation polyvalente<\/li>\n<li>Terrains de pow-wow<\/li>\n<li>Achat de boucherie<\/li>\n<li>Achat d\u2019un syst\u00e8me d\u2019\u00e9picerie<\/li>\n<li>Refinancementde projetd\u2019\u00e9lectricit\u00e9ind\u00e9pendant<\/li>\n<li>Am\u00e9lioration des routes et des \u00e9gouts<\/li>\n<li>Nivellement des routes, pr\u00e9paration de site<\/li>\n<li>Entreprise d\u2019exploitation de carri\u00e8res de roche<\/li>\n<li>Agrandissement de scierie<\/li>\n<li>Centre de services et b\u00e2timent de vente au d\u00e9tail<\/li>\n<li>Parc pour bicyclettes et planches \u00e0 roulettes<\/li>\n<li>Parc solaire et d\u2019affaires<\/li>\n<li>Poste de p\u00e9age, centred\u2019information<\/li>\n<li>Station de traitement d\u2019eau<\/li>\n<li>Quai, traversier, barge<\/li>\n<\/ul>\n\t\t\t\t\t\t\t<\/div>\n\t\t\t<\/div>\n\n\n\n<h3>Premi\u00e8res Nations de l&rsquo;Ontario \u00e0 l&rsquo;annexe de la LGFPN<\/h3>\n\n\n<div class=\"row cntBlock col3block\" id=\"col3block-block_7419b8e2421f228e9edd249d1c55dab0\">\n\t\t\t\t\t\t\t\t<div class=\"col-12 col-lg-4\">\n\t\t\t\t\t\t\t\t\t\t\t\t<ul>\n<li>Anishnaabeg de Naongashiing<\/li>\n<li>Atikameksheng Anishnawbek<\/li>\n<li>Baie Washagamis<\/li>\n<li>Bingwi Neyaashi Anishinaabek<\/li>\n<li>Martin Falls<\/li>\n<li>Mohawks of the Bay of Quinte<\/li>\n<li>Nation anishinabe Niisaachewan<\/li>\n<li>Nation ojibway de Saugeen<\/li>\n<li>Nation Taykwa Tagamou<\/li>\n<li>Netmizaaggamig Nishnaabeg<\/li>\n<li>Northwest Angle No.33<\/li>\n<li>Premi\u00e8re Nation Aamjiwnaang<\/li>\n<li>Premi\u00e8re Nation Algonquins de Pikwakanagan<\/li>\n<li>Premi\u00e8re Nation Animakee Wa Zhing no 37<\/li>\n<li>Premi\u00e8re Nation anishinabe Animbiigoo Zaagiigan<\/li>\n<li>Premi\u00e8re Nation anishinabe Biinjitiwaabik Zaaging<\/li>\n<li>Premi\u00e8re Nation anishinabe Sagamok<\/li>\n<li>Premi\u00e8re Nation Attawapiskat<\/li>\n<li>Premi\u00e8re Nation Batchewana<\/li>\n<li>Premi\u00e8re Nation Beausoleil<\/li>\n<li>Premi\u00e8re Nation Big Grassy River<\/li>\n<\/ul>\n\t\t\t\t\t\t\t<\/div>\n\t\t\t\t\t\t\t\t\t\t\t<div class=\"col-12 col-lg-4\">\n\t\t\t\t\t\t\t\t\t\t\t\t<ul>\n<li>Premi\u00e8re Nation Brunswick House<\/li>\n<li>Premi\u00e8re Nation Caldwell<\/li>\n<li>Premi\u00e8re Nation Cat Lake<\/li>\n<li>Premi\u00e8re Nation Chippewas de Georgina Island<\/li>\n<li>Premi\u00e8re Nation Chippewas de Rama<\/li>\n<li>Premi\u00e8re Nation Chippewas of Kettle and Stony Point<\/li>\n<li>Premi\u00e8re Nation Chippewas of the Thames<\/li>\n<li>Premi\u00e8re Nation Constance Lake<\/li>\n<li>Premi\u00e8re Nation crie Chapleau<\/li>\n<li>Premi\u00e8re Nation Curve Lake<\/li>\n<li>Premi\u00e8re Nation Eagle Lake<\/li>\n<li>Premi\u00e8re Nation Fort William<\/li>\n<li>Premi\u00e8re Nation Garden River<\/li>\n<li>Premi\u00e8re Nation Henvey Inlet<\/li>\n<li>Premi\u00e8re Nation ind\u00e9pendante Iskatewizaagegan no 39<\/li>\n<li>Premi\u00e8re Nation Kingfisher Lake<\/li>\n<li>Premi\u00e8re Nation lac des Mille Lacs<\/li>\n<li>Premi\u00e8re Nation lac Seul<\/li>\n<li>Premi\u00e8re Nation M\u2019Chigeeng<\/li>\n<li>Premi\u00e8re Nation Mississauga<\/li>\n<li>Premi\u00e8re Nation Mississaugas de Credit<\/li>\n<\/ul>\n\t\t\t\t\t\t\t<\/div>\n\t\t\t\t\t\t\t\t\t\t\t<div class=\"col-12 col-lg-4\">\n\t\t\t\t\t\t\t\t\t\t\t\t<ul>\n<li>Premi\u00e8re Nation Mississaugas de Scugog Island<\/li>\n<li>Premi\u00e8re Nation Mitaanjigamiing<\/li>\n<li>Premi\u00e8re Nation Munsee-Delaware<\/li>\n<li>Premi\u00e8re Nation Naotkamegwanning<\/li>\n<li>Premi\u00e8re Nation Nipissing<\/li>\n<li>Premi\u00e8re Nation Saugeen<\/li>\n<li>Premi\u00e8re Nation Serpent River<\/li>\n<li>Premi\u00e8re Nation Shawanaga<\/li>\n<li>Premi\u00e8re Nation Sheguiandah<\/li>\n<li>Premi\u00e8re Nation Sheshegwaning<\/li>\n<li>Premi\u00e8re Nation Shoal Lake no 40<\/li>\n<li>Premi\u00e8re Nation Wahgoshig<\/li>\n<li>Premi\u00e8re Nation Wahnapitae<\/li>\n<li>Premi\u00e8re Nation Wasauksing<\/li>\n<li>Premi\u00e8re Nation Webequie<\/li>\n<li>Premi\u00e8re Nation Whitefish River<\/li>\n<li>Premi\u00e8res Nations Rainy River<\/li>\n<li>Teme Augama Anishinabek<\/li>\n<li>Wikwemikong<\/li>\n<li>Wunnumin<\/li>\n<\/ul>\n\t\t\t\t\t\t\t<\/div>\n\t\t\t<\/div>\n\n\n\n<p><\/p>\n","protected":false},"excerpt":{"rendered":"<p>Liens rapides vers d&rsquo;autres provinces YN TNO NT CB AB SK MB ON QC TN-L NB NE IPE Premi\u00e8res Nations de l&rsquo;Ontario \u00e0 l&rsquo;annexe de la LGFPN<\/p>\n","protected":false},"author":2,"featured_media":0,"parent":4867,"menu_order":0,"comment_status":"closed","ping_status":"closed","template":"","meta":{"_acf_changed":false,"episode_type":"","audio_file":"","podmotor_file_id":"","podmotor_episode_id":"","cover_image":"","cover_image_id":"","duration":"","filesize":"","filesize_raw":"","date_recorded":"","explicit":"","block":"","itunes_episode_number":"","itunes_title":"","itunes_season_number":"","itunes_episode_type":"","footnotes":""},"class_list":["post-5021","page","type-page","status-publish","hentry"],"acf":{"tagline":"","header_background_color":"","title_replace":""},"yoast_head":"<!-- This site is optimized with the Yoast SEO plugin v27.3 - https:\/\/yoast.com\/product\/yoast-seo-wordpress\/ -->\n<title>Ontario - FNFA<\/title>\n<meta name=\"robots\" content=\"index, follow, max-snippet:-1, max-image-preview:large, max-video-preview:-1\" \/>\n<link rel=\"canonical\" href=\"https:\/\/fnfa.ca\/fr\/canada\/ontario\/\" \/>\n<meta property=\"og:locale\" content=\"fr_FR\" \/>\n<meta property=\"og:type\" content=\"article\" \/>\n<meta property=\"og:title\" content=\"Ontario - FNFA\" \/>\n<meta property=\"og:description\" content=\"Liens rapides vers d&rsquo;autres provinces YN TNO NT CB AB SK MB ON QC TN-L NB NE IPE Premi\u00e8res Nations de l&rsquo;Ontario \u00e0 l&rsquo;annexe de la LGFPN\" \/>\n<meta property=\"og:url\" content=\"https:\/\/fnfa.ca\/fr\/canada\/ontario\/\" \/>\n<meta property=\"og:site_name\" content=\"FNFA\" \/>\n<meta property=\"article:publisher\" content=\"https:\/\/www.facebook.com\/theFNFA\/\" \/>\n<meta property=\"article:modified_time\" content=\"2026-03-11T13:28:18+00:00\" \/>\n<meta property=\"og:image\" content=\"https:\/\/fnfa.ca\/wp-content\/uploads\/2026\/02\/fnfa-logo.webp\" \/>\n\t<meta property=\"og:image:width\" content=\"1500\" \/>\n\t<meta property=\"og:image:height\" content=\"1500\" \/>\n\t<meta property=\"og:image:type\" content=\"image\/webp\" \/>\n<meta name=\"twitter:card\" content=\"summary_large_image\" \/>\n<meta name=\"twitter:label1\" content=\"Dur\u00e9e de lecture estim\u00e9e\" \/>\n\t<meta name=\"twitter:data1\" content=\"1 minute\" \/>\n<script type=\"application\/ld+json\" class=\"yoast-schema-graph\">{\"@context\":\"https:\\\/\\\/schema.org\",\"@graph\":[{\"@type\":\"WebPage\",\"@id\":\"https:\\\/\\\/fnfa.ca\\\/fr\\\/canada\\\/ontario\\\/\",\"url\":\"https:\\\/\\\/fnfa.ca\\\/fr\\\/canada\\\/ontario\\\/\",\"name\":\"Ontario - FNFA\",\"isPartOf\":{\"@id\":\"https:\\\/\\\/fnfa.ca\\\/fr\\\/#website\"},\"datePublished\":\"2020-09-22T22:13:45+00:00\",\"dateModified\":\"2026-03-11T13:28:18+00:00\",\"breadcrumb\":{\"@id\":\"https:\\\/\\\/fnfa.ca\\\/fr\\\/canada\\\/ontario\\\/#breadcrumb\"},\"inLanguage\":\"fr-FR\",\"potentialAction\":[{\"@type\":\"ReadAction\",\"target\":[\"https:\\\/\\\/fnfa.ca\\\/fr\\\/canada\\\/ontario\\\/\"]}]},{\"@type\":\"BreadcrumbList\",\"@id\":\"https:\\\/\\\/fnfa.ca\\\/fr\\\/canada\\\/ontario\\\/#breadcrumb\",\"itemListElement\":[{\"@type\":\"ListItem\",\"position\":1,\"name\":\"Home\",\"item\":\"https:\\\/\\\/fnfa.ca\\\/fr\\\/\"},{\"@type\":\"ListItem\",\"position\":2,\"name\":\"Canada\",\"item\":\"https:\\\/\\\/fnfa.ca\\\/fr\\\/canada\\\/\"},{\"@type\":\"ListItem\",\"position\":3,\"name\":\"Ontario\"}]},{\"@type\":\"WebSite\",\"@id\":\"https:\\\/\\\/fnfa.ca\\\/fr\\\/#website\",\"url\":\"https:\\\/\\\/fnfa.ca\\\/fr\\\/\",\"name\":\"FNFA\",\"description\":\"First Nations Finance Authority\",\"publisher\":{\"@id\":\"https:\\\/\\\/fnfa.ca\\\/fr\\\/#organization\"},\"potentialAction\":[{\"@type\":\"SearchAction\",\"target\":{\"@type\":\"EntryPoint\",\"urlTemplate\":\"https:\\\/\\\/fnfa.ca\\\/fr\\\/?s={search_term_string}\"},\"query-input\":{\"@type\":\"PropertyValueSpecification\",\"valueRequired\":true,\"valueName\":\"search_term_string\"}}],\"inLanguage\":\"fr-FR\"},{\"@type\":\"Organization\",\"@id\":\"https:\\\/\\\/fnfa.ca\\\/fr\\\/#organization\",\"name\":\"First Nations Finance Authority\",\"alternateName\":\"FNFA\",\"url\":\"https:\\\/\\\/fnfa.ca\\\/fr\\\/\",\"logo\":{\"@type\":\"ImageObject\",\"inLanguage\":\"fr-FR\",\"@id\":\"https:\\\/\\\/fnfa.ca\\\/fr\\\/#\\\/schema\\\/logo\\\/image\\\/\",\"url\":\"https:\\\/\\\/fnfa.ca\\\/wp-content\\\/uploads\\\/2026\\\/02\\\/fnfa-logo.webp\",\"contentUrl\":\"https:\\\/\\\/fnfa.ca\\\/wp-content\\\/uploads\\\/2026\\\/02\\\/fnfa-logo.webp\",\"width\":1500,\"height\":1500,\"caption\":\"First Nations Finance Authority\"},\"image\":{\"@id\":\"https:\\\/\\\/fnfa.ca\\\/fr\\\/#\\\/schema\\\/logo\\\/image\\\/\"},\"sameAs\":[\"https:\\\/\\\/www.facebook.com\\\/theFNFA\\\/\"]}]}<\/script>\n<!-- \/ Yoast SEO plugin. -->","yoast_head_json":{"title":"Ontario - FNFA","robots":{"index":"index","follow":"follow","max-snippet":"max-snippet:-1","max-image-preview":"max-image-preview:large","max-video-preview":"max-video-preview:-1"},"canonical":"https:\/\/fnfa.ca\/fr\/canada\/ontario\/","og_locale":"fr_FR","og_type":"article","og_title":"Ontario - FNFA","og_description":"Liens rapides vers d&rsquo;autres provinces YN TNO NT CB AB SK MB ON QC TN-L NB NE IPE Premi\u00e8res Nations de l&rsquo;Ontario \u00e0 l&rsquo;annexe de la LGFPN","og_url":"https:\/\/fnfa.ca\/fr\/canada\/ontario\/","og_site_name":"FNFA","article_publisher":"https:\/\/www.facebook.com\/theFNFA\/","article_modified_time":"2026-03-11T13:28:18+00:00","og_image":[{"width":1500,"height":1500,"url":"https:\/\/fnfa.ca\/wp-content\/uploads\/2026\/02\/fnfa-logo.webp","type":"image\/webp"}],"twitter_card":"summary_large_image","twitter_misc":{"Dur\u00e9e de lecture estim\u00e9e":"1 minute"},"schema":{"@context":"https:\/\/schema.org","@graph":[{"@type":"WebPage","@id":"https:\/\/fnfa.ca\/fr\/canada\/ontario\/","url":"https:\/\/fnfa.ca\/fr\/canada\/ontario\/","name":"Ontario - FNFA","isPartOf":{"@id":"https:\/\/fnfa.ca\/fr\/#website"},"datePublished":"2020-09-22T22:13:45+00:00","dateModified":"2026-03-11T13:28:18+00:00","breadcrumb":{"@id":"https:\/\/fnfa.ca\/fr\/canada\/ontario\/#breadcrumb"},"inLanguage":"fr-FR","potentialAction":[{"@type":"ReadAction","target":["https:\/\/fnfa.ca\/fr\/canada\/ontario\/"]}]},{"@type":"BreadcrumbList","@id":"https:\/\/fnfa.ca\/fr\/canada\/ontario\/#breadcrumb","itemListElement":[{"@type":"ListItem","position":1,"name":"Home","item":"https:\/\/fnfa.ca\/fr\/"},{"@type":"ListItem","position":2,"name":"Canada","item":"https:\/\/fnfa.ca\/fr\/canada\/"},{"@type":"ListItem","position":3,"name":"Ontario"}]},{"@type":"WebSite","@id":"https:\/\/fnfa.ca\/fr\/#website","url":"https:\/\/fnfa.ca\/fr\/","name":"FNFA","description":"First Nations Finance Authority","publisher":{"@id":"https:\/\/fnfa.ca\/fr\/#organization"},"potentialAction":[{"@type":"SearchAction","target":{"@type":"EntryPoint","urlTemplate":"https:\/\/fnfa.ca\/fr\/?s={search_term_string}"},"query-input":{"@type":"PropertyValueSpecification","valueRequired":true,"valueName":"search_term_string"}}],"inLanguage":"fr-FR"},{"@type":"Organization","@id":"https:\/\/fnfa.ca\/fr\/#organization","name":"First Nations Finance Authority","alternateName":"FNFA","url":"https:\/\/fnfa.ca\/fr\/","logo":{"@type":"ImageObject","inLanguage":"fr-FR","@id":"https:\/\/fnfa.ca\/fr\/#\/schema\/logo\/image\/","url":"https:\/\/fnfa.ca\/wp-content\/uploads\/2026\/02\/fnfa-logo.webp","contentUrl":"https:\/\/fnfa.ca\/wp-content\/uploads\/2026\/02\/fnfa-logo.webp","width":1500,"height":1500,"caption":"First Nations Finance Authority"},"image":{"@id":"https:\/\/fnfa.ca\/fr\/#\/schema\/logo\/image\/"},"sameAs":["https:\/\/www.facebook.com\/theFNFA\/"]}]}},"_links":{"self":[{"href":"https:\/\/fnfa.ca\/fr\/wp-json\/wp\/v2\/pages\/5021","targetHints":{"allow":["GET"]}}],"collection":[{"href":"https:\/\/fnfa.ca\/fr\/wp-json\/wp\/v2\/pages"}],"about":[{"href":"https:\/\/fnfa.ca\/fr\/wp-json\/wp\/v2\/types\/page"}],"author":[{"embeddable":true,"href":"https:\/\/fnfa.ca\/fr\/wp-json\/wp\/v2\/users\/2"}],"replies":[{"embeddable":true,"href":"https:\/\/fnfa.ca\/fr\/wp-json\/wp\/v2\/comments?post=5021"}],"version-history":[{"count":74,"href":"https:\/\/fnfa.ca\/fr\/wp-json\/wp\/v2\/pages\/5021\/revisions"}],"predecessor-version":[{"id":14265,"href":"https:\/\/fnfa.ca\/fr\/wp-json\/wp\/v2\/pages\/5021\/revisions\/14265"}],"up":[{"embeddable":true,"href":"https:\/\/fnfa.ca\/fr\/wp-json\/wp\/v2\/pages\/4867"}],"wp:attachment":[{"href":"https:\/\/fnfa.ca\/fr\/wp-json\/wp\/v2\/media?parent=5021"}],"curies":[{"name":"wp","href":"https:\/\/api.w.org\/{rel}","templated":true}]}}