{"id":5036,"date":"2020-09-22T22:29:54","date_gmt":"2020-09-22T22:29:54","guid":{"rendered":"https:\/\/www.fnfa.ca\/?page_id=5036"},"modified":"2026-04-14T05:49:21","modified_gmt":"2026-04-14T12:49:21","slug":"british-columbia","status":"publish","type":"page","link":"https:\/\/fnfa.ca\/fr\/canada\/british-columbia\/","title":{"rendered":"Colombie-Britannique"},"content":{"rendered":"\n<style>\n  .province-links-wrapper {\n    text-align: left;\n    margin: 1.5em 0;\n    font-family: 'Helvetica Neue', Helvetica, Arial, sans-serif;\n    font-size: 20px;\n  }\n\n  .province-links {\n    display: flex;\n    flex-wrap: wrap;\n    justify-content: left;\n    gap: 12px;\n    margin-top: 12px;\n  }\n\n  .province-links a {\n    padding: 8px 14px;\n    background-color: #f5f5f5;\n    border-radius: 6px;\n    text-decoration: none;\n    font-weight: 600;\n    color: #2c2c2c;\n    font-size: 15px;\n    transition: background-color 0.3s ease;\n  }\n\n  .province-links a:hover {\n    background-color: #e0e0e0;\n  }\n\n\n.province-links a.current {\n  background-color: #15A5A6;\n  color:#FFFFFF;\n  font-weight: 900;\n  pointer-events: none;\n}\n\n<\/style>\n\n\n<div class=\"province-links-wrapper\">\n  <strong>Liens rapides vers d&rsquo;autres provinces<\/strong>\n  <div class=\"province-links\">\n<a href=\"https:\/\/fnfa.ca\/fr\/canada\/yukon\/\">YN<\/a>\n<a href=\"https:\/\/fnfa.ca\/fr\/canada\/northwest-territories\/\">TNO<\/a>\n<a href=\"https:\/\/fnfa.ca\/fr\/canada\/nunavut\/\">NT<\/a>\n<a href=\"https:\/\/fnfa.ca\/fr\/canada\/british-columbia\/\" class=\"current\">CB<\/a>\n<a href=\"https:\/\/fnfa.ca\/fr\/canada\/alberta\/\">AB<\/a>\n<a href=\"https:\/\/fnfa.ca\/fr\/canada\/saskatchewan\/\">SK<\/a>\n<a href=\"https:\/\/fnfa.ca\/fr\/canada\/manitoba\/\">MB<\/a>\n<a href=\"https:\/\/fnfa.ca\/fr\/canada\/ontario\/\">ON<\/a>\n<a href=\"https:\/\/fnfa.ca\/fr\/canada\/quebec\/\">QC<\/a>\n<a href=\"https:\/\/fnfa.ca\/fr\/canada\/Newfoundland\/\">TN-L<\/a>\n<a href=\"https:\/\/fnfa.ca\/fr\/canada\/new-brunswick\/\">NB<\/a>\n<a href=\"https:\/\/fnfa.ca\/fr\/canada\/nova-scotia\/\">NE<\/a>\n<a href=\"https:\/\/fnfa.ca\/fr\/canada\/prince-edward-island\/\">IPE<\/a>\n  <\/div>\n<\/div>\n\n\n<div class=\"row cntBlock col2block\" id=\"col2block-block_e013e772cc4e5d196fb2656eee3b3169\">\n\t\t\t\t\t\t\t\t<div class=\"col-12 col-lg-6\">\n\t\t\t\t\t\t\t\t\t\t\t\t<h3>Sommaire de la province<\/h3>\n\t\t\t\t\t\t\t\t<p><strong>\u00c0 partir du 31 mars 2026 <\/strong><\/p>\n<table>\n<tbody>\n<tr>\n<td>Premi\u00e8res Nations \u00e0 l&rsquo;annexe de la LGFPN :<\/td>\n<td><b>154<\/b><\/td>\n<\/tr>\n<tr>\n<td>Premi\u00e8res Nations membres de l&rsquo;AFPN :<\/td>\n<td><b>79<\/b><\/td>\n<\/tr>\n<tr>\n<td>Membres emprunteurs de l&rsquo;AFPN :<\/td>\n<td><b>38<\/b><\/td>\n<\/tr>\n<tr>\n<td>Tirage AFPN :<\/td>\n<td><b>1,22 G$<\/b><\/td>\n<\/tr>\n<tr>\n<td>Production \u00e9conomique :<\/td>\n<td><b>2,61 G$<\/b><\/td>\n<\/tr>\n<tr>\n<td>Emplois potentiels cr\u00e9\u00e9s :<\/td>\n<td><b>10 342<\/b><\/td>\n<\/tr>\n<\/tbody>\n<\/table>\n\t\t\t\t\t\t\t<\/div>\n\t\t\t\t\t\t\t\t\t\t\t<div class=\"col-12 col-lg-6\">\n\t\t\t\t\t\t\t\t\t\t\t\t<p><img decoding=\"async\" class=\"alignnone size-medium wp-image-10606 aligncenter\" src=\"https:\/\/fnfa.ca\/wp-content\/uploads\/2024\/05\/BC@2x-2-173x300.png\" alt=\"\" width=\"173\" height=\"300\" srcset=\"https:\/\/fnfa.ca\/wp-content\/uploads\/2024\/05\/BC@2x-2-173x300.png 173w, https:\/\/fnfa.ca\/wp-content\/uploads\/2024\/05\/BC@2x-2.png 243w\" sizes=\"(max-width: 173px) 100vw, 173px\" \/><\/p>\n\t\t\t\t\t\t\t<\/div>\n\t\t\t<\/div>\n\n\n<div class=\"row cntBlock col2block\" id=\"col2block-block_d1547e84eded75341a926dc4f46091ca\">\n\t\t\t\t\t\t\t\t<div class=\"col-12 col-lg-6\">\n\t\t\t\t\t\t\t\t\t\t\t\t<p><img decoding=\"async\" class=\"aligncenter wp-image-4889 size-full\" src=\"https:\/\/fnfa.ca\/wp-content\/uploads\/2020\/09\/Songhees-Wellness-Centre.jpg\" alt=\"\" width=\"1024\" height=\"683\" srcset=\"https:\/\/fnfa.ca\/wp-content\/uploads\/2020\/09\/Songhees-Wellness-Centre.jpg 1024w, https:\/\/fnfa.ca\/wp-content\/uploads\/2020\/09\/Songhees-Wellness-Centre-300x200.jpg 300w, https:\/\/fnfa.ca\/wp-content\/uploads\/2020\/09\/Songhees-Wellness-Centre-768x512.jpg 768w\" sizes=\"(max-width: 1024px) 100vw, 1024px\" \/><\/p>\n\t\t\t\t\t\t\t<\/div>\n\t\t\t\t\t\t\t\t\t\t\t<div class=\"col-12 col-lg-6\">\n\t\t\t\t\t\t\t\t\t\t\t\t<h3>Projets financ\u00e9s<\/h3>\n\t\t\t\t\t\t\t\t<ul>\n<li>D\u00e9veloppement de l\u2019infrastructure de la subdivision nord<\/li>\n<li>Achat d\u2019un permis forestier, de terres, et de logements<\/li>\n<li>Refinancement d\u2019un pr\u00eat \u00e0 terme pour 10 logements<\/li>\n<li>Projet de logement social en partenariat avec BC Housing<\/li>\n<li>Capital Propre Dans les propri\u00e9t\u00e9s commerciales situ\u00e9es sur les terres des PN<\/li>\n<li>B\u00e2timent administratif<\/li>\n<li>Entreprise De bande\/acquisition de terrains\/\u00e9l\u00e9ment comm\u00e9moratif de construction<\/li>\n<li>Financement Provisoire Pour un projet de logementenColombie-Britannique<\/li>\n<li>Investissement en entreprise<\/li>\n<li>Logement commercial \/ social<\/li>\n<li>Construction de b\u00e2timents\/ acquisition de terrains \/ 7 maisons de ville\/ refinancement<\/li>\n<li>Construction et exploitation d\u2019une usine de papier<\/li>\n<li>Construction, r\u00e9novation, logement social<\/li>\n<li>Installation d\u2019extraction de cultures<\/li>\n<li>D\u00e9veloppement D\u2019un centre de bien-\u00eatre\/ Achat De terrain<\/li>\n<li>\u00c9quipement, Fonds de roulement<\/li>\n<li>Participation dans un projet hydro\u00e9lectrique(Bremner Trio)<\/li>\n<li>Financement de garderies<\/li>\n<\/ul>\n\t\t\t\t\t\t\t<\/div>\n\t\t\t<\/div>\n\n\n<div class=\"row cntBlock col2block\" id=\"col2block-block_9f8d76fc76d17bce76fd598fcd29a3db\">\n\t\t\t\t\t\t\t\t<div class=\"col-12 col-lg-6\">\n\t\t\t\t\t\t\t\t\t\t\t\t<ul>\n<li>Station-service, d\u00e9panneuret achat de terrains<\/li>\n<li>Construction d\u2019immeubles gouvernement aux et magasin de d\u00e9tail<\/li>\n<li>R\u00e9novation d\u2019h\u00f4tel<\/li>\n<li>H\u00f4tel, b\u00e2timent et logement<\/li>\n<li>Logement, b\u00e2timent administratif, planification<\/li>\n<li>Remplacementdu syst\u00e8me d\u2019eau d\u2019IndianBeach<\/li>\n<li>IPP<\/li>\n<li>Projet de bio\u00e9nergie<\/li>\n<li>Achat de terrains \/ D\u00e9veloppement des affaires<\/li>\n<li>Installation polyvalente<\/li>\n<li>D\u00e9veloppement de l\u2019infrastructure de la subdivision nord<\/li>\n<li>Achatd\u2019un permisforestier, de terres, et de logements<\/li>\n<li>Refinancement d\u2019un pr\u00eat \u00e0terme pour 10 logements<\/li>\n<li>Projet de logement social en partenariatavec BC Housing<\/li>\n<\/ul>\n\t\t\t\t\t\t\t<\/div>\n\t\t\t\t\t\t\t\t\t\t\t<div class=\"col-12 col-lg-6\">\n\t\t\t\t\t\t\t\t\t\t\t\t<p><img decoding=\"async\" class=\"aligncenter wp-image-4890 size-full\" src=\"https:\/\/fnfa.ca\/wp-content\/uploads\/2020\/09\/7-plex-picture_crop.jpg\" alt=\"\" width=\"765\" height=\"480\" srcset=\"https:\/\/fnfa.ca\/wp-content\/uploads\/2020\/09\/7-plex-picture_crop.jpg 765w, https:\/\/fnfa.ca\/wp-content\/uploads\/2020\/09\/7-plex-picture_crop-300x188.jpg 300w\" sizes=\"(max-width: 765px) 100vw, 765px\" \/><\/p>\n\t\t\t\t\t\t\t<\/div>\n\t\t\t<\/div>\n\n\n\n<h3>Premi\u00e8res Nations de la Colombie-Britannique \u00e0 l&rsquo;annexe de la LGFPN<\/h3>\n\n\n<div class=\"row cntBlock col3block\" id=\"col3block-block_910c028a7bec024b18965ed493246a54\">\n\t\t\t\t\t\t\t\t<div class=\"col-12 col-lg-4\">\n\t\t\t\t\t\t\t\t\t\t\t\t<ul>\n<li>Bande Cayoose Creek<\/li>\n<li>Bande de l&rsquo;Adams Lake<\/li>\n<li>Bande indienne Coldwater<\/li>\n<li>Bande indienne Cook\u2019s Ferry<\/li>\n<li>Bande indienne Little Shuswap Lake<\/li>\n<li>Bande indienne Lower Nicola<\/li>\n<li>Bande indienne McLeod Lake<\/li>\n<li>Bande indienne Neskonlith<\/li>\n<li>Bande indienne Nooaitch<\/li>\n<li>Bande indienne Osoyoos<\/li>\n<li>Bande indienne Penticton<\/li>\n<li>Bande indienne Skeetchestn<\/li>\n<li>Bande indienne Upper Nicola<\/li>\n<li>Bande indienne Whispering Pines\/Clinton<\/li>\n<li>Bande Lax Kw\u2019alaams<\/li>\n<li>Bande Lower Kootenay<\/li>\n<li>Bande Nadleh Whut\u2019en<\/li>\n<li>Bande Seabird Island<\/li>\n<li>Bande Tahltan<\/li>\n<li>Beecher Bay<\/li>\n<li>Binche Whut&rsquo;en<\/li>\n<li>Cheam<\/li>\n<li>Conseil de bande d&rsquo;Iskut<\/li>\n<li>Gouvernement de Tl&rsquo;etinqox<\/li>\n<li>Hagwilget Village<\/li>\n<li>Lytton<\/li>\n<li>Nak&rsquo;azdli Whut&rsquo;en<\/li>\n<li>Nation Cheslatta Carrier<\/li>\n<li>Nation des Gitxaalas<\/li>\n<li>Nation des Songhees<\/li>\n<li>Nation des Wuikinuxvs<\/li>\n<li>Nation du lac Babine<\/li>\n<li>Nation Haisla<\/li>\n<li>Nation Kwadacha<\/li>\n<li>Nation Lhtako Dene<\/li>\n<li>Nation Lilwat<\/li>\n<li>Nation Malahat<\/li>\n<li>Nation Squamish<\/li>\n<li>Nation Takla<\/li>\n<li>Nation Tla&rsquo;amin<\/li>\n<li>Nation Tl&rsquo;azt&rsquo;en<\/li>\n<li>Nation Tsleil-Waututh<\/li>\n<li>Nation We Wai Kai<\/li>\n<li>Nations des Gwasalas-Nakwaxdaxws<\/li>\n<li>Nations des Skatin<\/li>\n<li>Nee-Tahi-Buhn<\/li>\n<li>Nquatqua<\/li>\n<li>Old Massett Village Council<\/li>\n<li>Premi\u00e8re Nation ?Akisq\u2019nuk<\/li>\n<li>Premi\u00e8re Nation Ahousaht<\/li>\n<li>Premi\u00e8re Nation Aitchelitz<\/li>\n<\/ul>\n\t\t\t\t\t\t\t<\/div>\n\t\t\t\t\t\t\t\t\t\t\t<div class=\"col-12 col-lg-4\">\n\t\t\t\t\t\t\t\t\t\t\t\t<ul>\n<li>Premi\u00e8re Nation Bonaparte<\/li>\n<li>Premi\u00e8re Nation Chawathil<\/li>\n<li>Premi\u00e8re Nation Cowichan Tribes<\/li>\n<li>Premi\u00e8re Nation Doig River<\/li>\n<li>Premi\u00e8re Nation Ehattesaht<\/li>\n<li>Premi\u00e8re Nation Esdilagh<\/li>\n<li>Premi\u00e8re Nation Esk&rsquo;etemc<\/li>\n<li>Premi\u00e8re Nation Esquimalt<\/li>\n<li>Premi\u00e8re Nation Fort Nelson<\/li>\n<li>Premi\u00e8re Nation Gitanmaax<\/li>\n<li>Premi\u00e8re Nation Gitanyow<\/li>\n<li>Premi\u00e8re Nation Gitga\u2019at<\/li>\n<li>Premi\u00e8re Nation Gitsegukla<\/li>\n<li>Premi\u00e8re Nation Gitwangak<\/li>\n<li>Premi\u00e8re Nation Glen Vowell<\/li>\n<li>Premi\u00e8re Nation Halalt<\/li>\n<li>Premi\u00e8re Nation Halfway River<\/li>\n<li>Premi\u00e8re Nation Heiltsuk<\/li>\n<li>Premi\u00e8re Nation High Bar<\/li>\n<li>Premi\u00e8re Nation Homalco<\/li>\n<li>Premi\u00e8re Nation Hupacasath<\/li>\n<li>Premi\u00e8re Nation K\u2019\u00f3moks<\/li>\n<li>Premi\u00e8re Nation Kanaka Bar<\/li>\n<li>Premi\u00e8re Nation Katzie<\/li>\n<li>Premi\u00e8re Nation Kispiox<\/li>\n<li>Premi\u00e8re Nation Kitselas<\/li>\n<li>Premi\u00e8re Nation Kitsumkalum<\/li>\n<li>Premi\u00e8re Nation Klahoose<\/li>\n<li>Premi\u00e8re Nation Kwantlen<\/li>\n<li>Premi\u00e8re Nation Kwaw-Kwaw Apilt<\/li>\n<li>Premi\u00e8re Nation Kwikwetlem<\/li>\n<li>Premi\u00e8re Nation Leq\u2019\u00e1:mel<\/li>\n<li>Premi\u00e8re Nation Lheidli T\u2019enneh<\/li>\n<li>Premi\u00e8re Nation Lower Similkameen<\/li>\n<li>Premi\u00e8re Nation Lyackson<\/li>\n<li>Premi\u00e8re Nation Matsqui<\/li>\n<li>Premi\u00e8re Nation Metlakatla<\/li>\n<li>Premi\u00e8re Nation Musqueam<\/li>\n<li>Premi\u00e8re Nation Namgis<\/li>\n<li>Premi\u00e8re Nation Nanoose<\/li>\n<li>Premi\u00e8re Nation Nazko<\/li>\n<li>Premi\u00e8re Nation Pacheedaht<\/li>\n<li>Premi\u00e8re Nation Pauquachin<\/li>\n<li>Premi\u00e8re Nation Peters<\/li>\n<li>Premi\u00e8re Nation Popkum<\/li>\n<li>Premi\u00e8re Nation Prophet River<\/li>\n<li>Premi\u00e8re Nation Qualicum<\/li>\n<li>Premi\u00e8re Nation Saik\u2019uz<\/li>\n<li>Premi\u00e8re Nation Semiahmoo<\/li>\n<li>Premi\u00e8re Nation Shackan<\/li>\n<li>Premi\u00e8re Nation Shuswap<\/li>\n<\/ul>\n\t\t\t\t\t\t\t<\/div>\n\t\t\t\t\t\t\t\t\t\t\t<div class=\"col-12 col-lg-4\">\n\t\t\t\t\t\t\t\t\t\t\t\t<ul>\n<li>Premi\u00e8re Nation Shxw\u2019ow\u2019hamel<\/li>\n<li>Premi\u00e8re Nation Shxwh\u00e1:y Village<\/li>\n<li>Premi\u00e8re Nation Simpcw<\/li>\n<li>Premi\u00e8re Nation Skawahlook<\/li>\n<li>Premi\u00e8re Nation Skidegate<\/li>\n<li>Premi\u00e8re Nation Skin Tyee<\/li>\n<li>Premi\u00e8re Nation Skowkale<\/li>\n<li>Premi\u00e8re Nation Skwah<\/li>\n<li>Premi\u00e8re Nation Snuneymuxw<\/li>\n<li>Premi\u00e8re Nation Squiala<\/li>\n<li>Premi\u00e8re Nation Stellat\u2019en<\/li>\n<li>Premi\u00e8re Nation Stswecem&rsquo;c Xget&rsquo;tem<\/li>\n<li>Premi\u00e8re Nation Stz&rsquo;uminus<\/li>\n<li>Premi\u00e8re Nation Sumas<\/li>\n<li>Premi\u00e8re Nation T\u2019Sou-ke<\/li>\n<li>Premi\u00e8re Nation Taku River Tlingit<\/li>\n<li>Premi\u00e8re Nation Tla-o-qui-aht<\/li>\n<li>Premi\u00e8re Nation Ts\u2019kw\u2019aylaxw<\/li>\n<li>Premi\u00e8re Nation Tsartlip<\/li>\n<li>Premi\u00e8re Nation Tsawout<\/li>\n<li>Premi\u00e8re Nation Tseshaht<\/li>\n<li>Premi\u00e8re Nation Tseycum<\/li>\n<li>Premi\u00e8re Nation T\u015dideldel<\/li>\n<li>Premi\u00e8re Nation Tsq&rsquo;escen&rsquo;<\/li>\n<li>Premi\u00e8re Nation Tzeachten<\/li>\n<li>Premi\u00e8re Nation Ulkatcho<\/li>\n<li>Premi\u00e9re Nation Wei Wai Kum<\/li>\n<li>Premi\u00e8re Nation Wet\u2019suwet\u2019en<\/li>\n<li>Premi\u00e8re Nation Williams Lake<\/li>\n<li>Premi\u00e8re Nation Witset<\/li>\n<li>Premi\u00e8re Nation Xatsull<\/li>\n<li>Premi\u00e8re Nation Xa&rsquo;xtsa Douglas<\/li>\n<li>Premi\u00e8re Nation Yakweakwioose<\/li>\n<li>Premi\u00e8re Nation Yale<\/li>\n<li>Premi\u00e8re Nation Yaq\u0313it \u0294a\u00b7knuq\u2c61i&rsquo;it<\/li>\n<li>Premi\u00e8re Nation Yekooche<\/li>\n<li>Premi\u00e8res Nations Moberly Ouest<\/li>\n<li>Premi\u00e8res Nations Saulteau<\/li>\n<li>Quatsino<\/li>\n<li>Soowahlie<\/li>\n<li>Splatsin<\/li>\n<li>Spuzzum<\/li>\n<li>Sq\u00e9wlets<\/li>\n<li>Sts\u2019ailes<\/li>\n<li>T\u2019it\u2019q\u2019et<\/li>\n<li>Tk\u2019eml\u00faps te Secw\u00e9pemc<\/li>\n<li>Tsalalh<\/li>\n<li>Tsay Keh Dene<\/li>\n<li>Ts&rsquo;il Kaz Koh<\/li>\n<li>Ts&rsquo;uubaa-asatx<\/li>\n<li>Xaxli\u2019p<\/li>\n<\/ul>\n\t\t\t\t\t\t\t<\/div>\n\t\t\t<\/div>\n\n\n\n<p><\/p>\n\n\n\n<div style=\"height:400px\" aria-hidden=\"true\" class=\"wp-block-spacer\"><\/div>\n","protected":false},"excerpt":{"rendered":"<p>Liens rapides vers d&rsquo;autres provinces YN TNO NT CB AB SK MB ON QC TN-L NB NE IPE Premi\u00e8res Nations de la Colombie-Britannique \u00e0 l&rsquo;annexe de la LGFPN<\/p>\n","protected":false},"author":2,"featured_media":0,"parent":4867,"menu_order":0,"comment_status":"closed","ping_status":"closed","template":"","meta":{"_acf_changed":false,"episode_type":"","audio_file":"","podmotor_file_id":"","podmotor_episode_id":"","cover_image":"","cover_image_id":"","duration":"","filesize":"","filesize_raw":"","date_recorded":"","explicit":"","block":"","itunes_episode_number":"","itunes_title":"","itunes_season_number":"","itunes_episode_type":"","footnotes":""},"class_list":["post-5036","page","type-page","status-publish","hentry"],"acf":{"tagline":"","header_background_color":"","title_replace":"","banner_image":{"ID":13466,"id":13466,"title":"Songhees Wellness Centre 2014","filename":"Songhees-Wellness-Centre-2014-1.webp","filesize":122436,"url":"https:\/\/fnfa.ca\/wp-content\/uploads\/2025\/12\/Songhees-Wellness-Centre-2014-1.webp","link":"https:\/\/fnfa.ca\/fr\/canada\/british-columbia\/songhees-wellness-centre-2014\/","alt":"","author":"2","description":"","caption":"","name":"songhees-wellness-centre-2014","status":"inherit","uploaded_to":5036,"date":"2025-12-18 17:24:43","modified":"2025-12-18 17:24:43","menu_order":0,"mime_type":"image\/webp","type":"image","subtype":"webp","icon":"https:\/\/fnfa.ca\/wp-includes\/images\/media\/default.png","width":1632,"height":1224,"sizes":{"thumbnail":"https:\/\/fnfa.ca\/wp-content\/uploads\/2025\/12\/Songhees-Wellness-Centre-2014-1-150x150.webp","thumbnail-width":150,"thumbnail-height":150,"medium":"https:\/\/fnfa.ca\/wp-content\/uploads\/2025\/12\/Songhees-Wellness-Centre-2014-1-300x225.webp","medium-width":300,"medium-height":225,"medium_large":"https:\/\/fnfa.ca\/wp-content\/uploads\/2025\/12\/Songhees-Wellness-Centre-2014-1-768x576.webp","medium_large-width":640,"medium_large-height":480,"large":"https:\/\/fnfa.ca\/wp-content\/uploads\/2025\/12\/Songhees-Wellness-Centre-2014-1-1024x768.webp","large-width":640,"large-height":480,"1536x1536":"https:\/\/fnfa.ca\/wp-content\/uploads\/2025\/12\/Songhees-Wellness-Centre-2014-1-1536x1152.webp","1536x1536-width":1536,"1536x1536-height":1152,"2048x2048":"https:\/\/fnfa.ca\/wp-content\/uploads\/2025\/12\/Songhees-Wellness-Centre-2014-1.webp","2048x2048-width":1632,"2048x2048-height":1224}}},"yoast_head":"<!-- This site is optimized with the Yoast SEO plugin v27.4 - https:\/\/yoast.com\/product\/yoast-seo-wordpress\/ -->\n<title>Colombie-Britannique - FNFA<\/title>\n<meta name=\"robots\" content=\"index, follow, max-snippet:-1, max-image-preview:large, max-video-preview:-1\" \/>\n<link rel=\"canonical\" href=\"https:\/\/fnfa.ca\/fr\/canada\/british-columbia\/\" \/>\n<meta property=\"og:locale\" content=\"fr_FR\" \/>\n<meta property=\"og:type\" content=\"article\" \/>\n<meta property=\"og:title\" content=\"Colombie-Britannique - FNFA\" \/>\n<meta property=\"og:description\" content=\"Liens rapides vers d&rsquo;autres provinces YN TNO NT CB AB SK MB ON QC TN-L NB NE IPE Premi\u00e8res Nations de la Colombie-Britannique \u00e0 l&rsquo;annexe de la LGFPN\" \/>\n<meta property=\"og:url\" content=\"https:\/\/fnfa.ca\/fr\/canada\/british-columbia\/\" \/>\n<meta property=\"og:site_name\" content=\"FNFA\" \/>\n<meta property=\"article:publisher\" content=\"https:\/\/www.facebook.com\/theFNFA\/\" \/>\n<meta property=\"article:modified_time\" content=\"2026-04-14T12:49:21+00:00\" \/>\n<meta property=\"og:image\" content=\"https:\/\/fnfa.ca\/wp-content\/uploads\/2026\/02\/fnfa-logo.webp\" \/>\n\t<meta property=\"og:image:width\" content=\"1500\" \/>\n\t<meta property=\"og:image:height\" content=\"1500\" \/>\n\t<meta property=\"og:image:type\" content=\"image\/webp\" \/>\n<meta name=\"twitter:card\" content=\"summary_large_image\" \/>\n<meta name=\"twitter:label1\" content=\"Dur\u00e9e de lecture estim\u00e9e\" \/>\n\t<meta name=\"twitter:data1\" content=\"1 minute\" \/>\n<script type=\"application\/ld+json\" class=\"yoast-schema-graph\">{\"@context\":\"https:\\\/\\\/schema.org\",\"@graph\":[{\"@type\":\"WebPage\",\"@id\":\"https:\\\/\\\/fnfa.ca\\\/fr\\\/canada\\\/british-columbia\\\/\",\"url\":\"https:\\\/\\\/fnfa.ca\\\/fr\\\/canada\\\/british-columbia\\\/\",\"name\":\"Colombie-Britannique - FNFA\",\"isPartOf\":{\"@id\":\"https:\\\/\\\/fnfa.ca\\\/fr\\\/#website\"},\"datePublished\":\"2020-09-22T22:29:54+00:00\",\"dateModified\":\"2026-04-14T12:49:21+00:00\",\"breadcrumb\":{\"@id\":\"https:\\\/\\\/fnfa.ca\\\/fr\\\/canada\\\/british-columbia\\\/#breadcrumb\"},\"inLanguage\":\"fr-FR\",\"potentialAction\":[{\"@type\":\"ReadAction\",\"target\":[\"https:\\\/\\\/fnfa.ca\\\/fr\\\/canada\\\/british-columbia\\\/\"]}]},{\"@type\":\"BreadcrumbList\",\"@id\":\"https:\\\/\\\/fnfa.ca\\\/fr\\\/canada\\\/british-columbia\\\/#breadcrumb\",\"itemListElement\":[{\"@type\":\"ListItem\",\"position\":1,\"name\":\"Home\",\"item\":\"https:\\\/\\\/fnfa.ca\\\/fr\\\/\"},{\"@type\":\"ListItem\",\"position\":2,\"name\":\"Canada\",\"item\":\"https:\\\/\\\/fnfa.ca\\\/fr\\\/canada\\\/\"},{\"@type\":\"ListItem\",\"position\":3,\"name\":\"Colombie-Britannique\"}]},{\"@type\":\"WebSite\",\"@id\":\"https:\\\/\\\/fnfa.ca\\\/fr\\\/#website\",\"url\":\"https:\\\/\\\/fnfa.ca\\\/fr\\\/\",\"name\":\"FNFA\",\"description\":\"First Nations Finance Authority\",\"publisher\":{\"@id\":\"https:\\\/\\\/fnfa.ca\\\/fr\\\/#organization\"},\"potentialAction\":[{\"@type\":\"SearchAction\",\"target\":{\"@type\":\"EntryPoint\",\"urlTemplate\":\"https:\\\/\\\/fnfa.ca\\\/fr\\\/?s={search_term_string}\"},\"query-input\":{\"@type\":\"PropertyValueSpecification\",\"valueRequired\":true,\"valueName\":\"search_term_string\"}}],\"inLanguage\":\"fr-FR\"},{\"@type\":\"Organization\",\"@id\":\"https:\\\/\\\/fnfa.ca\\\/fr\\\/#organization\",\"name\":\"First Nations Finance Authority\",\"alternateName\":\"FNFA\",\"url\":\"https:\\\/\\\/fnfa.ca\\\/fr\\\/\",\"logo\":{\"@type\":\"ImageObject\",\"inLanguage\":\"fr-FR\",\"@id\":\"https:\\\/\\\/fnfa.ca\\\/fr\\\/#\\\/schema\\\/logo\\\/image\\\/\",\"url\":\"https:\\\/\\\/fnfa.ca\\\/wp-content\\\/uploads\\\/2026\\\/02\\\/fnfa-logo.webp\",\"contentUrl\":\"https:\\\/\\\/fnfa.ca\\\/wp-content\\\/uploads\\\/2026\\\/02\\\/fnfa-logo.webp\",\"width\":1500,\"height\":1500,\"caption\":\"First Nations Finance Authority\"},\"image\":{\"@id\":\"https:\\\/\\\/fnfa.ca\\\/fr\\\/#\\\/schema\\\/logo\\\/image\\\/\"},\"sameAs\":[\"https:\\\/\\\/www.facebook.com\\\/theFNFA\\\/\"]}]}<\/script>\n<!-- \/ Yoast SEO plugin. -->","yoast_head_json":{"title":"Colombie-Britannique - FNFA","robots":{"index":"index","follow":"follow","max-snippet":"max-snippet:-1","max-image-preview":"max-image-preview:large","max-video-preview":"max-video-preview:-1"},"canonical":"https:\/\/fnfa.ca\/fr\/canada\/british-columbia\/","og_locale":"fr_FR","og_type":"article","og_title":"Colombie-Britannique - FNFA","og_description":"Liens rapides vers d&rsquo;autres provinces YN TNO NT CB AB SK MB ON QC TN-L NB NE IPE Premi\u00e8res Nations de la Colombie-Britannique \u00e0 l&rsquo;annexe de la LGFPN","og_url":"https:\/\/fnfa.ca\/fr\/canada\/british-columbia\/","og_site_name":"FNFA","article_publisher":"https:\/\/www.facebook.com\/theFNFA\/","article_modified_time":"2026-04-14T12:49:21+00:00","og_image":[{"width":1500,"height":1500,"url":"https:\/\/fnfa.ca\/wp-content\/uploads\/2026\/02\/fnfa-logo.webp","type":"image\/webp"}],"twitter_card":"summary_large_image","twitter_misc":{"Dur\u00e9e de lecture estim\u00e9e":"1 minute"},"schema":{"@context":"https:\/\/schema.org","@graph":[{"@type":"WebPage","@id":"https:\/\/fnfa.ca\/fr\/canada\/british-columbia\/","url":"https:\/\/fnfa.ca\/fr\/canada\/british-columbia\/","name":"Colombie-Britannique - FNFA","isPartOf":{"@id":"https:\/\/fnfa.ca\/fr\/#website"},"datePublished":"2020-09-22T22:29:54+00:00","dateModified":"2026-04-14T12:49:21+00:00","breadcrumb":{"@id":"https:\/\/fnfa.ca\/fr\/canada\/british-columbia\/#breadcrumb"},"inLanguage":"fr-FR","potentialAction":[{"@type":"ReadAction","target":["https:\/\/fnfa.ca\/fr\/canada\/british-columbia\/"]}]},{"@type":"BreadcrumbList","@id":"https:\/\/fnfa.ca\/fr\/canada\/british-columbia\/#breadcrumb","itemListElement":[{"@type":"ListItem","position":1,"name":"Home","item":"https:\/\/fnfa.ca\/fr\/"},{"@type":"ListItem","position":2,"name":"Canada","item":"https:\/\/fnfa.ca\/fr\/canada\/"},{"@type":"ListItem","position":3,"name":"Colombie-Britannique"}]},{"@type":"WebSite","@id":"https:\/\/fnfa.ca\/fr\/#website","url":"https:\/\/fnfa.ca\/fr\/","name":"FNFA","description":"First Nations Finance Authority","publisher":{"@id":"https:\/\/fnfa.ca\/fr\/#organization"},"potentialAction":[{"@type":"SearchAction","target":{"@type":"EntryPoint","urlTemplate":"https:\/\/fnfa.ca\/fr\/?s={search_term_string}"},"query-input":{"@type":"PropertyValueSpecification","valueRequired":true,"valueName":"search_term_string"}}],"inLanguage":"fr-FR"},{"@type":"Organization","@id":"https:\/\/fnfa.ca\/fr\/#organization","name":"First Nations Finance Authority","alternateName":"FNFA","url":"https:\/\/fnfa.ca\/fr\/","logo":{"@type":"ImageObject","inLanguage":"fr-FR","@id":"https:\/\/fnfa.ca\/fr\/#\/schema\/logo\/image\/","url":"https:\/\/fnfa.ca\/wp-content\/uploads\/2026\/02\/fnfa-logo.webp","contentUrl":"https:\/\/fnfa.ca\/wp-content\/uploads\/2026\/02\/fnfa-logo.webp","width":1500,"height":1500,"caption":"First Nations Finance Authority"},"image":{"@id":"https:\/\/fnfa.ca\/fr\/#\/schema\/logo\/image\/"},"sameAs":["https:\/\/www.facebook.com\/theFNFA\/"]}]}},"_links":{"self":[{"href":"https:\/\/fnfa.ca\/fr\/wp-json\/wp\/v2\/pages\/5036","targetHints":{"allow":["GET"]}}],"collection":[{"href":"https:\/\/fnfa.ca\/fr\/wp-json\/wp\/v2\/pages"}],"about":[{"href":"https:\/\/fnfa.ca\/fr\/wp-json\/wp\/v2\/types\/page"}],"author":[{"embeddable":true,"href":"https:\/\/fnfa.ca\/fr\/wp-json\/wp\/v2\/users\/2"}],"replies":[{"embeddable":true,"href":"https:\/\/fnfa.ca\/fr\/wp-json\/wp\/v2\/comments?post=5036"}],"version-history":[{"count":85,"href":"https:\/\/fnfa.ca\/fr\/wp-json\/wp\/v2\/pages\/5036\/revisions"}],"predecessor-version":[{"id":14415,"href":"https:\/\/fnfa.ca\/fr\/wp-json\/wp\/v2\/pages\/5036\/revisions\/14415"}],"up":[{"embeddable":true,"href":"https:\/\/fnfa.ca\/fr\/wp-json\/wp\/v2\/pages\/4867"}],"wp:attachment":[{"href":"https:\/\/fnfa.ca\/fr\/wp-json\/wp\/v2\/media?parent=5036"}],"curies":[{"name":"wp","href":"https:\/\/api.w.org\/{rel}","templated":true}]}}