{"id":747,"date":"2019-12-12T00:13:44","date_gmt":"2019-12-12T00:13:44","guid":{"rendered":"https:\/\/www.fnfa.dev4.oracastdev.com\/rapport-annuels\/"},"modified":"2025-07-09T13:24:52","modified_gmt":"2025-07-09T20:24:52","slug":"rapport-annuels","status":"publish","type":"page","link":"https:\/\/fnfa.ca\/fr\/qui-sommes-nous\/rapport-annuels\/","title":{"rendered":"Rapports annuels"},"content":{"rendered":"<div class=\"row rowCenter cntBlock  colsplit\" id=\"colsplit-block_b2bf1b73a0cdc5e3b7d3558951422299\" style=\"z-index:0\">\n  <div class=\"col-12 col-lg-8 order-2\">\n    <h2><\/h2>\n    <h3><em>Chaque ann\u00e9e, nous pr\u00e9parons un rapport annuel qui comprend un message de notre pr\u00e9sident ainsi que nos \u00e9tats financiers v\u00e9rifi\u00e9s.<\/em><\/h3>\n\t  <\/div>\n  <div class=\"col-12 col-lg-4 order-1\">\n\t  \t  <img decoding=\"async\" src=\"https:\/\/fnfa.ca\/wp-content\/uploads\/2020\/02\/stone-bear.jpg\" alt=\"\" \/>\n\t    <\/div>\n<\/div>\n\n<div class=\"row cntBlock fileshareBlock\" id=\"fileshareBlock-block_6436a2562a60661788938cd0275dd78a\" style=\"z-index:0\">\n\t\t\t\t\t<div class=\"col-12\">\n\t\t\t\t<div class=\"fileImg\">\n\t\t\t<a href=\"https:\/\/fnfa.ca\/wp-content\/uploads\/2025\/07\/FNFA-Annual-Report-2024-FR-SCREEN-02.pdf\" target=\"_blank\">\n\t\t\t<img decoding=\"async\" src=\"https:\/\/fnfa.ca\/wp-content\/uploads\/2025\/07\/annual-report-2025-preview-fr.png\" class=\"img-fluid\">\n\t\t\t<\/a>\n\t\t<\/div>\n\t\t\t\t<div class=\"fileItem\">\n\t\t\t<a href=\"https:\/\/fnfa.ca\/wp-content\/uploads\/2025\/07\/FNFA-Annual-Report-2024-FR-SCREEN-02.pdf\" target=\"_blank\">\n\t\t\t<i class=\"far fa-file-pdf\"><\/i>Rapport 2025\t\t\t<\/a>\n\t\t<\/div>\n\t<\/div>\n\t\t<\/div>\n\n<div class=\"row cntBlock fileshareBlock\" id=\"fileshareBlock-block_25f849e8293bc4c386c4b3b8a89d5ca0\" style=\"z-index:0\">\n\t\t\t\t\t<div class=\"col-12 col-lg-4\">\n\t\t\t\t<div class=\"fileImg\">\n\t\t\t<a href=\"https:\/\/fnfa.ca\/wp-content\/uploads\/2024\/07\/FNFA-AnnualReport2024-FR-Final-reduced.pdf\" target=\"_blank\">\n\t\t\t<img decoding=\"async\" src=\"https:\/\/fnfa.ca\/wp-content\/uploads\/2024\/07\/2024-Report-FR.webp\" class=\"img-fluid\">\n\t\t\t<\/a>\n\t\t<\/div>\n\t\t\t\t<div class=\"fileItem\">\n\t\t\t<a href=\"https:\/\/fnfa.ca\/wp-content\/uploads\/2024\/07\/FNFA-AnnualReport2024-FR-Final-reduced.pdf\" target=\"_blank\">\n\t\t\t<i class=\"far fa-file-pdf\"><\/i>Rapport 2024\t\t\t<\/a>\n\t\t<\/div>\n\t<\/div>\n\t\t\t<div class=\"col-12 col-lg-4\">\n\t\t\t\t<div class=\"fileImg\">\n\t\t\t<a href=\"https:\/\/fnfa.ca\/wp-content\/uploads\/2023\/06\/FNFA-AnnualReport.French.web_.pdf\" target=\"_blank\">\n\t\t\t<img decoding=\"async\" src=\"https:\/\/fnfa.ca\/wp-content\/uploads\/2023\/06\/annual-report-2023-FRE-preview.jpg\" class=\"img-fluid\">\n\t\t\t<\/a>\n\t\t<\/div>\n\t\t\t\t<div class=\"fileItem\">\n\t\t\t<a href=\"https:\/\/fnfa.ca\/wp-content\/uploads\/2023\/06\/FNFA-AnnualReport.French.web_.pdf\" target=\"_blank\">\n\t\t\t<i class=\"far fa-file-pdf\"><\/i>Rapport 2023\t\t\t<\/a>\n\t\t<\/div>\n\t<\/div>\n\t\t\t<div class=\"col-12 col-lg-4\">\n\t\t\t\t<div class=\"fileImg\">\n\t\t\t<a href=\"https:\/\/fnfa.ca\/wp-content\/uploads\/2023\/05\/2022-FNFA-Annual-Report-French.pdf\" target=\"_blank\">\n\t\t\t<img decoding=\"async\" src=\"https:\/\/fnfa.ca\/wp-content\/uploads\/2023\/05\/annual-report-2022-preview.jpg\" class=\"img-fluid\">\n\t\t\t<\/a>\n\t\t<\/div>\n\t\t\t\t<div class=\"fileItem\">\n\t\t\t<a href=\"https:\/\/fnfa.ca\/wp-content\/uploads\/2023\/05\/2022-FNFA-Annual-Report-French.pdf\" target=\"_blank\">\n\t\t\t<i class=\"far fa-file-pdf\"><\/i>Rapport 2022\t\t\t<\/a>\n\t\t<\/div>\n\t<\/div>\n\t\t\t<div class=\"col-12 col-lg-4\">\n\t\t\t\t<div class=\"fileItem\">\n\t\t\t<a href=\"https:\/\/fnfa.ca\/wp-content\/uploads\/2021\/07\/FNFA-Annual-report-2020-21-French-Low-Rez.pdf\" target=\"_blank\">\n\t\t\t<i class=\"far fa-file-pdf\"><\/i>Rapport 2021\t\t\t<\/a>\n\t\t<\/div>\n\t<\/div>\n\t\t\t<div class=\"col-12 col-lg-4\">\n\t\t\t\t<div class=\"fileItem\">\n\t\t\t<a href=\"https:\/\/fnfa.ca\/wp-content\/uploads\/2020\/09\/FNFA-Annual-Report-2019-2020-French-web-file.pdf\" target=\"_blank\">\n\t\t\t<i class=\"far fa-file-pdf\"><\/i>Rapport 2020\t\t\t<\/a>\n\t\t<\/div>\n\t<\/div>\n\t\t\t<div class=\"col-12 col-lg-4\">\n\t\t\t\t<div class=\"fileItem\">\n\t\t\t<a href=\"https:\/\/fnfa.ca\/wp-content\/uploads\/2020\/01\/FNFA-Annual-Report-2019.pdf\" target=\"_blank\">\n\t\t\t<i class=\"far fa-file-pdf\"><\/i>Rapport 2019\t\t\t<\/a>\n\t\t<\/div>\n\t<\/div>\n\t\t<\/div>\n\n<div class=\"row cntBlock col2block\" id=\"col2block-block_89cb772a183f5cb081c5554921722820\">\n\t\t\t\t\t\t\t\t<div class=\"col-12 col-lg-6\">\n\t\t\t\t\t\t\t\t\t\t\t\t\t\t\t\t\t\t\t\t\t<a href=\"https:\/\/fnfa.ca\/fr\/qui-sommes-nous\/rapport-annuels\/archive-des-rapports-annuels\/\" class=\"btn\" style=\"background:#9a1c1f;\">Consultez les archives des rapports annuels<\/a>\n\t\t\t\t\t\t\t<\/div>\n\t\t\t\t\t\t\t\t\t\t\t<div class=\"col-12 col-lg-6\">\n\t\t\t\t\t\t\t\t\t\t\t\t\t\t\t\t\t\t\t<\/div>\n\t\t\t<\/div>\n","protected":false},"excerpt":{"rendered":"","protected":false},"author":1,"featured_media":0,"parent":752,"menu_order":0,"comment_status":"closed","ping_status":"closed","template":"","meta":{"_acf_changed":false,"episode_type":"","audio_file":"","podmotor_file_id":"","podmotor_episode_id":"","cover_image":"","cover_image_id":"","duration":"","filesize":"","filesize_raw":"","date_recorded":"","explicit":"","block":"","itunes_episode_number":"","itunes_title":"","itunes_season_number":"","itunes_episode_type":"","footnotes":""},"class_list":["post-747","page","type-page","status-publish","hentry"],"acf":{"tagline":""},"yoast_head":"<!-- This site is optimized with the Yoast SEO plugin v27.4 - https:\/\/yoast.com\/product\/yoast-seo-wordpress\/ -->\n<title>Rapports annuels - FNFA<\/title>\n<meta name=\"robots\" content=\"index, follow, max-snippet:-1, max-image-preview:large, max-video-preview:-1\" \/>\n<link rel=\"canonical\" href=\"https:\/\/fnfa.ca\/fr\/qui-sommes-nous\/rapport-annuels\/\" \/>\n<meta property=\"og:locale\" content=\"fr_FR\" \/>\n<meta property=\"og:type\" content=\"article\" \/>\n<meta property=\"og:title\" content=\"Rapports annuels - FNFA\" \/>\n<meta property=\"og:url\" content=\"https:\/\/fnfa.ca\/fr\/qui-sommes-nous\/rapport-annuels\/\" \/>\n<meta property=\"og:site_name\" content=\"FNFA\" \/>\n<meta property=\"article:publisher\" content=\"https:\/\/www.facebook.com\/theFNFA\/\" \/>\n<meta property=\"article:modified_time\" content=\"2025-07-09T20:24:52+00:00\" \/>\n<meta property=\"og:image\" content=\"https:\/\/fnfa.ca\/wp-content\/uploads\/2026\/02\/fnfa-logo.webp\" \/>\n\t<meta property=\"og:image:width\" content=\"1500\" \/>\n\t<meta property=\"og:image:height\" content=\"1500\" \/>\n\t<meta property=\"og:image:type\" content=\"image\/webp\" \/>\n<meta name=\"twitter:card\" content=\"summary_large_image\" \/>\n<script type=\"application\/ld+json\" class=\"yoast-schema-graph\">{\"@context\":\"https:\\\/\\\/schema.org\",\"@graph\":[{\"@type\":\"WebPage\",\"@id\":\"https:\\\/\\\/fnfa.ca\\\/fr\\\/qui-sommes-nous\\\/rapport-annuels\\\/\",\"url\":\"https:\\\/\\\/fnfa.ca\\\/fr\\\/qui-sommes-nous\\\/rapport-annuels\\\/\",\"name\":\"Rapports annuels - FNFA\",\"isPartOf\":{\"@id\":\"https:\\\/\\\/fnfa.ca\\\/fr\\\/#website\"},\"datePublished\":\"2019-12-12T00:13:44+00:00\",\"dateModified\":\"2025-07-09T20:24:52+00:00\",\"breadcrumb\":{\"@id\":\"https:\\\/\\\/fnfa.ca\\\/fr\\\/qui-sommes-nous\\\/rapport-annuels\\\/#breadcrumb\"},\"inLanguage\":\"fr-FR\",\"potentialAction\":[{\"@type\":\"ReadAction\",\"target\":[\"https:\\\/\\\/fnfa.ca\\\/fr\\\/qui-sommes-nous\\\/rapport-annuels\\\/\"]}]},{\"@type\":\"BreadcrumbList\",\"@id\":\"https:\\\/\\\/fnfa.ca\\\/fr\\\/qui-sommes-nous\\\/rapport-annuels\\\/#breadcrumb\",\"itemListElement\":[{\"@type\":\"ListItem\",\"position\":1,\"name\":\"Home\",\"item\":\"https:\\\/\\\/fnfa.ca\\\/fr\\\/\"},{\"@type\":\"ListItem\",\"position\":2,\"name\":\"\u00c0 propos de nous\",\"item\":\"https:\\\/\\\/fnfa.ca\\\/fr\\\/qui-sommes-nous\\\/\"},{\"@type\":\"ListItem\",\"position\":3,\"name\":\"Rapports annuels\"}]},{\"@type\":\"WebSite\",\"@id\":\"https:\\\/\\\/fnfa.ca\\\/fr\\\/#website\",\"url\":\"https:\\\/\\\/fnfa.ca\\\/fr\\\/\",\"name\":\"FNFA\",\"description\":\"First Nations Finance Authority\",\"publisher\":{\"@id\":\"https:\\\/\\\/fnfa.ca\\\/fr\\\/#organization\"},\"potentialAction\":[{\"@type\":\"SearchAction\",\"target\":{\"@type\":\"EntryPoint\",\"urlTemplate\":\"https:\\\/\\\/fnfa.ca\\\/fr\\\/?s={search_term_string}\"},\"query-input\":{\"@type\":\"PropertyValueSpecification\",\"valueRequired\":true,\"valueName\":\"search_term_string\"}}],\"inLanguage\":\"fr-FR\"},{\"@type\":\"Organization\",\"@id\":\"https:\\\/\\\/fnfa.ca\\\/fr\\\/#organization\",\"name\":\"First Nations Finance Authority\",\"alternateName\":\"FNFA\",\"url\":\"https:\\\/\\\/fnfa.ca\\\/fr\\\/\",\"logo\":{\"@type\":\"ImageObject\",\"inLanguage\":\"fr-FR\",\"@id\":\"https:\\\/\\\/fnfa.ca\\\/fr\\\/#\\\/schema\\\/logo\\\/image\\\/\",\"url\":\"https:\\\/\\\/fnfa.ca\\\/wp-content\\\/uploads\\\/2026\\\/02\\\/fnfa-logo.webp\",\"contentUrl\":\"https:\\\/\\\/fnfa.ca\\\/wp-content\\\/uploads\\\/2026\\\/02\\\/fnfa-logo.webp\",\"width\":1500,\"height\":1500,\"caption\":\"First Nations Finance Authority\"},\"image\":{\"@id\":\"https:\\\/\\\/fnfa.ca\\\/fr\\\/#\\\/schema\\\/logo\\\/image\\\/\"},\"sameAs\":[\"https:\\\/\\\/www.facebook.com\\\/theFNFA\\\/\"]}]}<\/script>\n<!-- \/ Yoast SEO plugin. -->","yoast_head_json":{"title":"Rapports annuels - FNFA","robots":{"index":"index","follow":"follow","max-snippet":"max-snippet:-1","max-image-preview":"max-image-preview:large","max-video-preview":"max-video-preview:-1"},"canonical":"https:\/\/fnfa.ca\/fr\/qui-sommes-nous\/rapport-annuels\/","og_locale":"fr_FR","og_type":"article","og_title":"Rapports annuels - FNFA","og_url":"https:\/\/fnfa.ca\/fr\/qui-sommes-nous\/rapport-annuels\/","og_site_name":"FNFA","article_publisher":"https:\/\/www.facebook.com\/theFNFA\/","article_modified_time":"2025-07-09T20:24:52+00:00","og_image":[{"width":1500,"height":1500,"url":"https:\/\/fnfa.ca\/wp-content\/uploads\/2026\/02\/fnfa-logo.webp","type":"image\/webp"}],"twitter_card":"summary_large_image","schema":{"@context":"https:\/\/schema.org","@graph":[{"@type":"WebPage","@id":"https:\/\/fnfa.ca\/fr\/qui-sommes-nous\/rapport-annuels\/","url":"https:\/\/fnfa.ca\/fr\/qui-sommes-nous\/rapport-annuels\/","name":"Rapports annuels - FNFA","isPartOf":{"@id":"https:\/\/fnfa.ca\/fr\/#website"},"datePublished":"2019-12-12T00:13:44+00:00","dateModified":"2025-07-09T20:24:52+00:00","breadcrumb":{"@id":"https:\/\/fnfa.ca\/fr\/qui-sommes-nous\/rapport-annuels\/#breadcrumb"},"inLanguage":"fr-FR","potentialAction":[{"@type":"ReadAction","target":["https:\/\/fnfa.ca\/fr\/qui-sommes-nous\/rapport-annuels\/"]}]},{"@type":"BreadcrumbList","@id":"https:\/\/fnfa.ca\/fr\/qui-sommes-nous\/rapport-annuels\/#breadcrumb","itemListElement":[{"@type":"ListItem","position":1,"name":"Home","item":"https:\/\/fnfa.ca\/fr\/"},{"@type":"ListItem","position":2,"name":"\u00c0 propos de nous","item":"https:\/\/fnfa.ca\/fr\/qui-sommes-nous\/"},{"@type":"ListItem","position":3,"name":"Rapports annuels"}]},{"@type":"WebSite","@id":"https:\/\/fnfa.ca\/fr\/#website","url":"https:\/\/fnfa.ca\/fr\/","name":"FNFA","description":"First Nations Finance Authority","publisher":{"@id":"https:\/\/fnfa.ca\/fr\/#organization"},"potentialAction":[{"@type":"SearchAction","target":{"@type":"EntryPoint","urlTemplate":"https:\/\/fnfa.ca\/fr\/?s={search_term_string}"},"query-input":{"@type":"PropertyValueSpecification","valueRequired":true,"valueName":"search_term_string"}}],"inLanguage":"fr-FR"},{"@type":"Organization","@id":"https:\/\/fnfa.ca\/fr\/#organization","name":"First Nations Finance Authority","alternateName":"FNFA","url":"https:\/\/fnfa.ca\/fr\/","logo":{"@type":"ImageObject","inLanguage":"fr-FR","@id":"https:\/\/fnfa.ca\/fr\/#\/schema\/logo\/image\/","url":"https:\/\/fnfa.ca\/wp-content\/uploads\/2026\/02\/fnfa-logo.webp","contentUrl":"https:\/\/fnfa.ca\/wp-content\/uploads\/2026\/02\/fnfa-logo.webp","width":1500,"height":1500,"caption":"First Nations Finance Authority"},"image":{"@id":"https:\/\/fnfa.ca\/fr\/#\/schema\/logo\/image\/"},"sameAs":["https:\/\/www.facebook.com\/theFNFA\/"]}]}},"_links":{"self":[{"href":"https:\/\/fnfa.ca\/fr\/wp-json\/wp\/v2\/pages\/747","targetHints":{"allow":["GET"]}}],"collection":[{"href":"https:\/\/fnfa.ca\/fr\/wp-json\/wp\/v2\/pages"}],"about":[{"href":"https:\/\/fnfa.ca\/fr\/wp-json\/wp\/v2\/types\/page"}],"author":[{"embeddable":true,"href":"https:\/\/fnfa.ca\/fr\/wp-json\/wp\/v2\/users\/1"}],"replies":[{"embeddable":true,"href":"https:\/\/fnfa.ca\/fr\/wp-json\/wp\/v2\/comments?post=747"}],"version-history":[{"count":38,"href":"https:\/\/fnfa.ca\/fr\/wp-json\/wp\/v2\/pages\/747\/revisions"}],"predecessor-version":[{"id":11923,"href":"https:\/\/fnfa.ca\/fr\/wp-json\/wp\/v2\/pages\/747\/revisions\/11923"}],"up":[{"embeddable":true,"href":"https:\/\/fnfa.ca\/fr\/wp-json\/wp\/v2\/pages\/752"}],"wp:attachment":[{"href":"https:\/\/fnfa.ca\/fr\/wp-json\/wp\/v2\/media?parent=747"}],"curies":[{"name":"wp","href":"https:\/\/api.w.org\/{rel}","templated":true}]}}