{"id":752,"date":"2020-02-07T23:57:40","date_gmt":"2020-02-07T23:57:40","guid":{"rendered":"https:\/\/www.fnfa.dev4.oracastdev.com\/qui-sommes-nous\/"},"modified":"2024-02-02T21:23:01","modified_gmt":"2024-02-02T21:23:01","slug":"qui-sommes-nous","status":"publish","type":"page","link":"https:\/\/fnfa.ca\/fr\/qui-sommes-nous\/","title":{"rendered":"\u00c0 propos de nous"},"content":{"rendered":"<div class=\"row cntBlock stackblock\" id=\"stackblock-block_7c7cdec6fa7dfdddb8b01200434f92e7\">\n\t<div class=\"col-12 col-lg-5 offset-lg-1 order-1 order-lg-2\">\n\t\t<div class=\"stackImg\">\n\t\t\t<img decoding=\"async\" src=\"https:\/\/fnfa.ca\/wp-content\/uploads\/2020\/09\/about-the-fnfa.jpg\" alt=\"\" \/>\n\t\t<\/div>\n\t<\/div>\n\t<div class=\"col-12 col-lg-6 order-2 order-lg-1\">\n\t\t<h3><\/h3>\n\t\t<p><strong>L\u2019Autorit\u00e9 financi\u00e8re des Premi\u00e8res Nations (la FNFA) <\/strong>est une organisation \u00e0 but non lucratif et sans capital-actions, form\u00e9e en 2005 en vertu de la <em>Loi sur la gestion financi\u00e8re des Premi\u00e8res Nations<\/em><i>.<\/i> Elle a pour buts d\u2019offrir aux gouvernements des Premi\u00e8res Nations des options de placement, des conseils en planification de capital, et surtout, l\u2019acc\u00e8s \u00e0 des pr\u00eats \u00e0 long terme avec des taux d\u2019int\u00e9r\u00eat avantageux. Ni une agence, ni une soci\u00e9t\u00e9 de la Couronne, la FNFA est contr\u00f4l\u00e9e exclusivement par les Premi\u00e8res Nations qui s\u2019y joignent en tant que membres emprunteurs.<\/p>\n\t\t\t\t\t<a href=\"https:\/\/fnfa.ca\/wp-content\/uploads\/2022\/03\/220228-FNFA-brochure-singles-fre.pdf\" target=\"_blank\" class=\"btn\" style=\"background:#14A5A1\">lire notre brochure<\/a>\n\t\t\t<\/div>\n<\/div>\n\n\n<div class=\"row cntBlock stackblock\" id=\"stackblock-block_6ee58129f420d5e1a6f6a4880c8a77be\">\n\t<div class=\"col-12 col-lg-5 order-1\">\n\t\t<div class=\"stackImg\">\n\t\t\t<img decoding=\"async\" src=\"https:\/\/fnfa.ca\/wp-content\/uploads\/2020\/02\/about-fnfa2.jpg\" alt=\"\" \/>\n\t\t<\/div>\n\t<\/div>\n\t<div class=\"col-12 col-lg-6 offset-lg-1 order-2\">\n\t\t<h3><\/h3>\n\t\t<p><strong>Les avantages de se joindre \u00e0 la FNFA<\/strong> comme membre emprunteur sont les suivants:<\/p>\n<ol>\n<li>Acc\u00e8s \u00e0 de bas taux d\u2019int\u00e9r\u00eat, sous le taux pr\u00e9f\u00e9rentiel bancaire, avec amortissement jusqu\u2019\u00e0 30 ans ;<\/li>\n<li>Dur\u00e9e d\u2019amortissement d\u00e9termin\u00e9e par la communaut\u00e9 emprunteuse en fonction de sa capacit\u00e9 budg\u00e9taire ;<\/li>\n<li>Aucun collat\u00e9ral exig\u00e9 par la FNFA ;<\/li>\n<li>La FNFA permet le refinancement de dettes existantes ; et<\/li>\n<li>Taux d\u2019int\u00e9r\u00eat comparables \u00e0 ceux dont b\u00e9n\u00e9ficient les gouvernements provinciaux et locaux.<\/li>\n<\/ol>\n\t\t\t\t\t<a href=\"https:\/\/fnfa.ca\/wp-content\/uploads\/2022\/06\/220602-FNFA-brochure-singles-fre.pdf\" target=\"_blank\" class=\"btn\" style=\"background:#14A5A1\">Lisez notre brochure<\/a>\n\t\t\t<\/div>\n<\/div>\n\n\n<div class=\"row cntBlock stackblock\" id=\"stackblock-block_7b76c1f02c92fa0a8e27ba6d1a60e9b0\">\n\t<div class=\"col-12 col-lg-5 offset-lg-1 order-1 order-lg-2\">\n\t\t<div class=\"stackImg\">\n\t\t\t<img decoding=\"async\" src=\"https:\/\/fnfa.ca\/wp-content\/uploads\/2020\/02\/beaded-headband.jpg\" alt=\"\" \/>\n\t\t<\/div>\n\t<\/div>\n\t<div class=\"col-12 col-lg-6 order-2 order-lg-1\">\n\t\t<h3><\/h3>\n\t\t<p>La plupart des sources de revenus sont admissibles pour appuyer une demande d\u2019emprunt aupr\u00e8s de la FNFA. Parmi les projets que la FNFA peut financer, on compte l\u2019infrastructure, les projets poursuivant des buts sociaux ou \u00e9conomiques, les acquisitions fonci\u00e8res, les projets de production d\u2019\u00e9nergie, le logement social et les \u00e9quipements roulants.<\/p>\n<p>La FNFA est une organisation autonome, ind\u00e9pendante du gouvernement du Canada. Ses politiques d\u2019op\u00e9rations sont d\u00e9finies par ses membres emprunteurs. La FNFA a \u00e9t\u00e9 cr\u00e9\u00e9e par des Premi\u00e8res Nations, pour les Premi\u00e8res Nations.<\/p>\n\t\t\t<\/div>\n<\/div>\n\n\n<div class=\"row rowCenter cntBlock  colsplit\" id=\"colsplit-block_cbbbb681f5a07afb4d7ef6a1a257973d\" style=\"z-index:0\">\n  <div class=\"col-12 col-lg-8 order-2\">\n    <h2><\/h2>\n    <h3><em>Les chefs et les conseillers qui repr\u00e9sentent la FNFA en tant que conseil d\u2019administration ont d\u00e9termin\u00e9 que nos valeurs \u00e9taient les suivantes :<\/em><\/h3>\n\t  <\/div>\n  <div class=\"col-12 col-lg-4 order-1\">\n\t  \t  \t\t    <\/div>\n<\/div>\n\n<div class=\"row cntBlock col3block\" id=\"col3block-block_ac0ded6c397b081bd7b2073fd29f9baf\">\n\t\t\t\t\t\t\t\t<div class=\"col-12 col-lg-4\">\n\t\t\t\t\t\t\t\t\t\t\t\t<h3>Responsabilisation<\/h3>\n\t\t\t\t\t\t\t\t<p>La FNFA consid\u00e8re les Premi\u00e8res Nations comme un ordre de gouvernement et travaille avec les communaut\u00e9s des Premi\u00e8res Nations pour les aider \u00e0 r\u00e9aliser leurs priorit\u00e9s communautaires et leurs visions futures. Gr\u00e2ce \u00e0 un financement abordable et \u00e0 des services consultatifs, nous aidons les Premi\u00e8res Nations du Canada \u00e0 ouvrir la voie. Nous sommes un champion des Premi\u00e8res Nations et nous travaillons \u00e0 autonomiser les communaut\u00e9s des Premi\u00e8res Nations \u00e0 travers le Canada.<\/p>\n\t\t\t\t\t\t\t<\/div>\n\t\t\t\t\t\t\t\t\t\t\t<div class=\"col-12 col-lg-4\">\n\t\t\t\t\t\t\t\t\t\t\t\t<h3>Int\u00e9grit\u00e9<\/h3>\n\t\t\t\t\t\t\t\t<p>Nous sommes honn\u00eates, ouverts, \u00e9thiques et justes. Nous sommes efficaces, transparents et financi\u00e8rement responsables envers nos membres emprunteurs, nos investisseurs et nos parties prenantes. Dans nos relations, nous sommes respectueux et francs. Nous travaillons dans le meilleur int\u00e9r\u00eat des communaut\u00e9s des Premi\u00e8res Nations.<\/p>\n\t\t\t\t\t\t\t<\/div>\n\t\t\t\t\t\t\t\t\t\t\t<div class=\"col-12 col-lg-4\">\n\t\t\t\t\t\t\t\t\t\t\t\t<h3>Direction<\/h3>\n\t\t\t\t\t\t\t\t<p>Notre conseil d\u2019administration a \u00e9tabli des politiques afin que la FNFA puisse s\u2019adapter et innover pour r\u00e9pondre aux besoins changeants de nos membres.<\/p>\n\t\t\t\t\t\t\t<\/div>\n\t\t\t<\/div>\n\n\n<div class=\"row cntBlock col2block\" id=\"col2block-block_b079a05c02c41321a089e4c45e99d2ff\">\n\t\t\t\t\t\t\t\t<div class=\"col-12 col-lg-6\">\n\t\t\t\t\t\t\t\t\t\t\t\t<h3>Innovation<\/h3>\n\t\t\t\t\t\t\t\t<p>Nous comprenons la valeur de l&rsquo;it\u00e9ration, de l&rsquo;adaptation et de l&rsquo;agilit\u00e9. Notre direction et notre personnel s&rsquo;efforceront activement d&rsquo;anticiper le changement et d&rsquo;adopter une approche d&rsquo;am\u00e9lioration continue de nos services. Dans nos interactions, nous remettrons en question les hypoth\u00e8ses, le cas \u00e9ch\u00e9ant, nous ferons preuve de curiosit\u00e9 et nous pr\u00e9serverons un espace s\u00e9curitaire pour faire avancer les nouvelles id\u00e9es.<\/p>\n\t\t\t\t\t\t\t<\/div>\n\t\t\t\t\t\t\t\t\t\t\t<div class=\"col-12 col-lg-6\">\n\t\t\t\t\t\t\t\t\t\t\t\t<h3>Collaboration<\/h3>\n\t\t\t\t\t\t\t\t<p>Nous pensons qu&rsquo;une organisation est plus performante lorsqu&rsquo;elle collabore efficacement. Chaque fois que cela s&rsquo;av\u00e8re n\u00e9cessaire, nous reconnaissons et impliquons notre direction et notre personnel, nous offrons des possibilit\u00e9s de r\u00e9troaction entre les \u00e9quipes et nous consacrons du temps \u00e0 travailler ensemble pour identifier des solutions et r\u00e9pondre aux priorit\u00e9s strat\u00e9giques de l&rsquo;AFPN.<\/p>\n\t\t\t\t\t\t\t<\/div>\n\t\t\t<\/div>\n","protected":false},"excerpt":{"rendered":"","protected":false},"author":1,"featured_media":0,"parent":0,"menu_order":0,"comment_status":"closed","ping_status":"closed","template":"","meta":{"_acf_changed":false,"episode_type":"","audio_file":"","podmotor_file_id":"","podmotor_episode_id":"","cover_image":"","cover_image_id":"","duration":"","filesize":"","filesize_raw":"","date_recorded":"","explicit":"","block":"","itunes_episode_number":"","itunes_title":"","itunes_season_number":"","itunes_episode_type":"","footnotes":""},"class_list":["post-752","page","type-page","status-publish","hentry"],"acf":{"tagline":""},"yoast_head":"<!-- This site is optimized with the Yoast SEO plugin v27.4 - https:\/\/yoast.com\/product\/yoast-seo-wordpress\/ -->\n<title>\u00c0 propos de nous - FNFA<\/title>\n<meta name=\"robots\" content=\"index, follow, max-snippet:-1, max-image-preview:large, max-video-preview:-1\" \/>\n<link rel=\"canonical\" href=\"https:\/\/fnfa.ca\/fr\/qui-sommes-nous\/\" \/>\n<meta property=\"og:locale\" content=\"fr_FR\" \/>\n<meta property=\"og:type\" content=\"article\" \/>\n<meta property=\"og:title\" content=\"\u00c0 propos de nous - FNFA\" \/>\n<meta property=\"og:url\" content=\"https:\/\/fnfa.ca\/fr\/qui-sommes-nous\/\" \/>\n<meta property=\"og:site_name\" content=\"FNFA\" \/>\n<meta property=\"article:publisher\" content=\"https:\/\/www.facebook.com\/theFNFA\/\" \/>\n<meta property=\"article:modified_time\" content=\"2024-02-02T21:23:01+00:00\" \/>\n<meta property=\"og:image\" content=\"https:\/\/fnfa.ca\/wp-content\/uploads\/2026\/02\/fnfa-logo.webp\" \/>\n\t<meta property=\"og:image:width\" content=\"1500\" \/>\n\t<meta property=\"og:image:height\" content=\"1500\" \/>\n\t<meta property=\"og:image:type\" content=\"image\/webp\" \/>\n<meta name=\"twitter:card\" content=\"summary_large_image\" \/>\n<script type=\"application\/ld+json\" class=\"yoast-schema-graph\">{\"@context\":\"https:\\\/\\\/schema.org\",\"@graph\":[{\"@type\":\"WebPage\",\"@id\":\"https:\\\/\\\/fnfa.ca\\\/fr\\\/qui-sommes-nous\\\/\",\"url\":\"https:\\\/\\\/fnfa.ca\\\/fr\\\/qui-sommes-nous\\\/\",\"name\":\"\u00c0 propos de nous - FNFA\",\"isPartOf\":{\"@id\":\"https:\\\/\\\/fnfa.ca\\\/fr\\\/#website\"},\"datePublished\":\"2020-02-07T23:57:40+00:00\",\"dateModified\":\"2024-02-02T21:23:01+00:00\",\"breadcrumb\":{\"@id\":\"https:\\\/\\\/fnfa.ca\\\/fr\\\/qui-sommes-nous\\\/#breadcrumb\"},\"inLanguage\":\"fr-FR\",\"potentialAction\":[{\"@type\":\"ReadAction\",\"target\":[\"https:\\\/\\\/fnfa.ca\\\/fr\\\/qui-sommes-nous\\\/\"]}]},{\"@type\":\"BreadcrumbList\",\"@id\":\"https:\\\/\\\/fnfa.ca\\\/fr\\\/qui-sommes-nous\\\/#breadcrumb\",\"itemListElement\":[{\"@type\":\"ListItem\",\"position\":1,\"name\":\"Home\",\"item\":\"https:\\\/\\\/fnfa.ca\\\/fr\\\/\"},{\"@type\":\"ListItem\",\"position\":2,\"name\":\"\u00c0 propos de nous\"}]},{\"@type\":\"WebSite\",\"@id\":\"https:\\\/\\\/fnfa.ca\\\/fr\\\/#website\",\"url\":\"https:\\\/\\\/fnfa.ca\\\/fr\\\/\",\"name\":\"FNFA\",\"description\":\"First Nations Finance Authority\",\"publisher\":{\"@id\":\"https:\\\/\\\/fnfa.ca\\\/fr\\\/#organization\"},\"potentialAction\":[{\"@type\":\"SearchAction\",\"target\":{\"@type\":\"EntryPoint\",\"urlTemplate\":\"https:\\\/\\\/fnfa.ca\\\/fr\\\/?s={search_term_string}\"},\"query-input\":{\"@type\":\"PropertyValueSpecification\",\"valueRequired\":true,\"valueName\":\"search_term_string\"}}],\"inLanguage\":\"fr-FR\"},{\"@type\":\"Organization\",\"@id\":\"https:\\\/\\\/fnfa.ca\\\/fr\\\/#organization\",\"name\":\"First Nations Finance Authority\",\"alternateName\":\"FNFA\",\"url\":\"https:\\\/\\\/fnfa.ca\\\/fr\\\/\",\"logo\":{\"@type\":\"ImageObject\",\"inLanguage\":\"fr-FR\",\"@id\":\"https:\\\/\\\/fnfa.ca\\\/fr\\\/#\\\/schema\\\/logo\\\/image\\\/\",\"url\":\"https:\\\/\\\/fnfa.ca\\\/wp-content\\\/uploads\\\/2026\\\/02\\\/fnfa-logo.webp\",\"contentUrl\":\"https:\\\/\\\/fnfa.ca\\\/wp-content\\\/uploads\\\/2026\\\/02\\\/fnfa-logo.webp\",\"width\":1500,\"height\":1500,\"caption\":\"First Nations Finance Authority\"},\"image\":{\"@id\":\"https:\\\/\\\/fnfa.ca\\\/fr\\\/#\\\/schema\\\/logo\\\/image\\\/\"},\"sameAs\":[\"https:\\\/\\\/www.facebook.com\\\/theFNFA\\\/\"]}]}<\/script>\n<!-- \/ Yoast SEO plugin. -->","yoast_head_json":{"title":"\u00c0 propos de nous - FNFA","robots":{"index":"index","follow":"follow","max-snippet":"max-snippet:-1","max-image-preview":"max-image-preview:large","max-video-preview":"max-video-preview:-1"},"canonical":"https:\/\/fnfa.ca\/fr\/qui-sommes-nous\/","og_locale":"fr_FR","og_type":"article","og_title":"\u00c0 propos de nous - FNFA","og_url":"https:\/\/fnfa.ca\/fr\/qui-sommes-nous\/","og_site_name":"FNFA","article_publisher":"https:\/\/www.facebook.com\/theFNFA\/","article_modified_time":"2024-02-02T21:23:01+00:00","og_image":[{"width":1500,"height":1500,"url":"https:\/\/fnfa.ca\/wp-content\/uploads\/2026\/02\/fnfa-logo.webp","type":"image\/webp"}],"twitter_card":"summary_large_image","schema":{"@context":"https:\/\/schema.org","@graph":[{"@type":"WebPage","@id":"https:\/\/fnfa.ca\/fr\/qui-sommes-nous\/","url":"https:\/\/fnfa.ca\/fr\/qui-sommes-nous\/","name":"\u00c0 propos de nous - FNFA","isPartOf":{"@id":"https:\/\/fnfa.ca\/fr\/#website"},"datePublished":"2020-02-07T23:57:40+00:00","dateModified":"2024-02-02T21:23:01+00:00","breadcrumb":{"@id":"https:\/\/fnfa.ca\/fr\/qui-sommes-nous\/#breadcrumb"},"inLanguage":"fr-FR","potentialAction":[{"@type":"ReadAction","target":["https:\/\/fnfa.ca\/fr\/qui-sommes-nous\/"]}]},{"@type":"BreadcrumbList","@id":"https:\/\/fnfa.ca\/fr\/qui-sommes-nous\/#breadcrumb","itemListElement":[{"@type":"ListItem","position":1,"name":"Home","item":"https:\/\/fnfa.ca\/fr\/"},{"@type":"ListItem","position":2,"name":"\u00c0 propos de nous"}]},{"@type":"WebSite","@id":"https:\/\/fnfa.ca\/fr\/#website","url":"https:\/\/fnfa.ca\/fr\/","name":"FNFA","description":"First Nations Finance Authority","publisher":{"@id":"https:\/\/fnfa.ca\/fr\/#organization"},"potentialAction":[{"@type":"SearchAction","target":{"@type":"EntryPoint","urlTemplate":"https:\/\/fnfa.ca\/fr\/?s={search_term_string}"},"query-input":{"@type":"PropertyValueSpecification","valueRequired":true,"valueName":"search_term_string"}}],"inLanguage":"fr-FR"},{"@type":"Organization","@id":"https:\/\/fnfa.ca\/fr\/#organization","name":"First Nations Finance Authority","alternateName":"FNFA","url":"https:\/\/fnfa.ca\/fr\/","logo":{"@type":"ImageObject","inLanguage":"fr-FR","@id":"https:\/\/fnfa.ca\/fr\/#\/schema\/logo\/image\/","url":"https:\/\/fnfa.ca\/wp-content\/uploads\/2026\/02\/fnfa-logo.webp","contentUrl":"https:\/\/fnfa.ca\/wp-content\/uploads\/2026\/02\/fnfa-logo.webp","width":1500,"height":1500,"caption":"First Nations Finance Authority"},"image":{"@id":"https:\/\/fnfa.ca\/fr\/#\/schema\/logo\/image\/"},"sameAs":["https:\/\/www.facebook.com\/theFNFA\/"]}]}},"_links":{"self":[{"href":"https:\/\/fnfa.ca\/fr\/wp-json\/wp\/v2\/pages\/752","targetHints":{"allow":["GET"]}}],"collection":[{"href":"https:\/\/fnfa.ca\/fr\/wp-json\/wp\/v2\/pages"}],"about":[{"href":"https:\/\/fnfa.ca\/fr\/wp-json\/wp\/v2\/types\/page"}],"author":[{"embeddable":true,"href":"https:\/\/fnfa.ca\/fr\/wp-json\/wp\/v2\/users\/1"}],"replies":[{"embeddable":true,"href":"https:\/\/fnfa.ca\/fr\/wp-json\/wp\/v2\/comments?post=752"}],"version-history":[{"count":34,"href":"https:\/\/fnfa.ca\/fr\/wp-json\/wp\/v2\/pages\/752\/revisions"}],"predecessor-version":[{"id":10031,"href":"https:\/\/fnfa.ca\/fr\/wp-json\/wp\/v2\/pages\/752\/revisions\/10031"}],"wp:attachment":[{"href":"https:\/\/fnfa.ca\/fr\/wp-json\/wp\/v2\/media?parent=752"}],"curies":[{"name":"wp","href":"https:\/\/api.w.org\/{rel}","templated":true}]}}