{"id":759,"date":"2020-02-08T00:50:32","date_gmt":"2020-02-08T00:50:32","guid":{"rendered":"https:\/\/www.fnfa.dev4.oracastdev.com\/qr\/"},"modified":"2021-09-15T16:52:36","modified_gmt":"2021-09-15T16:52:36","slug":"qr","status":"publish","type":"page","link":"https:\/\/fnfa.ca\/fr\/qr\/","title":{"rendered":"Questions fr\u00e9quentes"},"content":{"rendered":"<div class=\"row rowCenter cntBlock  colsplit\" id=\"colsplit-block_5e61823cb9599\" style=\"z-index:0\">\n  <div class=\"col-12 col-lg-8 order-2\">\n    <h2><\/h2>\n    <h3><em>Nous avons compil\u00e9 ces questions fr\u00e9quemment pos\u00e9es qui ont \u00e9t\u00e9 soulev\u00e9es lors d\u2019ateliers et de pr\u00e9sentations pass\u00e9s.<\/em><\/h3>\n\t  <\/div>\n  <div class=\"col-12 col-lg-4 order-1\">\n\t  \t  <img decoding=\"async\" src=\"https:\/\/fnfa.ca\/wp-content\/uploads\/2020\/02\/talking-stick-flipped.jpg\" alt=\"\" \/>\n\t    <\/div>\n<\/div>\n\n<div class=\"row rowCenter cntBlock  colsplit\" id=\"colsplit-block_5e2761ad5caef\" style=\"z-index:0\">\n  <div class=\"col-12 col-lg-8 order-2 order-lg-1\">\n    <h2><\/h2>\n    <p>Si vous avez une question \u00e0 ajouter, veuillez la soumettre <a href=\"mailto:info@fnfa.ca\">en cliquant ici<\/a> afin que la FNFA puisse y r\u00e9pondre. Vous nous aiderez ainsi \u00e0 comprendre les besoins de nos clients et \u00e0 rendre ce site plus utile pour vous.<\/p>\n\t  <\/div>\n  <div class=\"col-12 col-lg-4 order-1 order-lg-2\">\n\t  \t  <img decoding=\"async\" src=\"https:\/\/fnfa.ca\/wp-content\/uploads\/2020\/02\/whale-sculpture.jpg\" alt=\"\" \/>\n\t    <\/div>\n<\/div>\n\n<div class=\"row cntBlock faqBlock\" id=\"faqBlock-block_5e2763972ac28\" style=\"z-index:0\">\n\t\t<div class=\"col-12\">\n\t\t\t\t\n\t\t<div class=\"faqItems\">\n\t\t\t\t\t<div class=\"faqItem\">\n\t\t\t\t<div class=\"faqQuestion\">Qu\u2019est-ce que la Loi sur la gestion financi\u00e8re des Premi\u00e8res Nations (LGFPN) et comment ma communaut\u00e9 peut-elle y adh\u00e9rer? <i class=\"faqIcon icon-plus-circle\"><\/i><\/div>\n\t\t\t\t<div class=\"faqAnswer\"><p>La LGFPN est une loi f\u00e9d\u00e9rale qui a pris effet en 2005. Elle a mis en place un ensemble d\u2019institutions : l\u2019Autorit\u00e9 financi\u00e8re des Premi\u00e8res Nations (FNFA), la Commission de fiscalit\u00e9 des Premi\u00e8res Nations (CFPN), le Conseil de gestion financi\u00e8re des Premi\u00e8res Nations (CGF). Chacune de ces institutions poss\u00e8de un mandat, une structure et une mission propre. Leur activit\u00e9 se recoupe pour fournir un puissant cadre r\u00e8glementaire touchant aux questions d\u2019acc\u00e8s \u00e0 l\u2019emprunt, de la d\u00e9termination de la capacit\u00e9 d\u2019emprunt, des m\u00e9canismes de surveillance, de garanties et de recours en cas de d\u00e9faut de paiement; un cadre parall\u00e8le est pr\u00e9vu par r\u00e8glement pour les emprunts bas\u00e9s sur les autres sources de revenus.<\/p>\n<\/div>\n\t\t\t<\/div>\n\t\t\t\t\t<div class=\"faqItem\">\n\t\t\t\t<div class=\"faqQuestion\">Qui peut b\u00e9n\u00e9ficier des services financiers de la FNFA? <i class=\"faqIcon icon-plus-circle\"><\/i><\/div>\n\t\t\t\t<div class=\"faqAnswer\"><p>Les services d\u2019expert-conseil et d\u2019investissement de la FNFA sont offerts \u00e0 tous les gouvernements autochtones et \u00e0 leurs organisations partout au Canada. Ces services sont disponibles sur demande.<\/p>\n<p>Les services de financement sont offerts \u00e0 tous les gouvernements autochtones \u00e9tablis par la <em>Loi sur les Indiens<\/em>, les trait\u00e9s, les r\u00e8glements de revendications territoriales ou les ententes avec le Canada sur l\u2019autonomie gouvernementale. Afin de devenir membre emprunteur, ces gouvernements doivent \u00eatre cit\u00e9s \u00e0 l\u2019annexe de la <em>Loi sur la gestion financi\u00e8re des Premi\u00e8res Nations<\/em>. Dans le cas de gouvernements autochtones qui ne sont pas \u00e9tablis par la <em>Loi sur les Indiens<\/em>, un r\u00e8glement particulier pourrait \u00eatre requis.<\/p>\n<\/div>\n\t\t\t<\/div>\n\t\t\t\t\t<div class=\"faqItem\">\n\t\t\t\t<div class=\"faqQuestion\">Qui poss\u00e8de et contr\u00f4le la FNFA? <i class=\"faqIcon icon-plus-circle\"><\/i><\/div>\n\t\t\t\t<div class=\"faqAnswer\"><p>La FNFA appartient et est sous le contr\u00f4le des Premi\u00e8res Nations qui en sont des membres emprunteurs. Le conseil d\u2019administration de la FNFA est compos\u00e9 de chefs ou conseillers de Premi\u00e8res Nations. Ceux-ci sont \u00e9lus par des repr\u00e9sentants des membres emprunteurs lors de l\u2019assembl\u00e9e g\u00e9n\u00e9rale de la FNFA. Les politiques, proc\u00e9dures et programmes de la FNFA sont choisis par le conseil d\u2019administration et refl\u00e8tent les priorit\u00e9s et les int\u00e9r\u00eats des Premi\u00e8res Nations emprunteuses, \u00e0 l\u2019int\u00e9rieur du cadre de la l\u00e9gislation qui s\u2019applique (la <em>Loi sur la gestion financi\u00e8re des Premi\u00e8res Nations<\/em>) et suivant les conditions requises par les march\u00e9s financiers afin de conserver la cote de cr\u00e9dit.<\/p>\n<\/div>\n\t\t\t<\/div>\n\t\t\t\t\t<div class=\"faqItem\">\n\t\t\t\t<div class=\"faqQuestion\">Que fait et quels sont les services offerts par la FNFA? <i class=\"faqIcon icon-plus-circle\"><\/i><\/div>\n\t\t\t\t<div class=\"faqAnswer\"><p>La FNFA a trois branches d\u2019activit\u00e9s. Elle obtient du capital abordable \u00e0 long terme sur les march\u00e9s financiers au nom des gouvernements de Premi\u00e8res Nations emprunteurs, pour leurs besoins en financement. Elle fournit \u00e9galement aux gouvernements de Premi\u00e8res Nations et \u00e0 leurs organisations des services flexibles, s\u00fbrs et \u00e0 haut rendement pour la gestion des surplus de caisse. Enfin, la FNFA offre aux Premi\u00e8res Nations du soutien et des conseils en planification de capital.<\/p>\n<\/div>\n\t\t\t<\/div>\n\t\t\t\t\t<div class=\"faqItem\">\n\t\t\t\t<div class=\"faqQuestion\">Qu\u2019est-ce que l\u2019Autorit\u00e9 financi\u00e8re des Premi\u00e8res Nations? <i class=\"faqIcon icon-plus-circle\"><\/i><\/div>\n\t\t\t\t<div class=\"faqAnswer\"><p>La FNFA est une institution \u00e0 but non lucratif fond\u00e9e pour toutes les Premi\u00e8res Nations, petites et grandes, urbaines ou \u00e9loign\u00e9es, riches ou pauvres en ressources, afin de leur donner acc\u00e8s aux instruments financiers dont disposent d\u00e9j\u00e0 les autres niveaux de gouvernement pour b\u00e2tir des communaut\u00e9s s\u00e9curitaires, saines et prosp\u00e8res.<\/p>\n<\/div>\n\t\t\t<\/div>\n\t\t\t\t<\/div>\t\t\n\t\t\t<\/div>\t\n<\/div>\n\n<div class=\"row cntBlock faqBlock bgOverlayGrey\" id=\"faqBlock-block_5e2765f4304cb\" style=\"z-index:0\">\n\t\t<div class=\"col-12\">\n\t\t<h2>Questions et r\u00e9ponses sur le financement<\/h2>\n\t<\/div>\n\t\t<div class=\"col-12\">\n\t\t\t\t\n\t\t<div class=\"faqItems\">\n\t\t\t\t\t<div class=\"faqItem\">\n\t\t\t\t<div class=\"faqQuestion\">Qui peut acc\u00e9der aux pr\u00eats de la FNFA\u2009? <i class=\"faqIcon icon-plus-circle\"><\/i><\/div>\n\t\t\t\t<div class=\"faqAnswer\"><p>Toutes les Premi\u00e8res Nations du Canada qui sont inscrites sous la <em>Loi sur les Indiens<\/em> peuvent devenir volontairement un membre emprunteur de la FNFA. Les pr\u00eats ne sont accord\u00e9s que sur demande du chef et du conseil. Notre \u00e9quipe de service aux membres est le premier contact pour une communaut\u00e9 int\u00e9ress\u00e9e \u00e0 devenir membre.<\/p>\n<\/div>\n\t\t\t<\/div>\n\t\t\t\t\t<div class=\"faqItem\">\n\t\t\t\t<div class=\"faqQuestion\">\u00c0 quelles fins les pr\u00eats de la FNFA peuvent-ils \u00eatre utilis\u00e9s\u2009? <i class=\"faqIcon icon-plus-circle\"><\/i><\/div>\n\t\t\t\t<div class=\"faqAnswer\"><p>Reconnaissant les Premi\u00e8res Nations comme des gouvernements, la FNFA permet au chef et au conseil de d\u00e9terminer leurs besoins communautaires. Voici quelques exemples de la fa\u00e7on dont les membres de la FNFA ont utilis\u00e9 l\u2019argent des pr\u00eats : \u00e9coles, logements, projets d\u2019\u00e9nergie verte, participation au capital dans les opportunit\u00e9s commerciales, infrastructures sociales et communautaires, syst\u00e8mes d\u2019eau et achats de terres.<\/p>\n<\/div>\n\t\t\t<\/div>\n\t\t\t\t\t<div class=\"faqItem\">\n\t\t\t\t<div class=\"faqQuestion\">Comment la FNFA collecte-t-elle les fonds \u00e0 pr\u00eater \u00e0 ses membres\u2009? <i class=\"faqIcon icon-plus-circle\"><\/i><\/div>\n\t\t\t\t<div class=\"faqAnswer\"><p>La FNFA est structur\u00e9e sur les services de tr\u00e9sorerie provinciaux et municipaux. La FNFA dispose de deux notations de cr\u00e9dit de qualit\u00e9 sup\u00e9rieure (Moody\u2019s et Standard &amp; Poor\u2019s) qui permettent \u00e0 la FNFA d\u2019\u00e9mettre des obligations et dispose \u00e9galement d\u2019un syndicat bancaire \u00e9tabli qui donne acc\u00e8s aux investisseurs des march\u00e9s des capitaux (soci\u00e9t\u00e9s d\u2019assurance-vie, r\u00e9gimes de retraite, soci\u00e9t\u00e9s de fonds communs de placement, et autres investisseurs gouvernementaux). Ces investisseurs fournissent aux membres emprunteurs de la FNFA des fonds de pr\u00eat \u00e0 long terme \u00e0 taux fixe pour r\u00e9pondre aux priorit\u00e9s de leur communaut\u00e9. Ces obligations sont \u00e9mises habituellement \u00e0 l\u2019automne de chaque ann\u00e9e.<\/p>\n<p>&nbsp;<\/p>\n<p>Afin de financer les besoins de pr\u00eat de nos membres avant l\u2019\u00e9mission d&rsquo;une obligation, la FNFA a un programme de financement provisoire (financement int\u00e9rimaire) qui fournit des pr\u00eats \u00e0 des taux d\u2019int\u00e9r\u00eat inf\u00e9rieurs au taux pr\u00e9f\u00e9rentiel bancaire. Ces pr\u00eats int\u00e9rimaires sont int\u00e9gr\u00e9s \u00e0 l&rsquo;\u00e9mission obligataire d\u2019automne, ou si le pr\u00eat est pour un projet de construction, ils peuvent rester comme financement provisoire jusqu\u2019\u00e0 la fin de la construction.<\/p>\n<\/div>\n\t\t\t<\/div>\n\t\t\t\t\t<div class=\"faqItem\">\n\t\t\t\t<div class=\"faqQuestion\">Y a-t-il des limites au montant d\u2019argent qu\u2019une Premi\u00e8re Nation peut emprunter\u2009? <i class=\"faqIcon icon-plus-circle\"><\/i><\/div>\n\t\t\t\t<div class=\"faqAnswer\"><p>Bref, non. Le montant des pr\u00eats auxquels une Premi\u00e8re Nation peut acc\u00e9der est calcul\u00e9 en utilisant les revenus qu\u2019un membre peut promettre pour soutenir les pr\u00eats. L&rsquo;\u00e9quipe de services aux membres travaille avec chaque membre pour aider \u00e0 comprendre quels revenus sont disponibles et se connecte avec notre \u00e9quipe des finances pour calculer la capacit\u00e9 d\u2019emprunt.<\/p>\n<\/div>\n\t\t\t<\/div>\n\t\t\t\t\t<div class=\"faqItem\">\n\t\t\t\t<div class=\"faqQuestion\">La FNFA exige-t-elle des garanties avant de pr\u00eater aux Premi\u00e8res Nations\u2009? <i class=\"faqIcon icon-plus-circle\"><\/i><\/div>\n\t\t\t\t<div class=\"faqAnswer\"><p>Non, la FNFA n\u2019enregistre pas de garantie et votre communaut\u00e9 n\u2019a pas \u00e0 mettre en place des actifs en garantie du pr\u00eat. Lors d&rsquo;un emprunt aupr\u00e8s de la FNFA, chaque membre travaille avec l&rsquo;\u00e9quipe de services aux membres pour d\u00e9terminer la ou les sources de revenus qui soutiendront le pr\u00eat.<\/p>\n<\/div>\n\t\t\t<\/div>\n\t\t\t\t<\/div>\t\t\n\t\t\t<\/div>\t\n<\/div>\n\n<div class=\"row cntBlock faqBlock bgOverlayWhite\" id=\"faqBlock-block_5e2763802ac27\" style=\"z-index:0\">\n\t\t<div class=\"col-12\">\n\t\t<h2>Questions et r\u00e9ponses sur l\u2019investissement<\/h2>\n\t<\/div>\n\t\t<div class=\"col-12\">\n\t\t\t\t\n\t\t<div class=\"faqItems\">\n\t\t\t\t\t<div class=\"faqItem\">\n\t\t\t\t<div class=\"faqQuestion\">Quels sont les avantages d\u2019investir avec la FNFA\u2009? <i class=\"faqIcon icon-plus-circle\"><\/i><\/div>\n\t\t\t\t<div class=\"faqAnswer\"><p>Parce que la FNFA est un mod\u00e8le de financement coop\u00e9ratif avec plus de 100 membres, le montant de fonds sous gestion des investissements est important. Et le gros montant de fonds d\u2019investissement attire g\u00e9n\u00e9ralement des taux d\u2019investissement plus \u00e9lev\u00e9s. Les Premi\u00e8res Nations qui sont membres de la FNFA et d\u2019autres organisations des Premi\u00e8res Nations ont acc\u00e8s aux comptes de revenus \u00e0 int\u00e9r\u00eat \u00e9lev\u00e9 de la FNFA sur une base volontaire.<\/p>\n<p>Les fonds d\u2019investissement peuvent \u00eatre retir\u00e9s n\u2019importe en tout temps, et ce, sans p\u00e9nalit\u00e9.<\/p>\n<\/div>\n\t\t\t<\/div>\n\t\t\t\t\t<div class=\"faqItem\">\n\t\t\t\t<div class=\"faqQuestion\">Comment ma communaut\u00e9 peut-elle investir avec la FNFA\u2009? <i class=\"faqIcon icon-plus-circle\"><\/i><\/div>\n\t\t\t\t<div class=\"faqAnswer\"><p>Si vous souhaitez ouvrir un compte de revenus \u00e0 int\u00e9r\u00eat \u00e9lev\u00e9 ou si vous souhaitez plus d\u2019informations, veuillez appeler notre bureau pour \u00eatre mis en contact avec la personne appropri\u00e9e afin de vous fournir ces informations et vous aider \u00e0 remplir tous les documents.<\/p>\n<\/div>\n\t\t\t<\/div>\n\t\t\t\t\t<div class=\"faqItem\">\n\t\t\t\t<div class=\"faqQuestion\">Lorsque ma communaut\u00e9 ouvre un compte, qui pourra l\u2019utiliser\u2009? <i class=\"faqIcon icon-plus-circle\"><\/i><\/div>\n\t\t\t\t<div class=\"faqAnswer\"><p>Seuls les repr\u00e9sentants autoris\u00e9s identifi\u00e9s lors de l\u2019ouverture du compte pourront effectuer un d\u00e9p\u00f4t ou retirer des placements.<\/p>\n<\/div>\n\t\t\t<\/div>\n\t\t\t\t\t<div class=\"faqItem\">\n\t\t\t\t<div class=\"faqQuestion\">Mes investissements avec la FNFA sont-ils s\u00e9curitaires\u2009? <i class=\"faqIcon icon-plus-circle\"><\/i><\/div>\n\t\t\t\t<div class=\"faqAnswer\"><p>La FNFA utilise ses contacts avec son consortium bancaire et les investissements sont donc aussi s\u00e9curitaires que tout argent d\u00e9tenu aupr\u00e8s d\u2019une banque \u00e0 charte.<\/p>\n<\/div>\n\t\t\t<\/div>\n\t\t\t\t<\/div>\t\t\n\t\t\t<\/div>\t\n<\/div>","protected":false},"excerpt":{"rendered":"","protected":false},"author":1,"featured_media":0,"parent":0,"menu_order":0,"comment_status":"closed","ping_status":"closed","template":"","meta":{"_acf_changed":false,"episode_type":"","audio_file":"","podmotor_file_id":"","podmotor_episode_id":"","cover_image":"","cover_image_id":"","duration":"","filesize":"","filesize_raw":"","date_recorded":"","explicit":"","block":"","itunes_episode_number":"","itunes_title":"","itunes_season_number":"","itunes_episode_type":"","footnotes":""},"class_list":["post-759","page","type-page","status-publish","hentry"],"acf":{"tagline":"","banner_image":{"ID":13431,"id":13431,"title":"LOAN ACCESS FAQ","filename":"LOAN-ACCESS-FAQ.webp","filesize":131772,"url":"https:\/\/fnfa.ca\/wp-content\/uploads\/2025\/12\/LOAN-ACCESS-FAQ.webp","link":"https:\/\/fnfa.ca\/fr\/loan-access-faq-2\/","alt":"","author":"2","description":"","caption":"","name":"loan-access-faq-2","status":"inherit","uploaded_to":0,"date":"2025-12-17 21:07:15","modified":"2025-12-17 21:07:15","menu_order":0,"mime_type":"image\/webp","type":"image","subtype":"webp","icon":"https:\/\/fnfa.ca\/wp-includes\/images\/media\/default.png","width":2200,"height":1261,"sizes":{"thumbnail":"https:\/\/fnfa.ca\/wp-content\/uploads\/2025\/12\/LOAN-ACCESS-FAQ-150x150.webp","thumbnail-width":150,"thumbnail-height":150,"medium":"https:\/\/fnfa.ca\/wp-content\/uploads\/2025\/12\/LOAN-ACCESS-FAQ-300x172.webp","medium-width":300,"medium-height":172,"medium_large":"https:\/\/fnfa.ca\/wp-content\/uploads\/2025\/12\/LOAN-ACCESS-FAQ-768x440.webp","medium_large-width":640,"medium_large-height":367,"large":"https:\/\/fnfa.ca\/wp-content\/uploads\/2025\/12\/LOAN-ACCESS-FAQ-1024x587.webp","large-width":640,"large-height":367,"1536x1536":"https:\/\/fnfa.ca\/wp-content\/uploads\/2025\/12\/LOAN-ACCESS-FAQ-1536x880.webp","1536x1536-width":1536,"1536x1536-height":880,"2048x2048":"https:\/\/fnfa.ca\/wp-content\/uploads\/2025\/12\/LOAN-ACCESS-FAQ-2048x1174.webp","2048x2048-width":2048,"2048x2048-height":1174}}},"yoast_head":"<!-- This site is optimized with the Yoast SEO plugin v27.4 - https:\/\/yoast.com\/product\/yoast-seo-wordpress\/ -->\n<title>Questions fr\u00e9quentes - FNFA<\/title>\n<meta name=\"robots\" content=\"index, follow, max-snippet:-1, max-image-preview:large, max-video-preview:-1\" \/>\n<link rel=\"canonical\" href=\"https:\/\/fnfa.ca\/fr\/qr\/\" \/>\n<meta property=\"og:locale\" content=\"fr_FR\" \/>\n<meta property=\"og:type\" content=\"article\" \/>\n<meta property=\"og:title\" content=\"Questions fr\u00e9quentes - FNFA\" \/>\n<meta property=\"og:url\" content=\"https:\/\/fnfa.ca\/fr\/qr\/\" \/>\n<meta property=\"og:site_name\" content=\"FNFA\" \/>\n<meta property=\"article:publisher\" content=\"https:\/\/www.facebook.com\/theFNFA\/\" \/>\n<meta property=\"article:modified_time\" content=\"2021-09-15T16:52:36+00:00\" \/>\n<meta property=\"og:image\" content=\"https:\/\/fnfa.ca\/wp-content\/uploads\/2026\/02\/fnfa-logo.webp\" \/>\n\t<meta property=\"og:image:width\" content=\"1500\" \/>\n\t<meta property=\"og:image:height\" content=\"1500\" \/>\n\t<meta property=\"og:image:type\" content=\"image\/webp\" \/>\n<meta name=\"twitter:card\" content=\"summary_large_image\" \/>\n<script type=\"application\/ld+json\" class=\"yoast-schema-graph\">{\"@context\":\"https:\\\/\\\/schema.org\",\"@graph\":[{\"@type\":\"WebPage\",\"@id\":\"https:\\\/\\\/fnfa.ca\\\/fr\\\/qr\\\/\",\"url\":\"https:\\\/\\\/fnfa.ca\\\/fr\\\/qr\\\/\",\"name\":\"Questions fr\u00e9quentes - FNFA\",\"isPartOf\":{\"@id\":\"https:\\\/\\\/fnfa.ca\\\/fr\\\/#website\"},\"datePublished\":\"2020-02-08T00:50:32+00:00\",\"dateModified\":\"2021-09-15T16:52:36+00:00\",\"breadcrumb\":{\"@id\":\"https:\\\/\\\/fnfa.ca\\\/fr\\\/qr\\\/#breadcrumb\"},\"inLanguage\":\"fr-FR\",\"potentialAction\":[{\"@type\":\"ReadAction\",\"target\":[\"https:\\\/\\\/fnfa.ca\\\/fr\\\/qr\\\/\"]}]},{\"@type\":\"BreadcrumbList\",\"@id\":\"https:\\\/\\\/fnfa.ca\\\/fr\\\/qr\\\/#breadcrumb\",\"itemListElement\":[{\"@type\":\"ListItem\",\"position\":1,\"name\":\"Home\",\"item\":\"https:\\\/\\\/fnfa.ca\\\/fr\\\/\"},{\"@type\":\"ListItem\",\"position\":2,\"name\":\"Questions fr\u00e9quentes\"}]},{\"@type\":\"WebSite\",\"@id\":\"https:\\\/\\\/fnfa.ca\\\/fr\\\/#website\",\"url\":\"https:\\\/\\\/fnfa.ca\\\/fr\\\/\",\"name\":\"FNFA\",\"description\":\"First Nations Finance Authority\",\"publisher\":{\"@id\":\"https:\\\/\\\/fnfa.ca\\\/fr\\\/#organization\"},\"potentialAction\":[{\"@type\":\"SearchAction\",\"target\":{\"@type\":\"EntryPoint\",\"urlTemplate\":\"https:\\\/\\\/fnfa.ca\\\/fr\\\/?s={search_term_string}\"},\"query-input\":{\"@type\":\"PropertyValueSpecification\",\"valueRequired\":true,\"valueName\":\"search_term_string\"}}],\"inLanguage\":\"fr-FR\"},{\"@type\":\"Organization\",\"@id\":\"https:\\\/\\\/fnfa.ca\\\/fr\\\/#organization\",\"name\":\"First Nations Finance Authority\",\"alternateName\":\"FNFA\",\"url\":\"https:\\\/\\\/fnfa.ca\\\/fr\\\/\",\"logo\":{\"@type\":\"ImageObject\",\"inLanguage\":\"fr-FR\",\"@id\":\"https:\\\/\\\/fnfa.ca\\\/fr\\\/#\\\/schema\\\/logo\\\/image\\\/\",\"url\":\"https:\\\/\\\/fnfa.ca\\\/wp-content\\\/uploads\\\/2026\\\/02\\\/fnfa-logo.webp\",\"contentUrl\":\"https:\\\/\\\/fnfa.ca\\\/wp-content\\\/uploads\\\/2026\\\/02\\\/fnfa-logo.webp\",\"width\":1500,\"height\":1500,\"caption\":\"First Nations Finance Authority\"},\"image\":{\"@id\":\"https:\\\/\\\/fnfa.ca\\\/fr\\\/#\\\/schema\\\/logo\\\/image\\\/\"},\"sameAs\":[\"https:\\\/\\\/www.facebook.com\\\/theFNFA\\\/\"]}]}<\/script>\n<!-- \/ Yoast SEO plugin. -->","yoast_head_json":{"title":"Questions fr\u00e9quentes - FNFA","robots":{"index":"index","follow":"follow","max-snippet":"max-snippet:-1","max-image-preview":"max-image-preview:large","max-video-preview":"max-video-preview:-1"},"canonical":"https:\/\/fnfa.ca\/fr\/qr\/","og_locale":"fr_FR","og_type":"article","og_title":"Questions fr\u00e9quentes - FNFA","og_url":"https:\/\/fnfa.ca\/fr\/qr\/","og_site_name":"FNFA","article_publisher":"https:\/\/www.facebook.com\/theFNFA\/","article_modified_time":"2021-09-15T16:52:36+00:00","og_image":[{"width":1500,"height":1500,"url":"https:\/\/fnfa.ca\/wp-content\/uploads\/2026\/02\/fnfa-logo.webp","type":"image\/webp"}],"twitter_card":"summary_large_image","schema":{"@context":"https:\/\/schema.org","@graph":[{"@type":"WebPage","@id":"https:\/\/fnfa.ca\/fr\/qr\/","url":"https:\/\/fnfa.ca\/fr\/qr\/","name":"Questions fr\u00e9quentes - FNFA","isPartOf":{"@id":"https:\/\/fnfa.ca\/fr\/#website"},"datePublished":"2020-02-08T00:50:32+00:00","dateModified":"2021-09-15T16:52:36+00:00","breadcrumb":{"@id":"https:\/\/fnfa.ca\/fr\/qr\/#breadcrumb"},"inLanguage":"fr-FR","potentialAction":[{"@type":"ReadAction","target":["https:\/\/fnfa.ca\/fr\/qr\/"]}]},{"@type":"BreadcrumbList","@id":"https:\/\/fnfa.ca\/fr\/qr\/#breadcrumb","itemListElement":[{"@type":"ListItem","position":1,"name":"Home","item":"https:\/\/fnfa.ca\/fr\/"},{"@type":"ListItem","position":2,"name":"Questions fr\u00e9quentes"}]},{"@type":"WebSite","@id":"https:\/\/fnfa.ca\/fr\/#website","url":"https:\/\/fnfa.ca\/fr\/","name":"FNFA","description":"First Nations Finance Authority","publisher":{"@id":"https:\/\/fnfa.ca\/fr\/#organization"},"potentialAction":[{"@type":"SearchAction","target":{"@type":"EntryPoint","urlTemplate":"https:\/\/fnfa.ca\/fr\/?s={search_term_string}"},"query-input":{"@type":"PropertyValueSpecification","valueRequired":true,"valueName":"search_term_string"}}],"inLanguage":"fr-FR"},{"@type":"Organization","@id":"https:\/\/fnfa.ca\/fr\/#organization","name":"First Nations Finance Authority","alternateName":"FNFA","url":"https:\/\/fnfa.ca\/fr\/","logo":{"@type":"ImageObject","inLanguage":"fr-FR","@id":"https:\/\/fnfa.ca\/fr\/#\/schema\/logo\/image\/","url":"https:\/\/fnfa.ca\/wp-content\/uploads\/2026\/02\/fnfa-logo.webp","contentUrl":"https:\/\/fnfa.ca\/wp-content\/uploads\/2026\/02\/fnfa-logo.webp","width":1500,"height":1500,"caption":"First Nations Finance Authority"},"image":{"@id":"https:\/\/fnfa.ca\/fr\/#\/schema\/logo\/image\/"},"sameAs":["https:\/\/www.facebook.com\/theFNFA\/"]}]}},"_links":{"self":[{"href":"https:\/\/fnfa.ca\/fr\/wp-json\/wp\/v2\/pages\/759","targetHints":{"allow":["GET"]}}],"collection":[{"href":"https:\/\/fnfa.ca\/fr\/wp-json\/wp\/v2\/pages"}],"about":[{"href":"https:\/\/fnfa.ca\/fr\/wp-json\/wp\/v2\/types\/page"}],"author":[{"embeddable":true,"href":"https:\/\/fnfa.ca\/fr\/wp-json\/wp\/v2\/users\/1"}],"replies":[{"embeddable":true,"href":"https:\/\/fnfa.ca\/fr\/wp-json\/wp\/v2\/comments?post=759"}],"version-history":[{"count":26,"href":"https:\/\/fnfa.ca\/fr\/wp-json\/wp\/v2\/pages\/759\/revisions"}],"predecessor-version":[{"id":6967,"href":"https:\/\/fnfa.ca\/fr\/wp-json\/wp\/v2\/pages\/759\/revisions\/6967"}],"wp:attachment":[{"href":"https:\/\/fnfa.ca\/fr\/wp-json\/wp\/v2\/media?parent=759"}],"curies":[{"name":"wp","href":"https:\/\/api.w.org\/{rel}","templated":true}]}}