{"id":791,"date":"2020-02-09T17:46:27","date_gmt":"2020-02-09T17:46:27","guid":{"rendered":"https:\/\/www.fnfa.dev4.oracastdev.com\/capacite-demprunt-pour-revenus-autres\/"},"modified":"2024-02-05T22:50:01","modified_gmt":"2024-02-05T22:50:01","slug":"capacite-demprunt-pour-revenus-autres","status":"publish","type":"page","link":"https:\/\/fnfa.ca\/fr\/calculateurs\/capacite-demprunt-pour-revenus-autres\/","title":{"rendered":"Capacit\u00e9 d&#8217;emprunt bas\u00e9e sur les autres revenus"},"content":{"rendered":"<div class=\"row cntBlock orCalcBlock\" id=\"orCalc-block_306bcfb0e1659113bb9647505dac54cf\" style=\"z-index:0\">\n\t<div class=\"col-12 p-0\">\n\t\t<div class=\"orCalc\">\n\t\t\t<div class=\"row\">\n\t\t\t\t<div class=\"col-12\">\n\t\t\t\t\t<div class=\"row formProgress\">\n\t\t\t\t\t\t<div class=\"col-12 col-lg-3 frmTab disclaimerTab active\">Avertissement<\/div>\n\t\t\t\t\t\t<div class=\"col-12 col-lg-3 frmTab borrowTimeTab\">D\u00e9lai d&#8217;emprunt<\/div>\n\t\t\t\t\t\t<div class=\"col-12 col-lg-3 frmTab calculatorTab\">Calculatrice<\/div>\n\t\t\t\t\t\t<div class=\"col-12 col-lg-3 frmTab reportTab\">Rapport<\/div>\n\t\t\t\t\t<\/div>\n\t\t\t\t<\/div>\n\t\t\t\t<div class=\"col-12\">\n\t\t\t\t\t<div class=\"calcCnt disclaimerCnt active\">\n\t\t\t\t\t\t<div class=\"cnt\">\n\t\t\t\t\t\t\t<p><em>Avertissement &#8211; les rapports produits par les calculateurs en ligne sur ce site web sont offerts \u00e0 titre indicatif seulement. La FNFA ne peut garantir l&rsquo;exactitude des donn\u00e9es sur lesquelles reposent les calculs. La FNFA sugg\u00e8re de refaire les calculs sur une base r\u00e9guli\u00e8re compte tenu de la possibilit\u00e9 de variations importantes des taux d&rsquo;int\u00e9r\u00eat selon la conjoncture \u00e9conomique.<\/em><\/p>\n\t\t\t\t\t\t\t<div class=\"frmNote\"><p>NOTE<sup>1<\/sup> : en temps normal, la FNFA n&rsquo;\u00e9met des obligations que pour une p\u00e9riode de 10 ans. Les membres de la FNFA dont les r\u00e8glements d&#8217;emprunt pr\u00e9voient des termes plus longs b\u00e9n\u00e9ficient d&rsquo;un taux fixe sur 10 ans apr\u00e8s quoi ils doivent :<\/p>\n<ol>\n<li>refinancer le solde du pr\u00eat au taux en vigueur \u00e0 ce moment;<\/li>\n<li>rembourser le solde du pr\u00eat sans p\u00e9nalit\u00e9;<\/li>\n<li>rembourser en partie le solde du pr\u00eat et refinancer au taux courant la partie r\u00e9siduelle.<\/li>\n<\/ol>\n<\/div>\n\t\t\t\t\t\t\t<p><input type=\"checkbox\" name=\"disclaimerCheck\" id=\"orDisclaimerCheck\" value=\"true\"> Je confirme avoir lu et compris ce qui pr\u00e9c\u00e8de.<\/p>\n\t\t\t\t\t\t<\/div>\n\t\t\t\t\t\t<div class=\"btnCnt\">\n\t\t\t\t\t\t\t<div class=\"frmBtn btn disabled\" data-btn=\"disclaimer\">Continuer<\/div>\n\t\t\t\t\t\t<\/div>\n\t\t\t\t\t<\/div>\n\t\t\t\t\t<div class=\"calcCnt borrowTimeCnt\">\n\t\t\t\t\t\t<div class=\"cnt\">\n\t\t\t\t\t\t\t<p>La FNFA pr\u00e9voit sa prochaine \u00e9mission d&rsquo;obligations \u00e0 l&rsquo;\u00e9t\u00e9 2024. Avez-vous besoin de financement <strong>avant<\/strong>\u00a0cette p\u00e9riode?<\/p>\n\t\t\t\t\t\t\t<input type=\"radio\" name=\"pre_debenture\" value=\"yes\"> Yes <input type=\"radio\" name=\"pre_debenture\" value=\"no\" checked> No\n\t\t\t\t\t\t<\/div>\n\t\t\t\t\t\t<div class=\"btnCnt\">\n\t\t\t\t\t\t\t<div class=\"frmBtn btn\" data-btn=\"borrowTime\">Continuer<\/div>\n\t\t\t\t\t\t<\/div>\n\t\t\t\t\t<\/div>\n\t\t\t\t\t<div class=\"calcCnt calculatorCnt\">\n\t\t\t\t\t\t<div class=\"cnt\">\n\t\t\t\t\t\t\t<div class=\"row\">\n\t\t\t\t\t\t\t\t<div class=\"col-12 brdBtmGrey\"><div class=\"frmNote icoNote\" data-icon=\"&#xe901;\"><p>Capacit\u00e9 d&#8217;emprunt-Revenus autres<\/p><\/div>\n\t\t\t\t\t\t\t\t<\/div>\n\t\t\t\t\t\t\t<\/div>\n\t\t\t\t\t\t\t<div class=\"row\">\n\t\t\t\t\t\t\t\t<div class=\"col-12\">\n\t\t\t\t\t\t\t\t\t<div class=\"form-group\">\n\t\t\t\t\t\t\t\t\t\t<div class=\"label\">Source de revenus:<\/div>\n\t\t\t\t\t\t\t\t\t\t<div class=\"formField\">\n\t\t\t\t\t\t\t\t\t\t\t<div class=\"row\">\n\t\t\t\t\t\t\t\t\t\t\t\t<div class=\"col-12 col-lg-8\">\n\t\t\t\t\t\t\t\t\t\t\t\t\t<select class=\"form-control\" name=\"orRevenueStream\" id=\"orRevenueStream\">\n\t\t\t\t\t\t\t\t\t\t\t\t\t\t\t\t\t\t\t\t\t\t\t\t\t\t\t\t\t\t\t\t\t\t\t\t\t\t\t\t\t\t\t\t\t\t\t\t\t\t\t\t\t\t\t\t\t\t\t\t\t\t\t\t\t\t\t\t\t\t\t\t<option value=\"1.23\" data-type=\"fixed\">Transferts f\u00e9d\u00e9raux ou provinciaux<\/option>\n\t\t\t\t\t\t\t\t\t\t\t\t\t\t\t\t\t\t\t\t\t\t\t\t\t\t\t\t\t<option value=\"1.30\" data-type=\"fixed\">Transferts municipaux<\/option>\n\t\t\t\t\t\t\t\t\t\t\t\t\t\t\t\t\t\t\t\t\t\t\t\t\t\t\t\t\t<option value=\"1.25\" data-type=\"fixed\">Projets de production d&rsquo;\u00e9nergie ind\u00e9pendante<\/option>\n\t\t\t\t\t\t\t\t\t\t\t\t\t\t\t\t\t\t\t\t\t\t\t\t\t\t\t\t\t<option value=\"1.60\" data-type=\"fixed\">Recettes provenant du jeu (entente provinciole)<\/option>\n\t\t\t\t\t\t\t\t\t\t\t\t\t\t\t\t\t\t\t\t\t\t\t\t\t\t\t\t\t<option value=\"2.25\" data-type=\"fixed\">Ententes sur les b\u00e9n\u00e9fices<\/option>\n\t\t\t\t\t\t\t\t\t\t\t\t\t\t\t\t\t\t\t\t\t\t\t\t\t\t\t\t\t\t\t\t\t\t\t\t\t\t\t\t\t\t\t\t\t\t\t\t\t\t\t\t\t\t\t\t\t<option value=\"\" data-type=\"variable\">Contrats et baux<\/option>\n\t\t\t\t\t\t\t\t\t\t\t\t\t\t\t\t\t\t\t\t\t\t\t\t\t\t\t\t\t<option value=\"\" data-type=\"variable\">Activit\u00e9s commerciales de la bande<\/option>\n\t\t\t\t\t\t\t\t\t\t\t\t\t\t\t\t\t\t\t\t\t\t\t\t\t\t\t\t\t\t\t\t\t\t\t\t\t\t\t\t\t<\/select>\n\t\t\t\t\t\t\t\t\t\t\t\t<\/div>\n\t\t\t\t\t\t\t\t\t\t\t\t<div class=\"col-12 col-lg-4\">\t\t\t\t\t\t\t\t\t\t\t\t\t\n\t\t\t\t\t\t\t\t\t\t\t\t\t<select class=\"form-control\" name=\"orCoverageRate\" id=\"orCoverageRate\">\n\t\t\t\t\t\t\t\t\t\t\t\t\t\t<option value=\"low\">Risque Faible<\/option>\n\t\t\t\t\t\t\t\t\t\t\t\t\t\t<option value=\"high\">Risque \u00c9lev\u00e9 <\/option>\n\t\t\t\t\t\t\t\t\t\t\t\t\t<\/select>\n\t\t\t\t\t\t\t\t\t\t\t\t<\/div>\n\t\t\t\t\t\t\t\t\t\t\t<\/div>\n\t\t\t\t\t\t\t\t\t\t<\/div>\n\t\t\t\t\t\t\t\t\t<\/div>\n\t\t\t\t\t\t\t\t<\/div>\n\t\t\t\t\t\t\t\t<div class=\"col-12\">\n\t\t\t\t\t\t\t\t\t<div class=\"frmNote icoNote fixed\" data-icon=\"&#xe911;\" id=\"varNote\"><p><b>Note:<\/b>\u00a0\u2014 Les flux de recettes utilis\u00e9es dans le calcul de la capacit\u00e9 d&#8217;emprunt peuvent \u00eatre \u00e0 faible ou \u00e0 haut risque. Les march\u00e9s financiers tiennent compte de la stabilit\u00e9 dans le temps des revenus d&rsquo;entreprises et de baux ou contrats pour \u00e9tablir la capacit\u00e9 d&#8217;emprunt. Veuillez cocher le niveau de risque appropri\u00e9 pour la source de revenus choisie.<\/p>\n<\/div>\t\n\t\t\t\t\t\t\t\t\t<div class=\"frmNote\"><p>N.B. En cas de doute sur la cat\u00e9gorie appropri\u00e9e pour votre source de revenus ou pour toute autre question, n&rsquo;h\u00e9sitez pas \u00e0\u00a0<a href=\"https:\/\/fnfa.ca\/fr\/contactez-lautorite-financiere-des-premieres-nations\/\">communiquer avec nous.<\/a><\/p>\n<\/div>\n\t\t\t\t\t\t\t\t\t<div class=\"row\">\n\t\t\t\t\t\t\t\t\t\t<div class=\"col-12 col-lg-8\">\n\t\t\t\t\t\t\t\t\t\t\t<div class=\"form-group\">\n\t\t\t\t\t\t\t\t\t\t\t\t<div class=\"label\">Revenus nets:<\/div>\n\t\t\t\t\t\t\t\t\t\t\t\t<div class=\"formField\">\n\t\t\t\t\t\t\t\t\t\t\t\t\t<input type=\"number\" name=\"orNetRevenue\" class=\"form-control\" id=\"orNetRevenue\">\n\t\t\t\t\t\t\t\t\t\t\t\t<\/div>\n\t\t\t\t\t\t\t\t\t\t\t<\/div>\n\t\t\t\t\t\t\t\t\t\t<\/div>\n\t\t\t\t\t\t\t\t\t\t<div class=\"col-12 col-lg-4\">\n\t\t\t\t\t\t\t\t\t\t\t<div class=\"form-group\">\n\t\t\t\t\t\t\t\t\t\t\t\t<div class=\"label\">P\u00e9riode d&rsquo;amortissement:<\/div>\n\t\t\t\t\t\t\t\t\t\t\t\t<div class=\"formField\">\n\t\t\t\t\t\t\t\t\t\t\t\t\t<select name=\"orTerm\" id=\"orTerm\" class=\"form-control\">\n\t\t\t\t\t\t\t\t\t\t\t\t\t\t\t\t\t\t\t\t\t\t\t\t\t\t\t\t<option value=\"5\">5 ans<\/option>\n\t\t\t\t\t\t\t\t\t\t\t\t\t\t\t\t\t\t\t\t\t\t\t\t\t\t\t\t<option value=\"6\">6 ans<\/option>\n\t\t\t\t\t\t\t\t\t\t\t\t\t\t\t\t\t\t\t\t\t\t\t\t\t\t\t\t<option value=\"7\">7 ans<\/option>\n\t\t\t\t\t\t\t\t\t\t\t\t\t\t\t\t\t\t\t\t\t\t\t\t\t\t\t\t<option value=\"8\">8 ans<\/option>\n\t\t\t\t\t\t\t\t\t\t\t\t\t\t\t\t\t\t\t\t\t\t\t\t\t\t\t\t<option value=\"9\">9 ans<\/option>\n\t\t\t\t\t\t\t\t\t\t\t\t\t\t\t\t\t\t\t\t\t\t\t\t\t\t\t\t<option value=\"10\">10 ans<\/option>\n\t\t\t\t\t\t\t\t\t\t\t\t\t\t\t\t\t\t\t\t\t\t\t\t\t\t\t\t<option value=\"11\">11 ans<\/option>\n\t\t\t\t\t\t\t\t\t\t\t\t\t\t\t\t\t\t\t\t\t\t\t\t\t\t\t\t<option value=\"12\">12 ans<\/option>\n\t\t\t\t\t\t\t\t\t\t\t\t\t\t\t\t\t\t\t\t\t\t\t\t\t\t\t\t<option value=\"13\">13 ans<\/option>\n\t\t\t\t\t\t\t\t\t\t\t\t\t\t\t\t\t\t\t\t\t\t\t\t\t\t\t\t<option value=\"14\">14 ans<\/option>\n\t\t\t\t\t\t\t\t\t\t\t\t\t\t\t\t\t\t\t\t\t\t\t\t\t\t\t\t<option value=\"15\">15 ans<\/option>\n\t\t\t\t\t\t\t\t\t\t\t\t\t\t\t\t\t\t\t\t\t\t\t\t\t\t\t\t<option value=\"16\">16 ans<\/option>\n\t\t\t\t\t\t\t\t\t\t\t\t\t\t\t\t\t\t\t\t\t\t\t\t\t\t\t\t<option value=\"17\">17 ans<\/option>\n\t\t\t\t\t\t\t\t\t\t\t\t\t\t\t\t\t\t\t\t\t\t\t\t\t\t\t\t<option value=\"18\">18 ans<\/option>\n\t\t\t\t\t\t\t\t\t\t\t\t\t\t\t\t\t\t\t\t\t\t\t\t\t\t\t\t<option value=\"19\">19 ans<\/option>\n\t\t\t\t\t\t\t\t\t\t\t\t\t\t\t\t\t\t\t\t\t\t\t\t\t\t\t\t<option value=\"20\">20 ans<\/option>\n\t\t\t\t\t\t\t\t\t\t\t\t\t\t\t\t\t\t\t\t\t\t\t\t\t\t\t\t<option value=\"21\">21 ans<\/option>\n\t\t\t\t\t\t\t\t\t\t\t\t\t\t\t\t\t\t\t\t\t\t\t\t\t\t\t\t<option value=\"22\">22 ans<\/option>\n\t\t\t\t\t\t\t\t\t\t\t\t\t\t\t\t\t\t\t\t\t\t\t\t\t\t\t\t<option value=\"23\">23 ans<\/option>\n\t\t\t\t\t\t\t\t\t\t\t\t\t\t\t\t\t\t\t\t\t\t\t\t\t\t\t\t<option value=\"24\">24 ans<\/option>\n\t\t\t\t\t\t\t\t\t\t\t\t\t\t\t\t\t\t\t\t\t\t\t\t\t\t\t\t<option value=\"25\">25 ans<\/option>\n\t\t\t\t\t\t\t\t\t\t\t\t\t\t\t\t\t\t\t\t\t\t\t\t\t\t\t\t<option value=\"26\">26 ans<\/option>\n\t\t\t\t\t\t\t\t\t\t\t\t\t\t\t\t\t\t\t\t\t\t\t\t\t\t\t\t<option value=\"27\">27 ans<\/option>\n\t\t\t\t\t\t\t\t\t\t\t\t\t\t\t\t\t\t\t\t\t\t\t\t\t\t\t\t<option value=\"28\">28 ans<\/option>\n\t\t\t\t\t\t\t\t\t\t\t\t\t\t\t\t\t\t\t\t\t\t\t\t\t\t\t\t<option value=\"29\">29 ans<\/option>\n\t\t\t\t\t\t\t\t\t\t\t\t\t\t\t\t\t\t\t\t\t\t\t\t\t\t\t\t<option value=\"30\">30 ans<\/option>\n\t\t\t\t\t\t\t\t\t\t\t\t\t\t\t\t\t\t\t\t\t\t\t\t\t\t\t<\/select>\n\t\t\t\t\t\t\t\t\t\t\t\t<\/div>\n\t\t\t\t\t\t\t\t\t\t\t<\/div>\n\t\t\t\t\t\t\t\t\t\t<\/div>\n\t\t\t\t\t\t\t\t\t<\/div>\n\t\t\t\t\t\t\t\t<\/div>\n\t\t\t\t\t\t\t\t<div class=\"col-12\">\n\t\t\t\t\t\t\t\t\t<p class=\"text-center\"><strong>Options de taux d&rsquo;int\u00e9r\u00eat<\/strong><\/p>\n\t\t\t\t\t\t\t\t\t<div class=\"row orIntOptions\">\n\t\t\t\t\t\t\t\t\t\t<div class=\"col-12 col-md-6 col-lg-4\">\n\t\t\t\t\t\t\t\t\t\t\t<div class=\"orIntOption active\" id=\"orOptionA\" data-optval=\"option_a\">\n\t\t\t\t\t\t\t\t\t\t\t\t<p><strong>Option A<\/strong><\/p>\n\t\t\t\t\t\t\t\t\t\t\t\t<p>Vous voulez que le taux d\u2019int\u00e9r\u00eat soit fix\u00e9 suite \u00e0 la prochaine \u00e9mission d\u2019obligations de la FNFA.<\/p>\n\t\t\t\t\t\t\t\t\t\t\t<\/div>\n\t\t\t\t\t\t\t\t\t\t<\/div>\n\t\t\t\t\t\t\t\t\t\t<div class=\"col-12 col-md-6 col-lg-4\">\n\t\t\t\t\t\t\t\t\t\t\t<div class=\"orIntOption\" id=\"orOptionB\" data-optval=\"option_b\">\n\t\t\t\t\t\t\t\t\t\t\t\t<p><strong>Option B<\/strong><\/p>\n\t\t\t\t\t\t\t\t\t\t\t\t<p>Vous voulez que la FNFA utilise des d\u00e9riv\u00e9s sur taux d\u2019int\u00e9r\u00eat pour fixer le taux pendant toute la dur\u00e9e de votre r\u00e8glement d\u2019emprunt.<\/p>\n\t\t\t\t\t\t\t\t\t\t\t<\/div>\n\t\t\t\t\t\t\t\t\t\t<\/div>\n\t\t\t\t\t\t\t\t\t<\/div>\n\t\t\t\t\t\t\t\t\t<input type=\"hidden\" value=\"option_a\" name=\"orIntRateOp\" id=\"orIntRateOp\">\n\t\t\t\t\t\t\t\t\t<input type=\"hidden\" value=\"3.5\" name=\"actuaryRate\" class=\"actuaryRate\">\n\t\t\t\t\t\t\t\t\t<select name=\"termRate\" id=\"termRate\" class=\"hidden\">\n\t\t\t\t\t\t\t\t\t\t                                                                                    <option value=\"5\" data-rate=\"4.5\">5 &#8211; 4.5<\/option>\n                                                                                    <option value=\"10\" data-rate=\"4.5\">10 &#8211; 4.5<\/option>\n                                                                                    <option value=\"15\" data-rate=\"4.5\">15 &#8211; 4.5<\/option>\n                                                                                    <option value=\"20\" data-rate=\"4.5\">20 &#8211; 4.5<\/option>\n                                                                                    <option value=\"25\" data-rate=\"4.5\">25 &#8211; 4.5<\/option>\n                                                                                    <option value=\"30\" data-rate=\"4.5\">30 &#8211; 4.5<\/option>\n                                        \t\t\t\t\t\t\t\t\t<\/select>\n\t\t\t\t\t\t\t\t\t<select name=\"secTermRate\" id=\"secTermRate\" class=\"hidden\">\n\t\t\t\t\t\t\t\t\t\t                                                                                    <option value=\"5\" data-rate=\"6.25\">5 &#8211; 6.25<\/option>\n                                                                                    <option value=\"10\" data-rate=\"4.5\">10 &#8211; 4.5<\/option>\n                                                                                    <option value=\"15\" data-rate=\"4.75\">15 &#8211; 4.75<\/option>\n                                                                                    <option value=\"20\" data-rate=\"4.75\">20 &#8211; 4.75<\/option>\n                                                                                    <option value=\"25\" data-rate=\"5.00\">25 &#8211; 5.00<\/option>\n                                                                                    <option value=\"30\" data-rate=\"5\">30 &#8211; 5<\/option>\n                                        \t\t\t\t\t\t\t\t\t<\/select>\n\t\t\t\t\t\t\t\t<\/div>\n\t\t\t\t\t\t\t<\/div>\n\t\t\t\t\t\t<\/div>\n\t\t\t\t\t\t<div class=\"btnCnt\">\n\t\t\t\t\t\t\t<div class=\"frmBtn btn disabled\" data-btn=\"calculator\">Calculer<\/div>\n\t\t\t\t\t\t<\/div>\n\t\t\t\t\t\t\t\t\t\t\t<\/div>\n\t\t\t\t\t<div class=\"calcCnt reportCnt\">\n\t\t\t\t\t\t<div class=\"cnt\">\n\t\t\t\t\t\t\t\t\t\t\t\t\t\t<p>Source de revenus: <span class=\"orRepStream\"><\/span><br \/>Revenu Net: <span class=\"orRepNet\"><\/span><\/p>\n\t\t\t\t\t\t\t<p>Dur\u00e9e du pr\u00eat: <span class=\"orRepTerm\"><\/span> Ans<br \/>Taux d&rsquo;int\u00e9r\u00eat*: <span class=\"orRepInt\"><\/span>%<br \/>Montant du pr\u00e9t (risque \u00e9lev\u00e9) **: $<span class=\"orRepBorrow\"><\/span><\/p>\n\t\t\t\t\t\t\t<p>Si vous empruntez le montant maximum, vos paiements annuel et mensuels seront de:<\/p>\n\t\t\t\t\t\t\t<p>Paiements annuels maximums (risque \u00e9lev\u00e9): <span class=\"orRepYear\"><\/span><br \/>Paiements mensuels maximums <span class=\"orRepMonth\"><\/span><\/p>\n\t\t\t\t\t\t\t\t\t\t\t\t\t\t<p class=\"calcNote\">* Taux d&rsquo;int\u00e9r\u00eat pr\u00e9vu, \u00e9valu\u00e9 selon le taux courant pour obligations de 10 ans. Ce taux est sujet \u00e0 changement.<\/p>\n\t\t\t\t\t\t\t\t\t\t\t\t\t\t<p class=\"calcNote\">**  L&rsquo;AFPN calcule le pouvoir d&#8217;emprunt d&rsquo;une source de revenu en utilisant un ratio de couverture du service de la dette de <span class=\"orRepRatio\"><\/span>.<\/p>\n\t\t\t\t\t\t\t\t\t\t\t\t\t<\/div>\n\t\t\t\t\t\t<div class=\"cntB\">\n\t\t\t\t\t\t\t<p>Si vous envisagez de bloquer votre taux pour toute la dur\u00e9e de la demande de financement, veuillez <a href=\"https:\/\/fnfa.ca\/fr\/contactez-lautorite-financiere-des-premieres-nations\/\">contacter<\/a> Steve Berna pour conna\u00eetre le taux actuel et les \u00e9tapes suivantes.<\/p>\n\t\t\t\t\t\t<\/div>\n\t\t\t\t\t\t<div class=\"btnCnt\">\n\t\t\t\t\t\t\t<div class=\"row\">\n\t\t\t\t\t\t\t\t<div class=\"col-6 text-left\">\n\t\t\t\t\t\t\t\t\t\t\t\t\t\t\t\t\t\t\t<a href=\"\/fr\/calculateurs\/capacite-demprunt-pour-revenus-autres\/\" class=\"frmBck btn\">Retour \u00e0 la page des calculateurs<\/a>\n\t\t\t\t\t\t\t\t\t\t\t\t\t\t\t\t\t<\/div>\n\t\t\t\t\t\t\t\t<div class=\"col-6 text-right\">\n\t\t\t\t\t\t\t\t\t<div class=\"frmBtn btn\" id=\"orCalcBtn\">Rapport<\/div>\n\t\t\t\t\t\t\t\t<\/div>\n\t\t\t\t\t\t\t<\/div>\n\t\t\t\t\t\t<\/div>\n\t\t\t\t\t\t\t\t\t\t\t\t<div>\n\t\t\t\t\t\t\t\t\t\t\t\t\t\t\t<form method=\"post\" action=\"\/reports\/revenue-generate-fr.php\" name=\"orPdfReport\" id=\"orPdfReport\">\n\t\t\t\t\t\t\t\t\t\t\t\t\t\t\t\t<input type=\"hidden\" name=\"orPdfLoanAmount\" id=\"orPdfLoanAmount\" value=\"\">\n\t\t\t\t\t\t\t\t\t<input type=\"hidden\" name=\"orPdfStream\" id=\"orPdfStream\" value=\"\">\n\t\t\t\t\t\t\t\t\t<input type=\"hidden\" name=\"orPdfTerm\" id=\"orPdfTerm\" value=\"\">\n\t\t\t\t\t\t\t\t\t<input type=\"hidden\" name=\"orPdfCapacity\" id=\"orPdfCapacity\" value=\"\">\n\t\t\t\t\t\t\t\t<\/form>\n\t\t\t\t\t\t<\/div>\n\t\t\t\t\t<\/div>\n\t\t\t\t<\/div>\n\t\t\t<\/div>\n\t\t<\/div>\n\t<\/div>\n<\/div>\n","protected":false},"excerpt":{"rendered":"","protected":false},"author":1,"featured_media":0,"parent":799,"menu_order":0,"comment_status":"closed","ping_status":"closed","template":"","meta":{"_acf_changed":false,"episode_type":"","audio_file":"","podmotor_file_id":"","podmotor_episode_id":"","cover_image":"","cover_image_id":"","duration":"","filesize":"","filesize_raw":"","date_recorded":"","explicit":"","block":"","itunes_episode_number":"","itunes_title":"","itunes_season_number":"","itunes_episode_type":"","footnotes":""},"class_list":["post-791","page","type-page","status-publish","hentry"],"acf":{"tagline":""},"yoast_head":"<!-- This site is optimized with the Yoast SEO plugin v27.4 - https:\/\/yoast.com\/product\/yoast-seo-wordpress\/ -->\n<title>Capacit\u00e9 d&#039;emprunt bas\u00e9e sur les autres revenus - FNFA<\/title>\n<meta name=\"robots\" content=\"index, follow, max-snippet:-1, max-image-preview:large, max-video-preview:-1\" \/>\n<link rel=\"canonical\" href=\"https:\/\/fnfa.ca\/fr\/calculateurs\/capacite-demprunt-pour-revenus-autres\/\" \/>\n<meta property=\"og:locale\" content=\"fr_FR\" \/>\n<meta property=\"og:type\" content=\"article\" \/>\n<meta property=\"og:title\" content=\"Capacit\u00e9 d&#039;emprunt bas\u00e9e sur les autres revenus - FNFA\" \/>\n<meta property=\"og:url\" content=\"https:\/\/fnfa.ca\/fr\/calculateurs\/capacite-demprunt-pour-revenus-autres\/\" \/>\n<meta property=\"og:site_name\" content=\"FNFA\" \/>\n<meta property=\"article:publisher\" content=\"https:\/\/www.facebook.com\/theFNFA\/\" \/>\n<meta property=\"article:modified_time\" content=\"2024-02-05T22:50:01+00:00\" \/>\n<meta property=\"og:image\" content=\"https:\/\/fnfa.ca\/wp-content\/uploads\/2026\/02\/fnfa-logo.webp\" \/>\n\t<meta property=\"og:image:width\" content=\"1500\" \/>\n\t<meta property=\"og:image:height\" content=\"1500\" \/>\n\t<meta property=\"og:image:type\" content=\"image\/webp\" \/>\n<meta name=\"twitter:card\" content=\"summary_large_image\" \/>\n<script type=\"application\/ld+json\" class=\"yoast-schema-graph\">{\"@context\":\"https:\\\/\\\/schema.org\",\"@graph\":[{\"@type\":\"WebPage\",\"@id\":\"https:\\\/\\\/fnfa.ca\\\/fr\\\/calculateurs\\\/capacite-demprunt-pour-revenus-autres\\\/\",\"url\":\"https:\\\/\\\/fnfa.ca\\\/fr\\\/calculateurs\\\/capacite-demprunt-pour-revenus-autres\\\/\",\"name\":\"Capacit\u00e9 d'emprunt bas\u00e9e sur les autres revenus - FNFA\",\"isPartOf\":{\"@id\":\"https:\\\/\\\/fnfa.ca\\\/fr\\\/#website\"},\"datePublished\":\"2020-02-09T17:46:27+00:00\",\"dateModified\":\"2024-02-05T22:50:01+00:00\",\"breadcrumb\":{\"@id\":\"https:\\\/\\\/fnfa.ca\\\/fr\\\/calculateurs\\\/capacite-demprunt-pour-revenus-autres\\\/#breadcrumb\"},\"inLanguage\":\"fr-FR\",\"potentialAction\":[{\"@type\":\"ReadAction\",\"target\":[\"https:\\\/\\\/fnfa.ca\\\/fr\\\/calculateurs\\\/capacite-demprunt-pour-revenus-autres\\\/\"]}]},{\"@type\":\"BreadcrumbList\",\"@id\":\"https:\\\/\\\/fnfa.ca\\\/fr\\\/calculateurs\\\/capacite-demprunt-pour-revenus-autres\\\/#breadcrumb\",\"itemListElement\":[{\"@type\":\"ListItem\",\"position\":1,\"name\":\"Home\",\"item\":\"https:\\\/\\\/fnfa.ca\\\/fr\\\/\"},{\"@type\":\"ListItem\",\"position\":2,\"name\":\"Calculateurs\",\"item\":\"https:\\\/\\\/fnfa.ca\\\/fr\\\/calculateurs\\\/\"},{\"@type\":\"ListItem\",\"position\":3,\"name\":\"Capacit\u00e9 d&#8217;emprunt bas\u00e9e sur les autres revenus\"}]},{\"@type\":\"WebSite\",\"@id\":\"https:\\\/\\\/fnfa.ca\\\/fr\\\/#website\",\"url\":\"https:\\\/\\\/fnfa.ca\\\/fr\\\/\",\"name\":\"FNFA\",\"description\":\"First Nations Finance Authority\",\"publisher\":{\"@id\":\"https:\\\/\\\/fnfa.ca\\\/fr\\\/#organization\"},\"potentialAction\":[{\"@type\":\"SearchAction\",\"target\":{\"@type\":\"EntryPoint\",\"urlTemplate\":\"https:\\\/\\\/fnfa.ca\\\/fr\\\/?s={search_term_string}\"},\"query-input\":{\"@type\":\"PropertyValueSpecification\",\"valueRequired\":true,\"valueName\":\"search_term_string\"}}],\"inLanguage\":\"fr-FR\"},{\"@type\":\"Organization\",\"@id\":\"https:\\\/\\\/fnfa.ca\\\/fr\\\/#organization\",\"name\":\"First Nations Finance Authority\",\"alternateName\":\"FNFA\",\"url\":\"https:\\\/\\\/fnfa.ca\\\/fr\\\/\",\"logo\":{\"@type\":\"ImageObject\",\"inLanguage\":\"fr-FR\",\"@id\":\"https:\\\/\\\/fnfa.ca\\\/fr\\\/#\\\/schema\\\/logo\\\/image\\\/\",\"url\":\"https:\\\/\\\/fnfa.ca\\\/wp-content\\\/uploads\\\/2026\\\/02\\\/fnfa-logo.webp\",\"contentUrl\":\"https:\\\/\\\/fnfa.ca\\\/wp-content\\\/uploads\\\/2026\\\/02\\\/fnfa-logo.webp\",\"width\":1500,\"height\":1500,\"caption\":\"First Nations Finance Authority\"},\"image\":{\"@id\":\"https:\\\/\\\/fnfa.ca\\\/fr\\\/#\\\/schema\\\/logo\\\/image\\\/\"},\"sameAs\":[\"https:\\\/\\\/www.facebook.com\\\/theFNFA\\\/\"]}]}<\/script>\n<!-- \/ Yoast SEO plugin. -->","yoast_head_json":{"title":"Capacit\u00e9 d'emprunt bas\u00e9e sur les autres revenus - FNFA","robots":{"index":"index","follow":"follow","max-snippet":"max-snippet:-1","max-image-preview":"max-image-preview:large","max-video-preview":"max-video-preview:-1"},"canonical":"https:\/\/fnfa.ca\/fr\/calculateurs\/capacite-demprunt-pour-revenus-autres\/","og_locale":"fr_FR","og_type":"article","og_title":"Capacit\u00e9 d'emprunt bas\u00e9e sur les autres revenus - FNFA","og_url":"https:\/\/fnfa.ca\/fr\/calculateurs\/capacite-demprunt-pour-revenus-autres\/","og_site_name":"FNFA","article_publisher":"https:\/\/www.facebook.com\/theFNFA\/","article_modified_time":"2024-02-05T22:50:01+00:00","og_image":[{"width":1500,"height":1500,"url":"https:\/\/fnfa.ca\/wp-content\/uploads\/2026\/02\/fnfa-logo.webp","type":"image\/webp"}],"twitter_card":"summary_large_image","schema":{"@context":"https:\/\/schema.org","@graph":[{"@type":"WebPage","@id":"https:\/\/fnfa.ca\/fr\/calculateurs\/capacite-demprunt-pour-revenus-autres\/","url":"https:\/\/fnfa.ca\/fr\/calculateurs\/capacite-demprunt-pour-revenus-autres\/","name":"Capacit\u00e9 d'emprunt bas\u00e9e sur les autres revenus - FNFA","isPartOf":{"@id":"https:\/\/fnfa.ca\/fr\/#website"},"datePublished":"2020-02-09T17:46:27+00:00","dateModified":"2024-02-05T22:50:01+00:00","breadcrumb":{"@id":"https:\/\/fnfa.ca\/fr\/calculateurs\/capacite-demprunt-pour-revenus-autres\/#breadcrumb"},"inLanguage":"fr-FR","potentialAction":[{"@type":"ReadAction","target":["https:\/\/fnfa.ca\/fr\/calculateurs\/capacite-demprunt-pour-revenus-autres\/"]}]},{"@type":"BreadcrumbList","@id":"https:\/\/fnfa.ca\/fr\/calculateurs\/capacite-demprunt-pour-revenus-autres\/#breadcrumb","itemListElement":[{"@type":"ListItem","position":1,"name":"Home","item":"https:\/\/fnfa.ca\/fr\/"},{"@type":"ListItem","position":2,"name":"Calculateurs","item":"https:\/\/fnfa.ca\/fr\/calculateurs\/"},{"@type":"ListItem","position":3,"name":"Capacit\u00e9 d&#8217;emprunt bas\u00e9e sur les autres revenus"}]},{"@type":"WebSite","@id":"https:\/\/fnfa.ca\/fr\/#website","url":"https:\/\/fnfa.ca\/fr\/","name":"FNFA","description":"First Nations Finance Authority","publisher":{"@id":"https:\/\/fnfa.ca\/fr\/#organization"},"potentialAction":[{"@type":"SearchAction","target":{"@type":"EntryPoint","urlTemplate":"https:\/\/fnfa.ca\/fr\/?s={search_term_string}"},"query-input":{"@type":"PropertyValueSpecification","valueRequired":true,"valueName":"search_term_string"}}],"inLanguage":"fr-FR"},{"@type":"Organization","@id":"https:\/\/fnfa.ca\/fr\/#organization","name":"First Nations Finance Authority","alternateName":"FNFA","url":"https:\/\/fnfa.ca\/fr\/","logo":{"@type":"ImageObject","inLanguage":"fr-FR","@id":"https:\/\/fnfa.ca\/fr\/#\/schema\/logo\/image\/","url":"https:\/\/fnfa.ca\/wp-content\/uploads\/2026\/02\/fnfa-logo.webp","contentUrl":"https:\/\/fnfa.ca\/wp-content\/uploads\/2026\/02\/fnfa-logo.webp","width":1500,"height":1500,"caption":"First Nations Finance Authority"},"image":{"@id":"https:\/\/fnfa.ca\/fr\/#\/schema\/logo\/image\/"},"sameAs":["https:\/\/www.facebook.com\/theFNFA\/"]}]}},"_links":{"self":[{"href":"https:\/\/fnfa.ca\/fr\/wp-json\/wp\/v2\/pages\/791","targetHints":{"allow":["GET"]}}],"collection":[{"href":"https:\/\/fnfa.ca\/fr\/wp-json\/wp\/v2\/pages"}],"about":[{"href":"https:\/\/fnfa.ca\/fr\/wp-json\/wp\/v2\/types\/page"}],"author":[{"embeddable":true,"href":"https:\/\/fnfa.ca\/fr\/wp-json\/wp\/v2\/users\/1"}],"replies":[{"embeddable":true,"href":"https:\/\/fnfa.ca\/fr\/wp-json\/wp\/v2\/comments?post=791"}],"version-history":[{"count":39,"href":"https:\/\/fnfa.ca\/fr\/wp-json\/wp\/v2\/pages\/791\/revisions"}],"predecessor-version":[{"id":10050,"href":"https:\/\/fnfa.ca\/fr\/wp-json\/wp\/v2\/pages\/791\/revisions\/10050"}],"up":[{"embeddable":true,"href":"https:\/\/fnfa.ca\/fr\/wp-json\/wp\/v2\/pages\/799"}],"wp:attachment":[{"href":"https:\/\/fnfa.ca\/fr\/wp-json\/wp\/v2\/media?parent=791"}],"curies":[{"name":"wp","href":"https:\/\/api.w.org\/{rel}","templated":true}]}}