{"id":801,"date":"2020-02-09T17:51:32","date_gmt":"2020-02-09T17:51:32","guid":{"rendered":"https:\/\/www.fnfa.dev4.oracastdev.com\/projets\/"},"modified":"2020-08-19T19:53:23","modified_gmt":"2020-08-19T19:53:23","slug":"projets","status":"publish","type":"page","link":"https:\/\/fnfa.ca\/fr\/projets\/","title":{"rendered":"B\u00e2tir vos projets futurs"},"content":{"rendered":"<div class=\"row cntBlock stackblock\" id=\"stackblock-block_5e332d322ee7a\">\n\t<div class=\"col-12 col-lg-5 order-1\">\n\t\t<div class=\"stackImg\">\n\t\t\t<img decoding=\"async\" src=\"https:\/\/fnfa.ca\/wp-content\/uploads\/2020\/02\/IMG_1919.jpg\" alt=\"Financement du d\u00e9veloppement \u00e9conomique\" \/>\n\t\t<\/div>\n\t<\/div>\n\t<div class=\"col-12 col-lg-6 offset-lg-1 order-2\">\n\t\t<h3>Financement du d\u00e9veloppement \u00e9conomique<\/h3>\n\t\t<p>Il est clair qu\u2019une approche \u00e9quilibr\u00e9e est adopt\u00e9e lorsque nos membres choisissent o\u00f9 ils souhaitent investir leurs revenus. En cr\u00e9ant des entreprises et en investissant dans leurs communaut\u00e9s, ils pr\u00e9parent leurs membres pour les g\u00e9n\u00e9rations \u00e0 venir.<\/p>\n\t\t\t<\/div>\n<\/div>\n\n\n<div class=\"row cntBlock stackblock\" id=\"stackblock-block_5e332dc82ee7b\">\n\t<div class=\"col-12 col-lg-5 offset-lg-1 order-1 order-lg-2\">\n\t\t<div class=\"stackImg\">\n\t\t\t<img decoding=\"async\" src=\"https:\/\/fnfa.ca\/wp-content\/uploads\/2020\/01\/membertou-housing.jpg\" alt=\"Habitation\" \/>\n\t\t<\/div>\n\t<\/div>\n\t<div class=\"col-12 col-lg-6 order-2 order-lg-1\">\n\t\t<h3>Habitation<\/h3>\n\t\t<p>Les communaut\u00e9s des Premi\u00e8res Nations n\u2019ont pas besoin de commencer en grand. Beaucoup ont commenc\u00e9 doucement avec des projets de logements durables. Peu \u00e0 peu, votre communaut\u00e9 va cro\u00eetre et prosp\u00e9rer. En acc\u00e9dant au fonds d\u2019emprunt de la FNFA, les communaut\u00e9s peuvent accro\u00eetre leurs d\u00e9veloppements immobiliers d\u2019une mani\u00e8re qui r\u00e9pond vraiment \u00e0 leurs besoins.<\/p>\n\t\t\t<\/div>\n<\/div>\n\n\n<div class=\"row cntBlock stackblock\" id=\"stackblock-block_5e332e1a2ee7c\">\n\t<div class=\"col-12 col-lg-5 order-1\">\n\t\t<div class=\"stackImg\">\n\t\t\t<img decoding=\"async\" src=\"https:\/\/fnfa.ca\/wp-content\/uploads\/2020\/01\/membertou-public-works.jpg\" alt=\"Infrastructure communautaire\" \/>\n\t\t<\/div>\n\t<\/div>\n\t<div class=\"col-12 col-lg-6 offset-lg-1 order-2\">\n\t\t<h3>Infrastructure communautaire<\/h3>\n\t\t<p>La FNFA peut ouvrir des portes pour le d\u00e9veloppement et des partenariats en offrant aux gouvernements des Premi\u00e8res Nations un acc\u00e8s \u00e0 des pr\u00eats \u00e0 long terme. Ces pr\u00eats peuvent permettre le d\u00e9veloppement d\u2019infrastructures comme les syst\u00e8mes d\u2019eau et d\u2019\u00e9gouts, les trottoirs, l\u2019\u00e9clairage public et les b\u00e2timents communautaires.<\/p>\n\t\t\t<\/div>\n<\/div>\n\n\n<div class=\"row cntBlock stackblock\" id=\"stackblock-block_5e332e602ee7d\">\n\t<div class=\"col-12 col-lg-5 offset-lg-1 order-1 order-lg-2\">\n\t\t<div class=\"stackImg\">\n\t\t\t<img decoding=\"async\" src=\"https:\/\/fnfa.ca\/wp-content\/uploads\/2020\/01\/taku-river-power-project.jpg\" alt=\"Projets \u00e9nerg\u00e9tiques\" \/>\n\t\t<\/div>\n\t<\/div>\n\t<div class=\"col-12 col-lg-6 order-2 order-lg-1\">\n\t\t<h3>Projets \u00e9nerg\u00e9tiques<\/h3>\n\t\t<p>La FNFA a pour mandat de fournir un soutien en \u00e9quit\u00e9 aux Premi\u00e8res Nations qui souhaitent participer \u00e0 des partenariats public-priv\u00e9. Les projets \u00e9nerg\u00e9tiques ind\u00e9pendants sont un excellent exemple de Premi\u00e8res Nations ouvrant la voie au d\u00e9veloppement d\u2019une \u00e9nergie durable et verte. La FNFA peut fournir des exemples sur la fa\u00e7on dont les autres Premi\u00e8res Nations participent avec succ\u00e8s en tant qu\u2019actionnaires.<\/p>\n\t\t\t<\/div>\n<\/div>\n","protected":false},"excerpt":{"rendered":"","protected":false},"author":1,"featured_media":0,"parent":0,"menu_order":0,"comment_status":"closed","ping_status":"closed","template":"","meta":{"_acf_changed":false,"episode_type":"","audio_file":"","podmotor_file_id":"","podmotor_episode_id":"","cover_image":"","cover_image_id":"","duration":"","filesize":"","filesize_raw":"","date_recorded":"","explicit":"","block":"","itunes_episode_number":"","itunes_title":"","itunes_season_number":"","itunes_episode_type":"","footnotes":""},"class_list":["post-801","page","type-page","status-publish","hentry"],"acf":{"tagline":"","banner_image":{"ID":13434,"id":13434,"title":"WHY JOIN FNFA","filename":"WHY-JOIN-FNFA.webp","filesize":202118,"url":"https:\/\/fnfa.ca\/wp-content\/uploads\/2025\/12\/WHY-JOIN-FNFA.webp","link":"https:\/\/fnfa.ca\/fr\/why-join-fnfa-2\/","alt":"","author":"2","description":"","caption":"","name":"why-join-fnfa-2","status":"inherit","uploaded_to":0,"date":"2025-12-17 21:07:24","modified":"2025-12-17 21:07:24","menu_order":0,"mime_type":"image\/webp","type":"image","subtype":"webp","icon":"https:\/\/fnfa.ca\/wp-includes\/images\/media\/default.png","width":2200,"height":1467,"sizes":{"thumbnail":"https:\/\/fnfa.ca\/wp-content\/uploads\/2025\/12\/WHY-JOIN-FNFA-150x150.webp","thumbnail-width":150,"thumbnail-height":150,"medium":"https:\/\/fnfa.ca\/wp-content\/uploads\/2025\/12\/WHY-JOIN-FNFA-300x200.webp","medium-width":300,"medium-height":200,"medium_large":"https:\/\/fnfa.ca\/wp-content\/uploads\/2025\/12\/WHY-JOIN-FNFA-768x512.webp","medium_large-width":640,"medium_large-height":427,"large":"https:\/\/fnfa.ca\/wp-content\/uploads\/2025\/12\/WHY-JOIN-FNFA-1024x683.webp","large-width":640,"large-height":427,"1536x1536":"https:\/\/fnfa.ca\/wp-content\/uploads\/2025\/12\/WHY-JOIN-FNFA-1536x1024.webp","1536x1536-width":1536,"1536x1536-height":1024,"2048x2048":"https:\/\/fnfa.ca\/wp-content\/uploads\/2025\/12\/WHY-JOIN-FNFA-2048x1366.webp","2048x2048-width":2048,"2048x2048-height":1366}}},"yoast_head":"<!-- This site is optimized with the Yoast SEO plugin v27.4 - https:\/\/yoast.com\/product\/yoast-seo-wordpress\/ -->\n<title>B\u00e2tir vos projets futurs - FNFA<\/title>\n<meta name=\"robots\" content=\"index, follow, max-snippet:-1, max-image-preview:large, max-video-preview:-1\" \/>\n<link rel=\"canonical\" href=\"https:\/\/fnfa.ca\/fr\/projets\/\" \/>\n<meta property=\"og:locale\" content=\"fr_FR\" \/>\n<meta property=\"og:type\" content=\"article\" \/>\n<meta property=\"og:title\" content=\"B\u00e2tir vos projets futurs - FNFA\" \/>\n<meta property=\"og:url\" content=\"https:\/\/fnfa.ca\/fr\/projets\/\" \/>\n<meta property=\"og:site_name\" content=\"FNFA\" \/>\n<meta property=\"article:publisher\" content=\"https:\/\/www.facebook.com\/theFNFA\/\" \/>\n<meta property=\"article:modified_time\" content=\"2020-08-19T19:53:23+00:00\" \/>\n<meta property=\"og:image\" content=\"https:\/\/fnfa.ca\/wp-content\/uploads\/2026\/02\/fnfa-logo.webp\" \/>\n\t<meta property=\"og:image:width\" content=\"1500\" \/>\n\t<meta property=\"og:image:height\" content=\"1500\" \/>\n\t<meta property=\"og:image:type\" content=\"image\/webp\" \/>\n<meta name=\"twitter:card\" content=\"summary_large_image\" \/>\n<script type=\"application\/ld+json\" class=\"yoast-schema-graph\">{\"@context\":\"https:\\\/\\\/schema.org\",\"@graph\":[{\"@type\":\"WebPage\",\"@id\":\"https:\\\/\\\/fnfa.ca\\\/fr\\\/projets\\\/\",\"url\":\"https:\\\/\\\/fnfa.ca\\\/fr\\\/projets\\\/\",\"name\":\"B\u00e2tir vos projets futurs - FNFA\",\"isPartOf\":{\"@id\":\"https:\\\/\\\/fnfa.ca\\\/fr\\\/#website\"},\"datePublished\":\"2020-02-09T17:51:32+00:00\",\"dateModified\":\"2020-08-19T19:53:23+00:00\",\"breadcrumb\":{\"@id\":\"https:\\\/\\\/fnfa.ca\\\/fr\\\/projets\\\/#breadcrumb\"},\"inLanguage\":\"fr-FR\",\"potentialAction\":[{\"@type\":\"ReadAction\",\"target\":[\"https:\\\/\\\/fnfa.ca\\\/fr\\\/projets\\\/\"]}]},{\"@type\":\"BreadcrumbList\",\"@id\":\"https:\\\/\\\/fnfa.ca\\\/fr\\\/projets\\\/#breadcrumb\",\"itemListElement\":[{\"@type\":\"ListItem\",\"position\":1,\"name\":\"Home\",\"item\":\"https:\\\/\\\/fnfa.ca\\\/fr\\\/\"},{\"@type\":\"ListItem\",\"position\":2,\"name\":\"B\u00e2tir vos projets futurs\"}]},{\"@type\":\"WebSite\",\"@id\":\"https:\\\/\\\/fnfa.ca\\\/fr\\\/#website\",\"url\":\"https:\\\/\\\/fnfa.ca\\\/fr\\\/\",\"name\":\"FNFA\",\"description\":\"First Nations Finance Authority\",\"publisher\":{\"@id\":\"https:\\\/\\\/fnfa.ca\\\/fr\\\/#organization\"},\"potentialAction\":[{\"@type\":\"SearchAction\",\"target\":{\"@type\":\"EntryPoint\",\"urlTemplate\":\"https:\\\/\\\/fnfa.ca\\\/fr\\\/?s={search_term_string}\"},\"query-input\":{\"@type\":\"PropertyValueSpecification\",\"valueRequired\":true,\"valueName\":\"search_term_string\"}}],\"inLanguage\":\"fr-FR\"},{\"@type\":\"Organization\",\"@id\":\"https:\\\/\\\/fnfa.ca\\\/fr\\\/#organization\",\"name\":\"First Nations Finance Authority\",\"alternateName\":\"FNFA\",\"url\":\"https:\\\/\\\/fnfa.ca\\\/fr\\\/\",\"logo\":{\"@type\":\"ImageObject\",\"inLanguage\":\"fr-FR\",\"@id\":\"https:\\\/\\\/fnfa.ca\\\/fr\\\/#\\\/schema\\\/logo\\\/image\\\/\",\"url\":\"https:\\\/\\\/fnfa.ca\\\/wp-content\\\/uploads\\\/2026\\\/02\\\/fnfa-logo.webp\",\"contentUrl\":\"https:\\\/\\\/fnfa.ca\\\/wp-content\\\/uploads\\\/2026\\\/02\\\/fnfa-logo.webp\",\"width\":1500,\"height\":1500,\"caption\":\"First Nations Finance Authority\"},\"image\":{\"@id\":\"https:\\\/\\\/fnfa.ca\\\/fr\\\/#\\\/schema\\\/logo\\\/image\\\/\"},\"sameAs\":[\"https:\\\/\\\/www.facebook.com\\\/theFNFA\\\/\"]}]}<\/script>\n<!-- \/ Yoast SEO plugin. -->","yoast_head_json":{"title":"B\u00e2tir vos projets futurs - FNFA","robots":{"index":"index","follow":"follow","max-snippet":"max-snippet:-1","max-image-preview":"max-image-preview:large","max-video-preview":"max-video-preview:-1"},"canonical":"https:\/\/fnfa.ca\/fr\/projets\/","og_locale":"fr_FR","og_type":"article","og_title":"B\u00e2tir vos projets futurs - FNFA","og_url":"https:\/\/fnfa.ca\/fr\/projets\/","og_site_name":"FNFA","article_publisher":"https:\/\/www.facebook.com\/theFNFA\/","article_modified_time":"2020-08-19T19:53:23+00:00","og_image":[{"width":1500,"height":1500,"url":"https:\/\/fnfa.ca\/wp-content\/uploads\/2026\/02\/fnfa-logo.webp","type":"image\/webp"}],"twitter_card":"summary_large_image","schema":{"@context":"https:\/\/schema.org","@graph":[{"@type":"WebPage","@id":"https:\/\/fnfa.ca\/fr\/projets\/","url":"https:\/\/fnfa.ca\/fr\/projets\/","name":"B\u00e2tir vos projets futurs - FNFA","isPartOf":{"@id":"https:\/\/fnfa.ca\/fr\/#website"},"datePublished":"2020-02-09T17:51:32+00:00","dateModified":"2020-08-19T19:53:23+00:00","breadcrumb":{"@id":"https:\/\/fnfa.ca\/fr\/projets\/#breadcrumb"},"inLanguage":"fr-FR","potentialAction":[{"@type":"ReadAction","target":["https:\/\/fnfa.ca\/fr\/projets\/"]}]},{"@type":"BreadcrumbList","@id":"https:\/\/fnfa.ca\/fr\/projets\/#breadcrumb","itemListElement":[{"@type":"ListItem","position":1,"name":"Home","item":"https:\/\/fnfa.ca\/fr\/"},{"@type":"ListItem","position":2,"name":"B\u00e2tir vos projets futurs"}]},{"@type":"WebSite","@id":"https:\/\/fnfa.ca\/fr\/#website","url":"https:\/\/fnfa.ca\/fr\/","name":"FNFA","description":"First Nations Finance Authority","publisher":{"@id":"https:\/\/fnfa.ca\/fr\/#organization"},"potentialAction":[{"@type":"SearchAction","target":{"@type":"EntryPoint","urlTemplate":"https:\/\/fnfa.ca\/fr\/?s={search_term_string}"},"query-input":{"@type":"PropertyValueSpecification","valueRequired":true,"valueName":"search_term_string"}}],"inLanguage":"fr-FR"},{"@type":"Organization","@id":"https:\/\/fnfa.ca\/fr\/#organization","name":"First Nations Finance Authority","alternateName":"FNFA","url":"https:\/\/fnfa.ca\/fr\/","logo":{"@type":"ImageObject","inLanguage":"fr-FR","@id":"https:\/\/fnfa.ca\/fr\/#\/schema\/logo\/image\/","url":"https:\/\/fnfa.ca\/wp-content\/uploads\/2026\/02\/fnfa-logo.webp","contentUrl":"https:\/\/fnfa.ca\/wp-content\/uploads\/2026\/02\/fnfa-logo.webp","width":1500,"height":1500,"caption":"First Nations Finance Authority"},"image":{"@id":"https:\/\/fnfa.ca\/fr\/#\/schema\/logo\/image\/"},"sameAs":["https:\/\/www.facebook.com\/theFNFA\/"]}]}},"_links":{"self":[{"href":"https:\/\/fnfa.ca\/fr\/wp-json\/wp\/v2\/pages\/801","targetHints":{"allow":["GET"]}}],"collection":[{"href":"https:\/\/fnfa.ca\/fr\/wp-json\/wp\/v2\/pages"}],"about":[{"href":"https:\/\/fnfa.ca\/fr\/wp-json\/wp\/v2\/types\/page"}],"author":[{"embeddable":true,"href":"https:\/\/fnfa.ca\/fr\/wp-json\/wp\/v2\/users\/1"}],"replies":[{"embeddable":true,"href":"https:\/\/fnfa.ca\/fr\/wp-json\/wp\/v2\/comments?post=801"}],"version-history":[{"count":13,"href":"https:\/\/fnfa.ca\/fr\/wp-json\/wp\/v2\/pages\/801\/revisions"}],"predecessor-version":[{"id":4487,"href":"https:\/\/fnfa.ca\/fr\/wp-json\/wp\/v2\/pages\/801\/revisions\/4487"}],"wp:attachment":[{"href":"https:\/\/fnfa.ca\/fr\/wp-json\/wp\/v2\/media?parent=801"}],"curies":[{"name":"wp","href":"https:\/\/api.w.org\/{rel}","templated":true}]}}