{"id":805,"date":"2020-02-09T17:53:45","date_gmt":"2020-02-09T17:53:45","guid":{"rendered":"https:\/\/www.fnfa.dev4.oracastdev.com\/documents-et-formulaires-dinvestissement\/"},"modified":"2020-03-02T17:04:30","modified_gmt":"2020-03-02T17:04:30","slug":"documents-et-formulaires-dinvestissement","status":"publish","type":"page","link":"https:\/\/fnfa.ca\/fr\/pour-les-investisseurs-et-les-detenteurs-dobligations\/documents-et-formulaires-dinvestissement\/","title":{"rendered":"Documents et formulaires d&rsquo;investissement"},"content":{"rendered":"<div class=\"row rowCenter cntBlock  colsplit\" id=\"colsplit-block_5e5d3aa5dbd32\" style=\"z-index:0\">\n  <div class=\"col-12 col-lg-8 order-2\">\n    <h2><\/h2>\n    <p>Vous trouverez ici toute la documentation et les formulaires n\u00e9cessaires pour investir, emprunter ou planifier l\u2019avenir financier de votre communaut\u00e9. Les liens suivants vous permettront de consulter la l\u00e9gislation et les r\u00e8glements en vigueur.<\/p>\n\t  <\/div>\n  <div class=\"col-12 col-lg-4 order-1\">\n\t  \t  \t\t    <\/div>\n<\/div>\n\n<div class=\"row cntBlock col2block\" id=\"col2block-block_5e41e631b1986\">\n\t\t\t\t\t\t\t\t<div class=\"col-12 col-lg-6\">\n\t\t\t\t\t\t\t\t\t\t\t\t<h3>L\u00e9gislation :<\/h3>\n\t\t\t\t\t\t\t\t<ul>\n<li><a title=\"Cliquez ici pour consulter la l\u00e9gislation de la LGSFPN  (texte int\u00e9gral)\" href=\"https:\/\/laws-lois.justice.gc.ca\/fra\/lois\/F-11.67\/\" target=\"_blank\" rel=\"noopener\">Cliquez ici pour consulter la l\u00e9gislation de la LGFPN (texte int\u00e9gral)<\/a><\/li>\n<\/ul>\n\t\t\t\t\t\t\t<\/div>\n\t\t\t\t\t\t\t\t\t\t\t<div class=\"col-12 col-lg-6\">\n\t\t\t\t\t\t\t\t\t\t\t\t<h3>R\u00e8glements :<\/h3>\n\t\t\t\t\t\t\t\t<ul>\n<li><a title=\"Cliquez ici pour consulter le \" href=\"https:\/\/fnfa.ca\/OLDSITE\/fr\/pdf\/debt_reserve_fund_replenishment_regulation.pdf\" target=\"_blank\" rel=\"noopener\">Cliquez ici pour consulter le \u00ab R\u00e8glement sur le renflouement du fonds de r\u00e9serve.<\/a>\n<\/li>\n<li><a title=\"Cliquez ici pour consulter le \" href=\"https:\/\/fnfa.ca\/OLDSITE\/fr\/pdf\/short_term_pooled_investment_funds_regulation.pdf\" target=\"_blank\" rel=\"noopener\">Cliquez ici pour consulter le \u00ab R\u00e8glement sur le fonds commun de placement \u00e0 court terme.<\/a>\n<\/li>\n<li><a title=\"Cliquez ici pour consulter le \" href=\"http:\/\/laws.justice.gc.ca\/PDF\/SOR-2011-201.pdf\" target=\"_blank\" rel=\"noopener\">Cliquez ici pour consulter le \u00ab R\u00e8glement sur le financement garanti par d\u2019autres recettes.<\/a><\/li>\n<\/ul>\n\t\t\t\t\t\t\t<\/div>\n\t\t\t<\/div>\n","protected":false},"excerpt":{"rendered":"","protected":false},"author":1,"featured_media":0,"parent":2040,"menu_order":0,"comment_status":"closed","ping_status":"closed","template":"","meta":{"_acf_changed":false,"episode_type":"","audio_file":"","podmotor_file_id":"","podmotor_episode_id":"","cover_image":"","cover_image_id":"","duration":"","filesize":"","filesize_raw":"","date_recorded":"","explicit":"","block":"","itunes_episode_number":"","itunes_title":"","itunes_season_number":"","itunes_episode_type":"","footnotes":""},"class_list":["post-805","page","type-page","status-publish","hentry"],"acf":{"tagline":""},"yoast_head":"<!-- This site is optimized with the Yoast SEO plugin v27.4 - https:\/\/yoast.com\/product\/yoast-seo-wordpress\/ -->\n<title>Documents et formulaires d&#039;investissement - FNFA<\/title>\n<meta name=\"robots\" content=\"index, follow, max-snippet:-1, max-image-preview:large, max-video-preview:-1\" \/>\n<link rel=\"canonical\" href=\"https:\/\/fnfa.ca\/fr\/pour-les-investisseurs-et-les-detenteurs-dobligations\/documents-et-formulaires-dinvestissement\/\" \/>\n<meta property=\"og:locale\" content=\"fr_FR\" \/>\n<meta property=\"og:type\" content=\"article\" \/>\n<meta property=\"og:title\" content=\"Documents et formulaires d&#039;investissement - FNFA\" \/>\n<meta property=\"og:url\" content=\"https:\/\/fnfa.ca\/fr\/pour-les-investisseurs-et-les-detenteurs-dobligations\/documents-et-formulaires-dinvestissement\/\" \/>\n<meta property=\"og:site_name\" content=\"FNFA\" \/>\n<meta property=\"article:publisher\" content=\"https:\/\/www.facebook.com\/theFNFA\/\" \/>\n<meta property=\"article:modified_time\" content=\"2020-03-02T17:04:30+00:00\" \/>\n<meta property=\"og:image\" content=\"https:\/\/fnfa.ca\/wp-content\/uploads\/2026\/02\/fnfa-logo.webp\" \/>\n\t<meta property=\"og:image:width\" content=\"1500\" \/>\n\t<meta property=\"og:image:height\" content=\"1500\" \/>\n\t<meta property=\"og:image:type\" content=\"image\/webp\" \/>\n<meta name=\"twitter:card\" content=\"summary_large_image\" \/>\n<script type=\"application\/ld+json\" class=\"yoast-schema-graph\">{\"@context\":\"https:\\\/\\\/schema.org\",\"@graph\":[{\"@type\":\"WebPage\",\"@id\":\"https:\\\/\\\/fnfa.ca\\\/fr\\\/pour-les-investisseurs-et-les-detenteurs-dobligations\\\/documents-et-formulaires-dinvestissement\\\/\",\"url\":\"https:\\\/\\\/fnfa.ca\\\/fr\\\/pour-les-investisseurs-et-les-detenteurs-dobligations\\\/documents-et-formulaires-dinvestissement\\\/\",\"name\":\"Documents et formulaires d'investissement - FNFA\",\"isPartOf\":{\"@id\":\"https:\\\/\\\/fnfa.ca\\\/fr\\\/#website\"},\"datePublished\":\"2020-02-09T17:53:45+00:00\",\"dateModified\":\"2020-03-02T17:04:30+00:00\",\"breadcrumb\":{\"@id\":\"https:\\\/\\\/fnfa.ca\\\/fr\\\/pour-les-investisseurs-et-les-detenteurs-dobligations\\\/documents-et-formulaires-dinvestissement\\\/#breadcrumb\"},\"inLanguage\":\"fr-FR\",\"potentialAction\":[{\"@type\":\"ReadAction\",\"target\":[\"https:\\\/\\\/fnfa.ca\\\/fr\\\/pour-les-investisseurs-et-les-detenteurs-dobligations\\\/documents-et-formulaires-dinvestissement\\\/\"]}]},{\"@type\":\"BreadcrumbList\",\"@id\":\"https:\\\/\\\/fnfa.ca\\\/fr\\\/pour-les-investisseurs-et-les-detenteurs-dobligations\\\/documents-et-formulaires-dinvestissement\\\/#breadcrumb\",\"itemListElement\":[{\"@type\":\"ListItem\",\"position\":1,\"name\":\"Home\",\"item\":\"https:\\\/\\\/fnfa.ca\\\/fr\\\/\"},{\"@type\":\"ListItem\",\"position\":2,\"name\":\"Pour les investisseurs et les d\u00e9tenteurs d\u2019obligations\",\"item\":\"https:\\\/\\\/fnfa.ca\\\/fr\\\/pour-les-investisseurs-et-les-detenteurs-dobligations\\\/\"},{\"@type\":\"ListItem\",\"position\":3,\"name\":\"Documents et formulaires d&#8217;investissement\"}]},{\"@type\":\"WebSite\",\"@id\":\"https:\\\/\\\/fnfa.ca\\\/fr\\\/#website\",\"url\":\"https:\\\/\\\/fnfa.ca\\\/fr\\\/\",\"name\":\"FNFA\",\"description\":\"First Nations Finance Authority\",\"publisher\":{\"@id\":\"https:\\\/\\\/fnfa.ca\\\/fr\\\/#organization\"},\"potentialAction\":[{\"@type\":\"SearchAction\",\"target\":{\"@type\":\"EntryPoint\",\"urlTemplate\":\"https:\\\/\\\/fnfa.ca\\\/fr\\\/?s={search_term_string}\"},\"query-input\":{\"@type\":\"PropertyValueSpecification\",\"valueRequired\":true,\"valueName\":\"search_term_string\"}}],\"inLanguage\":\"fr-FR\"},{\"@type\":\"Organization\",\"@id\":\"https:\\\/\\\/fnfa.ca\\\/fr\\\/#organization\",\"name\":\"First Nations Finance Authority\",\"alternateName\":\"FNFA\",\"url\":\"https:\\\/\\\/fnfa.ca\\\/fr\\\/\",\"logo\":{\"@type\":\"ImageObject\",\"inLanguage\":\"fr-FR\",\"@id\":\"https:\\\/\\\/fnfa.ca\\\/fr\\\/#\\\/schema\\\/logo\\\/image\\\/\",\"url\":\"https:\\\/\\\/fnfa.ca\\\/wp-content\\\/uploads\\\/2026\\\/02\\\/fnfa-logo.webp\",\"contentUrl\":\"https:\\\/\\\/fnfa.ca\\\/wp-content\\\/uploads\\\/2026\\\/02\\\/fnfa-logo.webp\",\"width\":1500,\"height\":1500,\"caption\":\"First Nations Finance Authority\"},\"image\":{\"@id\":\"https:\\\/\\\/fnfa.ca\\\/fr\\\/#\\\/schema\\\/logo\\\/image\\\/\"},\"sameAs\":[\"https:\\\/\\\/www.facebook.com\\\/theFNFA\\\/\"]}]}<\/script>\n<!-- \/ Yoast SEO plugin. -->","yoast_head_json":{"title":"Documents et formulaires d'investissement - FNFA","robots":{"index":"index","follow":"follow","max-snippet":"max-snippet:-1","max-image-preview":"max-image-preview:large","max-video-preview":"max-video-preview:-1"},"canonical":"https:\/\/fnfa.ca\/fr\/pour-les-investisseurs-et-les-detenteurs-dobligations\/documents-et-formulaires-dinvestissement\/","og_locale":"fr_FR","og_type":"article","og_title":"Documents et formulaires d'investissement - FNFA","og_url":"https:\/\/fnfa.ca\/fr\/pour-les-investisseurs-et-les-detenteurs-dobligations\/documents-et-formulaires-dinvestissement\/","og_site_name":"FNFA","article_publisher":"https:\/\/www.facebook.com\/theFNFA\/","article_modified_time":"2020-03-02T17:04:30+00:00","og_image":[{"width":1500,"height":1500,"url":"https:\/\/fnfa.ca\/wp-content\/uploads\/2026\/02\/fnfa-logo.webp","type":"image\/webp"}],"twitter_card":"summary_large_image","schema":{"@context":"https:\/\/schema.org","@graph":[{"@type":"WebPage","@id":"https:\/\/fnfa.ca\/fr\/pour-les-investisseurs-et-les-detenteurs-dobligations\/documents-et-formulaires-dinvestissement\/","url":"https:\/\/fnfa.ca\/fr\/pour-les-investisseurs-et-les-detenteurs-dobligations\/documents-et-formulaires-dinvestissement\/","name":"Documents et formulaires d'investissement - FNFA","isPartOf":{"@id":"https:\/\/fnfa.ca\/fr\/#website"},"datePublished":"2020-02-09T17:53:45+00:00","dateModified":"2020-03-02T17:04:30+00:00","breadcrumb":{"@id":"https:\/\/fnfa.ca\/fr\/pour-les-investisseurs-et-les-detenteurs-dobligations\/documents-et-formulaires-dinvestissement\/#breadcrumb"},"inLanguage":"fr-FR","potentialAction":[{"@type":"ReadAction","target":["https:\/\/fnfa.ca\/fr\/pour-les-investisseurs-et-les-detenteurs-dobligations\/documents-et-formulaires-dinvestissement\/"]}]},{"@type":"BreadcrumbList","@id":"https:\/\/fnfa.ca\/fr\/pour-les-investisseurs-et-les-detenteurs-dobligations\/documents-et-formulaires-dinvestissement\/#breadcrumb","itemListElement":[{"@type":"ListItem","position":1,"name":"Home","item":"https:\/\/fnfa.ca\/fr\/"},{"@type":"ListItem","position":2,"name":"Pour les investisseurs et les d\u00e9tenteurs d\u2019obligations","item":"https:\/\/fnfa.ca\/fr\/pour-les-investisseurs-et-les-detenteurs-dobligations\/"},{"@type":"ListItem","position":3,"name":"Documents et formulaires d&#8217;investissement"}]},{"@type":"WebSite","@id":"https:\/\/fnfa.ca\/fr\/#website","url":"https:\/\/fnfa.ca\/fr\/","name":"FNFA","description":"First Nations Finance Authority","publisher":{"@id":"https:\/\/fnfa.ca\/fr\/#organization"},"potentialAction":[{"@type":"SearchAction","target":{"@type":"EntryPoint","urlTemplate":"https:\/\/fnfa.ca\/fr\/?s={search_term_string}"},"query-input":{"@type":"PropertyValueSpecification","valueRequired":true,"valueName":"search_term_string"}}],"inLanguage":"fr-FR"},{"@type":"Organization","@id":"https:\/\/fnfa.ca\/fr\/#organization","name":"First Nations Finance Authority","alternateName":"FNFA","url":"https:\/\/fnfa.ca\/fr\/","logo":{"@type":"ImageObject","inLanguage":"fr-FR","@id":"https:\/\/fnfa.ca\/fr\/#\/schema\/logo\/image\/","url":"https:\/\/fnfa.ca\/wp-content\/uploads\/2026\/02\/fnfa-logo.webp","contentUrl":"https:\/\/fnfa.ca\/wp-content\/uploads\/2026\/02\/fnfa-logo.webp","width":1500,"height":1500,"caption":"First Nations Finance Authority"},"image":{"@id":"https:\/\/fnfa.ca\/fr\/#\/schema\/logo\/image\/"},"sameAs":["https:\/\/www.facebook.com\/theFNFA\/"]}]}},"_links":{"self":[{"href":"https:\/\/fnfa.ca\/fr\/wp-json\/wp\/v2\/pages\/805","targetHints":{"allow":["GET"]}}],"collection":[{"href":"https:\/\/fnfa.ca\/fr\/wp-json\/wp\/v2\/pages"}],"about":[{"href":"https:\/\/fnfa.ca\/fr\/wp-json\/wp\/v2\/types\/page"}],"author":[{"embeddable":true,"href":"https:\/\/fnfa.ca\/fr\/wp-json\/wp\/v2\/users\/1"}],"replies":[{"embeddable":true,"href":"https:\/\/fnfa.ca\/fr\/wp-json\/wp\/v2\/comments?post=805"}],"version-history":[{"count":6,"href":"https:\/\/fnfa.ca\/fr\/wp-json\/wp\/v2\/pages\/805\/revisions"}],"predecessor-version":[{"id":2395,"href":"https:\/\/fnfa.ca\/fr\/wp-json\/wp\/v2\/pages\/805\/revisions\/2395"}],"up":[{"embeddable":true,"href":"https:\/\/fnfa.ca\/fr\/wp-json\/wp\/v2\/pages\/2040"}],"wp:attachment":[{"href":"https:\/\/fnfa.ca\/fr\/wp-json\/wp\/v2\/media?parent=805"}],"curies":[{"name":"wp","href":"https:\/\/api.w.org\/{rel}","templated":true}]}}