{"id":808,"date":"2020-02-09T17:59:50","date_gmt":"2020-02-09T17:59:50","guid":{"rendered":"https:\/\/www.fnfa.dev4.oracastdev.com\/par-ou-commencer\/"},"modified":"2025-11-03T15:28:43","modified_gmt":"2025-11-03T23:28:43","slug":"par-ou-commencer","status":"publish","type":"page","link":"https:\/\/fnfa.ca\/fr\/pour-les-premieres-nations\/investissement\/par-ou-commencer\/","title":{"rendered":"<strong>Commencer \u00e0 investir<\/strong>"},"content":{"rendered":"<div class=\"row rowCenter cntBlock  colsplit\" id=\"colsplit-block_b2d2a058aa6e8ac6ed014f9933335807\" style=\"z-index:0\">\n  <div class=\"col-12 col-lg-8 order-2\">\n    <h2><\/h2>\n    <h3><em>Investir dans les fonds communs d\u2019investissement de la FNFA est facile et rapide.<\/em><\/h3>\n\t  <\/div>\n  <div class=\"col-12 col-lg-4 order-1\">\n\t  \t  <img decoding=\"async\" src=\"https:\/\/fnfa.ca\/wp-content\/uploads\/2020\/02\/shovel-2-1.jpg\" alt=\"\" \/>\n\t    <\/div>\n<\/div>\n\n<div class=\"row cntBlock col2block\" id=\"col2block-block_b93322150d9ad8822e628ce5fbdc2b28\">\n\t\t\t\t\t\t\t\t<div class=\"col-12 col-lg-6\">\n\t\t\t\t\t\t\t\t\t\t\t\t<p><strong>Il n&rsquo;est pas n\u00e9cessaire de s\u2019adresser \u00e0 une banque<\/strong> ou de se rendre sur place. Les comptes peuvent \u00eatre activ\u00e9s dans les 24 heures suivant la r\u00e9ception par la FNFA des formulaires remplis. Pour souscrire \u00e0 des parts dans les fonds, une Premi\u00e8re Nation doit s&rsquo;inscrire et devenir un souscripteur en remplissant un formulaire de demande d&rsquo;inscription. Veuillez envoyer le formulaire d&rsquo;inscription sign\u00e9 par courriel \u00e0\u00a0<a href=\"mailto:jbyra@fnfa.ca\"> jbyra@fnfa.ca<\/a> et un membre de l\u2019\u00e9quipe des finances vous contactera sous peu.<\/p>\n<ul>\n<li><a title=\"Application for Enrollment\" href=\"https:\/\/fnfa.ca\/wp-content\/uploads\/2023\/02\/Enrollment-Form-website.pdf\" target=\"_blank\" rel=\"noopener\">Formulaire de souscription (pour d\u00e9poser votre argent)<\/a><\/li>\n<li><a href=\"https:\/\/fnfa.ca\/wp-content\/uploads\/2023\/02\/Redemption-Form-website.pdf\" target=\"_blank\" rel=\"noopener\">Formulaire de rachat (pour retirer votre argent)<\/a><\/li>\n<li><a title=\"FNFA Change of Signing Authorities Form\" href=\"https:\/\/fnfa.ca\/wp-content\/uploads\/2023\/02\/Changing-Signing-Authority-website.pdf\" target=\"_blank\" rel=\"noopener\">Changement de signataires autoris\u00e9s<\/a><\/li>\n<li><a title=\"Change of Banking Info\" href=\"https:\/\/fnfa.ca\/wp-content\/uploads\/2023\/02\/Banking-Information-website.pdf\" target=\"_blank\" rel=\"noopener\">Changement des informations bancaires (au cas o\u00f9 vos informations financi\u00e8res changent)<\/a><\/li>\n<\/ul>\n\t\t\t\t\t\t\t<\/div>\n\t\t\t\t\t\t\t\t\t\t\t<div class=\"col-12 col-lg-6\">\n\t\t\t\t\t\t\t\t\t\t\t\t<h2><strong>Taux actuel : 2.65 %<\/strong><\/h2>\n<p><strong>Le personnel de la FNFA <\/strong><strong>est accessible par t\u00e9l\u00e9phone <\/strong>et demeure disponible pour vous aider. Veuillez nous <a href=\"https:\/\/fnfa.ca\/fr\/contactez-lautorite-financiere-des-premieres-nations\/\">contacter d\u00e8s aujourd&rsquo;hui.<\/a><\/p>\n\t\t\t\t\t\t\t<\/div>\n\t\t\t<\/div>\n","protected":false},"excerpt":{"rendered":"","protected":false},"author":1,"featured_media":0,"parent":814,"menu_order":0,"comment_status":"closed","ping_status":"closed","template":"","meta":{"_acf_changed":false,"episode_type":"","audio_file":"","podmotor_file_id":"","podmotor_episode_id":"","cover_image":"","cover_image_id":"","duration":"","filesize":"","filesize_raw":"","date_recorded":"","explicit":"","block":"","itunes_episode_number":"","itunes_title":"","itunes_season_number":"","itunes_episode_type":"","footnotes":""},"class_list":["post-808","page","type-page","status-publish","hentry"],"acf":{"tagline":"","banner_image":{"ID":13429,"id":13429,"title":"GETTING STARTED","filename":"GETTING-STARTED.webp","filesize":242420,"url":"https:\/\/fnfa.ca\/wp-content\/uploads\/2025\/12\/GETTING-STARTED.webp","link":"https:\/\/fnfa.ca\/fr\/getting-started-2\/","alt":"","author":"2","description":"","caption":"","name":"getting-started-2","status":"inherit","uploaded_to":0,"date":"2025-12-17 21:07:08","modified":"2025-12-17 21:07:08","menu_order":0,"mime_type":"image\/webp","type":"image","subtype":"webp","icon":"https:\/\/fnfa.ca\/wp-includes\/images\/media\/default.png","width":2200,"height":1499,"sizes":{"thumbnail":"https:\/\/fnfa.ca\/wp-content\/uploads\/2025\/12\/GETTING-STARTED-150x150.webp","thumbnail-width":150,"thumbnail-height":150,"medium":"https:\/\/fnfa.ca\/wp-content\/uploads\/2025\/12\/GETTING-STARTED-300x204.webp","medium-width":300,"medium-height":204,"medium_large":"https:\/\/fnfa.ca\/wp-content\/uploads\/2025\/12\/GETTING-STARTED-768x523.webp","medium_large-width":640,"medium_large-height":436,"large":"https:\/\/fnfa.ca\/wp-content\/uploads\/2025\/12\/GETTING-STARTED-1024x698.webp","large-width":640,"large-height":436,"1536x1536":"https:\/\/fnfa.ca\/wp-content\/uploads\/2025\/12\/GETTING-STARTED-1536x1047.webp","1536x1536-width":1536,"1536x1536-height":1047,"2048x2048":"https:\/\/fnfa.ca\/wp-content\/uploads\/2025\/12\/GETTING-STARTED-2048x1395.webp","2048x2048-width":2048,"2048x2048-height":1395}}},"yoast_head":"<!-- This site is optimized with the Yoast SEO plugin v27.4 - https:\/\/yoast.com\/product\/yoast-seo-wordpress\/ -->\n<title>Commencer \u00e0 investir - FNFA<\/title>\n<meta name=\"robots\" content=\"index, follow, max-snippet:-1, max-image-preview:large, max-video-preview:-1\" \/>\n<link rel=\"canonical\" href=\"https:\/\/fnfa.ca\/fr\/pour-les-premieres-nations\/investissement\/par-ou-commencer\/\" \/>\n<meta property=\"og:locale\" content=\"fr_FR\" \/>\n<meta property=\"og:type\" content=\"article\" \/>\n<meta property=\"og:title\" content=\"Commencer \u00e0 investir - FNFA\" \/>\n<meta property=\"og:url\" content=\"https:\/\/fnfa.ca\/fr\/pour-les-premieres-nations\/investissement\/par-ou-commencer\/\" \/>\n<meta property=\"og:site_name\" content=\"FNFA\" \/>\n<meta property=\"article:publisher\" content=\"https:\/\/www.facebook.com\/theFNFA\/\" \/>\n<meta property=\"article:modified_time\" content=\"2025-11-03T23:28:43+00:00\" \/>\n<meta property=\"og:image\" content=\"https:\/\/fnfa.ca\/wp-content\/uploads\/2026\/02\/fnfa-logo.webp\" \/>\n\t<meta property=\"og:image:width\" content=\"1500\" \/>\n\t<meta property=\"og:image:height\" content=\"1500\" \/>\n\t<meta property=\"og:image:type\" content=\"image\/webp\" \/>\n<meta name=\"twitter:card\" content=\"summary_large_image\" \/>\n<script type=\"application\/ld+json\" class=\"yoast-schema-graph\">{\"@context\":\"https:\\\/\\\/schema.org\",\"@graph\":[{\"@type\":\"WebPage\",\"@id\":\"https:\\\/\\\/fnfa.ca\\\/fr\\\/pour-les-premieres-nations\\\/investissement\\\/par-ou-commencer\\\/\",\"url\":\"https:\\\/\\\/fnfa.ca\\\/fr\\\/pour-les-premieres-nations\\\/investissement\\\/par-ou-commencer\\\/\",\"name\":\"Commencer \u00e0 investir - FNFA\",\"isPartOf\":{\"@id\":\"https:\\\/\\\/fnfa.ca\\\/fr\\\/#website\"},\"datePublished\":\"2020-02-09T17:59:50+00:00\",\"dateModified\":\"2025-11-03T23:28:43+00:00\",\"breadcrumb\":{\"@id\":\"https:\\\/\\\/fnfa.ca\\\/fr\\\/pour-les-premieres-nations\\\/investissement\\\/par-ou-commencer\\\/#breadcrumb\"},\"inLanguage\":\"fr-FR\",\"potentialAction\":[{\"@type\":\"ReadAction\",\"target\":[\"https:\\\/\\\/fnfa.ca\\\/fr\\\/pour-les-premieres-nations\\\/investissement\\\/par-ou-commencer\\\/\"]}]},{\"@type\":\"BreadcrumbList\",\"@id\":\"https:\\\/\\\/fnfa.ca\\\/fr\\\/pour-les-premieres-nations\\\/investissement\\\/par-ou-commencer\\\/#breadcrumb\",\"itemListElement\":[{\"@type\":\"ListItem\",\"position\":1,\"name\":\"Home\",\"item\":\"https:\\\/\\\/fnfa.ca\\\/fr\\\/\"},{\"@type\":\"ListItem\",\"position\":2,\"name\":\"Pour les Premi\u00e8res Nations\",\"item\":\"https:\\\/\\\/fnfa.ca\\\/fr\\\/pour-les-premieres-nations\\\/\"},{\"@type\":\"ListItem\",\"position\":3,\"name\":\"Investissement\",\"item\":\"https:\\\/\\\/fnfa.ca\\\/fr\\\/pour-les-premieres-nations\\\/investissement\\\/\"},{\"@type\":\"ListItem\",\"position\":4,\"name\":\"Commencer \u00e0 investir\"}]},{\"@type\":\"WebSite\",\"@id\":\"https:\\\/\\\/fnfa.ca\\\/fr\\\/#website\",\"url\":\"https:\\\/\\\/fnfa.ca\\\/fr\\\/\",\"name\":\"FNFA\",\"description\":\"First Nations Finance Authority\",\"publisher\":{\"@id\":\"https:\\\/\\\/fnfa.ca\\\/fr\\\/#organization\"},\"potentialAction\":[{\"@type\":\"SearchAction\",\"target\":{\"@type\":\"EntryPoint\",\"urlTemplate\":\"https:\\\/\\\/fnfa.ca\\\/fr\\\/?s={search_term_string}\"},\"query-input\":{\"@type\":\"PropertyValueSpecification\",\"valueRequired\":true,\"valueName\":\"search_term_string\"}}],\"inLanguage\":\"fr-FR\"},{\"@type\":\"Organization\",\"@id\":\"https:\\\/\\\/fnfa.ca\\\/fr\\\/#organization\",\"name\":\"First Nations Finance Authority\",\"alternateName\":\"FNFA\",\"url\":\"https:\\\/\\\/fnfa.ca\\\/fr\\\/\",\"logo\":{\"@type\":\"ImageObject\",\"inLanguage\":\"fr-FR\",\"@id\":\"https:\\\/\\\/fnfa.ca\\\/fr\\\/#\\\/schema\\\/logo\\\/image\\\/\",\"url\":\"https:\\\/\\\/fnfa.ca\\\/wp-content\\\/uploads\\\/2026\\\/02\\\/fnfa-logo.webp\",\"contentUrl\":\"https:\\\/\\\/fnfa.ca\\\/wp-content\\\/uploads\\\/2026\\\/02\\\/fnfa-logo.webp\",\"width\":1500,\"height\":1500,\"caption\":\"First Nations Finance Authority\"},\"image\":{\"@id\":\"https:\\\/\\\/fnfa.ca\\\/fr\\\/#\\\/schema\\\/logo\\\/image\\\/\"},\"sameAs\":[\"https:\\\/\\\/www.facebook.com\\\/theFNFA\\\/\"]}]}<\/script>\n<!-- \/ Yoast SEO plugin. -->","yoast_head_json":{"title":"Commencer \u00e0 investir - FNFA","robots":{"index":"index","follow":"follow","max-snippet":"max-snippet:-1","max-image-preview":"max-image-preview:large","max-video-preview":"max-video-preview:-1"},"canonical":"https:\/\/fnfa.ca\/fr\/pour-les-premieres-nations\/investissement\/par-ou-commencer\/","og_locale":"fr_FR","og_type":"article","og_title":"Commencer \u00e0 investir - FNFA","og_url":"https:\/\/fnfa.ca\/fr\/pour-les-premieres-nations\/investissement\/par-ou-commencer\/","og_site_name":"FNFA","article_publisher":"https:\/\/www.facebook.com\/theFNFA\/","article_modified_time":"2025-11-03T23:28:43+00:00","og_image":[{"width":1500,"height":1500,"url":"https:\/\/fnfa.ca\/wp-content\/uploads\/2026\/02\/fnfa-logo.webp","type":"image\/webp"}],"twitter_card":"summary_large_image","schema":{"@context":"https:\/\/schema.org","@graph":[{"@type":"WebPage","@id":"https:\/\/fnfa.ca\/fr\/pour-les-premieres-nations\/investissement\/par-ou-commencer\/","url":"https:\/\/fnfa.ca\/fr\/pour-les-premieres-nations\/investissement\/par-ou-commencer\/","name":"Commencer \u00e0 investir - FNFA","isPartOf":{"@id":"https:\/\/fnfa.ca\/fr\/#website"},"datePublished":"2020-02-09T17:59:50+00:00","dateModified":"2025-11-03T23:28:43+00:00","breadcrumb":{"@id":"https:\/\/fnfa.ca\/fr\/pour-les-premieres-nations\/investissement\/par-ou-commencer\/#breadcrumb"},"inLanguage":"fr-FR","potentialAction":[{"@type":"ReadAction","target":["https:\/\/fnfa.ca\/fr\/pour-les-premieres-nations\/investissement\/par-ou-commencer\/"]}]},{"@type":"BreadcrumbList","@id":"https:\/\/fnfa.ca\/fr\/pour-les-premieres-nations\/investissement\/par-ou-commencer\/#breadcrumb","itemListElement":[{"@type":"ListItem","position":1,"name":"Home","item":"https:\/\/fnfa.ca\/fr\/"},{"@type":"ListItem","position":2,"name":"Pour les Premi\u00e8res Nations","item":"https:\/\/fnfa.ca\/fr\/pour-les-premieres-nations\/"},{"@type":"ListItem","position":3,"name":"Investissement","item":"https:\/\/fnfa.ca\/fr\/pour-les-premieres-nations\/investissement\/"},{"@type":"ListItem","position":4,"name":"Commencer \u00e0 investir"}]},{"@type":"WebSite","@id":"https:\/\/fnfa.ca\/fr\/#website","url":"https:\/\/fnfa.ca\/fr\/","name":"FNFA","description":"First Nations Finance Authority","publisher":{"@id":"https:\/\/fnfa.ca\/fr\/#organization"},"potentialAction":[{"@type":"SearchAction","target":{"@type":"EntryPoint","urlTemplate":"https:\/\/fnfa.ca\/fr\/?s={search_term_string}"},"query-input":{"@type":"PropertyValueSpecification","valueRequired":true,"valueName":"search_term_string"}}],"inLanguage":"fr-FR"},{"@type":"Organization","@id":"https:\/\/fnfa.ca\/fr\/#organization","name":"First Nations Finance Authority","alternateName":"FNFA","url":"https:\/\/fnfa.ca\/fr\/","logo":{"@type":"ImageObject","inLanguage":"fr-FR","@id":"https:\/\/fnfa.ca\/fr\/#\/schema\/logo\/image\/","url":"https:\/\/fnfa.ca\/wp-content\/uploads\/2026\/02\/fnfa-logo.webp","contentUrl":"https:\/\/fnfa.ca\/wp-content\/uploads\/2026\/02\/fnfa-logo.webp","width":1500,"height":1500,"caption":"First Nations Finance Authority"},"image":{"@id":"https:\/\/fnfa.ca\/fr\/#\/schema\/logo\/image\/"},"sameAs":["https:\/\/www.facebook.com\/theFNFA\/"]}]}},"_links":{"self":[{"href":"https:\/\/fnfa.ca\/fr\/wp-json\/wp\/v2\/pages\/808","targetHints":{"allow":["GET"]}}],"collection":[{"href":"https:\/\/fnfa.ca\/fr\/wp-json\/wp\/v2\/pages"}],"about":[{"href":"https:\/\/fnfa.ca\/fr\/wp-json\/wp\/v2\/types\/page"}],"author":[{"embeddable":true,"href":"https:\/\/fnfa.ca\/fr\/wp-json\/wp\/v2\/users\/1"}],"replies":[{"embeddable":true,"href":"https:\/\/fnfa.ca\/fr\/wp-json\/wp\/v2\/comments?post=808"}],"version-history":[{"count":38,"href":"https:\/\/fnfa.ca\/fr\/wp-json\/wp\/v2\/pages\/808\/revisions"}],"predecessor-version":[{"id":12926,"href":"https:\/\/fnfa.ca\/fr\/wp-json\/wp\/v2\/pages\/808\/revisions\/12926"}],"up":[{"embeddable":true,"href":"https:\/\/fnfa.ca\/fr\/wp-json\/wp\/v2\/pages\/814"}],"wp:attachment":[{"href":"https:\/\/fnfa.ca\/fr\/wp-json\/wp\/v2\/media?parent=808"}],"curies":[{"name":"wp","href":"https:\/\/api.w.org\/{rel}","templated":true}]}}