{"id":810,"date":"2019-12-12T00:19:57","date_gmt":"2019-12-12T00:19:57","guid":{"rendered":"https:\/\/www.fnfa.dev4.oracastdev.com\/produits-dinvestissement\/"},"modified":"2025-11-03T15:29:49","modified_gmt":"2025-11-03T23:29:49","slug":"investment-products","status":"publish","type":"page","link":"https:\/\/fnfa.ca\/fr\/pour-les-premieres-nations\/investissement\/investment-products\/","title":{"rendered":"<strong>Produits d&rsquo;investissement<\/strong>"},"content":{"rendered":"<div class=\"row cntBlock col2block\" id=\"col2block-block_d60bdaef6ff1269580d1e4e21f271b6c\">\n\t\t\t\t\t\t\t\t<div class=\"col-12 col-lg-6\">\n\t\t\t\t\t\t\t\t\t\t\t\t<h3>Fonds d&rsquo;investissement de la AFPN<\/h3>\n\t\t\t\t\t\t\t\t<p>L&rsquo;un des mandats de la AFPN en vertu de notre loi est d&rsquo;offrir \u00e0 nos membres une opportunit\u00e9 d&rsquo;investissement qui tire profit de notre \u00ab grande taille \u00bb lorsque nous travaillons en groupe. L&rsquo;\u00e9quipe de la AFPN est heureuse d&rsquo;annoncer que nous avons atteint ce niveau et nous aimerions vous pr\u00e9senter le fonds d&rsquo;investissement de la AFPN.<\/p>\n\t\t\t\t\t\t\t<\/div>\n\t\t\t\t\t\t\t\t\t\t\t<div class=\"col-12 col-lg-6\">\n\t\t\t\t\t\t\t\t<div class=\"colImg\"><img decoding=\"async\" src=\"https:\/\/fnfa.ca\/wp-content\/uploads\/2020\/02\/three-feathers-ribbon-sideways-2.jpg\" alt=\"\" \/><\/div>\n\t\t\t\t\t\t\t\t\t\t\t\t\t\t\t\t\t\t\t<\/div>\n\t\t\t<\/div>\n\n\n<div class=\"row cntBlock col2block\" id=\"col2block-block_1efb1226ca2ca691224803a350addb0a\">\n\t\t\t\t\t\t\t\t<div class=\"col-12 col-lg-6\">\n\t\t\t\t\t\t\t\t<div class=\"colImg\"><img decoding=\"async\" src=\"https:\/\/fnfa.ca\/wp-content\/uploads\/2020\/01\/rattle-2.jpg\" alt=\"\" \/><\/div>\n\t\t\t\t\t\t\t\t\t\t\t\t\t\t\t\t\t\t\t<\/div>\n\t\t\t\t\t\t\t\t\t\t\t<div class=\"col-12 col-lg-6\">\n\t\t\t\t\t\t\t\t\t\t\t\t<p><strong>Ce fonds d&rsquo;investissement est tr\u00e8s flexible<\/strong> et convient aux investissements \u00e0 court, moyen ou long terme. Les nouveaux d\u00e9p\u00f4ts ou retraits d&rsquo;investissement peuvent se faire dans les 48 heures sans aucune p\u00e9nalit\u00e9 ou frais suppl\u00e9mentaires. Le taux d&rsquo;int\u00e9r\u00eat offert est actuellement de <b>2.65 %<\/b> et varie en fonction du taux pr\u00e9f\u00e9rentiel de la banque. Le seuil d&rsquo;investissement minimum est de 10 000 $. Ce fonds d&rsquo;investissement offre \u00e0 votre communaut\u00e9 la possibilit\u00e9 de suivre les march\u00e9s et de profiter des opportunit\u00e9s d&rsquo;investissement plut\u00f4t que d&rsquo;\u00eatre bloqu\u00e9 dans un d\u00e9p\u00f4t \u00e0 terme \u00e0 taux fixe.<\/p>\n<p>Si votre communaut\u00e9 souhaite participer au fonds d&rsquo;investissement de la AFPN, veuillez remplir l&rsquo;entente d&rsquo;inscription et l&rsquo;envoyer par courriel \u00e0 <a href=\"mailto:jbyra@fnfa.ca\">jbyra@fnfa.ca<\/a>.<\/p>\n\t\t\t\t\t\t\t<\/div>\n\t\t\t<\/div>\n","protected":false},"excerpt":{"rendered":"","protected":false},"author":1,"featured_media":0,"parent":814,"menu_order":0,"comment_status":"closed","ping_status":"closed","template":"","meta":{"_acf_changed":false,"episode_type":"","audio_file":"","podmotor_file_id":"","podmotor_episode_id":"","cover_image":"","cover_image_id":"","duration":"","filesize":"","filesize_raw":"","date_recorded":"","explicit":"","block":"","itunes_episode_number":"","itunes_title":"","itunes_season_number":"","itunes_episode_type":"","footnotes":""},"class_list":["post-810","page","type-page","status-publish","hentry"],"acf":{"tagline":"","banner_image":{"ID":13427,"id":13427,"title":"INVESTMENT PRODUCTS","filename":"INVESTMENT-PRODUCTS.webp","filesize":501326,"url":"https:\/\/fnfa.ca\/wp-content\/uploads\/2025\/12\/INVESTMENT-PRODUCTS.webp","link":"https:\/\/fnfa.ca\/fr\/investment-products-2\/","alt":"","author":"2","description":"","caption":"","name":"investment-products-2","status":"inherit","uploaded_to":0,"date":"2025-12-17 21:07:02","modified":"2025-12-17 21:07:02","menu_order":0,"mime_type":"image\/webp","type":"image","subtype":"webp","icon":"https:\/\/fnfa.ca\/wp-includes\/images\/media\/default.png","width":2200,"height":1467,"sizes":{"thumbnail":"https:\/\/fnfa.ca\/wp-content\/uploads\/2025\/12\/INVESTMENT-PRODUCTS-150x150.webp","thumbnail-width":150,"thumbnail-height":150,"medium":"https:\/\/fnfa.ca\/wp-content\/uploads\/2025\/12\/INVESTMENT-PRODUCTS-300x200.webp","medium-width":300,"medium-height":200,"medium_large":"https:\/\/fnfa.ca\/wp-content\/uploads\/2025\/12\/INVESTMENT-PRODUCTS-768x512.webp","medium_large-width":640,"medium_large-height":427,"large":"https:\/\/fnfa.ca\/wp-content\/uploads\/2025\/12\/INVESTMENT-PRODUCTS-1024x683.webp","large-width":640,"large-height":427,"1536x1536":"https:\/\/fnfa.ca\/wp-content\/uploads\/2025\/12\/INVESTMENT-PRODUCTS-1536x1024.webp","1536x1536-width":1536,"1536x1536-height":1024,"2048x2048":"https:\/\/fnfa.ca\/wp-content\/uploads\/2025\/12\/INVESTMENT-PRODUCTS-2048x1366.webp","2048x2048-width":2048,"2048x2048-height":1366}}},"yoast_head":"<!-- This site is optimized with the Yoast SEO plugin v27.3 - https:\/\/yoast.com\/product\/yoast-seo-wordpress\/ -->\n<title>Produits d&#039;investissement - FNFA<\/title>\n<meta name=\"robots\" content=\"index, follow, max-snippet:-1, max-image-preview:large, max-video-preview:-1\" \/>\n<link rel=\"canonical\" href=\"https:\/\/fnfa.ca\/fr\/pour-les-premieres-nations\/investissement\/investment-products\/\" \/>\n<meta property=\"og:locale\" content=\"fr_FR\" \/>\n<meta property=\"og:type\" content=\"article\" \/>\n<meta property=\"og:title\" content=\"Produits d&#039;investissement - FNFA\" \/>\n<meta property=\"og:url\" content=\"https:\/\/fnfa.ca\/fr\/pour-les-premieres-nations\/investissement\/investment-products\/\" \/>\n<meta property=\"og:site_name\" content=\"FNFA\" \/>\n<meta property=\"article:publisher\" content=\"https:\/\/www.facebook.com\/theFNFA\/\" \/>\n<meta property=\"article:modified_time\" content=\"2025-11-03T23:29:49+00:00\" \/>\n<meta property=\"og:image\" content=\"https:\/\/fnfa.ca\/wp-content\/uploads\/2026\/02\/fnfa-logo.webp\" \/>\n\t<meta property=\"og:image:width\" content=\"1500\" \/>\n\t<meta property=\"og:image:height\" content=\"1500\" \/>\n\t<meta property=\"og:image:type\" content=\"image\/webp\" \/>\n<meta name=\"twitter:card\" content=\"summary_large_image\" \/>\n<script type=\"application\/ld+json\" class=\"yoast-schema-graph\">{\"@context\":\"https:\\\/\\\/schema.org\",\"@graph\":[{\"@type\":\"WebPage\",\"@id\":\"https:\\\/\\\/fnfa.ca\\\/fr\\\/pour-les-premieres-nations\\\/investissement\\\/investment-products\\\/\",\"url\":\"https:\\\/\\\/fnfa.ca\\\/fr\\\/pour-les-premieres-nations\\\/investissement\\\/investment-products\\\/\",\"name\":\"Produits d'investissement - FNFA\",\"isPartOf\":{\"@id\":\"https:\\\/\\\/fnfa.ca\\\/fr\\\/#website\"},\"datePublished\":\"2019-12-12T00:19:57+00:00\",\"dateModified\":\"2025-11-03T23:29:49+00:00\",\"breadcrumb\":{\"@id\":\"https:\\\/\\\/fnfa.ca\\\/fr\\\/pour-les-premieres-nations\\\/investissement\\\/investment-products\\\/#breadcrumb\"},\"inLanguage\":\"fr-FR\",\"potentialAction\":[{\"@type\":\"ReadAction\",\"target\":[\"https:\\\/\\\/fnfa.ca\\\/fr\\\/pour-les-premieres-nations\\\/investissement\\\/investment-products\\\/\"]}]},{\"@type\":\"BreadcrumbList\",\"@id\":\"https:\\\/\\\/fnfa.ca\\\/fr\\\/pour-les-premieres-nations\\\/investissement\\\/investment-products\\\/#breadcrumb\",\"itemListElement\":[{\"@type\":\"ListItem\",\"position\":1,\"name\":\"Home\",\"item\":\"https:\\\/\\\/fnfa.ca\\\/fr\\\/\"},{\"@type\":\"ListItem\",\"position\":2,\"name\":\"Pour les Premi\u00e8res Nations\",\"item\":\"https:\\\/\\\/fnfa.ca\\\/fr\\\/pour-les-premieres-nations\\\/\"},{\"@type\":\"ListItem\",\"position\":3,\"name\":\"Investissement\",\"item\":\"https:\\\/\\\/fnfa.ca\\\/fr\\\/pour-les-premieres-nations\\\/investissement\\\/\"},{\"@type\":\"ListItem\",\"position\":4,\"name\":\"Produits d&rsquo;investissement\"}]},{\"@type\":\"WebSite\",\"@id\":\"https:\\\/\\\/fnfa.ca\\\/fr\\\/#website\",\"url\":\"https:\\\/\\\/fnfa.ca\\\/fr\\\/\",\"name\":\"FNFA\",\"description\":\"First Nations Finance Authority\",\"publisher\":{\"@id\":\"https:\\\/\\\/fnfa.ca\\\/fr\\\/#organization\"},\"potentialAction\":[{\"@type\":\"SearchAction\",\"target\":{\"@type\":\"EntryPoint\",\"urlTemplate\":\"https:\\\/\\\/fnfa.ca\\\/fr\\\/?s={search_term_string}\"},\"query-input\":{\"@type\":\"PropertyValueSpecification\",\"valueRequired\":true,\"valueName\":\"search_term_string\"}}],\"inLanguage\":\"fr-FR\"},{\"@type\":\"Organization\",\"@id\":\"https:\\\/\\\/fnfa.ca\\\/fr\\\/#organization\",\"name\":\"First Nations Finance Authority\",\"alternateName\":\"FNFA\",\"url\":\"https:\\\/\\\/fnfa.ca\\\/fr\\\/\",\"logo\":{\"@type\":\"ImageObject\",\"inLanguage\":\"fr-FR\",\"@id\":\"https:\\\/\\\/fnfa.ca\\\/fr\\\/#\\\/schema\\\/logo\\\/image\\\/\",\"url\":\"https:\\\/\\\/fnfa.ca\\\/wp-content\\\/uploads\\\/2026\\\/02\\\/fnfa-logo.webp\",\"contentUrl\":\"https:\\\/\\\/fnfa.ca\\\/wp-content\\\/uploads\\\/2026\\\/02\\\/fnfa-logo.webp\",\"width\":1500,\"height\":1500,\"caption\":\"First Nations Finance Authority\"},\"image\":{\"@id\":\"https:\\\/\\\/fnfa.ca\\\/fr\\\/#\\\/schema\\\/logo\\\/image\\\/\"},\"sameAs\":[\"https:\\\/\\\/www.facebook.com\\\/theFNFA\\\/\"]}]}<\/script>\n<!-- \/ Yoast SEO plugin. -->","yoast_head_json":{"title":"Produits d'investissement - FNFA","robots":{"index":"index","follow":"follow","max-snippet":"max-snippet:-1","max-image-preview":"max-image-preview:large","max-video-preview":"max-video-preview:-1"},"canonical":"https:\/\/fnfa.ca\/fr\/pour-les-premieres-nations\/investissement\/investment-products\/","og_locale":"fr_FR","og_type":"article","og_title":"Produits d'investissement - FNFA","og_url":"https:\/\/fnfa.ca\/fr\/pour-les-premieres-nations\/investissement\/investment-products\/","og_site_name":"FNFA","article_publisher":"https:\/\/www.facebook.com\/theFNFA\/","article_modified_time":"2025-11-03T23:29:49+00:00","og_image":[{"width":1500,"height":1500,"url":"https:\/\/fnfa.ca\/wp-content\/uploads\/2026\/02\/fnfa-logo.webp","type":"image\/webp"}],"twitter_card":"summary_large_image","schema":{"@context":"https:\/\/schema.org","@graph":[{"@type":"WebPage","@id":"https:\/\/fnfa.ca\/fr\/pour-les-premieres-nations\/investissement\/investment-products\/","url":"https:\/\/fnfa.ca\/fr\/pour-les-premieres-nations\/investissement\/investment-products\/","name":"Produits d'investissement - FNFA","isPartOf":{"@id":"https:\/\/fnfa.ca\/fr\/#website"},"datePublished":"2019-12-12T00:19:57+00:00","dateModified":"2025-11-03T23:29:49+00:00","breadcrumb":{"@id":"https:\/\/fnfa.ca\/fr\/pour-les-premieres-nations\/investissement\/investment-products\/#breadcrumb"},"inLanguage":"fr-FR","potentialAction":[{"@type":"ReadAction","target":["https:\/\/fnfa.ca\/fr\/pour-les-premieres-nations\/investissement\/investment-products\/"]}]},{"@type":"BreadcrumbList","@id":"https:\/\/fnfa.ca\/fr\/pour-les-premieres-nations\/investissement\/investment-products\/#breadcrumb","itemListElement":[{"@type":"ListItem","position":1,"name":"Home","item":"https:\/\/fnfa.ca\/fr\/"},{"@type":"ListItem","position":2,"name":"Pour les Premi\u00e8res Nations","item":"https:\/\/fnfa.ca\/fr\/pour-les-premieres-nations\/"},{"@type":"ListItem","position":3,"name":"Investissement","item":"https:\/\/fnfa.ca\/fr\/pour-les-premieres-nations\/investissement\/"},{"@type":"ListItem","position":4,"name":"Produits d&rsquo;investissement"}]},{"@type":"WebSite","@id":"https:\/\/fnfa.ca\/fr\/#website","url":"https:\/\/fnfa.ca\/fr\/","name":"FNFA","description":"First Nations Finance Authority","publisher":{"@id":"https:\/\/fnfa.ca\/fr\/#organization"},"potentialAction":[{"@type":"SearchAction","target":{"@type":"EntryPoint","urlTemplate":"https:\/\/fnfa.ca\/fr\/?s={search_term_string}"},"query-input":{"@type":"PropertyValueSpecification","valueRequired":true,"valueName":"search_term_string"}}],"inLanguage":"fr-FR"},{"@type":"Organization","@id":"https:\/\/fnfa.ca\/fr\/#organization","name":"First Nations Finance Authority","alternateName":"FNFA","url":"https:\/\/fnfa.ca\/fr\/","logo":{"@type":"ImageObject","inLanguage":"fr-FR","@id":"https:\/\/fnfa.ca\/fr\/#\/schema\/logo\/image\/","url":"https:\/\/fnfa.ca\/wp-content\/uploads\/2026\/02\/fnfa-logo.webp","contentUrl":"https:\/\/fnfa.ca\/wp-content\/uploads\/2026\/02\/fnfa-logo.webp","width":1500,"height":1500,"caption":"First Nations Finance Authority"},"image":{"@id":"https:\/\/fnfa.ca\/fr\/#\/schema\/logo\/image\/"},"sameAs":["https:\/\/www.facebook.com\/theFNFA\/"]}]}},"_links":{"self":[{"href":"https:\/\/fnfa.ca\/fr\/wp-json\/wp\/v2\/pages\/810","targetHints":{"allow":["GET"]}}],"collection":[{"href":"https:\/\/fnfa.ca\/fr\/wp-json\/wp\/v2\/pages"}],"about":[{"href":"https:\/\/fnfa.ca\/fr\/wp-json\/wp\/v2\/types\/page"}],"author":[{"embeddable":true,"href":"https:\/\/fnfa.ca\/fr\/wp-json\/wp\/v2\/users\/1"}],"replies":[{"embeddable":true,"href":"https:\/\/fnfa.ca\/fr\/wp-json\/wp\/v2\/comments?post=810"}],"version-history":[{"count":31,"href":"https:\/\/fnfa.ca\/fr\/wp-json\/wp\/v2\/pages\/810\/revisions"}],"predecessor-version":[{"id":12928,"href":"https:\/\/fnfa.ca\/fr\/wp-json\/wp\/v2\/pages\/810\/revisions\/12928"}],"up":[{"embeddable":true,"href":"https:\/\/fnfa.ca\/fr\/wp-json\/wp\/v2\/pages\/814"}],"wp:attachment":[{"href":"https:\/\/fnfa.ca\/fr\/wp-json\/wp\/v2\/media?parent=810"}],"curies":[{"name":"wp","href":"https:\/\/api.w.org\/{rel}","templated":true}]}}