{"id":820,"date":"2020-02-09T18:26:37","date_gmt":"2020-02-09T18:26:37","guid":{"rendered":"https:\/\/www.fnfa.dev4.oracastdev.com\/services-conseils\/"},"modified":"2020-08-19T19:25:59","modified_gmt":"2020-08-19T19:25:59","slug":"services-conseils","status":"publish","type":"page","link":"https:\/\/fnfa.ca\/fr\/pour-les-premieres-nations\/financement\/services-conseils\/","title":{"rendered":"Services-conseils"},"content":{"rendered":"<div class=\"row rowCenter cntBlock  colsplit\" id=\"colsplit-block_5e29c22ccf92a\" style=\"z-index:0\">\n  <div class=\"col-12 col-lg-8 order-2\">\n    <h2><\/h2>\n    <h3><i>Planifiez l\u2019avenir : identifiez vos besoins financiers et explorez vos options.<\/i><\/h3>\n\t  <\/div>\n  <div class=\"col-12 col-lg-4 order-1\">\n\t  \t  <img decoding=\"async\" src=\"https:\/\/fnfa.ca\/wp-content\/uploads\/2020\/03\/turtle-frog.jpg\" alt=\"\" \/>\n\t    <\/div>\n<\/div>\n\n<div class=\"row cntBlock col2block\" id=\"col2block-block_5e29c241cf92b\">\n\t\t\t\t\t\t\t\t<div class=\"col-12 col-lg-6\">\n\t\t\t\t\t\t\t\t\t\t\t\t<p><strong>Le financement et la planification de capital pour un gouvernement sont des t\u00e2ches complexes<\/strong>. Les membres de la FNFA ont l\u2019avantage de profiter de l\u2019appui d\u2019une expertise comp\u00e9tente et sp\u00e9cialis\u00e9e en temps opportun. La FNFA peut assister les gestionnaires financiers des Premi\u00e8res Nations dans l\u2019analyse, la planification et la r\u00e9solution de probl\u00e8mes gr\u00e2ce \u00e0 des outils sophistiqu\u00e9s de mod\u00e9lisation, de budg\u00e9tisation et de financement. Cet appui peut aider les Premi\u00e8res Nations \u00e0 d\u00e9finir leurs besoins en capital, \u00e0 mesurer l\u2019effet de levier qu\u2019ils peuvent obtenir \u00e0 partir de leurs sources de revenus et \u00e0 identifier et comparer leurs options de financement pour des projets \u00e0 court ou long terme.<\/p>\n\t\t\t\t\t\t\t<\/div>\n\t\t\t\t\t\t\t\t\t\t\t<div class=\"col-12 col-lg-6\">\n\t\t\t\t\t\t\t\t\t\t\t\t<p><strong>La FNFA peut aider les gestionnaires financiers des Premi\u00e8res Nations<\/strong> \u00e0 se positionner dans des opportunit\u00e9s complexes de partenariats, des propositions de production d&rsquo;\u00e9nergie ind\u00e9pendante (PEI), des options de refinancement et des d\u00e9fis de financement en capital.<\/p>\n<p><strong>Enfin, la FNFA peut accompagner des Premi\u00e8res Nations<\/strong> qui ne planifient pas d\u2019emprunt, mais qui tentent de structurer les affaires de leur administration financi\u00e8re, leurs sources de revenus et leur budget d\u2019immobilisation afin d\u2019am\u00e9liorer leur acc\u00e8s futur au financement.<\/p>\n\t\t\t\t\t\t\t<\/div>\n\t\t\t<\/div>\n","protected":false},"excerpt":{"rendered":"","protected":false},"author":1,"featured_media":0,"parent":843,"menu_order":0,"comment_status":"closed","ping_status":"closed","template":"","meta":{"_acf_changed":false,"episode_type":"","audio_file":"","podmotor_file_id":"","podmotor_episode_id":"","cover_image":"","cover_image_id":"","duration":"","filesize":"","filesize_raw":"","date_recorded":"","explicit":"","block":"","itunes_episode_number":"","itunes_title":"","itunes_season_number":"","itunes_episode_type":"","footnotes":""},"class_list":["post-820","page","type-page","status-publish","hentry"],"acf":{"tagline":""},"yoast_head":"<!-- This site is optimized with the Yoast SEO plugin v27.4 - https:\/\/yoast.com\/product\/yoast-seo-wordpress\/ -->\n<title>Services-conseils - FNFA<\/title>\n<meta name=\"robots\" content=\"index, follow, max-snippet:-1, max-image-preview:large, max-video-preview:-1\" \/>\n<link rel=\"canonical\" href=\"https:\/\/fnfa.ca\/fr\/pour-les-premieres-nations\/financement\/services-conseils\/\" \/>\n<meta property=\"og:locale\" content=\"fr_FR\" \/>\n<meta property=\"og:type\" content=\"article\" \/>\n<meta property=\"og:title\" content=\"Services-conseils - FNFA\" \/>\n<meta property=\"og:url\" content=\"https:\/\/fnfa.ca\/fr\/pour-les-premieres-nations\/financement\/services-conseils\/\" \/>\n<meta property=\"og:site_name\" content=\"FNFA\" \/>\n<meta property=\"article:publisher\" content=\"https:\/\/www.facebook.com\/theFNFA\/\" \/>\n<meta property=\"article:modified_time\" content=\"2020-08-19T19:25:59+00:00\" \/>\n<meta property=\"og:image\" content=\"https:\/\/fnfa.ca\/wp-content\/uploads\/2026\/02\/fnfa-logo.webp\" \/>\n\t<meta property=\"og:image:width\" content=\"1500\" \/>\n\t<meta property=\"og:image:height\" content=\"1500\" \/>\n\t<meta property=\"og:image:type\" content=\"image\/webp\" \/>\n<meta name=\"twitter:card\" content=\"summary_large_image\" \/>\n<script type=\"application\/ld+json\" class=\"yoast-schema-graph\">{\"@context\":\"https:\\\/\\\/schema.org\",\"@graph\":[{\"@type\":\"WebPage\",\"@id\":\"https:\\\/\\\/fnfa.ca\\\/fr\\\/pour-les-premieres-nations\\\/financement\\\/services-conseils\\\/\",\"url\":\"https:\\\/\\\/fnfa.ca\\\/fr\\\/pour-les-premieres-nations\\\/financement\\\/services-conseils\\\/\",\"name\":\"Services-conseils - FNFA\",\"isPartOf\":{\"@id\":\"https:\\\/\\\/fnfa.ca\\\/fr\\\/#website\"},\"datePublished\":\"2020-02-09T18:26:37+00:00\",\"dateModified\":\"2020-08-19T19:25:59+00:00\",\"breadcrumb\":{\"@id\":\"https:\\\/\\\/fnfa.ca\\\/fr\\\/pour-les-premieres-nations\\\/financement\\\/services-conseils\\\/#breadcrumb\"},\"inLanguage\":\"fr-FR\",\"potentialAction\":[{\"@type\":\"ReadAction\",\"target\":[\"https:\\\/\\\/fnfa.ca\\\/fr\\\/pour-les-premieres-nations\\\/financement\\\/services-conseils\\\/\"]}]},{\"@type\":\"BreadcrumbList\",\"@id\":\"https:\\\/\\\/fnfa.ca\\\/fr\\\/pour-les-premieres-nations\\\/financement\\\/services-conseils\\\/#breadcrumb\",\"itemListElement\":[{\"@type\":\"ListItem\",\"position\":1,\"name\":\"Home\",\"item\":\"https:\\\/\\\/fnfa.ca\\\/fr\\\/\"},{\"@type\":\"ListItem\",\"position\":2,\"name\":\"Pour les Premi\u00e8res Nations\",\"item\":\"https:\\\/\\\/fnfa.ca\\\/fr\\\/pour-les-premieres-nations\\\/\"},{\"@type\":\"ListItem\",\"position\":3,\"name\":\"Financement\",\"item\":\"https:\\\/\\\/fnfa.ca\\\/fr\\\/pour-les-premieres-nations\\\/financement\\\/\"},{\"@type\":\"ListItem\",\"position\":4,\"name\":\"Services-conseils\"}]},{\"@type\":\"WebSite\",\"@id\":\"https:\\\/\\\/fnfa.ca\\\/fr\\\/#website\",\"url\":\"https:\\\/\\\/fnfa.ca\\\/fr\\\/\",\"name\":\"FNFA\",\"description\":\"First Nations Finance Authority\",\"publisher\":{\"@id\":\"https:\\\/\\\/fnfa.ca\\\/fr\\\/#organization\"},\"potentialAction\":[{\"@type\":\"SearchAction\",\"target\":{\"@type\":\"EntryPoint\",\"urlTemplate\":\"https:\\\/\\\/fnfa.ca\\\/fr\\\/?s={search_term_string}\"},\"query-input\":{\"@type\":\"PropertyValueSpecification\",\"valueRequired\":true,\"valueName\":\"search_term_string\"}}],\"inLanguage\":\"fr-FR\"},{\"@type\":\"Organization\",\"@id\":\"https:\\\/\\\/fnfa.ca\\\/fr\\\/#organization\",\"name\":\"First Nations Finance Authority\",\"alternateName\":\"FNFA\",\"url\":\"https:\\\/\\\/fnfa.ca\\\/fr\\\/\",\"logo\":{\"@type\":\"ImageObject\",\"inLanguage\":\"fr-FR\",\"@id\":\"https:\\\/\\\/fnfa.ca\\\/fr\\\/#\\\/schema\\\/logo\\\/image\\\/\",\"url\":\"https:\\\/\\\/fnfa.ca\\\/wp-content\\\/uploads\\\/2026\\\/02\\\/fnfa-logo.webp\",\"contentUrl\":\"https:\\\/\\\/fnfa.ca\\\/wp-content\\\/uploads\\\/2026\\\/02\\\/fnfa-logo.webp\",\"width\":1500,\"height\":1500,\"caption\":\"First Nations Finance Authority\"},\"image\":{\"@id\":\"https:\\\/\\\/fnfa.ca\\\/fr\\\/#\\\/schema\\\/logo\\\/image\\\/\"},\"sameAs\":[\"https:\\\/\\\/www.facebook.com\\\/theFNFA\\\/\"]}]}<\/script>\n<!-- \/ Yoast SEO plugin. -->","yoast_head_json":{"title":"Services-conseils - FNFA","robots":{"index":"index","follow":"follow","max-snippet":"max-snippet:-1","max-image-preview":"max-image-preview:large","max-video-preview":"max-video-preview:-1"},"canonical":"https:\/\/fnfa.ca\/fr\/pour-les-premieres-nations\/financement\/services-conseils\/","og_locale":"fr_FR","og_type":"article","og_title":"Services-conseils - FNFA","og_url":"https:\/\/fnfa.ca\/fr\/pour-les-premieres-nations\/financement\/services-conseils\/","og_site_name":"FNFA","article_publisher":"https:\/\/www.facebook.com\/theFNFA\/","article_modified_time":"2020-08-19T19:25:59+00:00","og_image":[{"width":1500,"height":1500,"url":"https:\/\/fnfa.ca\/wp-content\/uploads\/2026\/02\/fnfa-logo.webp","type":"image\/webp"}],"twitter_card":"summary_large_image","schema":{"@context":"https:\/\/schema.org","@graph":[{"@type":"WebPage","@id":"https:\/\/fnfa.ca\/fr\/pour-les-premieres-nations\/financement\/services-conseils\/","url":"https:\/\/fnfa.ca\/fr\/pour-les-premieres-nations\/financement\/services-conseils\/","name":"Services-conseils - FNFA","isPartOf":{"@id":"https:\/\/fnfa.ca\/fr\/#website"},"datePublished":"2020-02-09T18:26:37+00:00","dateModified":"2020-08-19T19:25:59+00:00","breadcrumb":{"@id":"https:\/\/fnfa.ca\/fr\/pour-les-premieres-nations\/financement\/services-conseils\/#breadcrumb"},"inLanguage":"fr-FR","potentialAction":[{"@type":"ReadAction","target":["https:\/\/fnfa.ca\/fr\/pour-les-premieres-nations\/financement\/services-conseils\/"]}]},{"@type":"BreadcrumbList","@id":"https:\/\/fnfa.ca\/fr\/pour-les-premieres-nations\/financement\/services-conseils\/#breadcrumb","itemListElement":[{"@type":"ListItem","position":1,"name":"Home","item":"https:\/\/fnfa.ca\/fr\/"},{"@type":"ListItem","position":2,"name":"Pour les Premi\u00e8res Nations","item":"https:\/\/fnfa.ca\/fr\/pour-les-premieres-nations\/"},{"@type":"ListItem","position":3,"name":"Financement","item":"https:\/\/fnfa.ca\/fr\/pour-les-premieres-nations\/financement\/"},{"@type":"ListItem","position":4,"name":"Services-conseils"}]},{"@type":"WebSite","@id":"https:\/\/fnfa.ca\/fr\/#website","url":"https:\/\/fnfa.ca\/fr\/","name":"FNFA","description":"First Nations Finance Authority","publisher":{"@id":"https:\/\/fnfa.ca\/fr\/#organization"},"potentialAction":[{"@type":"SearchAction","target":{"@type":"EntryPoint","urlTemplate":"https:\/\/fnfa.ca\/fr\/?s={search_term_string}"},"query-input":{"@type":"PropertyValueSpecification","valueRequired":true,"valueName":"search_term_string"}}],"inLanguage":"fr-FR"},{"@type":"Organization","@id":"https:\/\/fnfa.ca\/fr\/#organization","name":"First Nations Finance Authority","alternateName":"FNFA","url":"https:\/\/fnfa.ca\/fr\/","logo":{"@type":"ImageObject","inLanguage":"fr-FR","@id":"https:\/\/fnfa.ca\/fr\/#\/schema\/logo\/image\/","url":"https:\/\/fnfa.ca\/wp-content\/uploads\/2026\/02\/fnfa-logo.webp","contentUrl":"https:\/\/fnfa.ca\/wp-content\/uploads\/2026\/02\/fnfa-logo.webp","width":1500,"height":1500,"caption":"First Nations Finance Authority"},"image":{"@id":"https:\/\/fnfa.ca\/fr\/#\/schema\/logo\/image\/"},"sameAs":["https:\/\/www.facebook.com\/theFNFA\/"]}]}},"_links":{"self":[{"href":"https:\/\/fnfa.ca\/fr\/wp-json\/wp\/v2\/pages\/820","targetHints":{"allow":["GET"]}}],"collection":[{"href":"https:\/\/fnfa.ca\/fr\/wp-json\/wp\/v2\/pages"}],"about":[{"href":"https:\/\/fnfa.ca\/fr\/wp-json\/wp\/v2\/types\/page"}],"author":[{"embeddable":true,"href":"https:\/\/fnfa.ca\/fr\/wp-json\/wp\/v2\/users\/1"}],"replies":[{"embeddable":true,"href":"https:\/\/fnfa.ca\/fr\/wp-json\/wp\/v2\/comments?post=820"}],"version-history":[{"count":16,"href":"https:\/\/fnfa.ca\/fr\/wp-json\/wp\/v2\/pages\/820\/revisions"}],"predecessor-version":[{"id":4471,"href":"https:\/\/fnfa.ca\/fr\/wp-json\/wp\/v2\/pages\/820\/revisions\/4471"}],"up":[{"embeddable":true,"href":"https:\/\/fnfa.ca\/fr\/wp-json\/wp\/v2\/pages\/843"}],"wp:attachment":[{"href":"https:\/\/fnfa.ca\/fr\/wp-json\/wp\/v2\/media?parent=820"}],"curies":[{"name":"wp","href":"https:\/\/api.w.org\/{rel}","templated":true}]}}