{"id":824,"date":"2020-02-09T18:31:03","date_gmt":"2020-02-09T18:31:03","guid":{"rendered":"https:\/\/www.fnfa.dev4.oracastdev.com\/investissement\/pour-les-gestionnaires-financiers\/"},"modified":"2020-08-19T19:29:26","modified_gmt":"2020-08-19T19:29:26","slug":"pour-les-gestionnaires-financiers","status":"publish","type":"page","link":"https:\/\/fnfa.ca\/fr\/pour-les-premieres-nations\/investissement\/pour-les-gestionnaires-financiers\/","title":{"rendered":"Pour les gestionnaires financiers"},"content":{"rendered":"<div class=\"row rowCenter cntBlock  colsplit\" id=\"colsplit-block_5e29c19248974\" style=\"z-index:0\">\n  <div class=\"col-12 col-lg-8 order-2 order-lg-1\">\n    <h2><\/h2>\n    <h3><em>Information technique et outils de calcul destin\u00e9s aux gestionnaires financiers des Premi\u00e8res Nations utilisant le programme de fonds communs de placement.<\/em><\/h3>\n\t  <\/div>\n  <div class=\"col-12 col-lg-4 order-1 order-lg-2\">\n\t  \t  <img decoding=\"async\" src=\"https:\/\/fnfa.ca\/wp-content\/uploads\/2020\/02\/gloves-1.jpg\" alt=\"\" \/>\n\t    <\/div>\n<\/div>\n\n<div class=\"row cntBlock stackblock\" id=\"stackblock-block_5e29c1ae48975\">\n\t<div class=\"col-12 col-lg-5 order-1\">\n\t\t<div class=\"stackImg\">\n\t\t\t<img decoding=\"async\" src=\"https:\/\/fnfa.ca\/wp-content\/uploads\/2020\/02\/bard.jpg\" alt=\"Formulaires et documentation\" \/>\n\t\t<\/div>\n\t<\/div>\n\t<div class=\"col-12 col-lg-6 offset-lg-1 order-2\">\n\t\t<h3>Formulaires et documentation<\/h3>\n\t\t<p>Vous trouverez ci-dessous toute la documentation n\u00e9cessaire pour commencer \u00e0 investir dans les fonds communs de placement de la FNFA. Pour toute question sur comment compl\u00e9ter les documents ou comment s\u2019engager avec la FNFA,\u00a0 n\u2019h\u00e9sitez pas \u00e0 communiquer avec nous. <a title=\"Contact Us\" href=\"http:\/\/fnfa.ca\/en\/contact-us\/\">Cliquez ici pour nous joindre<\/a>.<\/p>\n\t\t\t<\/div>\n<\/div>\n\n\n<div class=\"row cntBlock stackblock\" id=\"stackblock-block_5e29c1c948976\">\n\t<div class=\"col-12 col-lg-5 offset-lg-1 order-1 order-lg-2\">\n\t\t<div class=\"stackImg\">\n\t\t\t<img decoding=\"async\" src=\"https:\/\/fnfa.ca\/wp-content\/uploads\/2020\/02\/medicine-bags-1.jpg\" alt=\"Taux et performances actuels\" \/>\n\t\t<\/div>\n\t<\/div>\n\t<div class=\"col-12 col-lg-6 order-2 order-lg-1\">\n\t\t<h3>Taux et performances actuels<\/h3>\n\t\t<p>Vous trouverez plus bas le rapport mensuel pour le fonds commun de placement produit par l\u2019Autorit\u00e9 financi\u00e8re des municipalit\u00e9s de Colombie-Britannique. Veuillez noter que ce rapport et les taux indiqu\u00e9s se rapportent toujours au mois pr\u00e9c\u00e9dent.<\/p>\n<ul>\n<li><a href=\"https:\/\/fnfa.ca\/wp-content\/uploads\/2019\/10\/Current-Rates-Sep-30-2019.pdf\" data-mce-href=\"https:\/\/fnfa.ca\/wp-content\/uploads\/2019\/10\/Current-Rates-Sep-30-2019.pdf\">Taux actuels &#8211; 30 septembre 2019<\/a><\/li>\n<li><a href=\"https:\/\/fnfa.ca\/wp-content\/uploads\/2019\/10\/MFA-Investment-Results-September-2019.pdf\" data-mce-href=\"https:\/\/fnfa.ca\/wp-content\/uploads\/2019\/10\/MFA-Investment-Results-September-2019.pdf\">R\u00e9sultats d&rsquo;investissement du MAE &#8211; septembre 2019<\/a><\/li>\n<\/ul>\n\t\t\t<\/div>\n<\/div>\n","protected":false},"excerpt":{"rendered":"","protected":false},"author":1,"featured_media":0,"parent":814,"menu_order":0,"comment_status":"closed","ping_status":"closed","template":"","meta":{"_acf_changed":false,"episode_type":"","audio_file":"","podmotor_file_id":"","podmotor_episode_id":"","cover_image":"","cover_image_id":"","duration":"","filesize":"","filesize_raw":"","date_recorded":"","explicit":"","block":"","itunes_episode_number":"","itunes_title":"","itunes_season_number":"","itunes_episode_type":"","footnotes":""},"class_list":["post-824","page","type-page","status-publish","hentry"],"acf":{"tagline":""},"yoast_head":"<!-- This site is optimized with the Yoast SEO plugin v27.6 - https:\/\/yoast.com\/product\/yoast-seo-wordpress\/ -->\n<title>Pour les gestionnaires financiers - FNFA<\/title>\n<meta name=\"robots\" content=\"index, follow, max-snippet:-1, max-image-preview:large, max-video-preview:-1\" \/>\n<link rel=\"canonical\" href=\"https:\/\/fnfa.ca\/fr\/pour-les-premieres-nations\/investissement\/pour-les-gestionnaires-financiers\/\" \/>\n<meta property=\"og:locale\" content=\"fr_FR\" \/>\n<meta property=\"og:type\" content=\"article\" \/>\n<meta property=\"og:title\" content=\"Pour les gestionnaires financiers - FNFA\" \/>\n<meta property=\"og:url\" content=\"https:\/\/fnfa.ca\/fr\/pour-les-premieres-nations\/investissement\/pour-les-gestionnaires-financiers\/\" \/>\n<meta property=\"og:site_name\" content=\"FNFA\" \/>\n<meta property=\"article:publisher\" content=\"https:\/\/www.facebook.com\/theFNFA\/\" \/>\n<meta property=\"article:modified_time\" content=\"2020-08-19T19:29:26+00:00\" \/>\n<meta property=\"og:image\" content=\"https:\/\/fnfa.ca\/wp-content\/uploads\/2026\/02\/fnfa-logo.webp\" \/>\n\t<meta property=\"og:image:width\" content=\"1500\" \/>\n\t<meta property=\"og:image:height\" content=\"1500\" \/>\n\t<meta property=\"og:image:type\" content=\"image\/webp\" \/>\n<meta name=\"twitter:card\" content=\"summary_large_image\" \/>\n<script type=\"application\/ld+json\" class=\"yoast-schema-graph\">{\"@context\":\"https:\\\/\\\/schema.org\",\"@graph\":[{\"@type\":\"WebPage\",\"@id\":\"https:\\\/\\\/fnfa.ca\\\/fr\\\/pour-les-premieres-nations\\\/investissement\\\/pour-les-gestionnaires-financiers\\\/\",\"url\":\"https:\\\/\\\/fnfa.ca\\\/fr\\\/pour-les-premieres-nations\\\/investissement\\\/pour-les-gestionnaires-financiers\\\/\",\"name\":\"Pour les gestionnaires financiers - FNFA\",\"isPartOf\":{\"@id\":\"https:\\\/\\\/fnfa.ca\\\/fr\\\/#website\"},\"datePublished\":\"2020-02-09T18:31:03+00:00\",\"dateModified\":\"2020-08-19T19:29:26+00:00\",\"breadcrumb\":{\"@id\":\"https:\\\/\\\/fnfa.ca\\\/fr\\\/pour-les-premieres-nations\\\/investissement\\\/pour-les-gestionnaires-financiers\\\/#breadcrumb\"},\"inLanguage\":\"fr-FR\",\"potentialAction\":[{\"@type\":\"ReadAction\",\"target\":[\"https:\\\/\\\/fnfa.ca\\\/fr\\\/pour-les-premieres-nations\\\/investissement\\\/pour-les-gestionnaires-financiers\\\/\"]}]},{\"@type\":\"BreadcrumbList\",\"@id\":\"https:\\\/\\\/fnfa.ca\\\/fr\\\/pour-les-premieres-nations\\\/investissement\\\/pour-les-gestionnaires-financiers\\\/#breadcrumb\",\"itemListElement\":[{\"@type\":\"ListItem\",\"position\":1,\"name\":\"Home\",\"item\":\"https:\\\/\\\/fnfa.ca\\\/fr\\\/\"},{\"@type\":\"ListItem\",\"position\":2,\"name\":\"Pour les Premi\u00e8res Nations\",\"item\":\"https:\\\/\\\/fnfa.ca\\\/fr\\\/pour-les-premieres-nations\\\/\"},{\"@type\":\"ListItem\",\"position\":3,\"name\":\"Investissement\",\"item\":\"https:\\\/\\\/fnfa.ca\\\/fr\\\/pour-les-premieres-nations\\\/investissement\\\/\"},{\"@type\":\"ListItem\",\"position\":4,\"name\":\"Pour les gestionnaires financiers\"}]},{\"@type\":\"WebSite\",\"@id\":\"https:\\\/\\\/fnfa.ca\\\/fr\\\/#website\",\"url\":\"https:\\\/\\\/fnfa.ca\\\/fr\\\/\",\"name\":\"FNFA\",\"description\":\"First Nations Finance Authority\",\"publisher\":{\"@id\":\"https:\\\/\\\/fnfa.ca\\\/fr\\\/#organization\"},\"potentialAction\":[{\"@type\":\"SearchAction\",\"target\":{\"@type\":\"EntryPoint\",\"urlTemplate\":\"https:\\\/\\\/fnfa.ca\\\/fr\\\/?s={search_term_string}\"},\"query-input\":{\"@type\":\"PropertyValueSpecification\",\"valueRequired\":true,\"valueName\":\"search_term_string\"}}],\"inLanguage\":\"fr-FR\"},{\"@type\":\"Organization\",\"@id\":\"https:\\\/\\\/fnfa.ca\\\/fr\\\/#organization\",\"name\":\"First Nations Finance Authority\",\"alternateName\":\"FNFA\",\"url\":\"https:\\\/\\\/fnfa.ca\\\/fr\\\/\",\"logo\":{\"@type\":\"ImageObject\",\"inLanguage\":\"fr-FR\",\"@id\":\"https:\\\/\\\/fnfa.ca\\\/fr\\\/#\\\/schema\\\/logo\\\/image\\\/\",\"url\":\"https:\\\/\\\/fnfa.ca\\\/wp-content\\\/uploads\\\/2026\\\/02\\\/fnfa-logo.webp\",\"contentUrl\":\"https:\\\/\\\/fnfa.ca\\\/wp-content\\\/uploads\\\/2026\\\/02\\\/fnfa-logo.webp\",\"width\":1500,\"height\":1500,\"caption\":\"First Nations Finance Authority\"},\"image\":{\"@id\":\"https:\\\/\\\/fnfa.ca\\\/fr\\\/#\\\/schema\\\/logo\\\/image\\\/\"},\"sameAs\":[\"https:\\\/\\\/www.facebook.com\\\/theFNFA\\\/\"]}]}<\/script>\n<!-- \/ Yoast SEO plugin. -->","yoast_head_json":{"title":"Pour les gestionnaires financiers - FNFA","robots":{"index":"index","follow":"follow","max-snippet":"max-snippet:-1","max-image-preview":"max-image-preview:large","max-video-preview":"max-video-preview:-1"},"canonical":"https:\/\/fnfa.ca\/fr\/pour-les-premieres-nations\/investissement\/pour-les-gestionnaires-financiers\/","og_locale":"fr_FR","og_type":"article","og_title":"Pour les gestionnaires financiers - FNFA","og_url":"https:\/\/fnfa.ca\/fr\/pour-les-premieres-nations\/investissement\/pour-les-gestionnaires-financiers\/","og_site_name":"FNFA","article_publisher":"https:\/\/www.facebook.com\/theFNFA\/","article_modified_time":"2020-08-19T19:29:26+00:00","og_image":[{"width":1500,"height":1500,"url":"https:\/\/fnfa.ca\/wp-content\/uploads\/2026\/02\/fnfa-logo.webp","type":"image\/webp"}],"twitter_card":"summary_large_image","schema":{"@context":"https:\/\/schema.org","@graph":[{"@type":"WebPage","@id":"https:\/\/fnfa.ca\/fr\/pour-les-premieres-nations\/investissement\/pour-les-gestionnaires-financiers\/","url":"https:\/\/fnfa.ca\/fr\/pour-les-premieres-nations\/investissement\/pour-les-gestionnaires-financiers\/","name":"Pour les gestionnaires financiers - FNFA","isPartOf":{"@id":"https:\/\/fnfa.ca\/fr\/#website"},"datePublished":"2020-02-09T18:31:03+00:00","dateModified":"2020-08-19T19:29:26+00:00","breadcrumb":{"@id":"https:\/\/fnfa.ca\/fr\/pour-les-premieres-nations\/investissement\/pour-les-gestionnaires-financiers\/#breadcrumb"},"inLanguage":"fr-FR","potentialAction":[{"@type":"ReadAction","target":["https:\/\/fnfa.ca\/fr\/pour-les-premieres-nations\/investissement\/pour-les-gestionnaires-financiers\/"]}]},{"@type":"BreadcrumbList","@id":"https:\/\/fnfa.ca\/fr\/pour-les-premieres-nations\/investissement\/pour-les-gestionnaires-financiers\/#breadcrumb","itemListElement":[{"@type":"ListItem","position":1,"name":"Home","item":"https:\/\/fnfa.ca\/fr\/"},{"@type":"ListItem","position":2,"name":"Pour les Premi\u00e8res Nations","item":"https:\/\/fnfa.ca\/fr\/pour-les-premieres-nations\/"},{"@type":"ListItem","position":3,"name":"Investissement","item":"https:\/\/fnfa.ca\/fr\/pour-les-premieres-nations\/investissement\/"},{"@type":"ListItem","position":4,"name":"Pour les gestionnaires financiers"}]},{"@type":"WebSite","@id":"https:\/\/fnfa.ca\/fr\/#website","url":"https:\/\/fnfa.ca\/fr\/","name":"FNFA","description":"First Nations Finance Authority","publisher":{"@id":"https:\/\/fnfa.ca\/fr\/#organization"},"potentialAction":[{"@type":"SearchAction","target":{"@type":"EntryPoint","urlTemplate":"https:\/\/fnfa.ca\/fr\/?s={search_term_string}"},"query-input":{"@type":"PropertyValueSpecification","valueRequired":true,"valueName":"search_term_string"}}],"inLanguage":"fr-FR"},{"@type":"Organization","@id":"https:\/\/fnfa.ca\/fr\/#organization","name":"First Nations Finance Authority","alternateName":"FNFA","url":"https:\/\/fnfa.ca\/fr\/","logo":{"@type":"ImageObject","inLanguage":"fr-FR","@id":"https:\/\/fnfa.ca\/fr\/#\/schema\/logo\/image\/","url":"https:\/\/fnfa.ca\/wp-content\/uploads\/2026\/02\/fnfa-logo.webp","contentUrl":"https:\/\/fnfa.ca\/wp-content\/uploads\/2026\/02\/fnfa-logo.webp","width":1500,"height":1500,"caption":"First Nations Finance Authority"},"image":{"@id":"https:\/\/fnfa.ca\/fr\/#\/schema\/logo\/image\/"},"sameAs":["https:\/\/www.facebook.com\/theFNFA\/"]}]}},"_links":{"self":[{"href":"https:\/\/fnfa.ca\/fr\/wp-json\/wp\/v2\/pages\/824","targetHints":{"allow":["GET"]}}],"collection":[{"href":"https:\/\/fnfa.ca\/fr\/wp-json\/wp\/v2\/pages"}],"about":[{"href":"https:\/\/fnfa.ca\/fr\/wp-json\/wp\/v2\/types\/page"}],"author":[{"embeddable":true,"href":"https:\/\/fnfa.ca\/fr\/wp-json\/wp\/v2\/users\/1"}],"replies":[{"embeddable":true,"href":"https:\/\/fnfa.ca\/fr\/wp-json\/wp\/v2\/comments?post=824"}],"version-history":[{"count":10,"href":"https:\/\/fnfa.ca\/fr\/wp-json\/wp\/v2\/pages\/824\/revisions"}],"predecessor-version":[{"id":4477,"href":"https:\/\/fnfa.ca\/fr\/wp-json\/wp\/v2\/pages\/824\/revisions\/4477"}],"up":[{"embeddable":true,"href":"https:\/\/fnfa.ca\/fr\/wp-json\/wp\/v2\/pages\/814"}],"wp:attachment":[{"href":"https:\/\/fnfa.ca\/fr\/wp-json\/wp\/v2\/media?parent=824"}],"curies":[{"name":"wp","href":"https:\/\/api.w.org\/{rel}","templated":true}]}}