{"id":837,"date":"2020-02-09T18:44:15","date_gmt":"2020-02-09T18:44:15","guid":{"rendered":"https:\/\/www.fnfa.dev4.oracastdev.com\/sources-de-revenus-admissibles\/"},"modified":"2020-08-19T18:44:43","modified_gmt":"2020-08-19T18:44:43","slug":"sources-de-revenus-admissibles","status":"publish","type":"page","link":"https:\/\/fnfa.ca\/fr\/pour-les-premieres-nations\/financement\/sources-de-revenus-admissibles\/","title":{"rendered":"Revenus et projets admissibles"},"content":{"rendered":"<div class=\"row cntBlock stackblock\" id=\"stackblock-block_5e29c01d69e0b\">\n\t<div class=\"col-12 col-lg-5 offset-lg-1 order-1 order-lg-2\">\n\t\t<div class=\"stackImg\">\n\t\t\t<img decoding=\"async\" src=\"https:\/\/fnfa.ca\/wp-content\/uploads\/2020\/02\/headband-1.jpg\" alt=\" Revenus admissibles\" \/>\n\t\t<\/div>\n\t<\/div>\n\t<div class=\"col-12 col-lg-6 order-2 order-lg-1\">\n\t\t<h3> Revenus admissibles<\/h3>\n\t\t<p>La FNFA travaille avec ses membres des Premi\u00e8res Nations pour d\u00e9terminer les revenus disponibles que la Premi\u00e8re Nation s\u2019engage \u00e0 verser \u00e0 la FNFA pour r\u00e9pondre \u00e0 leurs besoins de financement. (<a href=\"https:\/\/www.fnfa.ca\/wp-content\/uploads\/2020\/05\/Revenus-admissibles.pdf\" target=\"_blank\" rel=\"noopener\">Voir la liste compl\u00e8te des sources de revenus admissibles ici<\/a>).<\/p>\n<p>Les emprunts sur d\u2019autres sources de revenus sont d\u00e9finis par une <a href=\"https:\/\/laws-lois.justice.gc.ca\/fra\/reglements\/DORS-2011-201\/index.html\" target=\"_blank\" rel=\"noopener\">r\u00e9glementation sp\u00e9cifique<\/a> pr\u00e9vue par la LGFPN. Voir section 4.<\/p>\n\t\t\t<\/div>\n<\/div>\n\n\n<div class=\"row cntBlock stackblock\" id=\"stackblock-block_5e596bc16cbd4\">\n\t<div class=\"col-12 col-lg-5 order-1\">\n\t\t<div class=\"stackImg\">\n\t\t\t<img decoding=\"async\" src=\"https:\/\/fnfa.ca\/wp-content\/uploads\/2020\/02\/lp-sweetgrass-1.png\" alt=\" Projets admissibles\" \/>\n\t\t<\/div>\n\t<\/div>\n\t<div class=\"col-12 col-lg-6 offset-lg-1 order-2\">\n\t\t<h3> Projets admissibles<\/h3>\n\t\t<p>La FNFA recueille des capitaux pour financer l\u2019infrastructure communautaire et le d\u00e9veloppement \u00e9conomique des communaut\u00e9s des Premi\u00e8res Nations<a href=\"https:\/\/www.fnfa.ca\/wp-content\/uploads\/2020\/05\/Projets-admissibles.pdf\" target=\"_blank\" rel=\"noopener\"> (voir la liste compl\u00e8te des projets admissibles pouvant \u00eatre financ\u00e9s par d\u2019autres revenus ici).<\/a><\/p>\n<p>Les mandats de pr\u00eat de la FNFA consistent \u00e0 fournir des pr\u00eats \u00e0 court et \u00e0 long terme \u00e0 ses membres emprunteurs.<\/p>\n\t\t\t<\/div>\n<\/div>\n\n\n<div class=\"row cntBlock col3block\" id=\"col3block-block_5e29d73b9c349\">\n\t\t\t\t\t\t\t\t<div class=\"col-12 col-lg-4\">\n\t\t\t\t\t\t\t\t\t\t\t\t<p><strong>Les pr\u00eats \u00e0 court terme offrent une flexibilit\u00e9<\/strong>, car ils ne n\u00e9cessitent que des paiements d\u2019int\u00e9r\u00eats. Cela est particuli\u00e8rement b\u00e9n\u00e9fique pendant les phases de construction du projet pour r\u00e9duire le service de la dette alors que d&rsquo;importants besoins de tr\u00e9sorerie sont n\u00e9cessaires durant cette p\u00e9riode.<\/p>\n\t\t\t\t\t\t\t<\/div>\n\t\t\t\t\t\t\t\t\t\t\t<div class=\"col-12 col-lg-4\">\n\t\t\t\t\t\t\t\t\t\t\t\t<p><strong>Une fois la construction termin\u00e9e,<\/strong> le membre emprunteur proc\u00e9dera \u00e0 la transition du pr\u00eat \u00e0 un pr\u00eat \u00e0 long terme d\u2019une dur\u00e9e maximale de 30 ans. Les pr\u00eats \u00e0 long terme n\u00e9cessitent des paiements d\u2019int\u00e9r\u00eats et de capital. En r\u00e8gle g\u00e9n\u00e9rale, la FNFA fixe le taux d\u2019int\u00e9r\u00eat sur les pr\u00eats \u00e0 long terme pour des p\u00e9riodes de 10 ans. Les dur\u00e9es de pr\u00eat sup\u00e9rieures \u00e0 10 ans entra\u00eeneraient un refinancement \u00e0 la fin de la 10e ann\u00e9e de leur dur\u00e9e.<\/p>\n\t\t\t\t\t\t\t<\/div>\n\t\t\t\t\t\t\t\t\t\t\t<div class=\"col-12 col-lg-4\">\n\t\t\t\t\t\t\t\t\t\t\t\t<p><strong>Le refinancement de la dette existante<\/strong> pour des projets r\u00e9pondant aux crit\u00e8res d\u2019admissibilit\u00e9 est \u00e9galement une option. En ayant acc\u00e8s \u00e0 des taux d\u2019int\u00e9r\u00eat bas et fixes, combin\u00e9 \u00e0 sa flexibilit\u00e9 dans l\u2019\u00e9tablissement des modalit\u00e9s de remboursement, la FNFA peut permettre une diminution importante des paiements annuels au titre du service de la dette. Cela permet \u00e0 une Premi\u00e8re Nation de r\u00e9orienter ces \u00e9conomies vers de nouveaux projets sans augmenter son endettement.<\/p>\n\t\t\t\t\t\t\t<\/div>\n\t\t\t<\/div>\n","protected":false},"excerpt":{"rendered":"","protected":false},"author":1,"featured_media":0,"parent":843,"menu_order":0,"comment_status":"closed","ping_status":"closed","template":"","meta":{"_acf_changed":false,"episode_type":"","audio_file":"","podmotor_file_id":"","podmotor_episode_id":"","cover_image":"","cover_image_id":"","duration":"","filesize":"","filesize_raw":"","date_recorded":"","explicit":"","block":"","itunes_episode_number":"","itunes_title":"","itunes_season_number":"","itunes_episode_type":"","footnotes":""},"class_list":["post-837","page","type-page","status-publish","hentry"],"acf":{"tagline":"","banner_image":{"ID":13432,"id":13432,"title":"ELIGIBLE REVENUES","filename":"ELIGIBLE-REVENUES.webp","filesize":134126,"url":"https:\/\/fnfa.ca\/wp-content\/uploads\/2025\/12\/ELIGIBLE-REVENUES.webp","link":"https:\/\/fnfa.ca\/fr\/lafpn-obtient-485-millions-de-dollars-pour-accelerer-le-developpement-des-communautes-des-premieres-nations\/eligible-revenues-2\/","alt":"","author":"2","description":"","caption":"","name":"eligible-revenues-2","status":"inherit","uploaded_to":14363,"date":"2025-12-17 21:07:18","modified":"2026-03-27 16:24:23","menu_order":0,"mime_type":"image\/webp","type":"image","subtype":"webp","icon":"https:\/\/fnfa.ca\/wp-includes\/images\/media\/default.png","width":2200,"height":1135,"sizes":{"thumbnail":"https:\/\/fnfa.ca\/wp-content\/uploads\/2025\/12\/ELIGIBLE-REVENUES-150x150.webp","thumbnail-width":150,"thumbnail-height":150,"medium":"https:\/\/fnfa.ca\/wp-content\/uploads\/2025\/12\/ELIGIBLE-REVENUES-300x155.webp","medium-width":300,"medium-height":155,"medium_large":"https:\/\/fnfa.ca\/wp-content\/uploads\/2025\/12\/ELIGIBLE-REVENUES-768x396.webp","medium_large-width":640,"medium_large-height":330,"large":"https:\/\/fnfa.ca\/wp-content\/uploads\/2025\/12\/ELIGIBLE-REVENUES-1024x528.webp","large-width":640,"large-height":330,"1536x1536":"https:\/\/fnfa.ca\/wp-content\/uploads\/2025\/12\/ELIGIBLE-REVENUES-1536x792.webp","1536x1536-width":1536,"1536x1536-height":792,"2048x2048":"https:\/\/fnfa.ca\/wp-content\/uploads\/2025\/12\/ELIGIBLE-REVENUES-2048x1057.webp","2048x2048-width":2048,"2048x2048-height":1057}}},"yoast_head":"<!-- This site is optimized with the Yoast SEO plugin v27.4 - https:\/\/yoast.com\/product\/yoast-seo-wordpress\/ -->\n<title>Revenus et projets admissibles - FNFA<\/title>\n<meta name=\"robots\" content=\"index, follow, max-snippet:-1, max-image-preview:large, max-video-preview:-1\" \/>\n<link rel=\"canonical\" href=\"https:\/\/fnfa.ca\/fr\/pour-les-premieres-nations\/financement\/sources-de-revenus-admissibles\/\" \/>\n<meta property=\"og:locale\" content=\"fr_FR\" \/>\n<meta property=\"og:type\" content=\"article\" \/>\n<meta property=\"og:title\" content=\"Revenus et projets admissibles - FNFA\" \/>\n<meta property=\"og:url\" content=\"https:\/\/fnfa.ca\/fr\/pour-les-premieres-nations\/financement\/sources-de-revenus-admissibles\/\" \/>\n<meta property=\"og:site_name\" content=\"FNFA\" \/>\n<meta property=\"article:publisher\" content=\"https:\/\/www.facebook.com\/theFNFA\/\" \/>\n<meta property=\"article:modified_time\" content=\"2020-08-19T18:44:43+00:00\" \/>\n<meta property=\"og:image\" content=\"https:\/\/fnfa.ca\/wp-content\/uploads\/2026\/02\/fnfa-logo.webp\" \/>\n\t<meta property=\"og:image:width\" content=\"1500\" \/>\n\t<meta property=\"og:image:height\" content=\"1500\" \/>\n\t<meta property=\"og:image:type\" content=\"image\/webp\" \/>\n<meta name=\"twitter:card\" content=\"summary_large_image\" \/>\n<script type=\"application\/ld+json\" class=\"yoast-schema-graph\">{\"@context\":\"https:\\\/\\\/schema.org\",\"@graph\":[{\"@type\":\"WebPage\",\"@id\":\"https:\\\/\\\/fnfa.ca\\\/fr\\\/pour-les-premieres-nations\\\/financement\\\/sources-de-revenus-admissibles\\\/\",\"url\":\"https:\\\/\\\/fnfa.ca\\\/fr\\\/pour-les-premieres-nations\\\/financement\\\/sources-de-revenus-admissibles\\\/\",\"name\":\"Revenus et projets admissibles - FNFA\",\"isPartOf\":{\"@id\":\"https:\\\/\\\/fnfa.ca\\\/fr\\\/#website\"},\"datePublished\":\"2020-02-09T18:44:15+00:00\",\"dateModified\":\"2020-08-19T18:44:43+00:00\",\"breadcrumb\":{\"@id\":\"https:\\\/\\\/fnfa.ca\\\/fr\\\/pour-les-premieres-nations\\\/financement\\\/sources-de-revenus-admissibles\\\/#breadcrumb\"},\"inLanguage\":\"fr-FR\",\"potentialAction\":[{\"@type\":\"ReadAction\",\"target\":[\"https:\\\/\\\/fnfa.ca\\\/fr\\\/pour-les-premieres-nations\\\/financement\\\/sources-de-revenus-admissibles\\\/\"]}]},{\"@type\":\"BreadcrumbList\",\"@id\":\"https:\\\/\\\/fnfa.ca\\\/fr\\\/pour-les-premieres-nations\\\/financement\\\/sources-de-revenus-admissibles\\\/#breadcrumb\",\"itemListElement\":[{\"@type\":\"ListItem\",\"position\":1,\"name\":\"Home\",\"item\":\"https:\\\/\\\/fnfa.ca\\\/fr\\\/\"},{\"@type\":\"ListItem\",\"position\":2,\"name\":\"Pour les Premi\u00e8res Nations\",\"item\":\"https:\\\/\\\/fnfa.ca\\\/fr\\\/pour-les-premieres-nations\\\/\"},{\"@type\":\"ListItem\",\"position\":3,\"name\":\"Financement\",\"item\":\"https:\\\/\\\/fnfa.ca\\\/fr\\\/pour-les-premieres-nations\\\/financement\\\/\"},{\"@type\":\"ListItem\",\"position\":4,\"name\":\"Revenus et projets admissibles\"}]},{\"@type\":\"WebSite\",\"@id\":\"https:\\\/\\\/fnfa.ca\\\/fr\\\/#website\",\"url\":\"https:\\\/\\\/fnfa.ca\\\/fr\\\/\",\"name\":\"FNFA\",\"description\":\"First Nations Finance Authority\",\"publisher\":{\"@id\":\"https:\\\/\\\/fnfa.ca\\\/fr\\\/#organization\"},\"potentialAction\":[{\"@type\":\"SearchAction\",\"target\":{\"@type\":\"EntryPoint\",\"urlTemplate\":\"https:\\\/\\\/fnfa.ca\\\/fr\\\/?s={search_term_string}\"},\"query-input\":{\"@type\":\"PropertyValueSpecification\",\"valueRequired\":true,\"valueName\":\"search_term_string\"}}],\"inLanguage\":\"fr-FR\"},{\"@type\":\"Organization\",\"@id\":\"https:\\\/\\\/fnfa.ca\\\/fr\\\/#organization\",\"name\":\"First Nations Finance Authority\",\"alternateName\":\"FNFA\",\"url\":\"https:\\\/\\\/fnfa.ca\\\/fr\\\/\",\"logo\":{\"@type\":\"ImageObject\",\"inLanguage\":\"fr-FR\",\"@id\":\"https:\\\/\\\/fnfa.ca\\\/fr\\\/#\\\/schema\\\/logo\\\/image\\\/\",\"url\":\"https:\\\/\\\/fnfa.ca\\\/wp-content\\\/uploads\\\/2026\\\/02\\\/fnfa-logo.webp\",\"contentUrl\":\"https:\\\/\\\/fnfa.ca\\\/wp-content\\\/uploads\\\/2026\\\/02\\\/fnfa-logo.webp\",\"width\":1500,\"height\":1500,\"caption\":\"First Nations Finance Authority\"},\"image\":{\"@id\":\"https:\\\/\\\/fnfa.ca\\\/fr\\\/#\\\/schema\\\/logo\\\/image\\\/\"},\"sameAs\":[\"https:\\\/\\\/www.facebook.com\\\/theFNFA\\\/\"]}]}<\/script>\n<!-- \/ Yoast SEO plugin. -->","yoast_head_json":{"title":"Revenus et projets admissibles - FNFA","robots":{"index":"index","follow":"follow","max-snippet":"max-snippet:-1","max-image-preview":"max-image-preview:large","max-video-preview":"max-video-preview:-1"},"canonical":"https:\/\/fnfa.ca\/fr\/pour-les-premieres-nations\/financement\/sources-de-revenus-admissibles\/","og_locale":"fr_FR","og_type":"article","og_title":"Revenus et projets admissibles - FNFA","og_url":"https:\/\/fnfa.ca\/fr\/pour-les-premieres-nations\/financement\/sources-de-revenus-admissibles\/","og_site_name":"FNFA","article_publisher":"https:\/\/www.facebook.com\/theFNFA\/","article_modified_time":"2020-08-19T18:44:43+00:00","og_image":[{"width":1500,"height":1500,"url":"https:\/\/fnfa.ca\/wp-content\/uploads\/2026\/02\/fnfa-logo.webp","type":"image\/webp"}],"twitter_card":"summary_large_image","schema":{"@context":"https:\/\/schema.org","@graph":[{"@type":"WebPage","@id":"https:\/\/fnfa.ca\/fr\/pour-les-premieres-nations\/financement\/sources-de-revenus-admissibles\/","url":"https:\/\/fnfa.ca\/fr\/pour-les-premieres-nations\/financement\/sources-de-revenus-admissibles\/","name":"Revenus et projets admissibles - FNFA","isPartOf":{"@id":"https:\/\/fnfa.ca\/fr\/#website"},"datePublished":"2020-02-09T18:44:15+00:00","dateModified":"2020-08-19T18:44:43+00:00","breadcrumb":{"@id":"https:\/\/fnfa.ca\/fr\/pour-les-premieres-nations\/financement\/sources-de-revenus-admissibles\/#breadcrumb"},"inLanguage":"fr-FR","potentialAction":[{"@type":"ReadAction","target":["https:\/\/fnfa.ca\/fr\/pour-les-premieres-nations\/financement\/sources-de-revenus-admissibles\/"]}]},{"@type":"BreadcrumbList","@id":"https:\/\/fnfa.ca\/fr\/pour-les-premieres-nations\/financement\/sources-de-revenus-admissibles\/#breadcrumb","itemListElement":[{"@type":"ListItem","position":1,"name":"Home","item":"https:\/\/fnfa.ca\/fr\/"},{"@type":"ListItem","position":2,"name":"Pour les Premi\u00e8res Nations","item":"https:\/\/fnfa.ca\/fr\/pour-les-premieres-nations\/"},{"@type":"ListItem","position":3,"name":"Financement","item":"https:\/\/fnfa.ca\/fr\/pour-les-premieres-nations\/financement\/"},{"@type":"ListItem","position":4,"name":"Revenus et projets admissibles"}]},{"@type":"WebSite","@id":"https:\/\/fnfa.ca\/fr\/#website","url":"https:\/\/fnfa.ca\/fr\/","name":"FNFA","description":"First Nations Finance Authority","publisher":{"@id":"https:\/\/fnfa.ca\/fr\/#organization"},"potentialAction":[{"@type":"SearchAction","target":{"@type":"EntryPoint","urlTemplate":"https:\/\/fnfa.ca\/fr\/?s={search_term_string}"},"query-input":{"@type":"PropertyValueSpecification","valueRequired":true,"valueName":"search_term_string"}}],"inLanguage":"fr-FR"},{"@type":"Organization","@id":"https:\/\/fnfa.ca\/fr\/#organization","name":"First Nations Finance Authority","alternateName":"FNFA","url":"https:\/\/fnfa.ca\/fr\/","logo":{"@type":"ImageObject","inLanguage":"fr-FR","@id":"https:\/\/fnfa.ca\/fr\/#\/schema\/logo\/image\/","url":"https:\/\/fnfa.ca\/wp-content\/uploads\/2026\/02\/fnfa-logo.webp","contentUrl":"https:\/\/fnfa.ca\/wp-content\/uploads\/2026\/02\/fnfa-logo.webp","width":1500,"height":1500,"caption":"First Nations Finance Authority"},"image":{"@id":"https:\/\/fnfa.ca\/fr\/#\/schema\/logo\/image\/"},"sameAs":["https:\/\/www.facebook.com\/theFNFA\/"]}]}},"_links":{"self":[{"href":"https:\/\/fnfa.ca\/fr\/wp-json\/wp\/v2\/pages\/837","targetHints":{"allow":["GET"]}}],"collection":[{"href":"https:\/\/fnfa.ca\/fr\/wp-json\/wp\/v2\/pages"}],"about":[{"href":"https:\/\/fnfa.ca\/fr\/wp-json\/wp\/v2\/types\/page"}],"author":[{"embeddable":true,"href":"https:\/\/fnfa.ca\/fr\/wp-json\/wp\/v2\/users\/1"}],"replies":[{"embeddable":true,"href":"https:\/\/fnfa.ca\/fr\/wp-json\/wp\/v2\/comments?post=837"}],"version-history":[{"count":40,"href":"https:\/\/fnfa.ca\/fr\/wp-json\/wp\/v2\/pages\/837\/revisions"}],"predecessor-version":[{"id":4427,"href":"https:\/\/fnfa.ca\/fr\/wp-json\/wp\/v2\/pages\/837\/revisions\/4427"}],"up":[{"embeddable":true,"href":"https:\/\/fnfa.ca\/fr\/wp-json\/wp\/v2\/pages\/843"}],"wp:attachment":[{"href":"https:\/\/fnfa.ca\/fr\/wp-json\/wp\/v2\/media?parent=837"}],"curies":[{"name":"wp","href":"https:\/\/api.w.org\/{rel}","templated":true}]}}