{"id":841,"date":"2020-02-09T18:52:27","date_gmt":"2020-02-09T18:52:27","guid":{"rendered":"https:\/\/www.fnfa.dev4.oracastdev.com\/qui-sommes-nous\/media\/"},"modified":"2024-04-16T16:17:32","modified_gmt":"2024-04-16T16:17:32","slug":"media-archive","status":"publish","type":"page","link":"https:\/\/fnfa.ca\/fr\/qui-sommes-nous\/medias\/media-archive\/","title":{"rendered":"Archives des actualit\u00e9s et des m\u00e9dias"},"content":{"rendered":"<div class=\"row cntBlock col3block\" id=\"col3block-block_2339ea98441dc28a25156e142e9a8355\">\n\t\t\t\t\t\t\t\t<div class=\"col-12 col-lg-4\">\n\t\t\t\t\t\t\t\t\t\t\t\t<ul>\n<li><a href=\"https:\/\/fnfa.ca\/wp-content\/uploads\/2022\/06\/2022-06-30-FNFA_monetization_NewsRelease_FRE.pdf\" target=\"_blank\" rel=\"noopener\">L\u2019autorit\u00e9 financi\u00e8re des premi\u00e8res nations se r\u00e9jouit du soutien croissant accord\u00e9 \u00e0 une nouvelle m\u00e9thode pour acc\u00e9l\u00e9rer le financement des infrastructures autochtones<\/a><\/li>\n<li><a href=\"https:\/\/fnfa.ca\/wp-content\/uploads\/2022\/03\/2022-03-03-FNFA-News-Release_Debenture9_FRE.pdf\">L\u2019autorit\u00e9 financi\u00e8re des premi\u00e8res nations \u00e9met sa neuvi\u00e8me d\u00e9benture<\/a><\/li>\n<li><a href=\"https:\/\/fnfa.ca\/wp-content\/uploads\/2022\/01\/French-FNFA-Op-ed-Diesel-Fuel-could-be-replaced-quicker-for-Indigenous-communities-through-monetization.pdf\">La mon\u00e9tisation permettrait de remplacer plus rapidement le carburant diesel dans les collectivit\u00e9s autochtones<\/a><\/li>\n<li><a href=\"https:\/\/fnfa.ca\/wp-content\/uploads\/2021\/09\/2021-09-15_FNFA_Rating_PressRelease_DBRS_Morningstar-FRE.pdf\" target=\"_blank\" rel=\"noopener\">Le papier commercial de l\u2019Autorit\u00e9 financi\u00e8re des Premi\u00e8res Nations est cot\u00e9 par DBRS Morningstar<\/a><\/li>\n<li><a href=\"https:\/\/fnfa.ca\/wp-content\/uploads\/2021\/02\/Implementing-the-BC-Declaration-on-the-Rights-of-Indigenous-Peoples-Act-FRE.pdf\" target=\"_blank\" rel=\"noopener\">Ernie Daniels: Mise en \u0153uvre de la Loi sur la D\u00e9claration sur les droits des peuples autochtones de la Colombie-Britannique<\/a><\/li>\n<li><a href=\"https:\/\/fnfa.ca\/wp-content\/uploads\/2021\/01\/2021-14-01-_FNFA_PressRelease_debenture_FRE.pdf\" target=\"_blank\" rel=\"noopener\">La d\u00e9benture de 350 M$ de la FNFA vise 22 Premi\u00e8res Nations<\/a><\/li>\n<li><a href=\"https:\/\/fnfa.ca\/wp-content\/uploads\/2020\/12\/2020-12-02-_FNFA_PressRelease_1B_Milestone_FRE.pdf\" target=\"_blank\" rel=\"noopener\">L\u2019autorit\u00e9 Financi\u00e8re des Premi\u00e8res Nations franchit un jalon important avec plus de 1 g$ en pr\u00eats aux communaut\u00e9s autochtones<\/a><\/li>\n<\/ul>\n\t\t\t\t\t\t\t<\/div>\n\t\t\t\t\t\t\t\t\t\t\t<div class=\"col-12 col-lg-4\">\n\t\t\t\t\t\t\t\t\t\t\t\t<ul>\n<li><a href=\"https:\/\/fnfa.ca\/wp-content\/uploads\/2020\/12\/FNFA_op_ed_Nov_28_2020GandM_FNFA_FRE.pdf\" target=\"_blank\" rel=\"noopener\">Une meilleure fa\u00e7on pour le Canada de combler le d\u00e9ficit d\u2019infrastructures des Premi\u00e8res Nations<\/a><\/li>\n<li><a href=\"https:\/\/fnfa.ca\/wp-content\/uploads\/2020\/11\/2020-11-10-_FNFA_PressRelease_Clearwater-Final_FRE.pdf\" target=\"_blank\" rel=\"noopener\">FNFA f\u00e9licite la coalition des premi\u00e8res nations mi&rsquo;kmaq pour l\u2019achat historique de clearwater<\/a><\/li>\n<li><a href=\"https:\/\/fnfa.ca\/wp-content\/uploads\/2020\/06\/2020-06-09_FNFA_NewRelease_7thdebenture_FR-Final.pdf\" target=\"_blank\" rel=\"noopener\">La FNFA proc\u00e8de \u00e0 sa 7e \u00e9mission d\u2019obligations, sa plus importante \u00e9mission \u00e0 ce jour, levant 240 millions de dollars<\/a><\/li>\n<li><a href=\"https:\/\/fnfa.ca\/wp-content\/uploads\/2020\/06\/CIRNA-NewsRelease_FRE.pdf\" target=\"_blank\" rel=\"noopener\">Le gouvernement du Canada annonce une exemption d\u2019int\u00e9r\u00eats pour les Premi\u00e8res Nations par lebiais de l\u2019Autorit\u00e9 financi\u00e8re des Premi\u00e8res Nations<\/a><\/li>\n<li><a href=\"https:\/\/www.fnfa.dev4.oracastdev.com\/wp-content\/uploads\/2020\/02\/2020-01-30_FNFA_PressRelease_100th_Member_final.pdf\" target=\"_blank\" rel=\"noopener\">La FNFA accueille son 100e membre dans son pool d&#8217;emprunt unique en son genre (en anglais seulement)<\/a><\/li>\n<li><a href=\"http:\/\/nationtalk.ca\/story\/first-nations-finance-authority-fnfa-issues-its-largest-bond-to-date\" target=\"_blank\" rel=\"noopener\">L&rsquo;Autorit\u00e9 financi\u00e8re des Premi\u00e8res Nations (la FNFA) \u00e9met sa plus grosse obligation \u00e0 ce jour (en anglais seulement)<\/a><\/li>\n<li><a href=\"https:\/\/www.cbc.ca\/news\/canada\/manitoba\/indigenous-economic-impact-manitoba-1.4972605\" target=\"_blank\" rel=\"noopener noreferrer\">Les Autochtones ont inject\u00e9 9,3 G $ dans l&rsquo;\u00e9conomie du Manitoba en un an: rapport<\/a><\/li>\n<li><a href=\"https:\/\/fnfa.ca\/wp-content\/uploads\/2019\/04\/20190401_SaltRiverAdvisory.pdf\" target=\"_blank\" rel=\"noopener noreferrer\">Premi\u00e8re Nation de Salt River: Avis aux m\u00e9dias d&rsquo;un nouveau centre communautaire<\/a><\/li>\n<li><a href=\"https:\/\/fnfa.ca\/wp-content\/uploads\/2018\/10\/fntaa-live-drawings-fnfa.png\" target=\"_blank\" rel=\"noopener noreferrer\">Infographic created live during FNFA presentation at the FNTAA 2018 Conference, Songhees Wellness Centre<\/a><\/li>\n<\/ul>\n\t\t\t\t\t\t\t<\/div>\n\t\t\t\t\t\t\t\t\t\t\t<div class=\"col-12 col-lg-4\">\n\t\t\t\t\t\t\t\t\t\t\t\t<ul>\n<li><a href=\"https:\/\/fnfa.ca\/wp-content\/uploads\/2018\/09\/NBCFM-PSR-FNFA-Sep2018.pdf\" target=\"_blank\" rel=\"noopener noreferrer\">First Nations Finance Authority (FNFA) \u2014A continuing credit improvement story<\/a><\/li>\n<li><a href=\"https:\/\/fnfa.ca\/wp-content\/uploads\/2018\/09\/NBCFM-PSS-QH-6Sep2018.pdf\" target=\"_blank\" rel=\"noopener noreferrer\">Quick Hit \u2014 FNFA, a continuing credit improvement story<\/a><\/li>\n<li><a href=\"https:\/\/vimeo.com\/271893826\" target=\"_blank\" rel=\"noopener noreferrer\">Video: 2018 Governor General\u2019s Innovation Award laureate: First Nations Finance Authority \u2013 May 25th, 2018<\/a><\/li>\n<li><a href=\"https:\/\/fnfa.ca\/wp-content\/uploads\/2018\/05\/Public-Policy-Forum-2018-GGIA-booklet-FNFA-profile.pdf\" target=\"_blank\" rel=\"noopener noreferrer\">Public Policy Forum 2018 GGIA booklet<\/a><\/li>\n<li><a href=\"https:\/\/fnfa.ca\/wp-content\/uploads\/2017\/03\/FNFA-Bond-3-press-release-06-01-2016.pdf\" target=\"_blank\" rel=\"noopener noreferrer\">First Nations Finance Authority Bond 3 Press Release \u2013 June 1st, 2016<\/a><\/li>\n<li><a href=\"https:\/\/fnfa.ca\/wp-content\/uploads\/2017\/03\/Special-Report-First-Nations-Finance-Authority-July-2016.pdf\" target=\"_blank\" rel=\"noopener noreferrer\">Special Report: First Nations Finance Authority \u2013 July 19th, 2016<\/a><\/li>\n<li><a href=\"http:\/\/nationtalk.ca\/story\/the-first-nations-finance-authority-issues-106m-ca-in-loans-to-first-nations-2\">FNFA Press Release \u2013 July 17, 2015<\/a><\/li>\n<li><a href=\"http:\/\/nationtalk.ca\/story\/malahat-nation-purchases-525-hectares-of-land-tripling-the-size-of-their-nation\">Malahat Nation purchases 525 hectares of land, tripling the size of their Nation \u2013 July 17, 2015<\/a><\/li>\n<li><a href=\"https:\/\/fnfa.ca\/wp-content\/uploads\/2013\/10\/First-Nations-Finance-Authority-Press-Release-June-20-2014.pdf\">First Nations Finance Authority Press Release \u2013 June 20, 2014<\/a><\/li>\n<li><a href=\"https:\/\/fnfa.ca\/oldfiles\/en\/pdf\/media\/4.pdf\" target=\"_blank\" rel=\"noopener noreferrer\">Press Release \u2013 Osoyoos FNFMB, December 14, 2012<\/a><\/li>\n<li><a href=\"https:\/\/fnfa.ca\/oldfiles\/en\/pdf\/media\/3.pdf\" target=\"_blank\" rel=\"noopener noreferrer\">Press Release \u2013 Tzeachten Sept 14, 2012<\/a><\/li>\n<li><a href=\"https:\/\/fnfa.ca\/oldfiles\/en\/pdf\/media\/1.pdf\" target=\"_blank\" rel=\"noopener noreferrer\">Membertou First Nation \u2013 July 11, 2012<\/a><\/li>\n<li><a href=\"https:\/\/fnfa.ca\/oldfiles\/en\/pdf\/media\/2.pdf\" target=\"_blank\" rel=\"noopener noreferrer\">FNFA Inaugural Loan \u2013 July 11, 2012<\/a><\/li>\n<\/ul>\n\t\t\t\t\t\t\t<\/div>\n\t\t\t<\/div>\n","protected":false},"excerpt":{"rendered":"","protected":false},"author":1,"featured_media":0,"parent":2127,"menu_order":0,"comment_status":"closed","ping_status":"closed","template":"","meta":{"_acf_changed":false,"episode_type":"","audio_file":"","podmotor_file_id":"","podmotor_episode_id":"","cover_image":"","cover_image_id":"","duration":"","filesize":"","filesize_raw":"","date_recorded":"","explicit":"","block":"","itunes_episode_number":"","itunes_title":"","itunes_season_number":"","itunes_episode_type":"","footnotes":""},"class_list":["post-841","page","type-page","status-publish","hentry"],"acf":{"tagline":""},"yoast_head":"<!-- This site is optimized with the Yoast SEO plugin v27.4 - https:\/\/yoast.com\/product\/yoast-seo-wordpress\/ -->\n<title>Archives des actualit\u00e9s et des m\u00e9dias - FNFA<\/title>\n<meta name=\"robots\" content=\"index, follow, max-snippet:-1, max-image-preview:large, max-video-preview:-1\" \/>\n<link rel=\"canonical\" href=\"https:\/\/fnfa.ca\/fr\/qui-sommes-nous\/medias\/media-archive\/\" \/>\n<meta property=\"og:locale\" content=\"fr_FR\" \/>\n<meta property=\"og:type\" content=\"article\" \/>\n<meta property=\"og:title\" content=\"Archives des actualit\u00e9s et des m\u00e9dias - FNFA\" \/>\n<meta property=\"og:url\" content=\"https:\/\/fnfa.ca\/fr\/qui-sommes-nous\/medias\/media-archive\/\" \/>\n<meta property=\"og:site_name\" content=\"FNFA\" \/>\n<meta property=\"article:publisher\" content=\"https:\/\/www.facebook.com\/theFNFA\/\" \/>\n<meta property=\"article:modified_time\" content=\"2024-04-16T16:17:32+00:00\" \/>\n<meta property=\"og:image\" content=\"https:\/\/fnfa.ca\/wp-content\/uploads\/2026\/02\/fnfa-logo.webp\" \/>\n\t<meta property=\"og:image:width\" content=\"1500\" \/>\n\t<meta property=\"og:image:height\" content=\"1500\" \/>\n\t<meta property=\"og:image:type\" content=\"image\/webp\" \/>\n<meta name=\"twitter:card\" content=\"summary_large_image\" \/>\n<script type=\"application\/ld+json\" class=\"yoast-schema-graph\">{\"@context\":\"https:\\\/\\\/schema.org\",\"@graph\":[{\"@type\":\"WebPage\",\"@id\":\"https:\\\/\\\/fnfa.ca\\\/fr\\\/qui-sommes-nous\\\/medias\\\/media-archive\\\/\",\"url\":\"https:\\\/\\\/fnfa.ca\\\/fr\\\/qui-sommes-nous\\\/medias\\\/media-archive\\\/\",\"name\":\"Archives des actualit\u00e9s et des m\u00e9dias - FNFA\",\"isPartOf\":{\"@id\":\"https:\\\/\\\/fnfa.ca\\\/fr\\\/#website\"},\"datePublished\":\"2020-02-09T18:52:27+00:00\",\"dateModified\":\"2024-04-16T16:17:32+00:00\",\"breadcrumb\":{\"@id\":\"https:\\\/\\\/fnfa.ca\\\/fr\\\/qui-sommes-nous\\\/medias\\\/media-archive\\\/#breadcrumb\"},\"inLanguage\":\"fr-FR\",\"potentialAction\":[{\"@type\":\"ReadAction\",\"target\":[\"https:\\\/\\\/fnfa.ca\\\/fr\\\/qui-sommes-nous\\\/medias\\\/media-archive\\\/\"]}]},{\"@type\":\"BreadcrumbList\",\"@id\":\"https:\\\/\\\/fnfa.ca\\\/fr\\\/qui-sommes-nous\\\/medias\\\/media-archive\\\/#breadcrumb\",\"itemListElement\":[{\"@type\":\"ListItem\",\"position\":1,\"name\":\"Home\",\"item\":\"https:\\\/\\\/fnfa.ca\\\/fr\\\/\"},{\"@type\":\"ListItem\",\"position\":2,\"name\":\"\u00c0 propos de nous\",\"item\":\"https:\\\/\\\/fnfa.ca\\\/fr\\\/qui-sommes-nous\\\/\"},{\"@type\":\"ListItem\",\"position\":3,\"name\":\"Actualit\u00e9s et m\u00e9dias\",\"item\":\"https:\\\/\\\/fnfa.ca\\\/fr\\\/qui-sommes-nous\\\/medias\\\/\"},{\"@type\":\"ListItem\",\"position\":4,\"name\":\"Archives des actualit\u00e9s et des m\u00e9dias\"}]},{\"@type\":\"WebSite\",\"@id\":\"https:\\\/\\\/fnfa.ca\\\/fr\\\/#website\",\"url\":\"https:\\\/\\\/fnfa.ca\\\/fr\\\/\",\"name\":\"FNFA\",\"description\":\"First Nations Finance Authority\",\"publisher\":{\"@id\":\"https:\\\/\\\/fnfa.ca\\\/fr\\\/#organization\"},\"potentialAction\":[{\"@type\":\"SearchAction\",\"target\":{\"@type\":\"EntryPoint\",\"urlTemplate\":\"https:\\\/\\\/fnfa.ca\\\/fr\\\/?s={search_term_string}\"},\"query-input\":{\"@type\":\"PropertyValueSpecification\",\"valueRequired\":true,\"valueName\":\"search_term_string\"}}],\"inLanguage\":\"fr-FR\"},{\"@type\":\"Organization\",\"@id\":\"https:\\\/\\\/fnfa.ca\\\/fr\\\/#organization\",\"name\":\"First Nations Finance Authority\",\"alternateName\":\"FNFA\",\"url\":\"https:\\\/\\\/fnfa.ca\\\/fr\\\/\",\"logo\":{\"@type\":\"ImageObject\",\"inLanguage\":\"fr-FR\",\"@id\":\"https:\\\/\\\/fnfa.ca\\\/fr\\\/#\\\/schema\\\/logo\\\/image\\\/\",\"url\":\"https:\\\/\\\/fnfa.ca\\\/wp-content\\\/uploads\\\/2026\\\/02\\\/fnfa-logo.webp\",\"contentUrl\":\"https:\\\/\\\/fnfa.ca\\\/wp-content\\\/uploads\\\/2026\\\/02\\\/fnfa-logo.webp\",\"width\":1500,\"height\":1500,\"caption\":\"First Nations Finance Authority\"},\"image\":{\"@id\":\"https:\\\/\\\/fnfa.ca\\\/fr\\\/#\\\/schema\\\/logo\\\/image\\\/\"},\"sameAs\":[\"https:\\\/\\\/www.facebook.com\\\/theFNFA\\\/\"]}]}<\/script>\n<!-- \/ Yoast SEO plugin. -->","yoast_head_json":{"title":"Archives des actualit\u00e9s et des m\u00e9dias - FNFA","robots":{"index":"index","follow":"follow","max-snippet":"max-snippet:-1","max-image-preview":"max-image-preview:large","max-video-preview":"max-video-preview:-1"},"canonical":"https:\/\/fnfa.ca\/fr\/qui-sommes-nous\/medias\/media-archive\/","og_locale":"fr_FR","og_type":"article","og_title":"Archives des actualit\u00e9s et des m\u00e9dias - FNFA","og_url":"https:\/\/fnfa.ca\/fr\/qui-sommes-nous\/medias\/media-archive\/","og_site_name":"FNFA","article_publisher":"https:\/\/www.facebook.com\/theFNFA\/","article_modified_time":"2024-04-16T16:17:32+00:00","og_image":[{"width":1500,"height":1500,"url":"https:\/\/fnfa.ca\/wp-content\/uploads\/2026\/02\/fnfa-logo.webp","type":"image\/webp"}],"twitter_card":"summary_large_image","schema":{"@context":"https:\/\/schema.org","@graph":[{"@type":"WebPage","@id":"https:\/\/fnfa.ca\/fr\/qui-sommes-nous\/medias\/media-archive\/","url":"https:\/\/fnfa.ca\/fr\/qui-sommes-nous\/medias\/media-archive\/","name":"Archives des actualit\u00e9s et des m\u00e9dias - FNFA","isPartOf":{"@id":"https:\/\/fnfa.ca\/fr\/#website"},"datePublished":"2020-02-09T18:52:27+00:00","dateModified":"2024-04-16T16:17:32+00:00","breadcrumb":{"@id":"https:\/\/fnfa.ca\/fr\/qui-sommes-nous\/medias\/media-archive\/#breadcrumb"},"inLanguage":"fr-FR","potentialAction":[{"@type":"ReadAction","target":["https:\/\/fnfa.ca\/fr\/qui-sommes-nous\/medias\/media-archive\/"]}]},{"@type":"BreadcrumbList","@id":"https:\/\/fnfa.ca\/fr\/qui-sommes-nous\/medias\/media-archive\/#breadcrumb","itemListElement":[{"@type":"ListItem","position":1,"name":"Home","item":"https:\/\/fnfa.ca\/fr\/"},{"@type":"ListItem","position":2,"name":"\u00c0 propos de nous","item":"https:\/\/fnfa.ca\/fr\/qui-sommes-nous\/"},{"@type":"ListItem","position":3,"name":"Actualit\u00e9s et m\u00e9dias","item":"https:\/\/fnfa.ca\/fr\/qui-sommes-nous\/medias\/"},{"@type":"ListItem","position":4,"name":"Archives des actualit\u00e9s et des m\u00e9dias"}]},{"@type":"WebSite","@id":"https:\/\/fnfa.ca\/fr\/#website","url":"https:\/\/fnfa.ca\/fr\/","name":"FNFA","description":"First Nations Finance Authority","publisher":{"@id":"https:\/\/fnfa.ca\/fr\/#organization"},"potentialAction":[{"@type":"SearchAction","target":{"@type":"EntryPoint","urlTemplate":"https:\/\/fnfa.ca\/fr\/?s={search_term_string}"},"query-input":{"@type":"PropertyValueSpecification","valueRequired":true,"valueName":"search_term_string"}}],"inLanguage":"fr-FR"},{"@type":"Organization","@id":"https:\/\/fnfa.ca\/fr\/#organization","name":"First Nations Finance Authority","alternateName":"FNFA","url":"https:\/\/fnfa.ca\/fr\/","logo":{"@type":"ImageObject","inLanguage":"fr-FR","@id":"https:\/\/fnfa.ca\/fr\/#\/schema\/logo\/image\/","url":"https:\/\/fnfa.ca\/wp-content\/uploads\/2026\/02\/fnfa-logo.webp","contentUrl":"https:\/\/fnfa.ca\/wp-content\/uploads\/2026\/02\/fnfa-logo.webp","width":1500,"height":1500,"caption":"First Nations Finance Authority"},"image":{"@id":"https:\/\/fnfa.ca\/fr\/#\/schema\/logo\/image\/"},"sameAs":["https:\/\/www.facebook.com\/theFNFA\/"]}]}},"_links":{"self":[{"href":"https:\/\/fnfa.ca\/fr\/wp-json\/wp\/v2\/pages\/841","targetHints":{"allow":["GET"]}}],"collection":[{"href":"https:\/\/fnfa.ca\/fr\/wp-json\/wp\/v2\/pages"}],"about":[{"href":"https:\/\/fnfa.ca\/fr\/wp-json\/wp\/v2\/types\/page"}],"author":[{"embeddable":true,"href":"https:\/\/fnfa.ca\/fr\/wp-json\/wp\/v2\/users\/1"}],"replies":[{"embeddable":true,"href":"https:\/\/fnfa.ca\/fr\/wp-json\/wp\/v2\/comments?post=841"}],"version-history":[{"count":45,"href":"https:\/\/fnfa.ca\/fr\/wp-json\/wp\/v2\/pages\/841\/revisions"}],"predecessor-version":[{"id":10196,"href":"https:\/\/fnfa.ca\/fr\/wp-json\/wp\/v2\/pages\/841\/revisions\/10196"}],"up":[{"embeddable":true,"href":"https:\/\/fnfa.ca\/fr\/wp-json\/wp\/v2\/pages\/2127"}],"wp:attachment":[{"href":"https:\/\/fnfa.ca\/fr\/wp-json\/wp\/v2\/media?parent=841"}],"curies":[{"name":"wp","href":"https:\/\/api.w.org\/{rel}","templated":true}]}}