{"id":857,"date":"2019-12-12T00:12:43","date_gmt":"2019-12-12T00:12:43","guid":{"rendered":"https:\/\/www.fnfa.dev4.oracastdev.com\/qui-sommes-nous\/lois-et-reglements\/"},"modified":"2021-06-17T18:19:50","modified_gmt":"2021-06-17T18:19:50","slug":"lequipe-de-gestion-et-le-personnel","status":"publish","type":"page","link":"https:\/\/fnfa.ca\/fr\/qui-sommes-nous\/lequipe-de-gestion-et-le-personnel\/","title":{"rendered":"Loi sur la gestion financi\u00e8re des Premi\u00e8res Nations"},"content":{"rendered":"\n<div class=\"wp-block-image\"><figure class=\"aligncenter size-large\"><img decoding=\"async\" width=\"1024\" height=\"319\" src=\"https:\/\/fnfa.ca\/wp-content\/uploads\/2020\/04\/final-03-1024x319.png\" alt=\"\" class=\"wp-image-3049\" srcset=\"https:\/\/fnfa.ca\/wp-content\/uploads\/2020\/04\/final-03-1024x319.png 1024w, https:\/\/fnfa.ca\/wp-content\/uploads\/2020\/04\/final-03-300x93.png 300w, https:\/\/fnfa.ca\/wp-content\/uploads\/2020\/04\/final-03-768x239.png 768w, https:\/\/fnfa.ca\/wp-content\/uploads\/2020\/04\/final-03-1536x478.png 1536w, https:\/\/fnfa.ca\/wp-content\/uploads\/2020\/04\/final-03-2048x638.png 2048w\" sizes=\"(max-width: 1024px) 100vw, 1024px\" \/><\/figure><\/div>\n\n\n<div class=\"row cntBlock col2block\" id=\"col2block-block_5e29bb44fca70\">\n\t\t\t\t\t\t\t\t<div class=\"col-12 col-lg-6\">\n\t\t\t\t\t\t\t\t\t\t\t\t<p><strong>La FNFA a \u00e9t\u00e9 \u00e9tablie<\/strong> par la<em> Loi sur la gestion financi\u00e8re des Premi\u00e8res Nations<\/em> (LGFPN) en 2005. \u00ab\u2009Il est entendu que la pr\u00e9sente loi ne porte pas atteinte aux droits existants \u2014 ancestraux ou issus de trait\u00e9s \u2014 des peuples autochtones du Canada vis\u00e9s \u00e0 l\u2019article 35 de la Loi constitutionnelle de 1982.\u2009\u00bb<\/p>\n<p><strong>Cette loi a \u00e9galement \u00e9tabli<\/strong> deux autres institutions : la Commission de fiscalit\u00e9 des Premi\u00e8res Nations (CFPN) et le Conseil de gestion financi\u00e8re des Premi\u00e8res Nations (CGF). Entre autres \u00e9l\u00e9ments, la l\u00e9gislation d\u00e9finit un cadre r\u00e9glementaire touchant les processus pour travailler avec une ou toutes ces organisations.<\/p>\n\t\t\t\t\t\t\t<\/div>\n\t\t\t\t\t\t\t\t\t\t\t<div class=\"col-12 col-lg-6\">\n\t\t\t\t\t\t\t\t\t\t\t\t<p><strong>Toutes les Premi\u00e8res Nations<\/strong> qui postulent pour devenir membre emprunteur de la FNFA et \u00e0 soutenir leurs pr\u00eats \u00e0 l\u2019aide de revenus autonomes doivent d\u2019abord travailler avec le CGF. Cependant, la FNFA peut fournir des mod\u00e8les \u00e0 une Premi\u00e8re Nation pour aider \u00e0 d\u00e9marrer le processus d\u2019adh\u00e9sion.<\/p>\n<p><strong>Les Premi\u00e8res Nations<\/strong> qui appliquent un r\u00e9gime d\u2019imp\u00f4t foncier et qui souhaitent emprunter aupr\u00e8s de la FNFA sur la base de revenus d\u2019imp\u00f4t foncier doivent travailler avec le CGF et la CFPN. Les textes de la LGFPN et des r\u00e8glements associ\u00e9s sont disponibles<a href=\"https:\/\/www.fnfa.ca\/fr\/qui-sommes-nous\/liens\/\"> ici<\/a>.<\/p>\n\t\t\t\t\t\t\t<\/div>\n\t\t\t<\/div>\n","protected":false},"excerpt":{"rendered":"","protected":false},"author":1,"featured_media":0,"parent":752,"menu_order":0,"comment_status":"closed","ping_status":"closed","template":"","meta":{"_acf_changed":false,"episode_type":"","audio_file":"","podmotor_file_id":"","podmotor_episode_id":"","cover_image":"","cover_image_id":"","duration":"","filesize":"","filesize_raw":"","date_recorded":"","explicit":"","block":"","itunes_episode_number":"","itunes_title":"","itunes_season_number":"","itunes_episode_type":"","footnotes":""},"class_list":["post-857","page","type-page","status-publish","hentry"],"acf":{"tagline":""},"yoast_head":"<!-- This site is optimized with the Yoast SEO plugin v27.4 - https:\/\/yoast.com\/product\/yoast-seo-wordpress\/ -->\n<title>Loi sur la gestion financi\u00e8re des Premi\u00e8res Nations - FNFA<\/title>\n<meta name=\"robots\" content=\"index, follow, max-snippet:-1, max-image-preview:large, max-video-preview:-1\" \/>\n<link rel=\"canonical\" href=\"https:\/\/fnfa.ca\/fr\/qui-sommes-nous\/lequipe-de-gestion-et-le-personnel\/\" \/>\n<meta property=\"og:locale\" content=\"fr_FR\" \/>\n<meta property=\"og:type\" content=\"article\" \/>\n<meta property=\"og:title\" content=\"Loi sur la gestion financi\u00e8re des Premi\u00e8res Nations - FNFA\" \/>\n<meta property=\"og:url\" content=\"https:\/\/fnfa.ca\/fr\/qui-sommes-nous\/lequipe-de-gestion-et-le-personnel\/\" \/>\n<meta property=\"og:site_name\" content=\"FNFA\" \/>\n<meta property=\"article:publisher\" content=\"https:\/\/www.facebook.com\/theFNFA\/\" \/>\n<meta property=\"article:modified_time\" content=\"2021-06-17T18:19:50+00:00\" \/>\n<meta property=\"og:image\" content=\"https:\/\/fnfa.ca\/wp-content\/uploads\/2026\/02\/fnfa-logo.webp\" \/>\n\t<meta property=\"og:image:width\" content=\"1500\" \/>\n\t<meta property=\"og:image:height\" content=\"1500\" \/>\n\t<meta property=\"og:image:type\" content=\"image\/webp\" \/>\n<meta name=\"twitter:card\" content=\"summary_large_image\" \/>\n<meta name=\"twitter:label1\" content=\"Dur\u00e9e de lecture estim\u00e9e\" \/>\n\t<meta name=\"twitter:data1\" content=\"1 minute\" \/>\n<script type=\"application\/ld+json\" class=\"yoast-schema-graph\">{\"@context\":\"https:\\\/\\\/schema.org\",\"@graph\":[{\"@type\":\"WebPage\",\"@id\":\"https:\\\/\\\/fnfa.ca\\\/fr\\\/qui-sommes-nous\\\/lequipe-de-gestion-et-le-personnel\\\/\",\"url\":\"https:\\\/\\\/fnfa.ca\\\/fr\\\/qui-sommes-nous\\\/lequipe-de-gestion-et-le-personnel\\\/\",\"name\":\"Loi sur la gestion financi\u00e8re des Premi\u00e8res Nations - FNFA\",\"isPartOf\":{\"@id\":\"https:\\\/\\\/fnfa.ca\\\/fr\\\/#website\"},\"primaryImageOfPage\":{\"@id\":\"https:\\\/\\\/fnfa.ca\\\/fr\\\/qui-sommes-nous\\\/lequipe-de-gestion-et-le-personnel\\\/#primaryimage\"},\"image\":{\"@id\":\"https:\\\/\\\/fnfa.ca\\\/fr\\\/qui-sommes-nous\\\/lequipe-de-gestion-et-le-personnel\\\/#primaryimage\"},\"thumbnailUrl\":\"https:\\\/\\\/fnfa.ca\\\/wp-content\\\/uploads\\\/2020\\\/04\\\/final-03-1024x319.png\",\"datePublished\":\"2019-12-12T00:12:43+00:00\",\"dateModified\":\"2021-06-17T18:19:50+00:00\",\"breadcrumb\":{\"@id\":\"https:\\\/\\\/fnfa.ca\\\/fr\\\/qui-sommes-nous\\\/lequipe-de-gestion-et-le-personnel\\\/#breadcrumb\"},\"inLanguage\":\"fr-FR\",\"potentialAction\":[{\"@type\":\"ReadAction\",\"target\":[\"https:\\\/\\\/fnfa.ca\\\/fr\\\/qui-sommes-nous\\\/lequipe-de-gestion-et-le-personnel\\\/\"]}]},{\"@type\":\"ImageObject\",\"inLanguage\":\"fr-FR\",\"@id\":\"https:\\\/\\\/fnfa.ca\\\/fr\\\/qui-sommes-nous\\\/lequipe-de-gestion-et-le-personnel\\\/#primaryimage\",\"url\":\"https:\\\/\\\/fnfa.ca\\\/wp-content\\\/uploads\\\/2020\\\/04\\\/final-03-1024x319.png\",\"contentUrl\":\"https:\\\/\\\/fnfa.ca\\\/wp-content\\\/uploads\\\/2020\\\/04\\\/final-03-1024x319.png\"},{\"@type\":\"BreadcrumbList\",\"@id\":\"https:\\\/\\\/fnfa.ca\\\/fr\\\/qui-sommes-nous\\\/lequipe-de-gestion-et-le-personnel\\\/#breadcrumb\",\"itemListElement\":[{\"@type\":\"ListItem\",\"position\":1,\"name\":\"Home\",\"item\":\"https:\\\/\\\/fnfa.ca\\\/fr\\\/\"},{\"@type\":\"ListItem\",\"position\":2,\"name\":\"\u00c0 propos de nous\",\"item\":\"https:\\\/\\\/fnfa.ca\\\/fr\\\/qui-sommes-nous\\\/\"},{\"@type\":\"ListItem\",\"position\":3,\"name\":\"Loi sur la gestion financi\u00e8re des Premi\u00e8res Nations\"}]},{\"@type\":\"WebSite\",\"@id\":\"https:\\\/\\\/fnfa.ca\\\/fr\\\/#website\",\"url\":\"https:\\\/\\\/fnfa.ca\\\/fr\\\/\",\"name\":\"FNFA\",\"description\":\"First Nations Finance Authority\",\"publisher\":{\"@id\":\"https:\\\/\\\/fnfa.ca\\\/fr\\\/#organization\"},\"potentialAction\":[{\"@type\":\"SearchAction\",\"target\":{\"@type\":\"EntryPoint\",\"urlTemplate\":\"https:\\\/\\\/fnfa.ca\\\/fr\\\/?s={search_term_string}\"},\"query-input\":{\"@type\":\"PropertyValueSpecification\",\"valueRequired\":true,\"valueName\":\"search_term_string\"}}],\"inLanguage\":\"fr-FR\"},{\"@type\":\"Organization\",\"@id\":\"https:\\\/\\\/fnfa.ca\\\/fr\\\/#organization\",\"name\":\"First Nations Finance Authority\",\"alternateName\":\"FNFA\",\"url\":\"https:\\\/\\\/fnfa.ca\\\/fr\\\/\",\"logo\":{\"@type\":\"ImageObject\",\"inLanguage\":\"fr-FR\",\"@id\":\"https:\\\/\\\/fnfa.ca\\\/fr\\\/#\\\/schema\\\/logo\\\/image\\\/\",\"url\":\"https:\\\/\\\/fnfa.ca\\\/wp-content\\\/uploads\\\/2026\\\/02\\\/fnfa-logo.webp\",\"contentUrl\":\"https:\\\/\\\/fnfa.ca\\\/wp-content\\\/uploads\\\/2026\\\/02\\\/fnfa-logo.webp\",\"width\":1500,\"height\":1500,\"caption\":\"First Nations Finance Authority\"},\"image\":{\"@id\":\"https:\\\/\\\/fnfa.ca\\\/fr\\\/#\\\/schema\\\/logo\\\/image\\\/\"},\"sameAs\":[\"https:\\\/\\\/www.facebook.com\\\/theFNFA\\\/\"]}]}<\/script>\n<!-- \/ Yoast SEO plugin. -->","yoast_head_json":{"title":"Loi sur la gestion financi\u00e8re des Premi\u00e8res Nations - FNFA","robots":{"index":"index","follow":"follow","max-snippet":"max-snippet:-1","max-image-preview":"max-image-preview:large","max-video-preview":"max-video-preview:-1"},"canonical":"https:\/\/fnfa.ca\/fr\/qui-sommes-nous\/lequipe-de-gestion-et-le-personnel\/","og_locale":"fr_FR","og_type":"article","og_title":"Loi sur la gestion financi\u00e8re des Premi\u00e8res Nations - FNFA","og_url":"https:\/\/fnfa.ca\/fr\/qui-sommes-nous\/lequipe-de-gestion-et-le-personnel\/","og_site_name":"FNFA","article_publisher":"https:\/\/www.facebook.com\/theFNFA\/","article_modified_time":"2021-06-17T18:19:50+00:00","og_image":[{"url":"https:\/\/fnfa.ca\/wp-content\/uploads\/2026\/02\/fnfa-logo.webp","type":"image\/webp","width":1500,"height":1500}],"twitter_card":"summary_large_image","twitter_misc":{"Dur\u00e9e de lecture estim\u00e9e":"1 minute"},"schema":{"@context":"https:\/\/schema.org","@graph":[{"@type":"WebPage","@id":"https:\/\/fnfa.ca\/fr\/qui-sommes-nous\/lequipe-de-gestion-et-le-personnel\/","url":"https:\/\/fnfa.ca\/fr\/qui-sommes-nous\/lequipe-de-gestion-et-le-personnel\/","name":"Loi sur la gestion financi\u00e8re des Premi\u00e8res Nations - FNFA","isPartOf":{"@id":"https:\/\/fnfa.ca\/fr\/#website"},"primaryImageOfPage":{"@id":"https:\/\/fnfa.ca\/fr\/qui-sommes-nous\/lequipe-de-gestion-et-le-personnel\/#primaryimage"},"image":{"@id":"https:\/\/fnfa.ca\/fr\/qui-sommes-nous\/lequipe-de-gestion-et-le-personnel\/#primaryimage"},"thumbnailUrl":"https:\/\/fnfa.ca\/wp-content\/uploads\/2020\/04\/final-03-1024x319.png","datePublished":"2019-12-12T00:12:43+00:00","dateModified":"2021-06-17T18:19:50+00:00","breadcrumb":{"@id":"https:\/\/fnfa.ca\/fr\/qui-sommes-nous\/lequipe-de-gestion-et-le-personnel\/#breadcrumb"},"inLanguage":"fr-FR","potentialAction":[{"@type":"ReadAction","target":["https:\/\/fnfa.ca\/fr\/qui-sommes-nous\/lequipe-de-gestion-et-le-personnel\/"]}]},{"@type":"ImageObject","inLanguage":"fr-FR","@id":"https:\/\/fnfa.ca\/fr\/qui-sommes-nous\/lequipe-de-gestion-et-le-personnel\/#primaryimage","url":"https:\/\/fnfa.ca\/wp-content\/uploads\/2020\/04\/final-03-1024x319.png","contentUrl":"https:\/\/fnfa.ca\/wp-content\/uploads\/2020\/04\/final-03-1024x319.png"},{"@type":"BreadcrumbList","@id":"https:\/\/fnfa.ca\/fr\/qui-sommes-nous\/lequipe-de-gestion-et-le-personnel\/#breadcrumb","itemListElement":[{"@type":"ListItem","position":1,"name":"Home","item":"https:\/\/fnfa.ca\/fr\/"},{"@type":"ListItem","position":2,"name":"\u00c0 propos de nous","item":"https:\/\/fnfa.ca\/fr\/qui-sommes-nous\/"},{"@type":"ListItem","position":3,"name":"Loi sur la gestion financi\u00e8re des Premi\u00e8res Nations"}]},{"@type":"WebSite","@id":"https:\/\/fnfa.ca\/fr\/#website","url":"https:\/\/fnfa.ca\/fr\/","name":"FNFA","description":"First Nations Finance Authority","publisher":{"@id":"https:\/\/fnfa.ca\/fr\/#organization"},"potentialAction":[{"@type":"SearchAction","target":{"@type":"EntryPoint","urlTemplate":"https:\/\/fnfa.ca\/fr\/?s={search_term_string}"},"query-input":{"@type":"PropertyValueSpecification","valueRequired":true,"valueName":"search_term_string"}}],"inLanguage":"fr-FR"},{"@type":"Organization","@id":"https:\/\/fnfa.ca\/fr\/#organization","name":"First Nations Finance Authority","alternateName":"FNFA","url":"https:\/\/fnfa.ca\/fr\/","logo":{"@type":"ImageObject","inLanguage":"fr-FR","@id":"https:\/\/fnfa.ca\/fr\/#\/schema\/logo\/image\/","url":"https:\/\/fnfa.ca\/wp-content\/uploads\/2026\/02\/fnfa-logo.webp","contentUrl":"https:\/\/fnfa.ca\/wp-content\/uploads\/2026\/02\/fnfa-logo.webp","width":1500,"height":1500,"caption":"First Nations Finance Authority"},"image":{"@id":"https:\/\/fnfa.ca\/fr\/#\/schema\/logo\/image\/"},"sameAs":["https:\/\/www.facebook.com\/theFNFA\/"]}]}},"_links":{"self":[{"href":"https:\/\/fnfa.ca\/fr\/wp-json\/wp\/v2\/pages\/857","targetHints":{"allow":["GET"]}}],"collection":[{"href":"https:\/\/fnfa.ca\/fr\/wp-json\/wp\/v2\/pages"}],"about":[{"href":"https:\/\/fnfa.ca\/fr\/wp-json\/wp\/v2\/types\/page"}],"author":[{"embeddable":true,"href":"https:\/\/fnfa.ca\/fr\/wp-json\/wp\/v2\/users\/1"}],"replies":[{"embeddable":true,"href":"https:\/\/fnfa.ca\/fr\/wp-json\/wp\/v2\/comments?post=857"}],"version-history":[{"count":37,"href":"https:\/\/fnfa.ca\/fr\/wp-json\/wp\/v2\/pages\/857\/revisions"}],"predecessor-version":[{"id":6545,"href":"https:\/\/fnfa.ca\/fr\/wp-json\/wp\/v2\/pages\/857\/revisions\/6545"}],"up":[{"embeddable":true,"href":"https:\/\/fnfa.ca\/fr\/wp-json\/wp\/v2\/pages\/752"}],"wp:attachment":[{"href":"https:\/\/fnfa.ca\/fr\/wp-json\/wp\/v2\/media?parent=857"}],"curies":[{"name":"wp","href":"https:\/\/api.w.org\/{rel}","templated":true}]}}