{"id":867,"date":"2020-02-10T02:42:03","date_gmt":"2020-02-10T02:42:03","guid":{"rendered":"https:\/\/www.fnfa.dev4.oracastdev.com\/qui-sommes-nous\/but-et-mission\/"},"modified":"2025-12-15T11:10:37","modified_gmt":"2025-12-15T19:10:37","slug":"but-et-mission","status":"publish","type":"page","link":"https:\/\/fnfa.ca\/fr\/qui-sommes-nous\/but-et-mission\/","title":{"rendered":"Histoire et r\u00e9sum\u00e9"},"content":{"rendered":"<div class=\"row rowCenter cntBlock  colsplit\" id=\"colsplit-block_5e57eef04317d\" style=\"z-index:0\">\n  <div class=\"col-12 col-lg-8 order-2\">\n    <h2><\/h2>\n    <h3><em>Notre \u00e9nonc\u00e9 de mission est : aider les communaut\u00e9s autochtones \u00e0 b\u00e2tir leur avenir \u00e0 leur propre mani\u00e8re.<\/em><\/h3>\n\t  <\/div>\n  <div class=\"col-12 col-lg-4 order-1\">\n\t  \t  <img decoding=\"async\" src=\"https:\/\/fnfa.ca\/wp-content\/uploads\/2020\/02\/eligible-revenue-projects2.jpg\" alt=\"\" \/>\n\t    <\/div>\n<\/div>\n\n<div class=\"row cntBlock col2block\" id=\"col2block-block_5e274d861adc2\">\n\t\t\t\t\t\t\t\t<div class=\"col-12 col-lg-6\">\n\t\t\t\t\t\t\t\t\t\t\t\t<h3>Notre histoire<\/h3>\n\t\t\t\t\t\t\t\t<p>Notre histoire a commenc\u00e9 en 1992 lorsqu\u2019un groupe de dirigeants des Premi\u00e8res Nations a envisag\u00e9 une institution sans but lucratif d\u00e9tenue et contr\u00f4l\u00e9e par des Autochtones. Leur concept \u00e9tait de fournir \u00e0 tous les gouvernements des Premi\u00e8res Nations et autochtones, les m\u00eames instruments financiers que les autres ordres de gouvernement au Canada ont \u00e0 leur disposition pour b\u00e2tir des communaut\u00e9s s\u00e9curitaires, saines et prosp\u00e8res.<\/p>\n<p>En 2005, la FNFA a \u00e9t\u00e9 cr\u00e9\u00e9e et a re\u00e7u la sanction royale en vertu de la <em>Loi sur la gestion financi\u00e8re des Premi\u00e8res Nations <\/em>(LGFPN). La Loi a \u00e9t\u00e9 modifi\u00e9e en 2011 par le <em>R\u00e8glement sur le financement garanti par d\u2019autres recettes.<\/em> La Loi et le R\u00e8glement ont mandat\u00e9 la FNFA pour lever des fonds (\u00e0 court terme et \u00e0 long terme) pour ses membres. La FNFA est une autorit\u00e9 sans but lucratif dont l\u2019adh\u00e9sion est ouverte \u00e0 toutes les Premi\u00e8res Nations du Canada \u2014 grandes ou petites, urbaines ou \u00e9loign\u00e9es, riches en ressources ou non.<\/p>\n\t\t\t\t\t\t\t<\/div>\n\t\t\t\t\t\t\t\t\t\t\t<div class=\"col-12 col-lg-6\">\n\t\t\t\t\t\t\t\t\t\t\t\t<h3>Notre mission et mandat<\/h3>\n\t\t\t\t\t\t\t\t<p>Notre mission est d\u2019aider les communaut\u00e9s des Premi\u00e8res Nations \u00e0 b\u00e2tir leur propre avenir selon leurs propres termes, aux meilleurs tarifs et conditions.<\/p>\n<p>Notre mandat, comme \u00e9tabli dans la <em>Loi sur la gestion financi\u00e8re des Premi\u00e8res Nations<\/em> et les r\u00e8glements connexes, est de fournir des <em>services de financement, d\u2019investissement et de conseil<\/em> aux gouvernements des Premi\u00e8res Nations du Canada qui adh\u00e8rent volontairement \u00e0 la Loi.<\/p>\n\t\t\t\t\t\t\t<\/div>\n\t\t\t<\/div>\n\n\n<div class=\"row cntBlock stackblock\" id=\"stackblock-block_4bb1fa6d633f921ca34f801350ff13d1\">\n\t<div class=\"col-12 col-lg-5 offset-lg-1 order-1 order-lg-2\">\n\t\t<div class=\"stackImg\">\n\t\t\t<img decoding=\"async\" src=\"https:\/\/fnfa.ca\/wp-content\/uploads\/2020\/09\/about-the-fnfa.jpg\" alt=\"\" \/>\n\t\t<\/div>\n\t<\/div>\n\t<div class=\"col-12 col-lg-6 order-2 order-lg-1\">\n\t\t<h3><\/h3>\n\t\t<p><strong>L\u2019Autorit\u00e9 financi\u00e8re des Premi\u00e8res Nations (la FNFA) <\/strong>est une organisation \u00e0 but non lucratif et sans capital-actions, form\u00e9e en 2005 en vertu de la <em>Loi sur la gestion financi\u00e8re des Premi\u00e8res Nations<\/em><i>.<\/i> Elle a pour buts d\u2019offrir aux gouvernements des Premi\u00e8res Nations des options de placement, des conseils en planification de capital, et surtout, l\u2019acc\u00e8s \u00e0 des pr\u00eats \u00e0 long terme avec des taux d\u2019int\u00e9r\u00eat avantageux. Ni une agence, ni une soci\u00e9t\u00e9 de la Couronne, la FNFA est contr\u00f4l\u00e9e exclusivement par les Premi\u00e8res Nations qui s\u2019y joignent en tant que membres emprunteurs.<\/p>\n\t\t\t\t\t<a href=\"https:\/\/fnfa.ca\/wp-content\/uploads\/2022\/03\/220228-FNFA-brochure-singles-fre.pdf\" target=\"_blank\" class=\"btn\" style=\"background:#14A5A1\">lire notre brochure<\/a>\n\t\t\t<\/div>\n<\/div>\n\n\n<div class=\"row cntBlock stackblock\" id=\"stackblock-block_29ab685bae85d7ffa709b8c241761fb3\">\n\t<div class=\"col-12 col-lg-5 order-1\">\n\t\t<div class=\"stackImg\">\n\t\t\t<img decoding=\"async\" src=\"https:\/\/fnfa.ca\/wp-content\/uploads\/2020\/02\/about-fnfa2.jpg\" alt=\"\" \/>\n\t\t<\/div>\n\t<\/div>\n\t<div class=\"col-12 col-lg-6 offset-lg-1 order-2\">\n\t\t<h3><\/h3>\n\t\t<p><strong>Les avantages de se joindre \u00e0 la FNFA<\/strong> comme membre emprunteur sont les suivants:<\/p>\n<ol>\n<li>Acc\u00e8s \u00e0 de bas taux d\u2019int\u00e9r\u00eat, sous le taux pr\u00e9f\u00e9rentiel bancaire, avec amortissement jusqu\u2019\u00e0 30 ans ;<\/li>\n<li>Dur\u00e9e d\u2019amortissement d\u00e9termin\u00e9e par la communaut\u00e9 emprunteuse en fonction de sa capacit\u00e9 budg\u00e9taire ;<\/li>\n<li>Aucun collat\u00e9ral exig\u00e9 par la FNFA ;<\/li>\n<li>La FNFA permet le refinancement de dettes existantes ; et<\/li>\n<li>Taux d\u2019int\u00e9r\u00eat comparables \u00e0 ceux dont b\u00e9n\u00e9ficient les gouvernements provinciaux et locaux.<\/li>\n<\/ol>\n\t\t\t\t\t<a href=\"https:\/\/fnfa.ca\/wp-content\/uploads\/2022\/06\/220602-FNFA-brochure-singles-fre.pdf\" target=\"_blank\" class=\"btn\" style=\"background:#14A5A1\">Lisez notre brochure<\/a>\n\t\t\t<\/div>\n<\/div>\n\n\n<div class=\"row cntBlock stackblock\" id=\"stackblock-block_c4267fec62362f6578bc7bc5ad3f085b\">\n\t<div class=\"col-12 col-lg-5 offset-lg-1 order-1 order-lg-2\">\n\t\t<div class=\"stackImg\">\n\t\t\t<img decoding=\"async\" src=\"https:\/\/fnfa.ca\/wp-content\/uploads\/2020\/02\/beaded-headband.jpg\" alt=\"\" \/>\n\t\t<\/div>\n\t<\/div>\n\t<div class=\"col-12 col-lg-6 order-2 order-lg-1\">\n\t\t<h3><\/h3>\n\t\t<p>La plupart des sources de revenus sont admissibles pour appuyer une demande d\u2019emprunt aupr\u00e8s de la FNFA. Parmi les projets que la FNFA peut financer, on compte l\u2019infrastructure, les projets poursuivant des buts sociaux ou \u00e9conomiques, les acquisitions fonci\u00e8res, les projets de production d\u2019\u00e9nergie, le logement social et les \u00e9quipements roulants.<\/p>\n<p>La FNFA est une organisation autonome, ind\u00e9pendante du gouvernement du Canada. Ses politiques d\u2019op\u00e9rations sont d\u00e9finies par ses membres emprunteurs. La FNFA a \u00e9t\u00e9 cr\u00e9\u00e9e par des Premi\u00e8res Nations, pour les Premi\u00e8res Nations.<\/p>\n\t\t\t<\/div>\n<\/div>\n\n\n<div class=\"row rowCenter cntBlock  colsplit\" id=\"colsplit-block_1ac6b2593f1c8aa3ea5760a127557fc0\" style=\"z-index:0\">\n  <div class=\"col-12 col-lg-8 order-2\">\n    <h2><\/h2>\n    <h3><em>Les chefs et les conseillers qui repr\u00e9sentent la FNFA en tant que conseil d\u2019administration ont d\u00e9termin\u00e9 que nos valeurs \u00e9taient les suivantes :<\/em><\/h3>\n\t  <\/div>\n  <div class=\"col-12 col-lg-4 order-1\">\n\t  \t  \t\t    <\/div>\n<\/div>\n\n<div class=\"row cntBlock col3block\" id=\"col3block-block_4b5c0b2d1abf870e5e6fdb45c163f373\">\n\t\t\t\t\t\t\t\t<div class=\"col-12 col-lg-4\">\n\t\t\t\t\t\t\t\t\t\t\t\t<h3>Responsabilisation<\/h3>\n\t\t\t\t\t\t\t\t<p>La FNFA consid\u00e8re les Premi\u00e8res Nations comme un ordre de gouvernement et travaille avec les communaut\u00e9s des Premi\u00e8res Nations pour les aider \u00e0 r\u00e9aliser leurs priorit\u00e9s communautaires et leurs visions futures. Gr\u00e2ce \u00e0 un financement abordable et \u00e0 des services consultatifs, nous aidons les Premi\u00e8res Nations du Canada \u00e0 ouvrir la voie. Nous sommes un champion des Premi\u00e8res Nations et nous travaillons \u00e0 autonomiser les communaut\u00e9s des Premi\u00e8res Nations \u00e0 travers le Canada.<\/p>\n\t\t\t\t\t\t\t<\/div>\n\t\t\t\t\t\t\t\t\t\t\t<div class=\"col-12 col-lg-4\">\n\t\t\t\t\t\t\t\t\t\t\t\t<h3>Int\u00e9grit\u00e9<\/h3>\n\t\t\t\t\t\t\t\t<p>Nous sommes honn\u00eates, ouverts, \u00e9thiques et justes. Nous sommes efficaces, transparents et financi\u00e8rement responsables envers nos membres emprunteurs, nos investisseurs et nos parties prenantes. Dans nos relations, nous sommes respectueux et francs. Nous travaillons dans le meilleur int\u00e9r\u00eat des communaut\u00e9s des Premi\u00e8res Nations.<\/p>\n\t\t\t\t\t\t\t<\/div>\n\t\t\t\t\t\t\t\t\t\t\t<div class=\"col-12 col-lg-4\">\n\t\t\t\t\t\t\t\t\t\t\t\t<h3>Direction<\/h3>\n\t\t\t\t\t\t\t\t<p>Notre conseil d\u2019administration a \u00e9tabli des politiques afin que la FNFA puisse s\u2019adapter et innover pour r\u00e9pondre aux besoins changeants de nos membres.<\/p>\n\t\t\t\t\t\t\t<\/div>\n\t\t\t<\/div>\n\n\n<div class=\"row cntBlock col2block\" id=\"col2block-block_bd979390d5b7ceb5bd9917043477017a\">\n\t\t\t\t\t\t\t\t<div class=\"col-12 col-lg-6\">\n\t\t\t\t\t\t\t\t\t\t\t\t<h3>Innovation<\/h3>\n\t\t\t\t\t\t\t\t<p>Nous comprenons la valeur de l&rsquo;it\u00e9ration, de l&rsquo;adaptation et de l&rsquo;agilit\u00e9. Notre direction et notre personnel s&rsquo;efforceront activement d&rsquo;anticiper le changement et d&rsquo;adopter une approche d&rsquo;am\u00e9lioration continue de nos services. Dans nos interactions, nous remettrons en question les hypoth\u00e8ses, le cas \u00e9ch\u00e9ant, nous ferons preuve de curiosit\u00e9 et nous pr\u00e9serverons un espace s\u00e9curitaire pour faire avancer les nouvelles id\u00e9es.<\/p>\n\t\t\t\t\t\t\t<\/div>\n\t\t\t\t\t\t\t\t\t\t\t<div class=\"col-12 col-lg-6\">\n\t\t\t\t\t\t\t\t\t\t\t\t<h3>Collaboration<\/h3>\n\t\t\t\t\t\t\t\t<p>Nous pensons qu&rsquo;une organisation est plus performante lorsqu&rsquo;elle collabore efficacement. Chaque fois que cela s&rsquo;av\u00e8re n\u00e9cessaire, nous reconnaissons et impliquons notre direction et notre personnel, nous offrons des possibilit\u00e9s de r\u00e9troaction entre les \u00e9quipes et nous consacrons du temps \u00e0 travailler ensemble pour identifier des solutions et r\u00e9pondre aux priorit\u00e9s strat\u00e9giques de l&rsquo;AFPN.<\/p>\n\t\t\t\t\t\t\t<\/div>\n\t\t\t<\/div>\n","protected":false},"excerpt":{"rendered":"","protected":false},"author":1,"featured_media":0,"parent":752,"menu_order":0,"comment_status":"closed","ping_status":"closed","template":"","meta":{"_acf_changed":false,"episode_type":"","audio_file":"","podmotor_file_id":"","podmotor_episode_id":"","cover_image":"","cover_image_id":"","duration":"","filesize":"","filesize_raw":"","date_recorded":"","explicit":"","block":"","itunes_episode_number":"","itunes_title":"","itunes_season_number":"","itunes_episode_type":"","footnotes":""},"class_list":["post-867","page","type-page","status-publish","hentry"],"acf":{"tagline":"","banner_image":{"ID":13437,"id":13437,"title":"HISTORY MISSION MANDATE","filename":"HISTORY-MISSION-MANDATE.webp","filesize":185776,"url":"https:\/\/fnfa.ca\/wp-content\/uploads\/2025\/12\/HISTORY-MISSION-MANDATE.webp","link":"https:\/\/fnfa.ca\/fr\/history-mission-mandate-2\/","alt":"","author":"2","description":"","caption":"","name":"history-mission-mandate-2","status":"inherit","uploaded_to":0,"date":"2025-12-17 21:07:33","modified":"2025-12-17 21:07:33","menu_order":0,"mime_type":"image\/webp","type":"image","subtype":"webp","icon":"https:\/\/fnfa.ca\/wp-includes\/images\/media\/default.png","width":2200,"height":1467,"sizes":{"thumbnail":"https:\/\/fnfa.ca\/wp-content\/uploads\/2025\/12\/HISTORY-MISSION-MANDATE-150x150.webp","thumbnail-width":150,"thumbnail-height":150,"medium":"https:\/\/fnfa.ca\/wp-content\/uploads\/2025\/12\/HISTORY-MISSION-MANDATE-300x200.webp","medium-width":300,"medium-height":200,"medium_large":"https:\/\/fnfa.ca\/wp-content\/uploads\/2025\/12\/HISTORY-MISSION-MANDATE-768x512.webp","medium_large-width":640,"medium_large-height":427,"large":"https:\/\/fnfa.ca\/wp-content\/uploads\/2025\/12\/HISTORY-MISSION-MANDATE-1024x683.webp","large-width":640,"large-height":427,"1536x1536":"https:\/\/fnfa.ca\/wp-content\/uploads\/2025\/12\/HISTORY-MISSION-MANDATE-1536x1024.webp","1536x1536-width":1536,"1536x1536-height":1024,"2048x2048":"https:\/\/fnfa.ca\/wp-content\/uploads\/2025\/12\/HISTORY-MISSION-MANDATE-2048x1366.webp","2048x2048-width":2048,"2048x2048-height":1366}}},"yoast_head":"<!-- This site is optimized with the Yoast SEO plugin v27.4 - https:\/\/yoast.com\/product\/yoast-seo-wordpress\/ -->\n<title>Histoire et r\u00e9sum\u00e9 - FNFA<\/title>\n<meta name=\"robots\" content=\"index, follow, max-snippet:-1, max-image-preview:large, max-video-preview:-1\" \/>\n<link rel=\"canonical\" href=\"https:\/\/fnfa.ca\/fr\/qui-sommes-nous\/but-et-mission\/\" \/>\n<meta property=\"og:locale\" content=\"fr_FR\" \/>\n<meta property=\"og:type\" content=\"article\" \/>\n<meta property=\"og:title\" content=\"Histoire et r\u00e9sum\u00e9 - FNFA\" \/>\n<meta property=\"og:url\" content=\"https:\/\/fnfa.ca\/fr\/qui-sommes-nous\/but-et-mission\/\" \/>\n<meta property=\"og:site_name\" content=\"FNFA\" \/>\n<meta property=\"article:publisher\" content=\"https:\/\/www.facebook.com\/theFNFA\/\" \/>\n<meta property=\"article:modified_time\" content=\"2025-12-15T19:10:37+00:00\" \/>\n<meta property=\"og:image\" content=\"https:\/\/fnfa.ca\/wp-content\/uploads\/2026\/02\/fnfa-logo.webp\" \/>\n\t<meta property=\"og:image:width\" content=\"1500\" \/>\n\t<meta property=\"og:image:height\" content=\"1500\" \/>\n\t<meta property=\"og:image:type\" content=\"image\/webp\" \/>\n<meta name=\"twitter:card\" content=\"summary_large_image\" \/>\n<script type=\"application\/ld+json\" class=\"yoast-schema-graph\">{\"@context\":\"https:\\\/\\\/schema.org\",\"@graph\":[{\"@type\":\"WebPage\",\"@id\":\"https:\\\/\\\/fnfa.ca\\\/fr\\\/qui-sommes-nous\\\/but-et-mission\\\/\",\"url\":\"https:\\\/\\\/fnfa.ca\\\/fr\\\/qui-sommes-nous\\\/but-et-mission\\\/\",\"name\":\"Histoire et r\u00e9sum\u00e9 - FNFA\",\"isPartOf\":{\"@id\":\"https:\\\/\\\/fnfa.ca\\\/fr\\\/#website\"},\"datePublished\":\"2020-02-10T02:42:03+00:00\",\"dateModified\":\"2025-12-15T19:10:37+00:00\",\"breadcrumb\":{\"@id\":\"https:\\\/\\\/fnfa.ca\\\/fr\\\/qui-sommes-nous\\\/but-et-mission\\\/#breadcrumb\"},\"inLanguage\":\"fr-FR\",\"potentialAction\":[{\"@type\":\"ReadAction\",\"target\":[\"https:\\\/\\\/fnfa.ca\\\/fr\\\/qui-sommes-nous\\\/but-et-mission\\\/\"]}]},{\"@type\":\"BreadcrumbList\",\"@id\":\"https:\\\/\\\/fnfa.ca\\\/fr\\\/qui-sommes-nous\\\/but-et-mission\\\/#breadcrumb\",\"itemListElement\":[{\"@type\":\"ListItem\",\"position\":1,\"name\":\"Home\",\"item\":\"https:\\\/\\\/fnfa.ca\\\/fr\\\/\"},{\"@type\":\"ListItem\",\"position\":2,\"name\":\"\u00c0 propos de nous\",\"item\":\"https:\\\/\\\/fnfa.ca\\\/fr\\\/qui-sommes-nous\\\/\"},{\"@type\":\"ListItem\",\"position\":3,\"name\":\"Histoire et r\u00e9sum\u00e9\"}]},{\"@type\":\"WebSite\",\"@id\":\"https:\\\/\\\/fnfa.ca\\\/fr\\\/#website\",\"url\":\"https:\\\/\\\/fnfa.ca\\\/fr\\\/\",\"name\":\"FNFA\",\"description\":\"First Nations Finance Authority\",\"publisher\":{\"@id\":\"https:\\\/\\\/fnfa.ca\\\/fr\\\/#organization\"},\"potentialAction\":[{\"@type\":\"SearchAction\",\"target\":{\"@type\":\"EntryPoint\",\"urlTemplate\":\"https:\\\/\\\/fnfa.ca\\\/fr\\\/?s={search_term_string}\"},\"query-input\":{\"@type\":\"PropertyValueSpecification\",\"valueRequired\":true,\"valueName\":\"search_term_string\"}}],\"inLanguage\":\"fr-FR\"},{\"@type\":\"Organization\",\"@id\":\"https:\\\/\\\/fnfa.ca\\\/fr\\\/#organization\",\"name\":\"First Nations Finance Authority\",\"alternateName\":\"FNFA\",\"url\":\"https:\\\/\\\/fnfa.ca\\\/fr\\\/\",\"logo\":{\"@type\":\"ImageObject\",\"inLanguage\":\"fr-FR\",\"@id\":\"https:\\\/\\\/fnfa.ca\\\/fr\\\/#\\\/schema\\\/logo\\\/image\\\/\",\"url\":\"https:\\\/\\\/fnfa.ca\\\/wp-content\\\/uploads\\\/2026\\\/02\\\/fnfa-logo.webp\",\"contentUrl\":\"https:\\\/\\\/fnfa.ca\\\/wp-content\\\/uploads\\\/2026\\\/02\\\/fnfa-logo.webp\",\"width\":1500,\"height\":1500,\"caption\":\"First Nations Finance Authority\"},\"image\":{\"@id\":\"https:\\\/\\\/fnfa.ca\\\/fr\\\/#\\\/schema\\\/logo\\\/image\\\/\"},\"sameAs\":[\"https:\\\/\\\/www.facebook.com\\\/theFNFA\\\/\"]}]}<\/script>\n<!-- \/ Yoast SEO plugin. -->","yoast_head_json":{"title":"Histoire et r\u00e9sum\u00e9 - FNFA","robots":{"index":"index","follow":"follow","max-snippet":"max-snippet:-1","max-image-preview":"max-image-preview:large","max-video-preview":"max-video-preview:-1"},"canonical":"https:\/\/fnfa.ca\/fr\/qui-sommes-nous\/but-et-mission\/","og_locale":"fr_FR","og_type":"article","og_title":"Histoire et r\u00e9sum\u00e9 - FNFA","og_url":"https:\/\/fnfa.ca\/fr\/qui-sommes-nous\/but-et-mission\/","og_site_name":"FNFA","article_publisher":"https:\/\/www.facebook.com\/theFNFA\/","article_modified_time":"2025-12-15T19:10:37+00:00","og_image":[{"width":1500,"height":1500,"url":"https:\/\/fnfa.ca\/wp-content\/uploads\/2026\/02\/fnfa-logo.webp","type":"image\/webp"}],"twitter_card":"summary_large_image","schema":{"@context":"https:\/\/schema.org","@graph":[{"@type":"WebPage","@id":"https:\/\/fnfa.ca\/fr\/qui-sommes-nous\/but-et-mission\/","url":"https:\/\/fnfa.ca\/fr\/qui-sommes-nous\/but-et-mission\/","name":"Histoire et r\u00e9sum\u00e9 - FNFA","isPartOf":{"@id":"https:\/\/fnfa.ca\/fr\/#website"},"datePublished":"2020-02-10T02:42:03+00:00","dateModified":"2025-12-15T19:10:37+00:00","breadcrumb":{"@id":"https:\/\/fnfa.ca\/fr\/qui-sommes-nous\/but-et-mission\/#breadcrumb"},"inLanguage":"fr-FR","potentialAction":[{"@type":"ReadAction","target":["https:\/\/fnfa.ca\/fr\/qui-sommes-nous\/but-et-mission\/"]}]},{"@type":"BreadcrumbList","@id":"https:\/\/fnfa.ca\/fr\/qui-sommes-nous\/but-et-mission\/#breadcrumb","itemListElement":[{"@type":"ListItem","position":1,"name":"Home","item":"https:\/\/fnfa.ca\/fr\/"},{"@type":"ListItem","position":2,"name":"\u00c0 propos de nous","item":"https:\/\/fnfa.ca\/fr\/qui-sommes-nous\/"},{"@type":"ListItem","position":3,"name":"Histoire et r\u00e9sum\u00e9"}]},{"@type":"WebSite","@id":"https:\/\/fnfa.ca\/fr\/#website","url":"https:\/\/fnfa.ca\/fr\/","name":"FNFA","description":"First Nations Finance Authority","publisher":{"@id":"https:\/\/fnfa.ca\/fr\/#organization"},"potentialAction":[{"@type":"SearchAction","target":{"@type":"EntryPoint","urlTemplate":"https:\/\/fnfa.ca\/fr\/?s={search_term_string}"},"query-input":{"@type":"PropertyValueSpecification","valueRequired":true,"valueName":"search_term_string"}}],"inLanguage":"fr-FR"},{"@type":"Organization","@id":"https:\/\/fnfa.ca\/fr\/#organization","name":"First Nations Finance Authority","alternateName":"FNFA","url":"https:\/\/fnfa.ca\/fr\/","logo":{"@type":"ImageObject","inLanguage":"fr-FR","@id":"https:\/\/fnfa.ca\/fr\/#\/schema\/logo\/image\/","url":"https:\/\/fnfa.ca\/wp-content\/uploads\/2026\/02\/fnfa-logo.webp","contentUrl":"https:\/\/fnfa.ca\/wp-content\/uploads\/2026\/02\/fnfa-logo.webp","width":1500,"height":1500,"caption":"First Nations Finance Authority"},"image":{"@id":"https:\/\/fnfa.ca\/fr\/#\/schema\/logo\/image\/"},"sameAs":["https:\/\/www.facebook.com\/theFNFA\/"]}]}},"_links":{"self":[{"href":"https:\/\/fnfa.ca\/fr\/wp-json\/wp\/v2\/pages\/867","targetHints":{"allow":["GET"]}}],"collection":[{"href":"https:\/\/fnfa.ca\/fr\/wp-json\/wp\/v2\/pages"}],"about":[{"href":"https:\/\/fnfa.ca\/fr\/wp-json\/wp\/v2\/types\/page"}],"author":[{"embeddable":true,"href":"https:\/\/fnfa.ca\/fr\/wp-json\/wp\/v2\/users\/1"}],"replies":[{"embeddable":true,"href":"https:\/\/fnfa.ca\/fr\/wp-json\/wp\/v2\/comments?post=867"}],"version-history":[{"count":22,"href":"https:\/\/fnfa.ca\/fr\/wp-json\/wp\/v2\/pages\/867\/revisions"}],"predecessor-version":[{"id":13194,"href":"https:\/\/fnfa.ca\/fr\/wp-json\/wp\/v2\/pages\/867\/revisions\/13194"}],"up":[{"embeddable":true,"href":"https:\/\/fnfa.ca\/fr\/wp-json\/wp\/v2\/pages\/752"}],"wp:attachment":[{"href":"https:\/\/fnfa.ca\/fr\/wp-json\/wp\/v2\/media?parent=867"}],"curies":[{"name":"wp","href":"https:\/\/api.w.org\/{rel}","templated":true}]}}