{"id":9978,"date":"2024-01-19T16:53:02","date_gmt":"2024-01-19T16:53:02","guid":{"rendered":"https:\/\/www.fnfa.ca\/?page_id=9978"},"modified":"2026-01-27T10:38:45","modified_gmt":"2026-01-27T18:38:45","slug":"papier-commercial","status":"publish","type":"page","link":"https:\/\/fnfa.ca\/fr\/pour-les-investisseurs-et-les-detenteurs-dobligations\/papier-commercial\/","title":{"rendered":"Papier commercial"},"content":{"rendered":"<div class=\"row cntBlock col2block\" id=\"col2block-block_57319e0755819ad729ae627a984deea4\">\n\t\t\t\t\t\t\t\t<div class=\"col-12 col-lg-6\">\n\t\t\t\t\t\t\t\t<div class=\"colImg\"><img decoding=\"async\" src=\"https:\/\/fnfa.ca\/wp-content\/uploads\/2020\/02\/bark-2.jpg\" alt=\"\" \/><\/div>\n\t\t\t\t\t\t\t\t\t\t\t\t\t\t\t\t\t\t\t<\/div>\n\t\t\t\t\t\t\t\t\t\t\t<div class=\"col-12 col-lg-6\">\n\t\t\t\t\t\t\t\t\t\t\t\t<p><strong>Montant associ\u00e9 au programme<\/strong> : 900 millions de dollars canadiens autoris\u00e9s<\/p>\n<p><strong>Classement <\/strong>: R-1 (moyenne), tendance stable<\/p>\n<p><strong>S\u00e9curit\u00e9<\/strong> : Garantie (1:1) par une facilit\u00e9 de cr\u00e9dit aupr\u00e8s d&rsquo;un syndicat de sept banques agr\u00e9\u00e9es<\/p>\n<p><strong>Taille de l&rsquo;\u00e9mission<\/strong> : 300 &#8211; 450 millions de dollars canadiens<\/p>\n<p><strong>Dur\u00e9e<\/strong> : Moins de 90 jours avec une pr\u00e9f\u00e9rence pour 30 jours<\/p>\n<p><strong>Pr\u00e9sence sur le march\u00e9<\/strong>\u00a0: Bihebdomadaire<\/p>\n<p><a class=\"btn\" style=\"background: #113660\" href=\"https:\/\/fnfa.ca\/wp-content\/uploads\/2024\/11\/FNFA-Final-Rating-Letter-26Nov2024.pdf\" target=\"_blank\" rel=\"noopener\">Derni\u00e8re notation du papier commercial<\/a><\/p>\n<p>\u2800<a style=\"font-size: 16px;color: #113660\" href=\"https:\/\/fnfa.ca\/wp-content\/uploads\/2024\/06\/FNFA-Final-Rating-letter_24Jun2024.pdf\" target=\"_blank\" rel=\"noopener\">2024 Papier commercial Rating<\/a><\/p>\n\t\t\t\t\t\t\t<\/div>\n\t\t\t<\/div>\n\n\n<div class=\"row cntBlock col2block\" id=\"col2block-block_fac300db8efd11c6254fdddfb980b069\">\n\t\t\t\t\t\t\t\t<div class=\"col-12 col-lg-6\">\n\t\t\t\t\t\t\t\t\t\t\t\t<h3>Contexte du programme<\/h3>\n\t\t\t\t\t\t\t\t<p><strong>L&rsquo;Autorit\u00e9 financi\u00e8re des Premi\u00e8res Nations<\/strong> (AFPN) a le plaisir d&rsquo;annoncer qu&rsquo;elle offre d\u00e9sormais des fonds pour son programme de financement \u00e0 court terme (\u00ab financement int\u00e9rimaire \u00bb) en \u00e9mettant du papier commercial sur le march\u00e9 mon\u00e9taire canadien. Auparavant, les fonds \u00e9taient lev\u00e9s par l&rsquo;interm\u00e9diaire des banques \u00e0 charte, mais cette m\u00e9thode \u00e9tait consid\u00e9r\u00e9e comme plus dispendieuse que l&rsquo;\u00e9mission de titres au nom de l&rsquo;AFPN. L&rsquo;AFPN \u00e9met chaque ann\u00e9e des titres sur le march\u00e9 obligataire depuis 2014.<\/p>\n\t\t\t\t\t\t\t\t\t<a href=\"https:\/\/fnfa.ca\/wp-content\/uploads\/2025\/09\/FNFA-Commercial-Paper.pdf\" class=\"btn\" style=\"background:#113660;\" target=\"_blank\" >Pr\u00e9sentation aux investisseurs<\/a>\n\t\t\t\t\t\t\t<\/div>\n\t\t\t\t\t\t\t\t\t\t\t<div class=\"col-12 col-lg-6\">\n\t\t\t\t\t\t\t\t<div class=\"colImg\"><img decoding=\"async\" src=\"https:\/\/fnfa.ca\/wp-content\/uploads\/2020\/02\/headpiece.jpg\" alt=\"\" \/><\/div>\n\t\t\t\t\t\t\t\t\t\t\t\t\t\t\t\t\t\t\t<\/div>\n\t\t\t<\/div>\n","protected":false},"excerpt":{"rendered":"","protected":false},"author":2,"featured_media":0,"parent":2040,"menu_order":0,"comment_status":"closed","ping_status":"closed","template":"","meta":{"_acf_changed":false,"episode_type":"","audio_file":"","podmotor_file_id":"","podmotor_episode_id":"","cover_image":"","cover_image_id":"","duration":"","filesize":"","filesize_raw":"","date_recorded":"","explicit":"","block":"","itunes_episode_number":"","itunes_title":"","itunes_season_number":"","itunes_episode_type":"","footnotes":""},"class_list":["post-9978","page","type-page","status-publish","hentry"],"acf":{"tagline":"","banner_image":{"ID":13787,"id":13787,"title":"cp-construction-header","filename":"cp-construction-header-1.webp","filesize":383760,"url":"https:\/\/fnfa.ca\/wp-content\/uploads\/2026\/01\/cp-construction-header-1.webp","link":"https:\/\/fnfa.ca\/fr\/pour-les-investisseurs-et-les-detenteurs-dobligations\/papier-commercial\/cp-construction-header\/","alt":"","author":"2","description":"","caption":"","name":"cp-construction-header","status":"inherit","uploaded_to":9978,"date":"2026-01-27 18:38:36","modified":"2026-01-27 18:38:36","menu_order":0,"mime_type":"image\/webp","type":"image","subtype":"webp","icon":"https:\/\/fnfa.ca\/wp-includes\/images\/media\/default.png","width":2560,"height":1000,"sizes":{"thumbnail":"https:\/\/fnfa.ca\/wp-content\/uploads\/2026\/01\/cp-construction-header-1-150x150.webp","thumbnail-width":150,"thumbnail-height":150,"medium":"https:\/\/fnfa.ca\/wp-content\/uploads\/2026\/01\/cp-construction-header-1-300x117.webp","medium-width":300,"medium-height":117,"medium_large":"https:\/\/fnfa.ca\/wp-content\/uploads\/2026\/01\/cp-construction-header-1-768x300.webp","medium_large-width":640,"medium_large-height":250,"large":"https:\/\/fnfa.ca\/wp-content\/uploads\/2026\/01\/cp-construction-header-1-1024x400.webp","large-width":640,"large-height":250,"1536x1536":"https:\/\/fnfa.ca\/wp-content\/uploads\/2026\/01\/cp-construction-header-1-1536x600.webp","1536x1536-width":1536,"1536x1536-height":600,"2048x2048":"https:\/\/fnfa.ca\/wp-content\/uploads\/2026\/01\/cp-construction-header-1-2048x800.webp","2048x2048-width":2048,"2048x2048-height":800}},"header_background_color":"","title_replace":""},"yoast_head":"<!-- This site is optimized with the Yoast SEO plugin v27.4 - https:\/\/yoast.com\/product\/yoast-seo-wordpress\/ -->\n<title>Papier commercial - FNFA<\/title>\n<meta name=\"robots\" content=\"index, follow, max-snippet:-1, max-image-preview:large, max-video-preview:-1\" \/>\n<link rel=\"canonical\" href=\"https:\/\/fnfa.ca\/fr\/pour-les-investisseurs-et-les-detenteurs-dobligations\/papier-commercial\/\" \/>\n<meta property=\"og:locale\" content=\"fr_FR\" \/>\n<meta property=\"og:type\" content=\"article\" \/>\n<meta property=\"og:title\" content=\"Papier commercial - FNFA\" \/>\n<meta property=\"og:url\" content=\"https:\/\/fnfa.ca\/fr\/pour-les-investisseurs-et-les-detenteurs-dobligations\/papier-commercial\/\" \/>\n<meta property=\"og:site_name\" content=\"FNFA\" \/>\n<meta property=\"article:publisher\" content=\"https:\/\/www.facebook.com\/theFNFA\/\" \/>\n<meta property=\"article:modified_time\" content=\"2026-01-27T18:38:45+00:00\" \/>\n<meta property=\"og:image\" content=\"https:\/\/fnfa.ca\/wp-content\/uploads\/2026\/02\/fnfa-logo.webp\" \/>\n\t<meta property=\"og:image:width\" content=\"1500\" \/>\n\t<meta property=\"og:image:height\" content=\"1500\" \/>\n\t<meta property=\"og:image:type\" content=\"image\/webp\" \/>\n<meta name=\"twitter:card\" content=\"summary_large_image\" \/>\n<script type=\"application\/ld+json\" class=\"yoast-schema-graph\">{\"@context\":\"https:\\\/\\\/schema.org\",\"@graph\":[{\"@type\":\"WebPage\",\"@id\":\"https:\\\/\\\/fnfa.ca\\\/fr\\\/pour-les-investisseurs-et-les-detenteurs-dobligations\\\/papier-commercial\\\/\",\"url\":\"https:\\\/\\\/fnfa.ca\\\/fr\\\/pour-les-investisseurs-et-les-detenteurs-dobligations\\\/papier-commercial\\\/\",\"name\":\"Papier commercial - FNFA\",\"isPartOf\":{\"@id\":\"https:\\\/\\\/fnfa.ca\\\/fr\\\/#website\"},\"datePublished\":\"2024-01-19T16:53:02+00:00\",\"dateModified\":\"2026-01-27T18:38:45+00:00\",\"breadcrumb\":{\"@id\":\"https:\\\/\\\/fnfa.ca\\\/fr\\\/pour-les-investisseurs-et-les-detenteurs-dobligations\\\/papier-commercial\\\/#breadcrumb\"},\"inLanguage\":\"fr-FR\",\"potentialAction\":[{\"@type\":\"ReadAction\",\"target\":[\"https:\\\/\\\/fnfa.ca\\\/fr\\\/pour-les-investisseurs-et-les-detenteurs-dobligations\\\/papier-commercial\\\/\"]}]},{\"@type\":\"BreadcrumbList\",\"@id\":\"https:\\\/\\\/fnfa.ca\\\/fr\\\/pour-les-investisseurs-et-les-detenteurs-dobligations\\\/papier-commercial\\\/#breadcrumb\",\"itemListElement\":[{\"@type\":\"ListItem\",\"position\":1,\"name\":\"Home\",\"item\":\"https:\\\/\\\/fnfa.ca\\\/fr\\\/\"},{\"@type\":\"ListItem\",\"position\":2,\"name\":\"Pour les investisseurs et les d\u00e9tenteurs d\u2019obligations\",\"item\":\"https:\\\/\\\/fnfa.ca\\\/fr\\\/pour-les-investisseurs-et-les-detenteurs-dobligations\\\/\"},{\"@type\":\"ListItem\",\"position\":3,\"name\":\"Papier commercial\"}]},{\"@type\":\"WebSite\",\"@id\":\"https:\\\/\\\/fnfa.ca\\\/fr\\\/#website\",\"url\":\"https:\\\/\\\/fnfa.ca\\\/fr\\\/\",\"name\":\"FNFA\",\"description\":\"First Nations Finance Authority\",\"publisher\":{\"@id\":\"https:\\\/\\\/fnfa.ca\\\/fr\\\/#organization\"},\"potentialAction\":[{\"@type\":\"SearchAction\",\"target\":{\"@type\":\"EntryPoint\",\"urlTemplate\":\"https:\\\/\\\/fnfa.ca\\\/fr\\\/?s={search_term_string}\"},\"query-input\":{\"@type\":\"PropertyValueSpecification\",\"valueRequired\":true,\"valueName\":\"search_term_string\"}}],\"inLanguage\":\"fr-FR\"},{\"@type\":\"Organization\",\"@id\":\"https:\\\/\\\/fnfa.ca\\\/fr\\\/#organization\",\"name\":\"First Nations Finance Authority\",\"alternateName\":\"FNFA\",\"url\":\"https:\\\/\\\/fnfa.ca\\\/fr\\\/\",\"logo\":{\"@type\":\"ImageObject\",\"inLanguage\":\"fr-FR\",\"@id\":\"https:\\\/\\\/fnfa.ca\\\/fr\\\/#\\\/schema\\\/logo\\\/image\\\/\",\"url\":\"https:\\\/\\\/fnfa.ca\\\/wp-content\\\/uploads\\\/2026\\\/02\\\/fnfa-logo.webp\",\"contentUrl\":\"https:\\\/\\\/fnfa.ca\\\/wp-content\\\/uploads\\\/2026\\\/02\\\/fnfa-logo.webp\",\"width\":1500,\"height\":1500,\"caption\":\"First Nations Finance Authority\"},\"image\":{\"@id\":\"https:\\\/\\\/fnfa.ca\\\/fr\\\/#\\\/schema\\\/logo\\\/image\\\/\"},\"sameAs\":[\"https:\\\/\\\/www.facebook.com\\\/theFNFA\\\/\"]}]}<\/script>\n<!-- \/ Yoast SEO plugin. -->","yoast_head_json":{"title":"Papier commercial - FNFA","robots":{"index":"index","follow":"follow","max-snippet":"max-snippet:-1","max-image-preview":"max-image-preview:large","max-video-preview":"max-video-preview:-1"},"canonical":"https:\/\/fnfa.ca\/fr\/pour-les-investisseurs-et-les-detenteurs-dobligations\/papier-commercial\/","og_locale":"fr_FR","og_type":"article","og_title":"Papier commercial - FNFA","og_url":"https:\/\/fnfa.ca\/fr\/pour-les-investisseurs-et-les-detenteurs-dobligations\/papier-commercial\/","og_site_name":"FNFA","article_publisher":"https:\/\/www.facebook.com\/theFNFA\/","article_modified_time":"2026-01-27T18:38:45+00:00","og_image":[{"width":1500,"height":1500,"url":"https:\/\/fnfa.ca\/wp-content\/uploads\/2026\/02\/fnfa-logo.webp","type":"image\/webp"}],"twitter_card":"summary_large_image","schema":{"@context":"https:\/\/schema.org","@graph":[{"@type":"WebPage","@id":"https:\/\/fnfa.ca\/fr\/pour-les-investisseurs-et-les-detenteurs-dobligations\/papier-commercial\/","url":"https:\/\/fnfa.ca\/fr\/pour-les-investisseurs-et-les-detenteurs-dobligations\/papier-commercial\/","name":"Papier commercial - FNFA","isPartOf":{"@id":"https:\/\/fnfa.ca\/fr\/#website"},"datePublished":"2024-01-19T16:53:02+00:00","dateModified":"2026-01-27T18:38:45+00:00","breadcrumb":{"@id":"https:\/\/fnfa.ca\/fr\/pour-les-investisseurs-et-les-detenteurs-dobligations\/papier-commercial\/#breadcrumb"},"inLanguage":"fr-FR","potentialAction":[{"@type":"ReadAction","target":["https:\/\/fnfa.ca\/fr\/pour-les-investisseurs-et-les-detenteurs-dobligations\/papier-commercial\/"]}]},{"@type":"BreadcrumbList","@id":"https:\/\/fnfa.ca\/fr\/pour-les-investisseurs-et-les-detenteurs-dobligations\/papier-commercial\/#breadcrumb","itemListElement":[{"@type":"ListItem","position":1,"name":"Home","item":"https:\/\/fnfa.ca\/fr\/"},{"@type":"ListItem","position":2,"name":"Pour les investisseurs et les d\u00e9tenteurs d\u2019obligations","item":"https:\/\/fnfa.ca\/fr\/pour-les-investisseurs-et-les-detenteurs-dobligations\/"},{"@type":"ListItem","position":3,"name":"Papier commercial"}]},{"@type":"WebSite","@id":"https:\/\/fnfa.ca\/fr\/#website","url":"https:\/\/fnfa.ca\/fr\/","name":"FNFA","description":"First Nations Finance Authority","publisher":{"@id":"https:\/\/fnfa.ca\/fr\/#organization"},"potentialAction":[{"@type":"SearchAction","target":{"@type":"EntryPoint","urlTemplate":"https:\/\/fnfa.ca\/fr\/?s={search_term_string}"},"query-input":{"@type":"PropertyValueSpecification","valueRequired":true,"valueName":"search_term_string"}}],"inLanguage":"fr-FR"},{"@type":"Organization","@id":"https:\/\/fnfa.ca\/fr\/#organization","name":"First Nations Finance Authority","alternateName":"FNFA","url":"https:\/\/fnfa.ca\/fr\/","logo":{"@type":"ImageObject","inLanguage":"fr-FR","@id":"https:\/\/fnfa.ca\/fr\/#\/schema\/logo\/image\/","url":"https:\/\/fnfa.ca\/wp-content\/uploads\/2026\/02\/fnfa-logo.webp","contentUrl":"https:\/\/fnfa.ca\/wp-content\/uploads\/2026\/02\/fnfa-logo.webp","width":1500,"height":1500,"caption":"First Nations Finance Authority"},"image":{"@id":"https:\/\/fnfa.ca\/fr\/#\/schema\/logo\/image\/"},"sameAs":["https:\/\/www.facebook.com\/theFNFA\/"]}]}},"_links":{"self":[{"href":"https:\/\/fnfa.ca\/fr\/wp-json\/wp\/v2\/pages\/9978","targetHints":{"allow":["GET"]}}],"collection":[{"href":"https:\/\/fnfa.ca\/fr\/wp-json\/wp\/v2\/pages"}],"about":[{"href":"https:\/\/fnfa.ca\/fr\/wp-json\/wp\/v2\/types\/page"}],"author":[{"embeddable":true,"href":"https:\/\/fnfa.ca\/fr\/wp-json\/wp\/v2\/users\/2"}],"replies":[{"embeddable":true,"href":"https:\/\/fnfa.ca\/fr\/wp-json\/wp\/v2\/comments?post=9978"}],"version-history":[{"count":12,"href":"https:\/\/fnfa.ca\/fr\/wp-json\/wp\/v2\/pages\/9978\/revisions"}],"predecessor-version":[{"id":13788,"href":"https:\/\/fnfa.ca\/fr\/wp-json\/wp\/v2\/pages\/9978\/revisions\/13788"}],"up":[{"embeddable":true,"href":"https:\/\/fnfa.ca\/fr\/wp-json\/wp\/v2\/pages\/2040"}],"wp:attachment":[{"href":"https:\/\/fnfa.ca\/fr\/wp-json\/wp\/v2\/media?parent=9978"}],"curies":[{"name":"wp","href":"https:\/\/api.w.org\/{rel}","templated":true}]}}