{"id":9986,"date":"2021-10-04T20:48:44","date_gmt":"2021-10-04T20:48:44","guid":{"rendered":"https:\/\/www.fnfa.ca\/projets\/fnfa-bfl-insurance\/"},"modified":"2024-02-02T21:29:49","modified_gmt":"2024-02-02T21:29:49","slug":"fnfa-bfl-insurance","status":"publish","type":"page","link":"https:\/\/fnfa.ca\/fr\/projets\/fnfa-bfl-insurance\/","title":{"rendered":"\u00c9tude de faisabilit\u00e9 pour un programme d\u2019assurance de l&rsquo;AFPN \/ BFL"},"content":{"rendered":"<div class=\"row rowCenter cntBlock  colsplit\" id=\"colsplit-block_684fc93d7db46ae105b3d46d7d8ebb29\" style=\"z-index:0\">\n  <div class=\"col-12 col-lg-8 order-2\">\n    <h2><\/h2>\n    <h3><em><strong>R\u00e9flexion sur un mod\u00e8le d\u2019assurance pour les autochtones<\/strong><\/em><\/h3>\n\t  <\/div>\n  <div class=\"col-12 col-lg-4 order-1\">\n\t  \t  <img decoding=\"async\" src=\"https:\/\/fnfa.ca\/wp-content\/uploads\/2020\/01\/new-look.jpg\" alt=\"\" \/>\n\t    <\/div>\n<\/div>\n\n<div class=\"row cntBlock col2block\" id=\"col2block-block_58914df77c0ef16aca85f4720733f961\">\n\t\t\t\t\t\t\t\t<div class=\"col-12 col-lg-6\">\n\t\t\t\t\t\t\t\t\t\t\t\t<h3>Changement d\u2019approche : une d\u00e9marche concert\u00e9e de l\u2019assurance bas\u00e9e sur les valeurs<\/h3>\n\t\t\t\t\t\t\t\t<p>Notre vision collective est de donner aux communaut\u00e9s et aux organisations autochtones, gr\u00e2ce \u00e0 des partenariats de confiance, les moyens de poss\u00e9der et de g\u00e9rer un programme d\u2019assurance et de gestion de risques vaste, innovant et collectif, con\u00e7u pour prot\u00e9ger les investissements et les actifs tout en am\u00e9liorant la force \u00e9conomique et le bien-\u00eatre des communaut\u00e9s autochtones.<\/p>\n\t\t\t\t\t\t\t<\/div>\n\t\t\t\t\t\t\t\t\t\t\t<div class=\"col-12 col-lg-6\">\n\t\t\t\t\t\t\t\t<div class=\"colImg\"><img decoding=\"async\" src=\"https:\/\/fnfa.ca\/wp-content\/uploads\/2021\/10\/our-core-values.png\" alt=\"\" \/><\/div>\n\t\t\t\t\t\t\t\t\t\t\t\t\t\t\t\t\t\t\t<\/div>\n\t\t\t<\/div>\n\n\n\n<figure class=\"wp-block-image size-full\"><img decoding=\"async\" width=\"887\" height=\"409\" src=\"https:\/\/fnfa.ca\/wp-content\/uploads\/2024\/01\/image.png\" alt=\"\" class=\"wp-image-9989\" srcset=\"https:\/\/fnfa.ca\/wp-content\/uploads\/2024\/01\/image.png 887w, https:\/\/fnfa.ca\/wp-content\/uploads\/2024\/01\/image-300x138.png 300w, https:\/\/fnfa.ca\/wp-content\/uploads\/2024\/01\/image-768x354.png 768w\" sizes=\"(max-width: 887px) 100vw, 887px\" \/><\/figure>\n\n\n\n<h3><strong>Pourquoi explorer l\u2019id\u00e9e un mod\u00e8le d\u2019assurance par les autochtones ?<\/strong><\/h3>\n\n\n\n<p>La mission de l\u2019AFPN est d\u2019aider les communaut\u00e9s autochtones \u00e0 b\u00e2tir leur avenir selon leurs propres conditions. En partenariat avec BFL CANADA, nous explorons des options d\u2019assurance plus durables au profit des membres de l\u2019AFPN et d\u2019autres communaut\u00e9s autochtones.<\/p>\n\n\n\n<p>Les avantages qui se perp\u00e9tuent de g\u00e9n\u00e9ration en g\u00e9n\u00e9ration d\u2019un mod\u00e8le d\u2019assurance collective sont nombreux, notamment :<\/p>\n\n\n<div class=\"row cntBlock col2block\" id=\"col2block-block_9fdc60dd8697fa28e19ebc6cbbcfe3cc\">\n\t\t\t\t\t\t\t\t<div class=\"col-12 col-lg-6\">\n\t\t\t\t\t\t\t\t\t\t\t\t<table>\n<tbody>\n<tr>\n<td><img decoding=\"async\" class=\"alignnone size-full wp-image-7250\" src=\"https:\/\/fnfa.ca\/wp-content\/uploads\/2021\/10\/benefits-icon-1.png\" alt=\"\" width=\"95\" height=\"95\" \/><\/td>\n<td>D\u00e9velopper la croissance \u00e9conomique et le bien-\u00eatre des communaut\u00e9s autochtones<\/td>\n<\/tr>\n<tr>\n<td><img decoding=\"async\" class=\"alignnone size-full wp-image-7254\" src=\"https:\/\/fnfa.ca\/wp-content\/uploads\/2021\/10\/benefits-icon-2.png\" alt=\"\" width=\"98\" height=\"97\" \/><\/td>\n<td>Garantir un acc\u00e8s direct et \u00e9quitable au march\u00e9 mondial de l\u2019assurance<\/td>\n<\/tr>\n<\/tbody>\n<\/table>\n\t\t\t\t\t\t\t<\/div>\n\t\t\t\t\t\t\t\t\t\t\t<div class=\"col-12 col-lg-6\">\n\t\t\t\t\t\t\t\t\t\t\t\t<table>\n<tbody>\n<tr>\n<td><img decoding=\"async\" class=\"alignnone size-full wp-image-7258\" src=\"https:\/\/fnfa.ca\/wp-content\/uploads\/2021\/10\/benefits-icon-3.png\" alt=\"\" width=\"94\" height=\"96\" data-wp-editing=\"1\" \/><\/td>\n<td>Offrir une couverture d\u2019assurance et des co\u00fbts stables tout en renfor\u00e7ant la capacit\u00e9 d\u2019adaptation<\/td>\n<\/tr>\n<tr>\n<td><img decoding=\"async\" class=\"alignnone size-full wp-image-7259\" src=\"https:\/\/fnfa.ca\/wp-content\/uploads\/2021\/10\/benefits-icon-4.png\" alt=\"\" width=\"93\" height=\"95\" \/><\/td>\n<td>Maintenir les avantages de la gestion des risques sur plusieurs g\u00e9n\u00e9rations<\/td>\n<\/tr>\n<\/tbody>\n<\/table>\n\t\t\t\t\t\t\t<\/div>\n\t\t\t<\/div>\n\n\n<div class=\"row cntBlock col2block\" id=\"col2block-block_3428bf5f5d49288869d7e98aabdf866b\">\n\t\t\t\t\t\t\t\t<div class=\"col-12 col-lg-6\">\n\t\t\t\t\t\t\t\t\t\t\t\t<h3>Quelles sont les prochaines \u00e9tapes ?<\/h3>\n\t\t\t\t\t\t\t\t<p><span style=\"color: #113660;font-weight: bold\">1. S\u00e9ance d\u2019engagement citoyenne<\/span> &#8211; Dialogue avec les membres de l\u2019AFPN<\/p>\n<p><span style=\"color: #113660;font-weight: bold\">2. \u00c9tude de faisabilit\u00e9<\/span> \u2013 Collecte et analyse des donn\u00e9es (\u00e9tude de faisabilit\u00e9, etc.)<\/p>\n<p><span style=\"color: #113660;font-weight: bold\">3. Partage des r\u00e9sultats de l\u2019\u00e9tude de faisabilit\u00e9<\/span> \u2013 Diffusion de l\u2019information aux participants<\/p>\n<p><span style=\"color: #113660;font-weight: bold\">4. Prise de d\u00e9cision collective<\/span> \u2013 D\u00e9cision des participants sur la base de l\u2019analyse<\/p>\n<p><span style=\"color: #113660;font-weight: bold\">5. Mise en place du mod\u00e8le collectif<\/span> \u2013 Officialisation et mise en oeuvre<\/p>\n\t\t\t\t\t\t\t<\/div>\n\t\t\t\t\t\t\t\t\t\t\t<div class=\"col-12 col-lg-6\">\n\t\t\t\t\t\t\t\t\t\t\t\t<h3>Vous souhaitez en savoir plus ?<\/h3>\n\t\t\t\t\t\t\t\t<p>La premi\u00e8re \u00e9tape consiste \u00e0 collecter et \u00e0 analyser des donn\u00e9es afin de d\u00e9terminer la structure optimale d\u2019un mod\u00e8le d\u2019assurance collective. Toutes les informations recueillies sont prot\u00e9g\u00e9es par des accords de non-divulgation sign\u00e9s par toutes les parties et seront utilis\u00e9es uniquement dans le cadre de ce projet.<\/p>\n<p><strong>Pour participer ou en savoir plus, contactez :<\/strong><\/p>\n<p>Jody Anderson, CAPA<br \/>\nConseill\u00e8re Strat\u00e9gie &amp; Partenariats, AFPN<br \/>\nC.\u00a0 250-870-7808 <a href=\"mailto:janderson@fnfa.ca?subject=Information on the FNFA\/BFL Study\">janderson@fnfa.ca<\/a><\/p>\n\t\t\t\t\t\t\t<\/div>\n\t\t\t<\/div>\n\n\n<div class=\"row cntBlock col2block\" id=\"col2block-block_9a8717e9999191488e720036308c17b9\">\n\t\t\t\t\t\t\t\t<div class=\"col-12 col-lg-6\">\n\t\t\t\t\t\t\t\t\t\t\t\t<h3>Pourquoi faisons-nous cela ?<\/h3>\n\t\t\t\t\t\t\t\t<p>La mission de l&rsquo;Autorit\u00e9 financi\u00e8re des Premi\u00e8res nations (AFPN) est d&rsquo;aider les communaut\u00e9s des Premi\u00e8res Nations \u00e0 construire leur propre avenir selon leurs propres conditions. Les graves difficult\u00e9s rencontr\u00e9es sur le march\u00e9 mondial de l&rsquo;assurance au cours des derni\u00e8res ann\u00e9es ont mis en \u00e9vidence le fait que les communaut\u00e9s autochtones sont mal desservies, cloisonn\u00e9es et exclues par le secteur de l&rsquo;assurance, ce qui se traduit par une incertitude et une injustice consid\u00e9rables. Par exemple, les conditions de renouvellement n&rsquo;arrivent souvent que quelques heures avant l&rsquo;expiration de la couverture, souvent avec une couverture r\u00e9duite et des co\u00fbts plus \u00e9lev\u00e9s, et sans aucun recours ou option pour les communaut\u00e9s, si ce n&rsquo;est d&rsquo;accepter l&rsquo;offre finale qui leur est faite. Ensemble, nous pouvons changer l&rsquo;\u00e9tat actuel du secteur de l&rsquo;assurance et nous diriger vers un mod\u00e8le futur fond\u00e9 sur une vision du monde autochtone de la responsabilit\u00e9 collective, des valeurs fondamentales partag\u00e9es et, en fin de compte, de l&rsquo;appropriation par les communaut\u00e9s autochtones.<\/p>\n\t\t\t\t\t\t\t<\/div>\n\t\t\t\t\t\t\t\t\t\t\t<div class=\"col-12 col-lg-6\">\n\t\t\t\t\t\t\t\t\t\t\t\t<h3>\u2800<\/h3>\n\t\t\t\t\t\t\t\t<p>La vision g\u00e9n\u00e9rationnelle de ce projet est de permettre aux communaut\u00e9s et organisations autochtones, gr\u00e2ce \u00e0 des partenariats de confiance, de poss\u00e9der et de g\u00e9rer un programme d&rsquo;assurance et de gestion des risques vaste, innovant et collectif, con\u00e7u pour prot\u00e9ger les investissements et les actifs tout en am\u00e9liorant la force \u00e9conomique et le bien-\u00eatre des communaut\u00e9s autochtones.<\/p>\n<p><a class=\"btn\" href=\"https:\/\/fnfa.ca\/wp-content\/uploads\/2022\/03\/02-2022-BFL-FNFA-FAQ.pdf\" target=\"_blank\" rel=\"noopener\">Cliquez ici pour lire l&rsquo;int\u00e9gralit\u00e9 des questions fr\u00e9quemment pos\u00e9es <\/a><\/p>\n\t\t\t\t\t\t\t\t\t<a href=\"https:\/\/fnfa.ca\/wp-content\/uploads\/2024\/01\/FNFA-Marketing-Document-V3-2023-FR_Web-1.pdf\" class=\"btn\" style=\"background:#14A5A1;\" target=\"_blank\" >Cliquez ici pour t\u00e9l\u00e9charger la brochure sur un mod\u00e8le d&rsquo;assurance BFL\/AFPN pour les Autochtones<\/a>\n\t\t\t\t\t\t\t<\/div>\n\t\t\t<\/div>\n","protected":false},"excerpt":{"rendered":"<p>Pourquoi explorer l\u2019id\u00e9e un mod\u00e8le d\u2019assurance par les autochtones ? La mission de l\u2019AFPN est d\u2019aider les communaut\u00e9s autochtones \u00e0 b\u00e2tir leur avenir selon leurs propres conditions. En partenariat avec BFL CANADA, nous explorons des options d\u2019assurance plus durables au profit des membres de l\u2019AFPN et d\u2019autres communaut\u00e9s autochtones. Les avantages qui se perp\u00e9tuent de [&hellip;]<\/p>\n","protected":false},"author":2,"featured_media":0,"parent":801,"menu_order":0,"comment_status":"closed","ping_status":"closed","template":"","meta":{"_acf_changed":false,"episode_type":"","audio_file":"","podmotor_file_id":"","podmotor_episode_id":"","cover_image":"","cover_image_id":"","duration":"","filesize":"","filesize_raw":"","date_recorded":"","explicit":"","block":"","itunes_episode_number":"","itunes_title":"","itunes_season_number":"","itunes_episode_type":"","footnotes":""},"class_list":["post-9986","page","type-page","status-publish","hentry"],"acf":{"tagline":"","banner_image":{"ID":13424,"id":13424,"title":"POOLED INSURANCE","filename":"POOLED-INSURANCE.webp","filesize":74372,"url":"https:\/\/fnfa.ca\/wp-content\/uploads\/2025\/12\/POOLED-INSURANCE.webp","link":"https:\/\/fnfa.ca\/fr\/pooled-insurance-2\/","alt":"","author":"2","description":"","caption":"","name":"pooled-insurance-2","status":"inherit","uploaded_to":0,"date":"2025-12-17 21:06:50","modified":"2025-12-17 21:06:50","menu_order":0,"mime_type":"image\/webp","type":"image","subtype":"webp","icon":"https:\/\/fnfa.ca\/wp-includes\/images\/media\/default.png","width":2200,"height":1238,"sizes":{"thumbnail":"https:\/\/fnfa.ca\/wp-content\/uploads\/2025\/12\/POOLED-INSURANCE-150x150.webp","thumbnail-width":150,"thumbnail-height":150,"medium":"https:\/\/fnfa.ca\/wp-content\/uploads\/2025\/12\/POOLED-INSURANCE-300x169.webp","medium-width":300,"medium-height":169,"medium_large":"https:\/\/fnfa.ca\/wp-content\/uploads\/2025\/12\/POOLED-INSURANCE-768x432.webp","medium_large-width":640,"medium_large-height":360,"large":"https:\/\/fnfa.ca\/wp-content\/uploads\/2025\/12\/POOLED-INSURANCE-1024x576.webp","large-width":640,"large-height":360,"1536x1536":"https:\/\/fnfa.ca\/wp-content\/uploads\/2025\/12\/POOLED-INSURANCE-1536x864.webp","1536x1536-width":1536,"1536x1536-height":864,"2048x2048":"https:\/\/fnfa.ca\/wp-content\/uploads\/2025\/12\/POOLED-INSURANCE-2048x1152.webp","2048x2048-width":2048,"2048x2048-height":1152}}},"yoast_head":"<!-- This site is optimized with the Yoast SEO plugin v27.4 - https:\/\/yoast.com\/product\/yoast-seo-wordpress\/ -->\n<title>\u00c9tude de faisabilit\u00e9 pour un programme d\u2019assurance de l&#039;AFPN \/ BFL - FNFA<\/title>\n<meta name=\"robots\" content=\"index, follow, max-snippet:-1, max-image-preview:large, max-video-preview:-1\" \/>\n<link rel=\"canonical\" href=\"https:\/\/fnfa.ca\/fr\/projets\/fnfa-bfl-insurance\/\" \/>\n<meta property=\"og:locale\" content=\"fr_FR\" \/>\n<meta property=\"og:type\" content=\"article\" \/>\n<meta property=\"og:title\" content=\"\u00c9tude de faisabilit\u00e9 pour un programme d\u2019assurance de l&#039;AFPN \/ BFL - FNFA\" \/>\n<meta property=\"og:description\" content=\"Pourquoi explorer l\u2019id\u00e9e un mod\u00e8le d\u2019assurance par les autochtones ? La mission de l\u2019AFPN est d\u2019aider les communaut\u00e9s autochtones \u00e0 b\u00e2tir leur avenir selon leurs propres conditions. En partenariat avec BFL CANADA, nous explorons des options d\u2019assurance plus durables au profit des membres de l\u2019AFPN et d\u2019autres communaut\u00e9s autochtones. Les avantages qui se perp\u00e9tuent de [&hellip;]\" \/>\n<meta property=\"og:url\" content=\"https:\/\/fnfa.ca\/fr\/projets\/fnfa-bfl-insurance\/\" \/>\n<meta property=\"og:site_name\" content=\"FNFA\" \/>\n<meta property=\"article:publisher\" content=\"https:\/\/www.facebook.com\/theFNFA\/\" \/>\n<meta property=\"article:modified_time\" content=\"2024-02-02T21:29:49+00:00\" \/>\n<meta property=\"og:image\" content=\"https:\/\/fnfa.ca\/wp-content\/uploads\/2026\/02\/fnfa-logo.webp\" \/>\n\t<meta property=\"og:image:width\" content=\"1500\" \/>\n\t<meta property=\"og:image:height\" content=\"1500\" \/>\n\t<meta property=\"og:image:type\" content=\"image\/webp\" \/>\n<meta name=\"twitter:card\" content=\"summary_large_image\" \/>\n<meta name=\"twitter:label1\" content=\"Dur\u00e9e de lecture estim\u00e9e\" \/>\n\t<meta name=\"twitter:data1\" content=\"1 minute\" \/>\n<script type=\"application\/ld+json\" class=\"yoast-schema-graph\">{\"@context\":\"https:\\\/\\\/schema.org\",\"@graph\":[{\"@type\":\"WebPage\",\"@id\":\"https:\\\/\\\/fnfa.ca\\\/fr\\\/projets\\\/fnfa-bfl-insurance\\\/\",\"url\":\"https:\\\/\\\/fnfa.ca\\\/fr\\\/projets\\\/fnfa-bfl-insurance\\\/\",\"name\":\"\u00c9tude de faisabilit\u00e9 pour un programme d\u2019assurance de l'AFPN \\\/ BFL - FNFA\",\"isPartOf\":{\"@id\":\"https:\\\/\\\/fnfa.ca\\\/fr\\\/#website\"},\"primaryImageOfPage\":{\"@id\":\"https:\\\/\\\/fnfa.ca\\\/fr\\\/projets\\\/fnfa-bfl-insurance\\\/#primaryimage\"},\"image\":{\"@id\":\"https:\\\/\\\/fnfa.ca\\\/fr\\\/projets\\\/fnfa-bfl-insurance\\\/#primaryimage\"},\"thumbnailUrl\":\"https:\\\/\\\/fnfa.ca\\\/wp-content\\\/uploads\\\/2024\\\/01\\\/image.png\",\"datePublished\":\"2021-10-04T20:48:44+00:00\",\"dateModified\":\"2024-02-02T21:29:49+00:00\",\"breadcrumb\":{\"@id\":\"https:\\\/\\\/fnfa.ca\\\/fr\\\/projets\\\/fnfa-bfl-insurance\\\/#breadcrumb\"},\"inLanguage\":\"fr-FR\",\"potentialAction\":[{\"@type\":\"ReadAction\",\"target\":[\"https:\\\/\\\/fnfa.ca\\\/fr\\\/projets\\\/fnfa-bfl-insurance\\\/\"]}]},{\"@type\":\"ImageObject\",\"inLanguage\":\"fr-FR\",\"@id\":\"https:\\\/\\\/fnfa.ca\\\/fr\\\/projets\\\/fnfa-bfl-insurance\\\/#primaryimage\",\"url\":\"https:\\\/\\\/fnfa.ca\\\/wp-content\\\/uploads\\\/2024\\\/01\\\/image.png\",\"contentUrl\":\"https:\\\/\\\/fnfa.ca\\\/wp-content\\\/uploads\\\/2024\\\/01\\\/image.png\"},{\"@type\":\"BreadcrumbList\",\"@id\":\"https:\\\/\\\/fnfa.ca\\\/fr\\\/projets\\\/fnfa-bfl-insurance\\\/#breadcrumb\",\"itemListElement\":[{\"@type\":\"ListItem\",\"position\":1,\"name\":\"Home\",\"item\":\"https:\\\/\\\/fnfa.ca\\\/fr\\\/\"},{\"@type\":\"ListItem\",\"position\":2,\"name\":\"B\u00e2tir vos projets futurs\",\"item\":\"https:\\\/\\\/fnfa.ca\\\/fr\\\/projets\\\/\"},{\"@type\":\"ListItem\",\"position\":3,\"name\":\"\u00c9tude de faisabilit\u00e9 pour un programme d\u2019assurance de l&rsquo;AFPN \\\/ BFL\"}]},{\"@type\":\"WebSite\",\"@id\":\"https:\\\/\\\/fnfa.ca\\\/fr\\\/#website\",\"url\":\"https:\\\/\\\/fnfa.ca\\\/fr\\\/\",\"name\":\"FNFA\",\"description\":\"First Nations Finance Authority\",\"publisher\":{\"@id\":\"https:\\\/\\\/fnfa.ca\\\/fr\\\/#organization\"},\"potentialAction\":[{\"@type\":\"SearchAction\",\"target\":{\"@type\":\"EntryPoint\",\"urlTemplate\":\"https:\\\/\\\/fnfa.ca\\\/fr\\\/?s={search_term_string}\"},\"query-input\":{\"@type\":\"PropertyValueSpecification\",\"valueRequired\":true,\"valueName\":\"search_term_string\"}}],\"inLanguage\":\"fr-FR\"},{\"@type\":\"Organization\",\"@id\":\"https:\\\/\\\/fnfa.ca\\\/fr\\\/#organization\",\"name\":\"First Nations Finance Authority\",\"alternateName\":\"FNFA\",\"url\":\"https:\\\/\\\/fnfa.ca\\\/fr\\\/\",\"logo\":{\"@type\":\"ImageObject\",\"inLanguage\":\"fr-FR\",\"@id\":\"https:\\\/\\\/fnfa.ca\\\/fr\\\/#\\\/schema\\\/logo\\\/image\\\/\",\"url\":\"https:\\\/\\\/fnfa.ca\\\/wp-content\\\/uploads\\\/2026\\\/02\\\/fnfa-logo.webp\",\"contentUrl\":\"https:\\\/\\\/fnfa.ca\\\/wp-content\\\/uploads\\\/2026\\\/02\\\/fnfa-logo.webp\",\"width\":1500,\"height\":1500,\"caption\":\"First Nations Finance Authority\"},\"image\":{\"@id\":\"https:\\\/\\\/fnfa.ca\\\/fr\\\/#\\\/schema\\\/logo\\\/image\\\/\"},\"sameAs\":[\"https:\\\/\\\/www.facebook.com\\\/theFNFA\\\/\"]}]}<\/script>\n<!-- \/ Yoast SEO plugin. -->","yoast_head_json":{"title":"\u00c9tude de faisabilit\u00e9 pour un programme d\u2019assurance de l'AFPN \/ BFL - FNFA","robots":{"index":"index","follow":"follow","max-snippet":"max-snippet:-1","max-image-preview":"max-image-preview:large","max-video-preview":"max-video-preview:-1"},"canonical":"https:\/\/fnfa.ca\/fr\/projets\/fnfa-bfl-insurance\/","og_locale":"fr_FR","og_type":"article","og_title":"\u00c9tude de faisabilit\u00e9 pour un programme d\u2019assurance de l'AFPN \/ BFL - FNFA","og_description":"Pourquoi explorer l\u2019id\u00e9e un mod\u00e8le d\u2019assurance par les autochtones ? La mission de l\u2019AFPN est d\u2019aider les communaut\u00e9s autochtones \u00e0 b\u00e2tir leur avenir selon leurs propres conditions. En partenariat avec BFL CANADA, nous explorons des options d\u2019assurance plus durables au profit des membres de l\u2019AFPN et d\u2019autres communaut\u00e9s autochtones. Les avantages qui se perp\u00e9tuent de [&hellip;]","og_url":"https:\/\/fnfa.ca\/fr\/projets\/fnfa-bfl-insurance\/","og_site_name":"FNFA","article_publisher":"https:\/\/www.facebook.com\/theFNFA\/","article_modified_time":"2024-02-02T21:29:49+00:00","og_image":[{"url":"https:\/\/fnfa.ca\/wp-content\/uploads\/2026\/02\/fnfa-logo.webp","type":"image\/webp","width":1500,"height":1500}],"twitter_card":"summary_large_image","twitter_misc":{"Dur\u00e9e de lecture estim\u00e9e":"1 minute"},"schema":{"@context":"https:\/\/schema.org","@graph":[{"@type":"WebPage","@id":"https:\/\/fnfa.ca\/fr\/projets\/fnfa-bfl-insurance\/","url":"https:\/\/fnfa.ca\/fr\/projets\/fnfa-bfl-insurance\/","name":"\u00c9tude de faisabilit\u00e9 pour un programme d\u2019assurance de l'AFPN \/ BFL - FNFA","isPartOf":{"@id":"https:\/\/fnfa.ca\/fr\/#website"},"primaryImageOfPage":{"@id":"https:\/\/fnfa.ca\/fr\/projets\/fnfa-bfl-insurance\/#primaryimage"},"image":{"@id":"https:\/\/fnfa.ca\/fr\/projets\/fnfa-bfl-insurance\/#primaryimage"},"thumbnailUrl":"https:\/\/fnfa.ca\/wp-content\/uploads\/2024\/01\/image.png","datePublished":"2021-10-04T20:48:44+00:00","dateModified":"2024-02-02T21:29:49+00:00","breadcrumb":{"@id":"https:\/\/fnfa.ca\/fr\/projets\/fnfa-bfl-insurance\/#breadcrumb"},"inLanguage":"fr-FR","potentialAction":[{"@type":"ReadAction","target":["https:\/\/fnfa.ca\/fr\/projets\/fnfa-bfl-insurance\/"]}]},{"@type":"ImageObject","inLanguage":"fr-FR","@id":"https:\/\/fnfa.ca\/fr\/projets\/fnfa-bfl-insurance\/#primaryimage","url":"https:\/\/fnfa.ca\/wp-content\/uploads\/2024\/01\/image.png","contentUrl":"https:\/\/fnfa.ca\/wp-content\/uploads\/2024\/01\/image.png"},{"@type":"BreadcrumbList","@id":"https:\/\/fnfa.ca\/fr\/projets\/fnfa-bfl-insurance\/#breadcrumb","itemListElement":[{"@type":"ListItem","position":1,"name":"Home","item":"https:\/\/fnfa.ca\/fr\/"},{"@type":"ListItem","position":2,"name":"B\u00e2tir vos projets futurs","item":"https:\/\/fnfa.ca\/fr\/projets\/"},{"@type":"ListItem","position":3,"name":"\u00c9tude de faisabilit\u00e9 pour un programme d\u2019assurance de l&rsquo;AFPN \/ BFL"}]},{"@type":"WebSite","@id":"https:\/\/fnfa.ca\/fr\/#website","url":"https:\/\/fnfa.ca\/fr\/","name":"FNFA","description":"First Nations Finance Authority","publisher":{"@id":"https:\/\/fnfa.ca\/fr\/#organization"},"potentialAction":[{"@type":"SearchAction","target":{"@type":"EntryPoint","urlTemplate":"https:\/\/fnfa.ca\/fr\/?s={search_term_string}"},"query-input":{"@type":"PropertyValueSpecification","valueRequired":true,"valueName":"search_term_string"}}],"inLanguage":"fr-FR"},{"@type":"Organization","@id":"https:\/\/fnfa.ca\/fr\/#organization","name":"First Nations Finance Authority","alternateName":"FNFA","url":"https:\/\/fnfa.ca\/fr\/","logo":{"@type":"ImageObject","inLanguage":"fr-FR","@id":"https:\/\/fnfa.ca\/fr\/#\/schema\/logo\/image\/","url":"https:\/\/fnfa.ca\/wp-content\/uploads\/2026\/02\/fnfa-logo.webp","contentUrl":"https:\/\/fnfa.ca\/wp-content\/uploads\/2026\/02\/fnfa-logo.webp","width":1500,"height":1500,"caption":"First Nations Finance Authority"},"image":{"@id":"https:\/\/fnfa.ca\/fr\/#\/schema\/logo\/image\/"},"sameAs":["https:\/\/www.facebook.com\/theFNFA\/"]}]}},"_links":{"self":[{"href":"https:\/\/fnfa.ca\/fr\/wp-json\/wp\/v2\/pages\/9986","targetHints":{"allow":["GET"]}}],"collection":[{"href":"https:\/\/fnfa.ca\/fr\/wp-json\/wp\/v2\/pages"}],"about":[{"href":"https:\/\/fnfa.ca\/fr\/wp-json\/wp\/v2\/types\/page"}],"author":[{"embeddable":true,"href":"https:\/\/fnfa.ca\/fr\/wp-json\/wp\/v2\/users\/2"}],"replies":[{"embeddable":true,"href":"https:\/\/fnfa.ca\/fr\/wp-json\/wp\/v2\/comments?post=9986"}],"version-history":[{"count":6,"href":"https:\/\/fnfa.ca\/fr\/wp-json\/wp\/v2\/pages\/9986\/revisions"}],"predecessor-version":[{"id":10040,"href":"https:\/\/fnfa.ca\/fr\/wp-json\/wp\/v2\/pages\/9986\/revisions\/10040"}],"up":[{"embeddable":true,"href":"https:\/\/fnfa.ca\/fr\/wp-json\/wp\/v2\/pages\/801"}],"wp:attachment":[{"href":"https:\/\/fnfa.ca\/fr\/wp-json\/wp\/v2\/media?parent=9986"}],"curies":[{"name":"wp","href":"https:\/\/api.w.org\/{rel}","templated":true}]}}